{"id":31054,"date":"2022-12-16T14:46:27","date_gmt":"2022-12-16T14:46:27","guid":{"rendered":"https:\/\/acostureira.com\/?post_type=product&#038;p=31054"},"modified":"2024-12-13T16:05:35","modified_gmt":"2024-12-13T15:05:35","slug":"taza-estirando-el-chicle","status":"publish","type":"product","link":"https:\/\/acostureira.com\/gl\/tienda\/otros\/tazas\/taza-estirando-el-chicle\/","title":{"rendered":"Cunca Estirando El Chicle"},"content":{"rendered":"<div class=\"container-details mb\">\n<div id=\"details\">\n<div id=\"details_tab0\" class=\"text-tab-content grid-prop current-tab\" data-index=\"0\">\n<div class=\"text-inner\">\n<h2>CUNCA ESTIRANDO EL CHICLE<\/h2>\n<p><span style=\"font-weight: 400;\">A cunca pola que beberon tant\u00edsimas celebridades. E pola que a\u00ednda non beberon Shakira, Pen\u00e9lope Cruz, nin ti. Algunha das tres ten que po\u00f1erse as pilas.<\/span><\/p>\n<p>&nbsp;<\/p>\n<p><span style=\"font-weight: 400;\">Cunca porcel\u00e1nica persoalizada en Galicia<\/span><\/p>\n<\/div>\n<\/div>\n<\/div>\n<\/div>\n<div class=\"container-related-products\"><\/div>","protected":false},"excerpt":{"rendered":"<div class=\"product-description m-b\">\n<p>Cunca de porcelana branca e amarela sublimada en 2 cores.<\/p>\n<div class=\"im-products-description-fade\"><\/div>\n<\/div>","protected":false},"featured_media":44320,"template":"","meta":{"site-sidebar-layout":"default","site-content-layout":"","ast-site-content-layout":"default","site-content-style":"default","site-sidebar-style":"default","ast-global-header-display":"","ast-banner-title-visibility":"","ast-main-header-display":"","ast-hfb-above-header-display":"","ast-hfb-below-header-display":"","ast-hfb-mobile-header-display":"","site-post-title":"","ast-breadcrumbs-content":"","ast-featured-img":"","footer-sml-layout":"","ast-disable-related-posts":"","theme-transparent-header-meta":"default","adv-header-id-meta":"","stick-header-meta":"default","header-above-stick-meta":"","header-main-stick-meta":"","header-below-stick-meta":"","astra-migrate-meta-layouts":"set","ast-page-background-enabled":"default","ast-page-background-meta":{"desktop":{"background-color":"var(--ast-global-color-4)","background-image":"","background-repeat":"repeat","background-position":"center center","background-size":"auto","background-attachment":"scroll","background-type":"","background-media":"","overlay-type":"","overlay-color":"","overlay-opacity":"","overlay-gradient":""},"tablet":{"background-color":"","background-image":"","background-repeat":"repeat","background-position":"center center","background-size":"auto","background-attachment":"scroll","background-type":"","background-media":"","overlay-type":"","overlay-color":"","overlay-opacity":"","overlay-gradient":""},"mobile":{"background-color":"","background-image":"","background-repeat":"repeat","background-position":"center center","background-size":"auto","background-attachment":"scroll","background-type":"","background-media":"","overlay-type":"","overlay-color":"","overlay-opacity":"","overlay-gradient":""}},"ast-content-background-meta":{"desktop":{"background-color":"var(--ast-global-color-5)","background-image":"","background-repeat":"repeat","background-position":"center center","background-size":"auto","background-attachment":"scroll","background-type":"","background-media":"","overlay-type":"","overlay-color":"","overlay-opacity":"","overlay-gradient":""},"tablet":{"background-color":"var(--ast-global-color-5)","background-image":"","background-repeat":"repeat","background-position":"center center","background-size":"auto","background-attachment":"scroll","background-type":"","background-media":"","overlay-type":"","overlay-color":"","overlay-opacity":"","overlay-gradient":""},"mobile":{"background-color":"var(--ast-global-color-5)","background-image":"","background-repeat":"repeat","background-position":"center center","background-size":"auto","background-attachment":"scroll","background-type":"","background-media":"","overlay-type":"","overlay-color":"","overlay-opacity":"","overlay-gradient":""}}},"product_brand":[],"product_cat":[194,225,220],"product_tag":[386,173,224,227],"class_list":{"0":"post-31054","1":"product","2":"type-product","3":"status-publish","4":"has-post-thumbnail","6":"product_cat-estirando-el-chicle","7":"product_cat-otros","8":"product_cat-tazas","9":"product_tag-amarilla","10":"product_tag-blanca","11":"product_tag-estirando-el-chicle","12":"product_tag-taza","13":"desktop-align-center","14":"tablet-align-left","15":"mobile-align-left","16":"ast-product-gallery-layout-first-image-large","17":"ast-product-tabs-layout-horizontal","18":"ast-qv-on-image","20":"first","21":"instock","22":"taxable","23":"shipping-taxable","24":"purchasable","25":"product-type-simple"},"yoast_head":"<!-- This site is optimized with the Yoast SEO plugin v27.2 - https:\/\/yoast.com\/product\/yoast-seo-wordpress\/ -->\n<title>Taza Estirando el Chicle<\/title>\n<meta name=\"description\" content=\"Comprar taza bollerita de tuiter!. Taza cer\u00e1mica del podcast Estirando el Chicle en la que todo sabe mucho mejor! No puede faltar en tu vajilla!\" \/>\n<meta name=\"robots\" content=\"index, follow, max-snippet:-1, max-image-preview:large, max-video-preview:-1\" \/>\n<link rel=\"canonical\" href=\"https:\/\/acostureira.com\/gl\/tienda\/otros\/tazas\/taza-estirando-el-chicle\/\" \/>\n<meta property=\"og:locale\" content=\"gl_ES\" \/>\n<meta property=\"og:type\" content=\"article\" \/>\n<meta property=\"og:title\" content=\"Taza Estirando el Chicle\" \/>\n<meta property=\"og:description\" content=\"Comprar taza bollerita de tuiter!. Taza cer\u00e1mica del podcast Estirando el Chicle en la que todo sabe mucho mejor! No puede faltar en tu vajilla!\" \/>\n<meta property=\"og:url\" content=\"https:\/\/acostureira.com\/gl\/tienda\/otros\/tazas\/taza-estirando-el-chicle\/\" \/>\n<meta property=\"og:site_name\" content=\"Acostureira\" \/>\n<meta property=\"article:publisher\" content=\"https:\/\/www.facebook.com\/acostureira19\" \/>\n<meta property=\"article:modified_time\" content=\"2024-12-13T15:05:35+00:00\" \/>\n<meta property=\"og:image\" content=\"https:\/\/acostureira.com\/wp-content\/uploads\/2022\/12\/TAZA-EEC_03.jpg\" \/>\n\t<meta property=\"og:image:width\" content=\"2000\" \/>\n\t<meta property=\"og:image:height\" content=\"2000\" \/>\n\t<meta property=\"og:image:type\" content=\"image\/jpeg\" \/>\n<meta name=\"twitter:card\" content=\"summary_large_image\" \/>\n<meta name=\"twitter:label1\" content=\"Tempo de lectura\" \/>\n\t<meta name=\"twitter:data1\" content=\"1 minuto\" \/>\n<script type=\"application\/ld+json\" class=\"yoast-schema-graph\">{\"@context\":\"https:\/\/schema.org\",\"@graph\":[{\"@type\":\"WebPage\",\"@id\":\"https:\/\/acostureira.com\/tienda\/otros\/tazas\/taza-estirando-el-chicle\/\",\"url\":\"https:\/\/acostureira.com\/tienda\/otros\/tazas\/taza-estirando-el-chicle\/\",\"name\":\"Taza Estirando el Chicle\",\"isPartOf\":{\"@id\":\"https:\/\/acostureira.com\/#website\"},\"primaryImageOfPage\":{\"@id\":\"https:\/\/acostureira.com\/tienda\/otros\/tazas\/taza-estirando-el-chicle\/#primaryimage\"},\"image\":{\"@id\":\"https:\/\/acostureira.com\/tienda\/otros\/tazas\/taza-estirando-el-chicle\/#primaryimage\"},\"thumbnailUrl\":\"https:\/\/acostureira.com\/wp-content\/uploads\/2022\/12\/TAZA-EEC_03.jpg\",\"datePublished\":\"2022-12-16T14:46:27+00:00\",\"dateModified\":\"2024-12-13T15:05:35+00:00\",\"description\":\"Comprar taza bollerita de tuiter!. Taza cer\u00e1mica del podcast Estirando el Chicle en la que todo sabe mucho mejor! No puede faltar en tu vajilla!\",\"breadcrumb\":{\"@id\":\"https:\/\/acostureira.com\/tienda\/otros\/tazas\/taza-estirando-el-chicle\/#breadcrumb\"},\"inLanguage\":\"gl-ES\",\"potentialAction\":[{\"@type\":\"ReadAction\",\"target\":[\"https:\/\/acostureira.com\/tienda\/otros\/tazas\/taza-estirando-el-chicle\/\"]}]},{\"@type\":\"ImageObject\",\"inLanguage\":\"gl-ES\",\"@id\":\"https:\/\/acostureira.com\/tienda\/otros\/tazas\/taza-estirando-el-chicle\/#primaryimage\",\"url\":\"https:\/\/acostureira.com\/wp-content\/uploads\/2022\/12\/TAZA-EEC_03.jpg\",\"contentUrl\":\"https:\/\/acostureira.com\/wp-content\/uploads\/2022\/12\/TAZA-EEC_03.jpg\",\"width\":2000,\"height\":2000,\"caption\":\"taza estirando el chicle\"},{\"@type\":\"BreadcrumbList\",\"@id\":\"https:\/\/acostureira.com\/tienda\/otros\/tazas\/taza-estirando-el-chicle\/#breadcrumb\",\"itemListElement\":[{\"@type\":\"ListItem\",\"position\":1,\"name\":\"Portada\",\"item\":\"https:\/\/acostureira.com\/\"},{\"@type\":\"ListItem\",\"position\":2,\"name\":\"Todos nuestros productos\",\"item\":\"https:\/\/acostureira.com\/tienda\/\"},{\"@type\":\"ListItem\",\"position\":3,\"name\":\"Taza Estirando el Chicle\"}]},{\"@type\":\"WebSite\",\"@id\":\"https:\/\/acostureira.com\/#website\",\"url\":\"https:\/\/acostureira.com\/\",\"name\":\"Acostureira\",\"description\":\"Producto feminista y de Galicia\",\"publisher\":{\"@id\":\"https:\/\/acostureira.com\/#organization\"},\"potentialAction\":[{\"@type\":\"SearchAction\",\"target\":{\"@type\":\"EntryPoint\",\"urlTemplate\":\"https:\/\/acostureira.com\/?s={search_term_string}\"},\"query-input\":{\"@type\":\"PropertyValueSpecification\",\"valueRequired\":true,\"valueName\":\"search_term_string\"}}],\"inLanguage\":\"gl-ES\"},{\"@type\":\"Organization\",\"@id\":\"https:\/\/acostureira.com\/#organization\",\"name\":\"Acostureira\",\"url\":\"https:\/\/acostureira.com\/\",\"logo\":{\"@type\":\"ImageObject\",\"inLanguage\":\"gl-ES\",\"@id\":\"https:\/\/acostureira.com\/#\/schema\/logo\/image\/\",\"url\":\"https:\/\/acostureira.com\/wp-content\/uploads\/2022\/12\/cropped-LOGO-COSTUREIRA.png\",\"contentUrl\":\"https:\/\/acostureira.com\/wp-content\/uploads\/2022\/12\/cropped-LOGO-COSTUREIRA.png\",\"width\":512,\"height\":512,\"caption\":\"Acostureira\"},\"image\":{\"@id\":\"https:\/\/acostureira.com\/#\/schema\/logo\/image\/\"},\"sameAs\":[\"https:\/\/www.facebook.com\/acostureira19\",\"https:\/\/www.instagram.com\/acostureira19\/\"]}]}<\/script>\n<!-- \/ Yoast SEO plugin. -->","yoast_head_json":{"title":"Cunca Estirando El Chicle","description":"Comprar taza bollerita de tuiter!. Taza cer\u00e1mica del podcast Estirando el Chicle en la que todo sabe mucho mejor! No puede faltar en tu vajilla!","robots":{"index":"index","follow":"follow","max-snippet":"max-snippet:-1","max-image-preview":"max-image-preview:large","max-video-preview":"max-video-preview:-1"},"canonical":"https:\/\/acostureira.com\/gl\/tienda\/otros\/tazas\/taza-estirando-el-chicle\/","og_locale":"gl_ES","og_type":"article","og_title":"Taza Estirando el Chicle","og_description":"Comprar taza bollerita de tuiter!. Taza cer\u00e1mica del podcast Estirando el Chicle en la que todo sabe mucho mejor! No puede faltar en tu vajilla!","og_url":"https:\/\/acostureira.com\/gl\/tienda\/otros\/tazas\/taza-estirando-el-chicle\/","og_site_name":"Acostureira","article_publisher":"https:\/\/www.facebook.com\/acostureira19","article_modified_time":"2024-12-13T15:05:35+00:00","og_image":[{"width":2000,"height":2000,"url":"https:\/\/acostureira.com\/wp-content\/uploads\/2022\/12\/TAZA-EEC_03.jpg","type":"image\/jpeg"}],"twitter_card":"summary_large_image","twitter_misc":{"Tempo de lectura":"1 minuto"},"schema":{"@context":"https:\/\/schema.org","@graph":[{"@type":"WebPage","@id":"https:\/\/acostureira.com\/tienda\/otros\/tazas\/taza-estirando-el-chicle\/","url":"https:\/\/acostureira.com\/tienda\/otros\/tazas\/taza-estirando-el-chicle\/","name":"Cunca Estirando El Chicle","isPartOf":{"@id":"https:\/\/acostureira.com\/#website"},"primaryImageOfPage":{"@id":"https:\/\/acostureira.com\/tienda\/otros\/tazas\/taza-estirando-el-chicle\/#primaryimage"},"image":{"@id":"https:\/\/acostureira.com\/tienda\/otros\/tazas\/taza-estirando-el-chicle\/#primaryimage"},"thumbnailUrl":"https:\/\/acostureira.com\/wp-content\/uploads\/2022\/12\/TAZA-EEC_03.jpg","datePublished":"2022-12-16T14:46:27+00:00","dateModified":"2024-12-13T15:05:35+00:00","description":"Comprar taza bollerita de tuiter!. Taza cer\u00e1mica del podcast Estirando el Chicle en la que todo sabe mucho mejor! No puede faltar en tu vajilla!","breadcrumb":{"@id":"https:\/\/acostureira.com\/tienda\/otros\/tazas\/taza-estirando-el-chicle\/#breadcrumb"},"inLanguage":"gl-ES","potentialAction":[{"@type":"ReadAction","target":["https:\/\/acostureira.com\/tienda\/otros\/tazas\/taza-estirando-el-chicle\/"]}]},{"@type":"ImageObject","inLanguage":"gl-ES","@id":"https:\/\/acostureira.com\/tienda\/otros\/tazas\/taza-estirando-el-chicle\/#primaryimage","url":"https:\/\/acostureira.com\/wp-content\/uploads\/2022\/12\/TAZA-EEC_03.jpg","contentUrl":"https:\/\/acostureira.com\/wp-content\/uploads\/2022\/12\/TAZA-EEC_03.jpg","width":2000,"height":2000,"caption":"taza estirando el chicle"},{"@type":"BreadcrumbList","@id":"https:\/\/acostureira.com\/tienda\/otros\/tazas\/taza-estirando-el-chicle\/#breadcrumb","itemListElement":[{"@type":"ListItem","position":1,"name":"Portada","item":"https:\/\/acostureira.com\/"},{"@type":"ListItem","position":2,"name":"Todos nuestros productos","item":"https:\/\/acostureira.com\/tienda\/"},{"@type":"ListItem","position":3,"name":"Taza Estirando el Chicle"}]},{"@type":"WebSite","@id":"https:\/\/acostureira.com\/#website","url":"https:\/\/acostureira.com\/","name":"Acostureira","description":"Produto feminista e galego","publisher":{"@id":"https:\/\/acostureira.com\/#organization"},"potentialAction":[{"@type":"SearchAction","target":{"@type":"EntryPoint","urlTemplate":"https:\/\/acostureira.com\/?s={search_term_string}"},"query-input":{"@type":"PropertyValueSpecification","valueRequired":true,"valueName":"search_term_string"}}],"inLanguage":"gl-ES"},{"@type":"Organization","@id":"https:\/\/acostureira.com\/#organization","name":"Acostureira","url":"https:\/\/acostureira.com\/","logo":{"@type":"ImageObject","inLanguage":"gl-ES","@id":"https:\/\/acostureira.com\/#\/schema\/logo\/image\/","url":"https:\/\/acostureira.com\/wp-content\/uploads\/2022\/12\/cropped-LOGO-COSTUREIRA.png","contentUrl":"https:\/\/acostureira.com\/wp-content\/uploads\/2022\/12\/cropped-LOGO-COSTUREIRA.png","width":512,"height":512,"caption":"Acostureira"},"image":{"@id":"https:\/\/acostureira.com\/#\/schema\/logo\/image\/"},"sameAs":["https:\/\/www.facebook.com\/acostureira19","https:\/\/www.instagram.com\/acostureira19\/"]}]}},"_links":{"self":[{"href":"https:\/\/acostureira.com\/gl\/wp-json\/wp\/v2\/product\/31054","targetHints":{"allow":["GET"]}}],"collection":[{"href":"https:\/\/acostureira.com\/gl\/wp-json\/wp\/v2\/product"}],"about":[{"href":"https:\/\/acostureira.com\/gl\/wp-json\/wp\/v2\/types\/product"}],"wp:featuredmedia":[{"embeddable":true,"href":"https:\/\/acostureira.com\/gl\/wp-json\/wp\/v2\/media\/44320"}],"wp:attachment":[{"href":"https:\/\/acostureira.com\/gl\/wp-json\/wp\/v2\/media?parent=31054"}],"wp:term":[{"taxonomy":"product_brand","embeddable":true,"href":"https:\/\/acostureira.com\/gl\/wp-json\/wp\/v2\/product_brand?post=31054"},{"taxonomy":"product_cat","embeddable":true,"href":"https:\/\/acostureira.com\/gl\/wp-json\/wp\/v2\/product_cat?post=31054"},{"taxonomy":"product_tag","embeddable":true,"href":"https:\/\/acostureira.com\/gl\/wp-json\/wp\/v2\/product_tag?post=31054"}],"curies":[{"name":"wp","href":"https:\/\/api.w.org\/{rel}","templated":true}]}}