{"id":31056,"date":"2022-12-16T14:46:27","date_gmt":"2022-12-16T14:46:27","guid":{"rendered":"https:\/\/acostureira.com\/?post_type=product&#038;p=31056"},"modified":"2024-12-13T16:23:48","modified_gmt":"2024-12-13T15:23:48","slug":"taza-tronchi-y-monchi-estirando-el-chicle","status":"publish","type":"product","link":"https:\/\/acostureira.com\/gl\/tienda\/otros\/tazas\/taza-tronchi-y-monchi-estirando-el-chicle\/","title":{"rendered":"CUNCA TRONCHI Y MONCHI"},"content":{"rendered":"<h2>CUNCA TRONCHI Y MONCHI<\/h2>\n<div><span class=\"fs12lh1-5\">A cunca de Tronchi e Monchi \u00e9 a cunca dos seus so\u00f1os (por &quot;os seus&quot; ref\u00edrome a algu\u00e9n completamente aleatorio, quizais ese algu\u00e9n sexas ti. Probablemente non, pero a cunca \u00e9 moi chula, non?)<\/span><\/div>\n<div><span class=\"fs12lh1-5\">\u00a0<\/span><\/div>\n<div><span class=\"fs12lh1-5\"><span class=\"fs12lh1-5\">dese\u00f1o orixinal de\u00a0<a class=\"imCssLink\" href=\"https:\/\/www.instagram.com\/eneteeme_art_\/\" target=\"_blank\" rel=\"noopener\">@eneteeme_art_<\/a> <\/span><\/span>para o podcast <a href=\"https:\/\/www.instagram.com\/estirandoelchicle\/\">Estirando el Chicle.<\/a>Presume de cunca e presume de podcast!<\/p>\n<p>Non pode faltar na vaixela de ningunha casa!!!<\/p>\n<p>Estirando el chicle \u00e9 un podcast, que se convertiu nos \u00faltimos tempos nun aut\u00e9ntico fen\u00f3meno. Presentado por\u00a0<a href=\"https:\/\/www.instagram.com\/percebesygrelos\/\">Carolina Iglesias<\/a>\u00a0e\u00a0<a href=\"https:\/\/www.instagram.com\/livingpostureo\/\">Victoria Mart\u00edn<\/a>, d\u00faas c\u00f3micas, guionistas e influencers, este programa \u00e9 un \u00e9xito en todo o pa\u00eds e do m\u00e1is escoitado de Espa\u00f1a.<br \/>\nO seu show en directo,\u00a0<i>Estirando el chicle: Un \u00faltimo hilo (de vida)<\/i>, que se celebrou en setembro de 2022 no\u00a0<a title=\"Pazo dos Deportes da Comunidade de Madrid\" href=\"https:\/\/es.wikipedia.org\/wiki\/Palacio_de_Deportes_de_la_Comunidad_de_Madrid\">WiZink Center<\/a>\u00a0, foi o primeiro espect\u00e1culo deste estilo que encheu o aforo do devandito local, esgot\u00e1ndose as 12.000 entradas en poucas horas!!!\u200b<br \/>\nGa\u00f1ador do premio ao mellor podcast do ano en 2022.<br \/>\nNunca deixan de mostrar o xeniais que son!!!<br \/>\n<a href=\"https:\/\/acostureira.com\/gl\/estirando_el_chicle\/\">Aqu\u00ed<\/a>\u00a0Podes ver outros produtos do programa.<\/p>\n<\/div>","protected":false},"excerpt":{"rendered":"<div class=\"product-description m-b\">\n<p>Cunca de porcelana branca e amarela sublimada a toda cor.<\/p>\n<div class=\"im-products-description-fade\"><\/div>\n<\/div>","protected":false},"featured_media":31130,"template":"","meta":{"site-sidebar-layout":"default","site-content-layout":"","ast-site-content-layout":"default","site-content-style":"default","site-sidebar-style":"default","ast-global-header-display":"","ast-banner-title-visibility":"","ast-main-header-display":"","ast-hfb-above-header-display":"","ast-hfb-below-header-display":"","ast-hfb-mobile-header-display":"","site-post-title":"","ast-breadcrumbs-content":"","ast-featured-img":"","footer-sml-layout":"","ast-disable-related-posts":"","theme-transparent-header-meta":"","adv-header-id-meta":"","stick-header-meta":"","header-above-stick-meta":"","header-main-stick-meta":"","header-below-stick-meta":"","astra-migrate-meta-layouts":"default","ast-page-background-enabled":"default","ast-page-background-meta":{"desktop":{"background-color":"var(--ast-global-color-4)","background-image":"","background-repeat":"repeat","background-position":"center center","background-size":"auto","background-attachment":"scroll","background-type":"","background-media":"","overlay-type":"","overlay-color":"","overlay-opacity":"","overlay-gradient":""},"tablet":{"background-color":"","background-image":"","background-repeat":"repeat","background-position":"center center","background-size":"auto","background-attachment":"scroll","background-type":"","background-media":"","overlay-type":"","overlay-color":"","overlay-opacity":"","overlay-gradient":""},"mobile":{"background-color":"","background-image":"","background-repeat":"repeat","background-position":"center center","background-size":"auto","background-attachment":"scroll","background-type":"","background-media":"","overlay-type":"","overlay-color":"","overlay-opacity":"","overlay-gradient":""}},"ast-content-background-meta":{"desktop":{"background-color":"var(--ast-global-color-5)","background-image":"","background-repeat":"repeat","background-position":"center center","background-size":"auto","background-attachment":"scroll","background-type":"","background-media":"","overlay-type":"","overlay-color":"","overlay-opacity":"","overlay-gradient":""},"tablet":{"background-color":"var(--ast-global-color-5)","background-image":"","background-repeat":"repeat","background-position":"center center","background-size":"auto","background-attachment":"scroll","background-type":"","background-media":"","overlay-type":"","overlay-color":"","overlay-opacity":"","overlay-gradient":""},"mobile":{"background-color":"var(--ast-global-color-5)","background-image":"","background-repeat":"repeat","background-position":"center center","background-size":"auto","background-attachment":"scroll","background-type":"","background-media":"","overlay-type":"","overlay-color":"","overlay-opacity":"","overlay-gradient":""}}},"product_brand":[],"product_cat":[194,225,220],"product_tag":[386,173,224,227,414],"class_list":{"0":"post-31056","1":"product","2":"type-product","3":"status-publish","4":"has-post-thumbnail","6":"product_cat-estirando-el-chicle","7":"product_cat-otros","8":"product_cat-tazas","9":"product_tag-amarilla","10":"product_tag-blanca","11":"product_tag-estirando-el-chicle","12":"product_tag-taza","13":"product_tag-tronchi-y-monchi","14":"desktop-align-center","15":"tablet-align-left","16":"mobile-align-left","17":"ast-product-gallery-layout-first-image-large","18":"ast-product-tabs-layout-horizontal","19":"ast-qv-on-image","21":"first","22":"instock","23":"taxable","24":"shipping-taxable","25":"purchasable","26":"product-type-simple"},"yoast_head":"<!-- This site is optimized with the Yoast SEO plugin v27.2 - https:\/\/yoast.com\/product\/yoast-seo-wordpress\/ -->\n<title>TAZA TRONCHI Y MONCHI<\/title>\n<meta name=\"description\" content=\"Comprar taza de Tronchi y Monchi!. Taza cer\u00e1mica del podcast Estirando el Chicle. A Carolina y Vicky les encanta, y a ti? No te quedes sin ella!!\" \/>\n<meta name=\"robots\" content=\"index, follow, max-snippet:-1, max-image-preview:large, max-video-preview:-1\" \/>\n<link rel=\"canonical\" href=\"https:\/\/acostureira.com\/gl\/tienda\/otros\/tazas\/taza-tronchi-y-monchi-estirando-el-chicle\/\" \/>\n<meta property=\"og:locale\" content=\"gl_ES\" \/>\n<meta property=\"og:type\" content=\"article\" \/>\n<meta property=\"og:title\" content=\"TAZA TRONCHI Y MONCHI\" \/>\n<meta property=\"og:description\" content=\"Comprar taza de Tronchi y Monchi!. Taza cer\u00e1mica del podcast Estirando el Chicle. A Carolina y Vicky les encanta, y a ti? No te quedes sin ella!!\" \/>\n<meta property=\"og:url\" content=\"https:\/\/acostureira.com\/gl\/tienda\/otros\/tazas\/taza-tronchi-y-monchi-estirando-el-chicle\/\" \/>\n<meta property=\"og:site_name\" content=\"Acostureira\" \/>\n<meta property=\"article:publisher\" content=\"https:\/\/www.facebook.com\/acostureira19\" \/>\n<meta property=\"article:modified_time\" content=\"2024-12-13T15:23:48+00:00\" \/>\n<meta property=\"og:image\" content=\"https:\/\/acostureira.com\/wp-content\/uploads\/2022\/12\/TAZA-TRONCHI.png\" \/>\n\t<meta property=\"og:image:width\" content=\"591\" \/>\n\t<meta property=\"og:image:height\" content=\"591\" \/>\n\t<meta property=\"og:image:type\" content=\"image\/png\" \/>\n<meta name=\"twitter:card\" content=\"summary_large_image\" \/>\n<meta name=\"twitter:label1\" content=\"Tempo de lectura\" \/>\n\t<meta name=\"twitter:data1\" content=\"1 minuto\" \/>\n<script type=\"application\/ld+json\" class=\"yoast-schema-graph\">{\"@context\":\"https:\/\/schema.org\",\"@graph\":[{\"@type\":\"WebPage\",\"@id\":\"https:\/\/acostureira.com\/tienda\/otros\/tazas\/taza-tronchi-y-monchi-estirando-el-chicle\/\",\"url\":\"https:\/\/acostureira.com\/tienda\/otros\/tazas\/taza-tronchi-y-monchi-estirando-el-chicle\/\",\"name\":\"TAZA TRONCHI Y MONCHI\",\"isPartOf\":{\"@id\":\"https:\/\/acostureira.com\/#website\"},\"primaryImageOfPage\":{\"@id\":\"https:\/\/acostureira.com\/tienda\/otros\/tazas\/taza-tronchi-y-monchi-estirando-el-chicle\/#primaryimage\"},\"image\":{\"@id\":\"https:\/\/acostureira.com\/tienda\/otros\/tazas\/taza-tronchi-y-monchi-estirando-el-chicle\/#primaryimage\"},\"thumbnailUrl\":\"https:\/\/acostureira.com\/wp-content\/uploads\/2022\/12\/TAZA-TRONCHI.png\",\"datePublished\":\"2022-12-16T14:46:27+00:00\",\"dateModified\":\"2024-12-13T15:23:48+00:00\",\"description\":\"Comprar taza de Tronchi y Monchi!. Taza cer\u00e1mica del podcast Estirando el Chicle. A Carolina y Vicky les encanta, y a ti? No te quedes sin ella!!\",\"breadcrumb\":{\"@id\":\"https:\/\/acostureira.com\/tienda\/otros\/tazas\/taza-tronchi-y-monchi-estirando-el-chicle\/#breadcrumb\"},\"inLanguage\":\"gl-ES\",\"potentialAction\":[{\"@type\":\"ReadAction\",\"target\":[\"https:\/\/acostureira.com\/tienda\/otros\/tazas\/taza-tronchi-y-monchi-estirando-el-chicle\/\"]}]},{\"@type\":\"ImageObject\",\"inLanguage\":\"gl-ES\",\"@id\":\"https:\/\/acostureira.com\/tienda\/otros\/tazas\/taza-tronchi-y-monchi-estirando-el-chicle\/#primaryimage\",\"url\":\"https:\/\/acostureira.com\/wp-content\/uploads\/2022\/12\/TAZA-TRONCHI.png\",\"contentUrl\":\"https:\/\/acostureira.com\/wp-content\/uploads\/2022\/12\/TAZA-TRONCHI.png\",\"width\":591,\"height\":591,\"caption\":\"TAZA TRONCHI Y MONCHI\"},{\"@type\":\"BreadcrumbList\",\"@id\":\"https:\/\/acostureira.com\/tienda\/otros\/tazas\/taza-tronchi-y-monchi-estirando-el-chicle\/#breadcrumb\",\"itemListElement\":[{\"@type\":\"ListItem\",\"position\":1,\"name\":\"Portada\",\"item\":\"https:\/\/acostureira.com\/\"},{\"@type\":\"ListItem\",\"position\":2,\"name\":\"Todos nuestros productos\",\"item\":\"https:\/\/acostureira.com\/tienda\/\"},{\"@type\":\"ListItem\",\"position\":3,\"name\":\"TAZA TRONCHI Y MONCHI\"}]},{\"@type\":\"WebSite\",\"@id\":\"https:\/\/acostureira.com\/#website\",\"url\":\"https:\/\/acostureira.com\/\",\"name\":\"Acostureira\",\"description\":\"Producto feminista y de Galicia\",\"publisher\":{\"@id\":\"https:\/\/acostureira.com\/#organization\"},\"potentialAction\":[{\"@type\":\"SearchAction\",\"target\":{\"@type\":\"EntryPoint\",\"urlTemplate\":\"https:\/\/acostureira.com\/?s={search_term_string}\"},\"query-input\":{\"@type\":\"PropertyValueSpecification\",\"valueRequired\":true,\"valueName\":\"search_term_string\"}}],\"inLanguage\":\"gl-ES\"},{\"@type\":\"Organization\",\"@id\":\"https:\/\/acostureira.com\/#organization\",\"name\":\"Acostureira\",\"url\":\"https:\/\/acostureira.com\/\",\"logo\":{\"@type\":\"ImageObject\",\"inLanguage\":\"gl-ES\",\"@id\":\"https:\/\/acostureira.com\/#\/schema\/logo\/image\/\",\"url\":\"https:\/\/acostureira.com\/wp-content\/uploads\/2022\/12\/cropped-LOGO-COSTUREIRA.png\",\"contentUrl\":\"https:\/\/acostureira.com\/wp-content\/uploads\/2022\/12\/cropped-LOGO-COSTUREIRA.png\",\"width\":512,\"height\":512,\"caption\":\"Acostureira\"},\"image\":{\"@id\":\"https:\/\/acostureira.com\/#\/schema\/logo\/image\/\"},\"sameAs\":[\"https:\/\/www.facebook.com\/acostureira19\",\"https:\/\/www.instagram.com\/acostureira19\/\"]}]}<\/script>\n<!-- \/ Yoast SEO plugin. -->","yoast_head_json":{"title":"CUNCA TRONCHI Y MONCHI","description":"Comprar taza de Tronchi y Monchi!. Taza cer\u00e1mica del podcast Estirando el Chicle. A Carolina y Vicky les encanta, y a ti? No te quedes sin ella!!","robots":{"index":"index","follow":"follow","max-snippet":"max-snippet:-1","max-image-preview":"max-image-preview:large","max-video-preview":"max-video-preview:-1"},"canonical":"https:\/\/acostureira.com\/gl\/tienda\/otros\/tazas\/taza-tronchi-y-monchi-estirando-el-chicle\/","og_locale":"gl_ES","og_type":"article","og_title":"TAZA TRONCHI Y MONCHI","og_description":"Comprar taza de Tronchi y Monchi!. Taza cer\u00e1mica del podcast Estirando el Chicle. A Carolina y Vicky les encanta, y a ti? No te quedes sin ella!!","og_url":"https:\/\/acostureira.com\/gl\/tienda\/otros\/tazas\/taza-tronchi-y-monchi-estirando-el-chicle\/","og_site_name":"Acostureira","article_publisher":"https:\/\/www.facebook.com\/acostureira19","article_modified_time":"2024-12-13T15:23:48+00:00","og_image":[{"width":591,"height":591,"url":"https:\/\/acostureira.com\/wp-content\/uploads\/2022\/12\/TAZA-TRONCHI.png","type":"image\/png"}],"twitter_card":"summary_large_image","twitter_misc":{"Tempo de lectura":"1 minuto"},"schema":{"@context":"https:\/\/schema.org","@graph":[{"@type":"WebPage","@id":"https:\/\/acostureira.com\/tienda\/otros\/tazas\/taza-tronchi-y-monchi-estirando-el-chicle\/","url":"https:\/\/acostureira.com\/tienda\/otros\/tazas\/taza-tronchi-y-monchi-estirando-el-chicle\/","name":"CUNCA TRONCHI Y MONCHI","isPartOf":{"@id":"https:\/\/acostureira.com\/#website"},"primaryImageOfPage":{"@id":"https:\/\/acostureira.com\/tienda\/otros\/tazas\/taza-tronchi-y-monchi-estirando-el-chicle\/#primaryimage"},"image":{"@id":"https:\/\/acostureira.com\/tienda\/otros\/tazas\/taza-tronchi-y-monchi-estirando-el-chicle\/#primaryimage"},"thumbnailUrl":"https:\/\/acostureira.com\/wp-content\/uploads\/2022\/12\/TAZA-TRONCHI.png","datePublished":"2022-12-16T14:46:27+00:00","dateModified":"2024-12-13T15:23:48+00:00","description":"Comprar taza de Tronchi y Monchi!. Taza cer\u00e1mica del podcast Estirando el Chicle. A Carolina y Vicky les encanta, y a ti? No te quedes sin ella!!","breadcrumb":{"@id":"https:\/\/acostureira.com\/tienda\/otros\/tazas\/taza-tronchi-y-monchi-estirando-el-chicle\/#breadcrumb"},"inLanguage":"gl-ES","potentialAction":[{"@type":"ReadAction","target":["https:\/\/acostureira.com\/tienda\/otros\/tazas\/taza-tronchi-y-monchi-estirando-el-chicle\/"]}]},{"@type":"ImageObject","inLanguage":"gl-ES","@id":"https:\/\/acostureira.com\/tienda\/otros\/tazas\/taza-tronchi-y-monchi-estirando-el-chicle\/#primaryimage","url":"https:\/\/acostureira.com\/wp-content\/uploads\/2022\/12\/TAZA-TRONCHI.png","contentUrl":"https:\/\/acostureira.com\/wp-content\/uploads\/2022\/12\/TAZA-TRONCHI.png","width":591,"height":591,"caption":"TAZA TRONCHI Y MONCHI"},{"@type":"BreadcrumbList","@id":"https:\/\/acostureira.com\/tienda\/otros\/tazas\/taza-tronchi-y-monchi-estirando-el-chicle\/#breadcrumb","itemListElement":[{"@type":"ListItem","position":1,"name":"Portada","item":"https:\/\/acostureira.com\/"},{"@type":"ListItem","position":2,"name":"Todos nuestros productos","item":"https:\/\/acostureira.com\/tienda\/"},{"@type":"ListItem","position":3,"name":"TAZA TRONCHI Y MONCHI"}]},{"@type":"WebSite","@id":"https:\/\/acostureira.com\/#website","url":"https:\/\/acostureira.com\/","name":"Acostureira","description":"Produto feminista e galego","publisher":{"@id":"https:\/\/acostureira.com\/#organization"},"potentialAction":[{"@type":"SearchAction","target":{"@type":"EntryPoint","urlTemplate":"https:\/\/acostureira.com\/?s={search_term_string}"},"query-input":{"@type":"PropertyValueSpecification","valueRequired":true,"valueName":"search_term_string"}}],"inLanguage":"gl-ES"},{"@type":"Organization","@id":"https:\/\/acostureira.com\/#organization","name":"Acostureira","url":"https:\/\/acostureira.com\/","logo":{"@type":"ImageObject","inLanguage":"gl-ES","@id":"https:\/\/acostureira.com\/#\/schema\/logo\/image\/","url":"https:\/\/acostureira.com\/wp-content\/uploads\/2022\/12\/cropped-LOGO-COSTUREIRA.png","contentUrl":"https:\/\/acostureira.com\/wp-content\/uploads\/2022\/12\/cropped-LOGO-COSTUREIRA.png","width":512,"height":512,"caption":"Acostureira"},"image":{"@id":"https:\/\/acostureira.com\/#\/schema\/logo\/image\/"},"sameAs":["https:\/\/www.facebook.com\/acostureira19","https:\/\/www.instagram.com\/acostureira19\/"]}]}},"_links":{"self":[{"href":"https:\/\/acostureira.com\/gl\/wp-json\/wp\/v2\/product\/31056","targetHints":{"allow":["GET"]}}],"collection":[{"href":"https:\/\/acostureira.com\/gl\/wp-json\/wp\/v2\/product"}],"about":[{"href":"https:\/\/acostureira.com\/gl\/wp-json\/wp\/v2\/types\/product"}],"wp:featuredmedia":[{"embeddable":true,"href":"https:\/\/acostureira.com\/gl\/wp-json\/wp\/v2\/media\/31130"}],"wp:attachment":[{"href":"https:\/\/acostureira.com\/gl\/wp-json\/wp\/v2\/media?parent=31056"}],"wp:term":[{"taxonomy":"product_brand","embeddable":true,"href":"https:\/\/acostureira.com\/gl\/wp-json\/wp\/v2\/product_brand?post=31056"},{"taxonomy":"product_cat","embeddable":true,"href":"https:\/\/acostureira.com\/gl\/wp-json\/wp\/v2\/product_cat?post=31056"},{"taxonomy":"product_tag","embeddable":true,"href":"https:\/\/acostureira.com\/gl\/wp-json\/wp\/v2\/product_tag?post=31056"}],"curies":[{"name":"wp","href":"https:\/\/api.w.org\/{rel}","templated":true}]}}