{"id":31067,"date":"2022-12-16T14:47:46","date_gmt":"2022-12-16T14:47:46","guid":{"rendered":"https:\/\/acostureira.com\/?post_type=product&#038;p=31067"},"modified":"2024-12-13T16:23:18","modified_gmt":"2024-12-13T15:23:18","slug":"lote-camiseta-valida-taza-estirando-el-chicle","status":"publish","type":"product","link":"https:\/\/acostureira.com\/gl\/tienda\/otros\/tazas\/lote-camiseta-valida-taza-estirando-el-chicle\/","title":{"rendered":"LOTE DE CAMISETA V\u00c1LIDA + CUNCA"},"content":{"rendered":"<h2>LOTE DE CAMISETA + MUG V\u00c1LIDO<\/h2>\n<p>Lote composto por unha camiseta unisex v\u00e1lida + cunca con dese\u00f1o do podcast <a href=\"https:\/\/www.instagram.com\/estirandoelchicle\/\">Estirando el Chicle.<\/a><\/p>\n<p>Escolle a t\u00faa talla e a cor que m\u00e1is che guste, a cunca que queres recibir e a presumir!!!<\/p>\n<p>Aforra con este lote!!!<\/p>\n<p>Un podcast, convertido nos \u00faltimos tempos nun aut\u00e9ntico fen\u00f3meno. Presentado por <a href=\"https:\/\/www.instagram.com\/percebesygrelos\/\">Carolina Iglesias<\/a> e <a href=\"https:\/\/www.instagram.com\/livingpostureo\/\">Victoria Mart\u00edn<\/a>, d\u00faas c\u00f3micas, guionistas e influencers, este programa \u00e9 un \u00e9xito en todo o pa\u00eds e do m\u00e1is escoitado de Espa\u00f1a.<br \/>\nO seu show en directo, <i>Estirando el chicle: Un \u00faltimo hilo (de vida)<\/i>, que se celebrou en setembro de 2022 no <a title=\"Pazo dos Deportes da Comunidade de Madrid\" href=\"https:\/\/es.wikipedia.org\/wiki\/Palacio_de_Deportes_de_la_Comunidad_de_Madrid\">WiZink Center<\/a> , foi o primeiro espect\u00e1culo deste estilo que encheu o aforo do devandito local, esgot\u00e1ndose as 12.000 entradas en poucas horas!!!\u200b<br \/>\nGa\u00f1ador do premio ao mellor podcast do ano en 2022.<br \/>\nNunca deixan de mostrar o xeniais que son!!!<br \/>\n<a href=\"https:\/\/acostureira.com\/gl\/estirando_el_chicle\/\">Aqu\u00ed<\/a> Podes ver outros produtos do programa.<\/p>","protected":false},"excerpt":{"rendered":"<div class=\"product-description m-b\">\n<p>Lote composto por:<br \/>\n100% Camiseta de algod\u00f3n de 180 g. Impresi\u00f3n a 1 tinta.<br \/>\nCunca de porcelana branca. Sublimaci\u00f3n en 2 lados.<br \/>\n(Escolle a cor da camiseta e o modelo da cunca)<\/p>\n<div class=\"im-products-description-fade\"><\/div>\n<\/div>","protected":false},"featured_media":31136,"template":"","meta":{"site-sidebar-layout":"default","site-content-layout":"","ast-site-content-layout":"default","site-content-style":"default","site-sidebar-style":"default","ast-global-header-display":"","ast-banner-title-visibility":"","ast-main-header-display":"","ast-hfb-above-header-display":"","ast-hfb-below-header-display":"","ast-hfb-mobile-header-display":"","site-post-title":"","ast-breadcrumbs-content":"","ast-featured-img":"","footer-sml-layout":"","ast-disable-related-posts":"","theme-transparent-header-meta":"","adv-header-id-meta":"","stick-header-meta":"","header-above-stick-meta":"","header-main-stick-meta":"","header-below-stick-meta":"","astra-migrate-meta-layouts":"default","ast-page-background-enabled":"default","ast-page-background-meta":{"desktop":{"background-color":"var(--ast-global-color-4)","background-image":"","background-repeat":"repeat","background-position":"center center","background-size":"auto","background-attachment":"scroll","background-type":"","background-media":"","overlay-type":"","overlay-color":"","overlay-opacity":"","overlay-gradient":""},"tablet":{"background-color":"","background-image":"","background-repeat":"repeat","background-position":"center center","background-size":"auto","background-attachment":"scroll","background-type":"","background-media":"","overlay-type":"","overlay-color":"","overlay-opacity":"","overlay-gradient":""},"mobile":{"background-color":"","background-image":"","background-repeat":"repeat","background-position":"center center","background-size":"auto","background-attachment":"scroll","background-type":"","background-media":"","overlay-type":"","overlay-color":"","overlay-opacity":"","overlay-gradient":""}},"ast-content-background-meta":{"desktop":{"background-color":"var(--ast-global-color-5)","background-image":"","background-repeat":"repeat","background-position":"center center","background-size":"auto","background-attachment":"scroll","background-type":"","background-media":"","overlay-type":"","overlay-color":"","overlay-opacity":"","overlay-gradient":""},"tablet":{"background-color":"var(--ast-global-color-5)","background-image":"","background-repeat":"repeat","background-position":"center center","background-size":"auto","background-attachment":"scroll","background-type":"","background-media":"","overlay-type":"","overlay-color":"","overlay-opacity":"","overlay-gradient":""},"mobile":{"background-color":"var(--ast-global-color-5)","background-image":"","background-repeat":"repeat","background-position":"center center","background-size":"auto","background-attachment":"scroll","background-type":"","background-media":"","overlay-type":"","overlay-color":"","overlay-opacity":"","overlay-gradient":""}}},"product_brand":[],"product_cat":[171,194,225,220,164],"product_tag":[150,224,226,227,185,228],"class_list":{"0":"post-31067","1":"product","2":"type-product","3":"status-publish","4":"has-post-thumbnail","6":"product_cat-camiseta-unisex","7":"product_cat-estirando-el-chicle","8":"product_cat-otros","9":"product_cat-tazas","10":"product_cat-unisex","11":"product_tag-camiseta","12":"product_tag-estirando-el-chicle","13":"product_tag-lote","14":"product_tag-taza","15":"product_tag-unisex","16":"product_tag-valida","17":"desktop-align-center","18":"tablet-align-left","19":"mobile-align-left","20":"ast-product-gallery-layout-first-image-large","21":"ast-product-single-variable","22":"ast-product-tabs-layout-horizontal","23":"ast-qv-on-image","25":"first","26":"instock","27":"taxable","28":"shipping-taxable","29":"purchasable","30":"product-type-variable"},"yoast_head":"<!-- This site is optimized with the Yoast SEO plugin v27.2 - https:\/\/yoast.com\/product\/yoast-seo-wordpress\/ -->\n<title>LOTE CAMISETA V\u00c1LIDA + TAZA<\/title>\n<meta name=\"description\" content=\"Comprar lote camiseta unisex V\u00e1lida+ taza con dise\u00f1os del podcast Estirando el Chicle. Presentado por Carolina Iglesias y Victoria Mart\u00edn.\" \/>\n<meta name=\"robots\" content=\"index, follow, max-snippet:-1, max-image-preview:large, max-video-preview:-1\" \/>\n<link rel=\"canonical\" href=\"https:\/\/acostureira.com\/gl\/tienda\/otros\/tazas\/lote-camiseta-valida-taza-estirando-el-chicle\/\" \/>\n<meta property=\"og:locale\" content=\"gl_ES\" \/>\n<meta property=\"og:type\" content=\"article\" \/>\n<meta property=\"og:title\" content=\"LOTE CAMISETA V\u00c1LIDA + TAZA\" \/>\n<meta property=\"og:description\" content=\"Comprar lote camiseta unisex V\u00e1lida+ taza con dise\u00f1os del podcast Estirando el Chicle. Presentado por Carolina Iglesias y Victoria Mart\u00edn.\" \/>\n<meta property=\"og:url\" content=\"https:\/\/acostureira.com\/gl\/tienda\/otros\/tazas\/lote-camiseta-valida-taza-estirando-el-chicle\/\" \/>\n<meta property=\"og:site_name\" content=\"Acostureira\" \/>\n<meta property=\"article:publisher\" content=\"https:\/\/www.facebook.com\/acostureira19\" \/>\n<meta property=\"article:modified_time\" content=\"2024-12-13T15:23:18+00:00\" \/>\n<meta property=\"og:image\" content=\"https:\/\/acostureira.com\/wp-content\/uploads\/2022\/12\/LOTE-CAMI-VALIDA.png\" \/>\n\t<meta property=\"og:image:width\" content=\"589\" \/>\n\t<meta property=\"og:image:height\" content=\"589\" \/>\n\t<meta property=\"og:image:type\" content=\"image\/png\" \/>\n<meta name=\"twitter:card\" content=\"summary_large_image\" \/>\n<meta name=\"twitter:label1\" content=\"Tempo de lectura\" \/>\n\t<meta name=\"twitter:data1\" content=\"1 minuto\" \/>\n<script type=\"application\/ld+json\" class=\"yoast-schema-graph\">{\"@context\":\"https:\/\/schema.org\",\"@graph\":[{\"@type\":\"WebPage\",\"@id\":\"https:\/\/acostureira.com\/tienda\/otros\/tazas\/lote-camiseta-valida-taza-estirando-el-chicle\/\",\"url\":\"https:\/\/acostureira.com\/tienda\/otros\/tazas\/lote-camiseta-valida-taza-estirando-el-chicle\/\",\"name\":\"LOTE CAMISETA V\u00c1LIDA + TAZA\",\"isPartOf\":{\"@id\":\"https:\/\/acostureira.com\/#website\"},\"primaryImageOfPage\":{\"@id\":\"https:\/\/acostureira.com\/tienda\/otros\/tazas\/lote-camiseta-valida-taza-estirando-el-chicle\/#primaryimage\"},\"image\":{\"@id\":\"https:\/\/acostureira.com\/tienda\/otros\/tazas\/lote-camiseta-valida-taza-estirando-el-chicle\/#primaryimage\"},\"thumbnailUrl\":\"https:\/\/acostureira.com\/wp-content\/uploads\/2022\/12\/LOTE-CAMI-VALIDA.png\",\"datePublished\":\"2022-12-16T14:47:46+00:00\",\"dateModified\":\"2024-12-13T15:23:18+00:00\",\"description\":\"Comprar lote camiseta unisex V\u00e1lida+ taza con dise\u00f1os del podcast Estirando el Chicle. Presentado por Carolina Iglesias y Victoria Mart\u00edn.\",\"breadcrumb\":{\"@id\":\"https:\/\/acostureira.com\/tienda\/otros\/tazas\/lote-camiseta-valida-taza-estirando-el-chicle\/#breadcrumb\"},\"inLanguage\":\"gl-ES\",\"potentialAction\":[{\"@type\":\"ReadAction\",\"target\":[\"https:\/\/acostureira.com\/tienda\/otros\/tazas\/lote-camiseta-valida-taza-estirando-el-chicle\/\"]}]},{\"@type\":\"ImageObject\",\"inLanguage\":\"gl-ES\",\"@id\":\"https:\/\/acostureira.com\/tienda\/otros\/tazas\/lote-camiseta-valida-taza-estirando-el-chicle\/#primaryimage\",\"url\":\"https:\/\/acostureira.com\/wp-content\/uploads\/2022\/12\/LOTE-CAMI-VALIDA.png\",\"contentUrl\":\"https:\/\/acostureira.com\/wp-content\/uploads\/2022\/12\/LOTE-CAMI-VALIDA.png\",\"width\":589,\"height\":589,\"caption\":\"LOTE CAMISETA UNISEX V\u00c1LIDA + TAZA\"},{\"@type\":\"BreadcrumbList\",\"@id\":\"https:\/\/acostureira.com\/tienda\/otros\/tazas\/lote-camiseta-valida-taza-estirando-el-chicle\/#breadcrumb\",\"itemListElement\":[{\"@type\":\"ListItem\",\"position\":1,\"name\":\"Portada\",\"item\":\"https:\/\/acostureira.com\/\"},{\"@type\":\"ListItem\",\"position\":2,\"name\":\"Todos nuestros productos\",\"item\":\"https:\/\/acostureira.com\/tienda\/\"},{\"@type\":\"ListItem\",\"position\":3,\"name\":\"LOTE CAMISETA V\u00c1LIDA + TAZA\"}]},{\"@type\":\"WebSite\",\"@id\":\"https:\/\/acostureira.com\/#website\",\"url\":\"https:\/\/acostureira.com\/\",\"name\":\"Acostureira\",\"description\":\"Producto feminista y de Galicia\",\"publisher\":{\"@id\":\"https:\/\/acostureira.com\/#organization\"},\"potentialAction\":[{\"@type\":\"SearchAction\",\"target\":{\"@type\":\"EntryPoint\",\"urlTemplate\":\"https:\/\/acostureira.com\/?s={search_term_string}\"},\"query-input\":{\"@type\":\"PropertyValueSpecification\",\"valueRequired\":true,\"valueName\":\"search_term_string\"}}],\"inLanguage\":\"gl-ES\"},{\"@type\":\"Organization\",\"@id\":\"https:\/\/acostureira.com\/#organization\",\"name\":\"Acostureira\",\"url\":\"https:\/\/acostureira.com\/\",\"logo\":{\"@type\":\"ImageObject\",\"inLanguage\":\"gl-ES\",\"@id\":\"https:\/\/acostureira.com\/#\/schema\/logo\/image\/\",\"url\":\"https:\/\/acostureira.com\/wp-content\/uploads\/2022\/12\/cropped-LOGO-COSTUREIRA.png\",\"contentUrl\":\"https:\/\/acostureira.com\/wp-content\/uploads\/2022\/12\/cropped-LOGO-COSTUREIRA.png\",\"width\":512,\"height\":512,\"caption\":\"Acostureira\"},\"image\":{\"@id\":\"https:\/\/acostureira.com\/#\/schema\/logo\/image\/\"},\"sameAs\":[\"https:\/\/www.facebook.com\/acostureira19\",\"https:\/\/www.instagram.com\/acostureira19\/\"]}]}<\/script>\n<!-- \/ Yoast SEO plugin. -->","yoast_head_json":{"title":"LOTE CAMISETA V\u00c1LIDA + TAZA","description":"Comprar lote camiseta unisex V\u00e1lida+ taza con dise\u00f1os del podcast Estirando el Chicle. Presentado por Carolina Iglesias y Victoria Mart\u00edn.","robots":{"index":"index","follow":"follow","max-snippet":"max-snippet:-1","max-image-preview":"max-image-preview:large","max-video-preview":"max-video-preview:-1"},"canonical":"https:\/\/acostureira.com\/gl\/tienda\/otros\/tazas\/lote-camiseta-valida-taza-estirando-el-chicle\/","og_locale":"gl_ES","og_type":"article","og_title":"LOTE CAMISETA V\u00c1LIDA + TAZA","og_description":"Comprar lote camiseta unisex V\u00e1lida+ taza con dise\u00f1os del podcast Estirando el Chicle. Presentado por Carolina Iglesias y Victoria Mart\u00edn.","og_url":"https:\/\/acostureira.com\/gl\/tienda\/otros\/tazas\/lote-camiseta-valida-taza-estirando-el-chicle\/","og_site_name":"Acostureira","article_publisher":"https:\/\/www.facebook.com\/acostureira19","article_modified_time":"2024-12-13T15:23:18+00:00","og_image":[{"width":589,"height":589,"url":"https:\/\/acostureira.com\/wp-content\/uploads\/2022\/12\/LOTE-CAMI-VALIDA.png","type":"image\/png"}],"twitter_card":"summary_large_image","twitter_misc":{"Tempo de lectura":"1 minuto"},"schema":{"@context":"https:\/\/schema.org","@graph":[{"@type":"WebPage","@id":"https:\/\/acostureira.com\/tienda\/otros\/tazas\/lote-camiseta-valida-taza-estirando-el-chicle\/","url":"https:\/\/acostureira.com\/tienda\/otros\/tazas\/lote-camiseta-valida-taza-estirando-el-chicle\/","name":"LOTE CAMISETA V\u00c1LIDA + TAZA","isPartOf":{"@id":"https:\/\/acostureira.com\/#website"},"primaryImageOfPage":{"@id":"https:\/\/acostureira.com\/tienda\/otros\/tazas\/lote-camiseta-valida-taza-estirando-el-chicle\/#primaryimage"},"image":{"@id":"https:\/\/acostureira.com\/tienda\/otros\/tazas\/lote-camiseta-valida-taza-estirando-el-chicle\/#primaryimage"},"thumbnailUrl":"https:\/\/acostureira.com\/wp-content\/uploads\/2022\/12\/LOTE-CAMI-VALIDA.png","datePublished":"2022-12-16T14:47:46+00:00","dateModified":"2024-12-13T15:23:18+00:00","description":"Comprar lote camiseta unisex V\u00e1lida+ taza con dise\u00f1os del podcast Estirando el Chicle. Presentado por Carolina Iglesias y Victoria Mart\u00edn.","breadcrumb":{"@id":"https:\/\/acostureira.com\/tienda\/otros\/tazas\/lote-camiseta-valida-taza-estirando-el-chicle\/#breadcrumb"},"inLanguage":"gl-ES","potentialAction":[{"@type":"ReadAction","target":["https:\/\/acostureira.com\/tienda\/otros\/tazas\/lote-camiseta-valida-taza-estirando-el-chicle\/"]}]},{"@type":"ImageObject","inLanguage":"gl-ES","@id":"https:\/\/acostureira.com\/tienda\/otros\/tazas\/lote-camiseta-valida-taza-estirando-el-chicle\/#primaryimage","url":"https:\/\/acostureira.com\/wp-content\/uploads\/2022\/12\/LOTE-CAMI-VALIDA.png","contentUrl":"https:\/\/acostureira.com\/wp-content\/uploads\/2022\/12\/LOTE-CAMI-VALIDA.png","width":589,"height":589,"caption":"LOTE CAMISETA UNISEX V\u00c1LIDA + TAZA"},{"@type":"BreadcrumbList","@id":"https:\/\/acostureira.com\/tienda\/otros\/tazas\/lote-camiseta-valida-taza-estirando-el-chicle\/#breadcrumb","itemListElement":[{"@type":"ListItem","position":1,"name":"Portada","item":"https:\/\/acostureira.com\/"},{"@type":"ListItem","position":2,"name":"Todos nuestros productos","item":"https:\/\/acostureira.com\/tienda\/"},{"@type":"ListItem","position":3,"name":"LOTE CAMISETA V\u00c1LIDA + TAZA"}]},{"@type":"WebSite","@id":"https:\/\/acostureira.com\/#website","url":"https:\/\/acostureira.com\/","name":"Acostureira","description":"Produto feminista e galego","publisher":{"@id":"https:\/\/acostureira.com\/#organization"},"potentialAction":[{"@type":"SearchAction","target":{"@type":"EntryPoint","urlTemplate":"https:\/\/acostureira.com\/?s={search_term_string}"},"query-input":{"@type":"PropertyValueSpecification","valueRequired":true,"valueName":"search_term_string"}}],"inLanguage":"gl-ES"},{"@type":"Organization","@id":"https:\/\/acostureira.com\/#organization","name":"Acostureira","url":"https:\/\/acostureira.com\/","logo":{"@type":"ImageObject","inLanguage":"gl-ES","@id":"https:\/\/acostureira.com\/#\/schema\/logo\/image\/","url":"https:\/\/acostureira.com\/wp-content\/uploads\/2022\/12\/cropped-LOGO-COSTUREIRA.png","contentUrl":"https:\/\/acostureira.com\/wp-content\/uploads\/2022\/12\/cropped-LOGO-COSTUREIRA.png","width":512,"height":512,"caption":"Acostureira"},"image":{"@id":"https:\/\/acostureira.com\/#\/schema\/logo\/image\/"},"sameAs":["https:\/\/www.facebook.com\/acostureira19","https:\/\/www.instagram.com\/acostureira19\/"]}]}},"_links":{"self":[{"href":"https:\/\/acostureira.com\/gl\/wp-json\/wp\/v2\/product\/31067","targetHints":{"allow":["GET"]}}],"collection":[{"href":"https:\/\/acostureira.com\/gl\/wp-json\/wp\/v2\/product"}],"about":[{"href":"https:\/\/acostureira.com\/gl\/wp-json\/wp\/v2\/types\/product"}],"wp:featuredmedia":[{"embeddable":true,"href":"https:\/\/acostureira.com\/gl\/wp-json\/wp\/v2\/media\/31136"}],"wp:attachment":[{"href":"https:\/\/acostureira.com\/gl\/wp-json\/wp\/v2\/media?parent=31067"}],"wp:term":[{"taxonomy":"product_brand","embeddable":true,"href":"https:\/\/acostureira.com\/gl\/wp-json\/wp\/v2\/product_brand?post=31067"},{"taxonomy":"product_cat","embeddable":true,"href":"https:\/\/acostureira.com\/gl\/wp-json\/wp\/v2\/product_cat?post=31067"},{"taxonomy":"product_tag","embeddable":true,"href":"https:\/\/acostureira.com\/gl\/wp-json\/wp\/v2\/product_tag?post=31067"}],"curies":[{"name":"wp","href":"https:\/\/api.w.org\/{rel}","templated":true}]}}