{"id":31171,"date":"2022-12-16T14:51:07","date_gmt":"2022-12-16T14:51:07","guid":{"rendered":"https:\/\/acostureira.com\/?post_type=product&#038;p=31171"},"modified":"2026-03-31T20:28:35","modified_gmt":"2026-03-31T18:28:35","slug":"lamina-de-vinos","status":"publish","type":"product","link":"https:\/\/acostureira.com\/gl\/tienda\/otros\/laminas\/lamina-de-vinos\/","title":{"rendered":"L\u00c1MINA DE VI\u00d1OS"},"content":{"rendered":"<h2>L\u00c1MINA DE VI\u00d1OS<\/h2>\n<p><span class=\"fs11lh1-5\">A l\u00e1mina de vi\u00f1os \u00e9 unha copia dixital en papel acuarela da obra orixinal.<\/span>feita polo artista galego <a href=\"https:\/\/www.instagram.com\/leandrinholamas\/\">Leandro Lamas<\/a>.<br \/>\nLeandro \u00e9 un dos artistas de referencia en Galicia. A s\u00faa obra transp\u00f3rtanos a mundos cheos de cor e fantas\u00eda.<br \/>\nCun estilo moi reco\u00f1ecible e moi vistoso, o simple feito de presenciar unha das s\u00faas obras d\u00e1nos un pulo de enerx\u00eda positiva!!!<br \/>\nArtista comprometido co empoderamento feminino, a defensa da igualdade e a promoci\u00f3n da cultura do noso pa\u00eds.<br \/>\nNon perdas a oportunidade de conseguir unha das s\u00faas marabillosas obras!!!<\/p>\n<div><a href=\"https:\/\/acostureira.com\/gl\/product-category\/leandro-lamas\/\">Aqu\u00ed<\/a> podes ver m\u00e1is produtos de Leandro!<\/div>","protected":false},"excerpt":{"rendered":"<div class=\"product-description m-b\">\n<p>Reproducci\u00f3n dixital sobre papel acuarela de 300 gr.<br \/>\nMedidas 40\u00d729 cm.<\/p>\n<div class=\"im-products-description-fade\"><\/div>\n<\/div>","protected":false},"featured_media":31200,"template":"","meta":{"site-sidebar-layout":"default","site-content-layout":"","ast-site-content-layout":"default","site-content-style":"default","site-sidebar-style":"default","ast-global-header-display":"","ast-banner-title-visibility":"","ast-main-header-display":"","ast-hfb-above-header-display":"","ast-hfb-below-header-display":"","ast-hfb-mobile-header-display":"","site-post-title":"","ast-breadcrumbs-content":"","ast-featured-img":"","footer-sml-layout":"","ast-disable-related-posts":"","theme-transparent-header-meta":"","adv-header-id-meta":"","stick-header-meta":"","header-above-stick-meta":"","header-main-stick-meta":"","header-below-stick-meta":"","astra-migrate-meta-layouts":"default","ast-page-background-enabled":"default","ast-page-background-meta":{"desktop":{"background-color":"var(--ast-global-color-4)","background-image":"","background-repeat":"repeat","background-position":"center center","background-size":"auto","background-attachment":"scroll","background-type":"","background-media":"","overlay-type":"","overlay-color":"","overlay-opacity":"","overlay-gradient":""},"tablet":{"background-color":"","background-image":"","background-repeat":"repeat","background-position":"center center","background-size":"auto","background-attachment":"scroll","background-type":"","background-media":"","overlay-type":"","overlay-color":"","overlay-opacity":"","overlay-gradient":""},"mobile":{"background-color":"","background-image":"","background-repeat":"repeat","background-position":"center center","background-size":"auto","background-attachment":"scroll","background-type":"","background-media":"","overlay-type":"","overlay-color":"","overlay-opacity":"","overlay-gradient":""}},"ast-content-background-meta":{"desktop":{"background-color":"var(--ast-global-color-5)","background-image":"","background-repeat":"repeat","background-position":"center center","background-size":"auto","background-attachment":"scroll","background-type":"","background-media":"","overlay-type":"","overlay-color":"","overlay-opacity":"","overlay-gradient":""},"tablet":{"background-color":"var(--ast-global-color-5)","background-image":"","background-repeat":"repeat","background-position":"center center","background-size":"auto","background-attachment":"scroll","background-type":"","background-media":"","overlay-type":"","overlay-color":"","overlay-opacity":"","overlay-gradient":""},"mobile":{"background-color":"var(--ast-global-color-5)","background-image":"","background-repeat":"repeat","background-position":"center center","background-size":"auto","background-attachment":"scroll","background-type":"","background-media":"","overlay-type":"","overlay-color":"","overlay-opacity":"","overlay-gradient":""}}},"product_brand":[],"product_cat":[221,195,225],"product_tag":[344,82,83,237],"class_list":{"0":"post-31171","1":"product","2":"type-product","3":"status-publish","4":"has-post-thumbnail","6":"product_cat-laminas","7":"product_cat-leandro-lamas","8":"product_cat-otros","9":"product_tag-de-vinos","10":"product_tag-lamina","11":"product_tag-leandro-lamas","12":"product_tag-natural","13":"desktop-align-center","14":"tablet-align-left","15":"mobile-align-left","16":"ast-product-gallery-layout-first-image-large","17":"ast-product-gallery-with-no-image","18":"ast-product-tabs-layout-horizontal","19":"ast-qv-on-image","21":"first","22":"instock","23":"taxable","24":"shipping-taxable","25":"purchasable","26":"product-type-simple"},"yoast_head":"<!-- This site is optimized with the Yoast SEO plugin v27.2 - https:\/\/yoast.com\/product\/yoast-seo-wordpress\/ -->\n<title>L\u00c1MINA DE VI\u00d1OS<\/title>\n<meta name=\"description\" content=\"Comprar L\u00e1mina de vi\u00f1os. Una copia digital en papel acuarela de la obra original realizada por el artista gallego Leandro Lamas.\" \/>\n<meta name=\"robots\" content=\"index, follow, max-snippet:-1, max-image-preview:large, max-video-preview:-1\" \/>\n<link rel=\"canonical\" href=\"https:\/\/acostureira.com\/gl\/tienda\/otros\/laminas\/lamina-de-vinos\/\" \/>\n<meta property=\"og:locale\" content=\"gl_ES\" \/>\n<meta property=\"og:type\" content=\"article\" \/>\n<meta property=\"og:title\" content=\"L\u00c1MINA DE VI\u00d1OS\" \/>\n<meta property=\"og:description\" content=\"Comprar L\u00e1mina de vi\u00f1os. Una copia digital en papel acuarela de la obra original realizada por el artista gallego Leandro Lamas.\" \/>\n<meta property=\"og:url\" content=\"https:\/\/acostureira.com\/gl\/tienda\/otros\/laminas\/lamina-de-vinos\/\" \/>\n<meta property=\"og:site_name\" content=\"Acostureira\" \/>\n<meta property=\"article:publisher\" content=\"https:\/\/www.facebook.com\/acostureira19\" \/>\n<meta property=\"article:modified_time\" content=\"2026-03-31T18:28:35+00:00\" \/>\n<meta property=\"og:image\" content=\"https:\/\/acostureira.com\/wp-content\/uploads\/2022\/12\/DE-VI-OS.jpg\" \/>\n\t<meta property=\"og:image:width\" content=\"580\" \/>\n\t<meta property=\"og:image:height\" content=\"800\" \/>\n\t<meta property=\"og:image:type\" content=\"image\/jpeg\" \/>\n<meta name=\"twitter:card\" content=\"summary_large_image\" \/>\n<meta name=\"twitter:label1\" content=\"Tempo de lectura\" \/>\n\t<meta name=\"twitter:data1\" content=\"1 minuto\" \/>\n<script type=\"application\/ld+json\" class=\"yoast-schema-graph\">{\"@context\":\"https:\/\/schema.org\",\"@graph\":[{\"@type\":\"WebPage\",\"@id\":\"https:\/\/acostureira.com\/tienda\/otros\/laminas\/lamina-de-vinos\/\",\"url\":\"https:\/\/acostureira.com\/tienda\/otros\/laminas\/lamina-de-vinos\/\",\"name\":\"L\u00c1MINA DE VI\u00d1OS\",\"isPartOf\":{\"@id\":\"https:\/\/acostureira.com\/#website\"},\"primaryImageOfPage\":{\"@id\":\"https:\/\/acostureira.com\/tienda\/otros\/laminas\/lamina-de-vinos\/#primaryimage\"},\"image\":{\"@id\":\"https:\/\/acostureira.com\/tienda\/otros\/laminas\/lamina-de-vinos\/#primaryimage\"},\"thumbnailUrl\":\"https:\/\/acostureira.com\/wp-content\/uploads\/2022\/12\/DE-VI-OS.jpg\",\"datePublished\":\"2022-12-16T14:51:07+00:00\",\"dateModified\":\"2026-03-31T18:28:35+00:00\",\"description\":\"Comprar L\u00e1mina de vi\u00f1os. Una copia digital en papel acuarela de la obra original realizada por el artista gallego Leandro Lamas.\",\"breadcrumb\":{\"@id\":\"https:\/\/acostureira.com\/tienda\/otros\/laminas\/lamina-de-vinos\/#breadcrumb\"},\"inLanguage\":\"gl-ES\",\"potentialAction\":[{\"@type\":\"ReadAction\",\"target\":[\"https:\/\/acostureira.com\/tienda\/otros\/laminas\/lamina-de-vinos\/\"]}]},{\"@type\":\"ImageObject\",\"inLanguage\":\"gl-ES\",\"@id\":\"https:\/\/acostureira.com\/tienda\/otros\/laminas\/lamina-de-vinos\/#primaryimage\",\"url\":\"https:\/\/acostureira.com\/wp-content\/uploads\/2022\/12\/DE-VI-OS.jpg\",\"contentUrl\":\"https:\/\/acostureira.com\/wp-content\/uploads\/2022\/12\/DE-VI-OS.jpg\",\"width\":580,\"height\":800,\"caption\":\"l\u00e1mina de vi\u00f1os\"},{\"@type\":\"BreadcrumbList\",\"@id\":\"https:\/\/acostureira.com\/tienda\/otros\/laminas\/lamina-de-vinos\/#breadcrumb\",\"itemListElement\":[{\"@type\":\"ListItem\",\"position\":1,\"name\":\"Portada\",\"item\":\"https:\/\/acostureira.com\/\"},{\"@type\":\"ListItem\",\"position\":2,\"name\":\"Todos nuestros productos\",\"item\":\"https:\/\/acostureira.com\/tienda\/\"},{\"@type\":\"ListItem\",\"position\":3,\"name\":\"L\u00c1MINA DE VI\u00d1OS\"}]},{\"@type\":\"WebSite\",\"@id\":\"https:\/\/acostureira.com\/#website\",\"url\":\"https:\/\/acostureira.com\/\",\"name\":\"Acostureira\",\"description\":\"Producto feminista y de Galicia\",\"publisher\":{\"@id\":\"https:\/\/acostureira.com\/#organization\"},\"potentialAction\":[{\"@type\":\"SearchAction\",\"target\":{\"@type\":\"EntryPoint\",\"urlTemplate\":\"https:\/\/acostureira.com\/?s={search_term_string}\"},\"query-input\":{\"@type\":\"PropertyValueSpecification\",\"valueRequired\":true,\"valueName\":\"search_term_string\"}}],\"inLanguage\":\"gl-ES\"},{\"@type\":\"Organization\",\"@id\":\"https:\/\/acostureira.com\/#organization\",\"name\":\"Acostureira\",\"url\":\"https:\/\/acostureira.com\/\",\"logo\":{\"@type\":\"ImageObject\",\"inLanguage\":\"gl-ES\",\"@id\":\"https:\/\/acostureira.com\/#\/schema\/logo\/image\/\",\"url\":\"https:\/\/acostureira.com\/wp-content\/uploads\/2022\/12\/cropped-LOGO-COSTUREIRA.png\",\"contentUrl\":\"https:\/\/acostureira.com\/wp-content\/uploads\/2022\/12\/cropped-LOGO-COSTUREIRA.png\",\"width\":512,\"height\":512,\"caption\":\"Acostureira\"},\"image\":{\"@id\":\"https:\/\/acostureira.com\/#\/schema\/logo\/image\/\"},\"sameAs\":[\"https:\/\/www.facebook.com\/acostureira19\",\"https:\/\/www.instagram.com\/acostureira19\/\"]}]}<\/script>\n<!-- \/ Yoast SEO plugin. -->","yoast_head_json":{"title":"L\u00c1MINA DE VI\u00d1OS","description":"Comprar L\u00e1mina de vi\u00f1os. Una copia digital en papel acuarela de la obra original realizada por el artista gallego Leandro Lamas.","robots":{"index":"index","follow":"follow","max-snippet":"max-snippet:-1","max-image-preview":"max-image-preview:large","max-video-preview":"max-video-preview:-1"},"canonical":"https:\/\/acostureira.com\/gl\/tienda\/otros\/laminas\/lamina-de-vinos\/","og_locale":"gl_ES","og_type":"article","og_title":"L\u00c1MINA DE VI\u00d1OS","og_description":"Comprar L\u00e1mina de vi\u00f1os. Una copia digital en papel acuarela de la obra original realizada por el artista gallego Leandro Lamas.","og_url":"https:\/\/acostureira.com\/gl\/tienda\/otros\/laminas\/lamina-de-vinos\/","og_site_name":"Acostureira","article_publisher":"https:\/\/www.facebook.com\/acostureira19","article_modified_time":"2026-03-31T18:28:35+00:00","og_image":[{"width":580,"height":800,"url":"https:\/\/acostureira.com\/wp-content\/uploads\/2022\/12\/DE-VI-OS.jpg","type":"image\/jpeg"}],"twitter_card":"summary_large_image","twitter_misc":{"Tempo de lectura":"1 minuto"},"schema":{"@context":"https:\/\/schema.org","@graph":[{"@type":"WebPage","@id":"https:\/\/acostureira.com\/tienda\/otros\/laminas\/lamina-de-vinos\/","url":"https:\/\/acostureira.com\/tienda\/otros\/laminas\/lamina-de-vinos\/","name":"L\u00c1MINA DE VI\u00d1OS","isPartOf":{"@id":"https:\/\/acostureira.com\/#website"},"primaryImageOfPage":{"@id":"https:\/\/acostureira.com\/tienda\/otros\/laminas\/lamina-de-vinos\/#primaryimage"},"image":{"@id":"https:\/\/acostureira.com\/tienda\/otros\/laminas\/lamina-de-vinos\/#primaryimage"},"thumbnailUrl":"https:\/\/acostureira.com\/wp-content\/uploads\/2022\/12\/DE-VI-OS.jpg","datePublished":"2022-12-16T14:51:07+00:00","dateModified":"2026-03-31T18:28:35+00:00","description":"Comprar L\u00e1mina de vi\u00f1os. Una copia digital en papel acuarela de la obra original realizada por el artista gallego Leandro Lamas.","breadcrumb":{"@id":"https:\/\/acostureira.com\/tienda\/otros\/laminas\/lamina-de-vinos\/#breadcrumb"},"inLanguage":"gl-ES","potentialAction":[{"@type":"ReadAction","target":["https:\/\/acostureira.com\/tienda\/otros\/laminas\/lamina-de-vinos\/"]}]},{"@type":"ImageObject","inLanguage":"gl-ES","@id":"https:\/\/acostureira.com\/tienda\/otros\/laminas\/lamina-de-vinos\/#primaryimage","url":"https:\/\/acostureira.com\/wp-content\/uploads\/2022\/12\/DE-VI-OS.jpg","contentUrl":"https:\/\/acostureira.com\/wp-content\/uploads\/2022\/12\/DE-VI-OS.jpg","width":580,"height":800,"caption":"l\u00e1mina de vi\u00f1os"},{"@type":"BreadcrumbList","@id":"https:\/\/acostureira.com\/tienda\/otros\/laminas\/lamina-de-vinos\/#breadcrumb","itemListElement":[{"@type":"ListItem","position":1,"name":"Portada","item":"https:\/\/acostureira.com\/"},{"@type":"ListItem","position":2,"name":"Todos nuestros productos","item":"https:\/\/acostureira.com\/tienda\/"},{"@type":"ListItem","position":3,"name":"L\u00c1MINA DE VI\u00d1OS"}]},{"@type":"WebSite","@id":"https:\/\/acostureira.com\/#website","url":"https:\/\/acostureira.com\/","name":"Acostureira","description":"Produto feminista e galego","publisher":{"@id":"https:\/\/acostureira.com\/#organization"},"potentialAction":[{"@type":"SearchAction","target":{"@type":"EntryPoint","urlTemplate":"https:\/\/acostureira.com\/?s={search_term_string}"},"query-input":{"@type":"PropertyValueSpecification","valueRequired":true,"valueName":"search_term_string"}}],"inLanguage":"gl-ES"},{"@type":"Organization","@id":"https:\/\/acostureira.com\/#organization","name":"Acostureira","url":"https:\/\/acostureira.com\/","logo":{"@type":"ImageObject","inLanguage":"gl-ES","@id":"https:\/\/acostureira.com\/#\/schema\/logo\/image\/","url":"https:\/\/acostureira.com\/wp-content\/uploads\/2022\/12\/cropped-LOGO-COSTUREIRA.png","contentUrl":"https:\/\/acostureira.com\/wp-content\/uploads\/2022\/12\/cropped-LOGO-COSTUREIRA.png","width":512,"height":512,"caption":"Acostureira"},"image":{"@id":"https:\/\/acostureira.com\/#\/schema\/logo\/image\/"},"sameAs":["https:\/\/www.facebook.com\/acostureira19","https:\/\/www.instagram.com\/acostureira19\/"]}]}},"_links":{"self":[{"href":"https:\/\/acostureira.com\/gl\/wp-json\/wp\/v2\/product\/31171","targetHints":{"allow":["GET"]}}],"collection":[{"href":"https:\/\/acostureira.com\/gl\/wp-json\/wp\/v2\/product"}],"about":[{"href":"https:\/\/acostureira.com\/gl\/wp-json\/wp\/v2\/types\/product"}],"wp:featuredmedia":[{"embeddable":true,"href":"https:\/\/acostureira.com\/gl\/wp-json\/wp\/v2\/media\/31200"}],"wp:attachment":[{"href":"https:\/\/acostureira.com\/gl\/wp-json\/wp\/v2\/media?parent=31171"}],"wp:term":[{"taxonomy":"product_brand","embeddable":true,"href":"https:\/\/acostureira.com\/gl\/wp-json\/wp\/v2\/product_brand?post=31171"},{"taxonomy":"product_cat","embeddable":true,"href":"https:\/\/acostureira.com\/gl\/wp-json\/wp\/v2\/product_cat?post=31171"},{"taxonomy":"product_tag","embeddable":true,"href":"https:\/\/acostureira.com\/gl\/wp-json\/wp\/v2\/product_tag?post=31171"}],"curies":[{"name":"wp","href":"https:\/\/api.w.org\/{rel}","templated":true}]}}