{"id":32185,"date":"2022-12-16T15:01:53","date_gmt":"2022-12-16T15:01:53","guid":{"rendered":"https:\/\/acostureira.com\/?post_type=product&#038;p=32185"},"modified":"2024-03-07T13:42:48","modified_gmt":"2024-03-07T12:42:48","slug":"sudadera-con-capucha-galicia-salvaxe-nin","status":"publish","type":"product","link":"https:\/\/acostureira.com\/gl\/tienda\/nino\/sudadera_ninos_con_capucha\/sudadera-con-capucha-galicia-salvaxe-nin\/","title":{"rendered":"SUDADERA INFANTIL GALICIA SALVAXE"},"content":{"rendered":"<p>Salvaxemente bonita \ud83d\ude42<\/p>","protected":false},"excerpt":{"rendered":"<p>Suadoiro con capucha e bolsillo tipo canguro.<br \/>\n80% algod\u00f3n 20% poli\u00e9ster, 280 gr.<br \/>\nImpresi\u00f3n  a toda cor feita en Galicia.<\/p>","protected":false},"featured_media":32215,"template":"","meta":{"site-sidebar-layout":"default","site-content-layout":"","ast-site-content-layout":"default","site-content-style":"default","site-sidebar-style":"default","ast-global-header-display":"","ast-banner-title-visibility":"","ast-main-header-display":"","ast-hfb-above-header-display":"","ast-hfb-below-header-display":"","ast-hfb-mobile-header-display":"","site-post-title":"","ast-breadcrumbs-content":"","ast-featured-img":"","footer-sml-layout":"","ast-disable-related-posts":"","theme-transparent-header-meta":"","adv-header-id-meta":"","stick-header-meta":"","header-above-stick-meta":"","header-main-stick-meta":"","header-below-stick-meta":"","astra-migrate-meta-layouts":"default","ast-page-background-enabled":"default","ast-page-background-meta":{"desktop":{"background-color":"var(--ast-global-color-4)","background-image":"","background-repeat":"repeat","background-position":"center center","background-size":"auto","background-attachment":"scroll","background-type":"","background-media":"","overlay-type":"","overlay-color":"","overlay-opacity":"","overlay-gradient":""},"tablet":{"background-color":"","background-image":"","background-repeat":"repeat","background-position":"center center","background-size":"auto","background-attachment":"scroll","background-type":"","background-media":"","overlay-type":"","overlay-color":"","overlay-opacity":"","overlay-gradient":""},"mobile":{"background-color":"","background-image":"","background-repeat":"repeat","background-position":"center center","background-size":"auto","background-attachment":"scroll","background-type":"","background-media":"","overlay-type":"","overlay-color":"","overlay-opacity":"","overlay-gradient":""}},"ast-content-background-meta":{"desktop":{"background-color":"var(--ast-global-color-5)","background-image":"","background-repeat":"repeat","background-position":"center center","background-size":"auto","background-attachment":"scroll","background-type":"","background-media":"","overlay-type":"","overlay-color":"","overlay-opacity":"","overlay-gradient":""},"tablet":{"background-color":"var(--ast-global-color-5)","background-image":"","background-repeat":"repeat","background-position":"center center","background-size":"auto","background-attachment":"scroll","background-type":"","background-media":"","overlay-type":"","overlay-color":"","overlay-opacity":"","overlay-gradient":""},"mobile":{"background-color":"var(--ast-global-color-5)","background-image":"","background-repeat":"repeat","background-position":"center center","background-size":"auto","background-attachment":"scroll","background-type":"","background-media":"","overlay-type":"","overlay-color":"","overlay-opacity":"","overlay-gradient":""}}},"product_brand":[],"product_cat":[193,203,352],"product_tag":[379,255,254,322,321,183],"class_list":{"0":"post-32185","1":"product","2":"type-product","3":"status-publish","4":"has-post-thumbnail","6":"product_cat-acostureira","7":"product_cat-nino","8":"product_cat-sudadera_ninos_con_capucha","9":"product_tag-galicia-salvaxe","10":"product_tag-gris","11":"product_tag-infantil","12":"product_tag-nina","13":"product_tag-nino","14":"product_tag-sudadera","15":"desktop-align-center","16":"tablet-align-left","17":"mobile-align-left","18":"ast-product-gallery-layout-first-image-large","19":"ast-product-single-variable","20":"ast-product-tabs-layout-horizontal","21":"ast-qv-on-image","23":"first","24":"instock","25":"taxable","26":"shipping-taxable","27":"purchasable","28":"product-type-variable"},"yoast_head":"<!-- This site is optimized with the Yoast SEO plugin v27.2 - https:\/\/yoast.com\/product\/yoast-seo-wordpress\/ -->\n<title>SUDADERA CON CAPUCHA NI\u00d1@ GALICIA SALVAXE - Acostureira<\/title>\n<meta name=\"robots\" content=\"index, follow, max-snippet:-1, max-image-preview:large, max-video-preview:-1\" \/>\n<link rel=\"canonical\" href=\"https:\/\/acostureira.com\/gl\/tienda\/nino\/sudadera_ninos_con_capucha\/sudadera-con-capucha-galicia-salvaxe-nin\/\" \/>\n<meta property=\"og:locale\" content=\"gl_ES\" \/>\n<meta property=\"og:type\" content=\"article\" \/>\n<meta property=\"og:title\" content=\"SUDADERA CON CAPUCHA NI\u00d1@ GALICIA SALVAXE - Acostureira\" \/>\n<meta property=\"og:description\" content=\"Sudadera con capucha y bolsillo tipo canguro. 80% algod\u00f3n 20% poliester, 280gr. Impresi\u00f3n personalizada a todo color realizada en Galicia.\" \/>\n<meta property=\"og:url\" content=\"https:\/\/acostureira.com\/gl\/tienda\/nino\/sudadera_ninos_con_capucha\/sudadera-con-capucha-galicia-salvaxe-nin\/\" \/>\n<meta property=\"og:site_name\" content=\"Acostureira\" \/>\n<meta property=\"article:publisher\" content=\"https:\/\/www.facebook.com\/acostureira19\" \/>\n<meta property=\"article:modified_time\" content=\"2024-03-07T12:42:48+00:00\" \/>\n<meta property=\"og:image\" content=\"https:\/\/acostureira.com\/wp-content\/uploads\/2022\/12\/GALICIA-SALVAXE-GRIS-NENO.png\" \/>\n\t<meta property=\"og:image:width\" content=\"800\" \/>\n\t<meta property=\"og:image:height\" content=\"800\" \/>\n\t<meta property=\"og:image:type\" content=\"image\/png\" \/>\n<meta name=\"twitter:card\" content=\"summary_large_image\" \/>\n<script type=\"application\/ld+json\" class=\"yoast-schema-graph\">{\"@context\":\"https:\/\/schema.org\",\"@graph\":[{\"@type\":\"WebPage\",\"@id\":\"https:\/\/acostureira.com\/tienda\/nino\/sudadera_ninos_con_capucha\/sudadera-con-capucha-galicia-salvaxe-nin\/\",\"url\":\"https:\/\/acostureira.com\/tienda\/nino\/sudadera_ninos_con_capucha\/sudadera-con-capucha-galicia-salvaxe-nin\/\",\"name\":\"SUDADERA CON CAPUCHA NI\u00d1@ GALICIA SALVAXE - Acostureira\",\"isPartOf\":{\"@id\":\"https:\/\/acostureira.com\/#website\"},\"primaryImageOfPage\":{\"@id\":\"https:\/\/acostureira.com\/tienda\/nino\/sudadera_ninos_con_capucha\/sudadera-con-capucha-galicia-salvaxe-nin\/#primaryimage\"},\"image\":{\"@id\":\"https:\/\/acostureira.com\/tienda\/nino\/sudadera_ninos_con_capucha\/sudadera-con-capucha-galicia-salvaxe-nin\/#primaryimage\"},\"thumbnailUrl\":\"https:\/\/acostureira.com\/wp-content\/uploads\/2022\/12\/GALICIA-SALVAXE-GRIS-NENO.png\",\"datePublished\":\"2022-12-16T15:01:53+00:00\",\"dateModified\":\"2024-03-07T12:42:48+00:00\",\"breadcrumb\":{\"@id\":\"https:\/\/acostureira.com\/tienda\/nino\/sudadera_ninos_con_capucha\/sudadera-con-capucha-galicia-salvaxe-nin\/#breadcrumb\"},\"inLanguage\":\"gl-ES\",\"potentialAction\":[{\"@type\":\"ReadAction\",\"target\":[\"https:\/\/acostureira.com\/tienda\/nino\/sudadera_ninos_con_capucha\/sudadera-con-capucha-galicia-salvaxe-nin\/\"]}]},{\"@type\":\"ImageObject\",\"inLanguage\":\"gl-ES\",\"@id\":\"https:\/\/acostureira.com\/tienda\/nino\/sudadera_ninos_con_capucha\/sudadera-con-capucha-galicia-salvaxe-nin\/#primaryimage\",\"url\":\"https:\/\/acostureira.com\/wp-content\/uploads\/2022\/12\/GALICIA-SALVAXE-GRIS-NENO.png\",\"contentUrl\":\"https:\/\/acostureira.com\/wp-content\/uploads\/2022\/12\/GALICIA-SALVAXE-GRIS-NENO.png\",\"width\":800,\"height\":800},{\"@type\":\"BreadcrumbList\",\"@id\":\"https:\/\/acostureira.com\/tienda\/nino\/sudadera_ninos_con_capucha\/sudadera-con-capucha-galicia-salvaxe-nin\/#breadcrumb\",\"itemListElement\":[{\"@type\":\"ListItem\",\"position\":1,\"name\":\"Portada\",\"item\":\"https:\/\/acostureira.com\/\"},{\"@type\":\"ListItem\",\"position\":2,\"name\":\"Todos nuestros productos\",\"item\":\"https:\/\/acostureira.com\/tienda\/\"},{\"@type\":\"ListItem\",\"position\":3,\"name\":\"SUDADERA CON CAPUCHA NI\u00d1@ GALICIA SALVAXE\"}]},{\"@type\":\"WebSite\",\"@id\":\"https:\/\/acostureira.com\/#website\",\"url\":\"https:\/\/acostureira.com\/\",\"name\":\"Acostureira\",\"description\":\"Producto feminista y de Galicia\",\"publisher\":{\"@id\":\"https:\/\/acostureira.com\/#organization\"},\"potentialAction\":[{\"@type\":\"SearchAction\",\"target\":{\"@type\":\"EntryPoint\",\"urlTemplate\":\"https:\/\/acostureira.com\/?s={search_term_string}\"},\"query-input\":{\"@type\":\"PropertyValueSpecification\",\"valueRequired\":true,\"valueName\":\"search_term_string\"}}],\"inLanguage\":\"gl-ES\"},{\"@type\":\"Organization\",\"@id\":\"https:\/\/acostureira.com\/#organization\",\"name\":\"Acostureira\",\"url\":\"https:\/\/acostureira.com\/\",\"logo\":{\"@type\":\"ImageObject\",\"inLanguage\":\"gl-ES\",\"@id\":\"https:\/\/acostureira.com\/#\/schema\/logo\/image\/\",\"url\":\"https:\/\/acostureira.com\/wp-content\/uploads\/2022\/12\/cropped-LOGO-COSTUREIRA.png\",\"contentUrl\":\"https:\/\/acostureira.com\/wp-content\/uploads\/2022\/12\/cropped-LOGO-COSTUREIRA.png\",\"width\":512,\"height\":512,\"caption\":\"Acostureira\"},\"image\":{\"@id\":\"https:\/\/acostureira.com\/#\/schema\/logo\/image\/\"},\"sameAs\":[\"https:\/\/www.facebook.com\/acostureira19\",\"https:\/\/www.instagram.com\/acostureira19\/\"]}]}<\/script>\n<!-- \/ Yoast SEO plugin. -->","yoast_head_json":{"title":"SUDADERA CON CAPUCHA NI\u00d1@ GALICIA SALVAXE - Acostureira","robots":{"index":"index","follow":"follow","max-snippet":"max-snippet:-1","max-image-preview":"max-image-preview:large","max-video-preview":"max-video-preview:-1"},"canonical":"https:\/\/acostureira.com\/gl\/tienda\/nino\/sudadera_ninos_con_capucha\/sudadera-con-capucha-galicia-salvaxe-nin\/","og_locale":"gl_ES","og_type":"article","og_title":"SUDADERA CON CAPUCHA NI\u00d1@ GALICIA SALVAXE - Acostureira","og_description":"Sudadera con capucha y bolsillo tipo canguro. 80% algod\u00f3n 20% poliester, 280gr. Impresi\u00f3n personalizada a todo color realizada en Galicia.","og_url":"https:\/\/acostureira.com\/gl\/tienda\/nino\/sudadera_ninos_con_capucha\/sudadera-con-capucha-galicia-salvaxe-nin\/","og_site_name":"Acostureira","article_publisher":"https:\/\/www.facebook.com\/acostureira19","article_modified_time":"2024-03-07T12:42:48+00:00","og_image":[{"width":800,"height":800,"url":"https:\/\/acostureira.com\/wp-content\/uploads\/2022\/12\/GALICIA-SALVAXE-GRIS-NENO.png","type":"image\/png"}],"twitter_card":"summary_large_image","schema":{"@context":"https:\/\/schema.org","@graph":[{"@type":"WebPage","@id":"https:\/\/acostureira.com\/tienda\/nino\/sudadera_ninos_con_capucha\/sudadera-con-capucha-galicia-salvaxe-nin\/","url":"https:\/\/acostureira.com\/tienda\/nino\/sudadera_ninos_con_capucha\/sudadera-con-capucha-galicia-salvaxe-nin\/","name":"SUDADERA CON CAPUCHA NI\u00d1@ GALICIA SALVAXE - Acostureira","isPartOf":{"@id":"https:\/\/acostureira.com\/#website"},"primaryImageOfPage":{"@id":"https:\/\/acostureira.com\/tienda\/nino\/sudadera_ninos_con_capucha\/sudadera-con-capucha-galicia-salvaxe-nin\/#primaryimage"},"image":{"@id":"https:\/\/acostureira.com\/tienda\/nino\/sudadera_ninos_con_capucha\/sudadera-con-capucha-galicia-salvaxe-nin\/#primaryimage"},"thumbnailUrl":"https:\/\/acostureira.com\/wp-content\/uploads\/2022\/12\/GALICIA-SALVAXE-GRIS-NENO.png","datePublished":"2022-12-16T15:01:53+00:00","dateModified":"2024-03-07T12:42:48+00:00","breadcrumb":{"@id":"https:\/\/acostureira.com\/tienda\/nino\/sudadera_ninos_con_capucha\/sudadera-con-capucha-galicia-salvaxe-nin\/#breadcrumb"},"inLanguage":"gl-ES","potentialAction":[{"@type":"ReadAction","target":["https:\/\/acostureira.com\/tienda\/nino\/sudadera_ninos_con_capucha\/sudadera-con-capucha-galicia-salvaxe-nin\/"]}]},{"@type":"ImageObject","inLanguage":"gl-ES","@id":"https:\/\/acostureira.com\/tienda\/nino\/sudadera_ninos_con_capucha\/sudadera-con-capucha-galicia-salvaxe-nin\/#primaryimage","url":"https:\/\/acostureira.com\/wp-content\/uploads\/2022\/12\/GALICIA-SALVAXE-GRIS-NENO.png","contentUrl":"https:\/\/acostureira.com\/wp-content\/uploads\/2022\/12\/GALICIA-SALVAXE-GRIS-NENO.png","width":800,"height":800},{"@type":"BreadcrumbList","@id":"https:\/\/acostureira.com\/tienda\/nino\/sudadera_ninos_con_capucha\/sudadera-con-capucha-galicia-salvaxe-nin\/#breadcrumb","itemListElement":[{"@type":"ListItem","position":1,"name":"Portada","item":"https:\/\/acostureira.com\/"},{"@type":"ListItem","position":2,"name":"Todos nuestros productos","item":"https:\/\/acostureira.com\/tienda\/"},{"@type":"ListItem","position":3,"name":"SUDADERA CON CAPUCHA NI\u00d1@ GALICIA SALVAXE"}]},{"@type":"WebSite","@id":"https:\/\/acostureira.com\/#website","url":"https:\/\/acostureira.com\/","name":"Acostureira","description":"Produto feminista e galego","publisher":{"@id":"https:\/\/acostureira.com\/#organization"},"potentialAction":[{"@type":"SearchAction","target":{"@type":"EntryPoint","urlTemplate":"https:\/\/acostureira.com\/?s={search_term_string}"},"query-input":{"@type":"PropertyValueSpecification","valueRequired":true,"valueName":"search_term_string"}}],"inLanguage":"gl-ES"},{"@type":"Organization","@id":"https:\/\/acostureira.com\/#organization","name":"Acostureira","url":"https:\/\/acostureira.com\/","logo":{"@type":"ImageObject","inLanguage":"gl-ES","@id":"https:\/\/acostureira.com\/#\/schema\/logo\/image\/","url":"https:\/\/acostureira.com\/wp-content\/uploads\/2022\/12\/cropped-LOGO-COSTUREIRA.png","contentUrl":"https:\/\/acostureira.com\/wp-content\/uploads\/2022\/12\/cropped-LOGO-COSTUREIRA.png","width":512,"height":512,"caption":"Acostureira"},"image":{"@id":"https:\/\/acostureira.com\/#\/schema\/logo\/image\/"},"sameAs":["https:\/\/www.facebook.com\/acostureira19","https:\/\/www.instagram.com\/acostureira19\/"]}]}},"_links":{"self":[{"href":"https:\/\/acostureira.com\/gl\/wp-json\/wp\/v2\/product\/32185","targetHints":{"allow":["GET"]}}],"collection":[{"href":"https:\/\/acostureira.com\/gl\/wp-json\/wp\/v2\/product"}],"about":[{"href":"https:\/\/acostureira.com\/gl\/wp-json\/wp\/v2\/types\/product"}],"wp:featuredmedia":[{"embeddable":true,"href":"https:\/\/acostureira.com\/gl\/wp-json\/wp\/v2\/media\/32215"}],"wp:attachment":[{"href":"https:\/\/acostureira.com\/gl\/wp-json\/wp\/v2\/media?parent=32185"}],"wp:term":[{"taxonomy":"product_brand","embeddable":true,"href":"https:\/\/acostureira.com\/gl\/wp-json\/wp\/v2\/product_brand?post=32185"},{"taxonomy":"product_cat","embeddable":true,"href":"https:\/\/acostureira.com\/gl\/wp-json\/wp\/v2\/product_cat?post=32185"},{"taxonomy":"product_tag","embeddable":true,"href":"https:\/\/acostureira.com\/gl\/wp-json\/wp\/v2\/product_tag?post=32185"}],"curies":[{"name":"wp","href":"https:\/\/api.w.org\/{rel}","templated":true}]}}