{"id":35937,"date":"2023-01-26T10:45:00","date_gmt":"2023-01-26T09:45:00","guid":{"rendered":"https:\/\/acostureira.com\/?post_type=product&#038;p=35937"},"modified":"2026-03-09T18:10:44","modified_gmt":"2026-03-09T17:10:44","slug":"taza-la-rabia-parriba-quique-peinado-buenismo-bien","status":"publish","type":"product","link":"https:\/\/acostureira.com\/gl\/tienda\/otros\/tazas\/taza-la-rabia-parriba-quique-peinado-buenismo-bien\/","title":{"rendered":"CUNCA LA RABIA PARRIBA"},"content":{"rendered":"<h2>CUNCA LA RABIA PARRIBA<\/h2>\n<p>A cunca la rabia parriba \u00e9 unha cunca cun dese\u00f1o de <a href=\"https:\/\/www.instagram.com\/no.se.idk\" target=\"_blank\" rel=\"noopener\">No s\u00e9<\/a> para o programa <a href=\"https:\/\/www.instagram.com\/buenismobien\/\">Buenismo Bien,<\/a> que nace dunha frase de <a href=\"https:\/\/www.instagram.com\/quiquepeinado\/\">Quique Peinado.<\/a><\/p>\n<p>Buenismo Bien \u00e9 un podcast de humor no que se tratan temas de actualidade e ao mesmo tempo moi necesarios para tratar de mellorar a sociedade na que vivimos. En Acostureira cremos que con un pensamento \"buenista\" a vida \u00e9 mellor e m\u00e1is f\u00e1cil!<\/p>\n<p>Non perdas a oportunidade de escoitar este estupendo programa e gozar das charlas de Burque, Quique e Henar.<\/p>\n<p><a href=\"https:\/\/acostureira.com\/gl\/product-category\/buenismo\/\">Aqu\u00ed<\/a> Podes atopar este e outros produtos deste marabilloso programa.<\/p>","protected":false},"excerpt":{"rendered":"<p>Cunca de cer\u00e1mica branca sublimada a 1 cor.<\/p>","protected":false},"featured_media":35938,"template":"","meta":{"site-sidebar-layout":"default","site-content-layout":"","ast-site-content-layout":"default","site-content-style":"default","site-sidebar-style":"default","ast-global-header-display":"","ast-banner-title-visibility":"","ast-main-header-display":"","ast-hfb-above-header-display":"","ast-hfb-below-header-display":"","ast-hfb-mobile-header-display":"","site-post-title":"","ast-breadcrumbs-content":"","ast-featured-img":"","footer-sml-layout":"","ast-disable-related-posts":"","theme-transparent-header-meta":"default","adv-header-id-meta":"","stick-header-meta":"default","header-above-stick-meta":"","header-main-stick-meta":"","header-below-stick-meta":"","astra-migrate-meta-layouts":"set","ast-page-background-enabled":"default","ast-page-background-meta":{"desktop":{"background-color":"var(--ast-global-color-4)","background-image":"","background-repeat":"repeat","background-position":"center center","background-size":"auto","background-attachment":"scroll","background-type":"","background-media":"","overlay-type":"","overlay-color":"","overlay-opacity":"","overlay-gradient":""},"tablet":{"background-color":"","background-image":"","background-repeat":"repeat","background-position":"center center","background-size":"auto","background-attachment":"scroll","background-type":"","background-media":"","overlay-type":"","overlay-color":"","overlay-opacity":"","overlay-gradient":""},"mobile":{"background-color":"","background-image":"","background-repeat":"repeat","background-position":"center center","background-size":"auto","background-attachment":"scroll","background-type":"","background-media":"","overlay-type":"","overlay-color":"","overlay-opacity":"","overlay-gradient":""}},"ast-content-background-meta":{"desktop":{"background-color":"var(--ast-global-color-5)","background-image":"","background-repeat":"repeat","background-position":"center center","background-size":"auto","background-attachment":"scroll","background-type":"","background-media":"","overlay-type":"","overlay-color":"","overlay-opacity":"","overlay-gradient":""},"tablet":{"background-color":"var(--ast-global-color-5)","background-image":"","background-repeat":"repeat","background-position":"center center","background-size":"auto","background-attachment":"scroll","background-type":"","background-media":"","overlay-type":"","overlay-color":"","overlay-opacity":"","overlay-gradient":""},"mobile":{"background-color":"var(--ast-global-color-5)","background-image":"","background-repeat":"repeat","background-position":"center center","background-size":"auto","background-attachment":"scroll","background-type":"","background-media":"","overlay-type":"","overlay-color":"","overlay-opacity":"","overlay-gradient":""}}},"product_brand":[],"product_cat":[190,225,220],"product_tag":[173,172,345,227],"class_list":{"0":"post-35937","1":"product","2":"type-product","3":"status-publish","4":"has-post-thumbnail","6":"product_cat-buenismo","7":"product_cat-otros","8":"product_cat-tazas","9":"product_tag-blanca","10":"product_tag-buenismo","11":"product_tag-la-rabia-parriba","12":"product_tag-taza","13":"desktop-align-center","14":"tablet-align-left","15":"mobile-align-left","16":"ast-product-gallery-layout-first-image-large","17":"ast-product-tabs-layout-horizontal","18":"ast-qv-on-image","20":"first","21":"instock","22":"sale","23":"taxable","24":"shipping-taxable","25":"purchasable","26":"product-type-simple"},"yoast_head":"<!-- This site is optimized with the Yoast SEO plugin v27.2 - https:\/\/yoast.com\/product\/yoast-seo-wordpress\/ -->\n<title>TAZA LA RABIA PARRIBA<\/title>\n<meta name=\"description\" content=\"Comprar taza la rabia parriba. Taza en cer\u00e1mica blanca sublimada a 1 color con dise\u00f1o de Nos\u00e9 para el programa Buenismo Bien.\" \/>\n<meta name=\"robots\" content=\"index, follow, max-snippet:-1, max-image-preview:large, max-video-preview:-1\" \/>\n<link rel=\"canonical\" href=\"https:\/\/acostureira.com\/gl\/tienda\/otros\/tazas\/taza-la-rabia-parriba-quique-peinado-buenismo-bien\/\" \/>\n<meta property=\"og:locale\" content=\"gl_ES\" \/>\n<meta property=\"og:type\" content=\"article\" \/>\n<meta property=\"og:title\" content=\"TAZA LA RABIA PARRIBA\" \/>\n<meta property=\"og:description\" content=\"Comprar taza la rabia parriba. Taza en cer\u00e1mica blanca sublimada a 1 color con dise\u00f1o de Nos\u00e9 para el programa Buenismo Bien.\" \/>\n<meta property=\"og:url\" content=\"https:\/\/acostureira.com\/gl\/tienda\/otros\/tazas\/taza-la-rabia-parriba-quique-peinado-buenismo-bien\/\" \/>\n<meta property=\"og:site_name\" content=\"Acostureira\" \/>\n<meta property=\"article:publisher\" content=\"https:\/\/www.facebook.com\/acostureira19\" \/>\n<meta property=\"article:modified_time\" content=\"2026-03-09T17:10:44+00:00\" \/>\n<meta property=\"og:image\" content=\"https:\/\/acostureira.com\/wp-content\/uploads\/2023\/01\/TAZA-LA-RABIA-1.png\" \/>\n\t<meta property=\"og:image:width\" content=\"591\" \/>\n\t<meta property=\"og:image:height\" content=\"591\" \/>\n\t<meta property=\"og:image:type\" content=\"image\/png\" \/>\n<meta name=\"twitter:card\" content=\"summary_large_image\" \/>\n<meta name=\"twitter:label1\" content=\"Tempo de lectura\" \/>\n\t<meta name=\"twitter:data1\" content=\"1 minuto\" \/>\n<script type=\"application\/ld+json\" class=\"yoast-schema-graph\">{\"@context\":\"https:\/\/schema.org\",\"@graph\":[{\"@type\":\"WebPage\",\"@id\":\"https:\/\/acostureira.com\/tienda\/otros\/tazas\/taza-la-rabia-parriba-quique-peinado-buenismo-bien\/\",\"url\":\"https:\/\/acostureira.com\/tienda\/otros\/tazas\/taza-la-rabia-parriba-quique-peinado-buenismo-bien\/\",\"name\":\"TAZA LA RABIA PARRIBA\",\"isPartOf\":{\"@id\":\"https:\/\/acostureira.com\/#website\"},\"primaryImageOfPage\":{\"@id\":\"https:\/\/acostureira.com\/tienda\/otros\/tazas\/taza-la-rabia-parriba-quique-peinado-buenismo-bien\/#primaryimage\"},\"image\":{\"@id\":\"https:\/\/acostureira.com\/tienda\/otros\/tazas\/taza-la-rabia-parriba-quique-peinado-buenismo-bien\/#primaryimage\"},\"thumbnailUrl\":\"https:\/\/acostureira.com\/wp-content\/uploads\/2023\/01\/TAZA-LA-RABIA-1.png\",\"datePublished\":\"2023-01-26T09:45:00+00:00\",\"dateModified\":\"2026-03-09T17:10:44+00:00\",\"description\":\"Comprar taza la rabia parriba. Taza en cer\u00e1mica blanca sublimada a 1 color con dise\u00f1o de Nos\u00e9 para el programa Buenismo Bien.\",\"breadcrumb\":{\"@id\":\"https:\/\/acostureira.com\/tienda\/otros\/tazas\/taza-la-rabia-parriba-quique-peinado-buenismo-bien\/#breadcrumb\"},\"inLanguage\":\"gl-ES\",\"potentialAction\":[{\"@type\":\"ReadAction\",\"target\":[\"https:\/\/acostureira.com\/tienda\/otros\/tazas\/taza-la-rabia-parriba-quique-peinado-buenismo-bien\/\"]}]},{\"@type\":\"ImageObject\",\"inLanguage\":\"gl-ES\",\"@id\":\"https:\/\/acostureira.com\/tienda\/otros\/tazas\/taza-la-rabia-parriba-quique-peinado-buenismo-bien\/#primaryimage\",\"url\":\"https:\/\/acostureira.com\/wp-content\/uploads\/2023\/01\/TAZA-LA-RABIA-1.png\",\"contentUrl\":\"https:\/\/acostureira.com\/wp-content\/uploads\/2023\/01\/TAZA-LA-RABIA-1.png\",\"width\":591,\"height\":591,\"caption\":\"taza la rabia parriba\"},{\"@type\":\"BreadcrumbList\",\"@id\":\"https:\/\/acostureira.com\/tienda\/otros\/tazas\/taza-la-rabia-parriba-quique-peinado-buenismo-bien\/#breadcrumb\",\"itemListElement\":[{\"@type\":\"ListItem\",\"position\":1,\"name\":\"Portada\",\"item\":\"https:\/\/acostureira.com\/\"},{\"@type\":\"ListItem\",\"position\":2,\"name\":\"Todos nuestros productos\",\"item\":\"https:\/\/acostureira.com\/tienda\/\"},{\"@type\":\"ListItem\",\"position\":3,\"name\":\"TAZA LA RABIA PARRIBA\"}]},{\"@type\":\"WebSite\",\"@id\":\"https:\/\/acostureira.com\/#website\",\"url\":\"https:\/\/acostureira.com\/\",\"name\":\"Acostureira\",\"description\":\"Producto feminista y de Galicia\",\"publisher\":{\"@id\":\"https:\/\/acostureira.com\/#organization\"},\"potentialAction\":[{\"@type\":\"SearchAction\",\"target\":{\"@type\":\"EntryPoint\",\"urlTemplate\":\"https:\/\/acostureira.com\/?s={search_term_string}\"},\"query-input\":{\"@type\":\"PropertyValueSpecification\",\"valueRequired\":true,\"valueName\":\"search_term_string\"}}],\"inLanguage\":\"gl-ES\"},{\"@type\":\"Organization\",\"@id\":\"https:\/\/acostureira.com\/#organization\",\"name\":\"Acostureira\",\"url\":\"https:\/\/acostureira.com\/\",\"logo\":{\"@type\":\"ImageObject\",\"inLanguage\":\"gl-ES\",\"@id\":\"https:\/\/acostureira.com\/#\/schema\/logo\/image\/\",\"url\":\"https:\/\/acostureira.com\/wp-content\/uploads\/2022\/12\/cropped-LOGO-COSTUREIRA.png\",\"contentUrl\":\"https:\/\/acostureira.com\/wp-content\/uploads\/2022\/12\/cropped-LOGO-COSTUREIRA.png\",\"width\":512,\"height\":512,\"caption\":\"Acostureira\"},\"image\":{\"@id\":\"https:\/\/acostureira.com\/#\/schema\/logo\/image\/\"},\"sameAs\":[\"https:\/\/www.facebook.com\/acostureira19\",\"https:\/\/www.instagram.com\/acostureira19\/\"]}]}<\/script>\n<!-- \/ Yoast SEO plugin. -->","yoast_head_json":{"title":"CUNCA LA RABIA PARRIBA","description":"Comprar taza la rabia parriba. Taza en cer\u00e1mica blanca sublimada a 1 color con dise\u00f1o de Nos\u00e9 para el programa Buenismo Bien.","robots":{"index":"index","follow":"follow","max-snippet":"max-snippet:-1","max-image-preview":"max-image-preview:large","max-video-preview":"max-video-preview:-1"},"canonical":"https:\/\/acostureira.com\/gl\/tienda\/otros\/tazas\/taza-la-rabia-parriba-quique-peinado-buenismo-bien\/","og_locale":"gl_ES","og_type":"article","og_title":"TAZA LA RABIA PARRIBA","og_description":"Comprar taza la rabia parriba. Taza en cer\u00e1mica blanca sublimada a 1 color con dise\u00f1o de Nos\u00e9 para el programa Buenismo Bien.","og_url":"https:\/\/acostureira.com\/gl\/tienda\/otros\/tazas\/taza-la-rabia-parriba-quique-peinado-buenismo-bien\/","og_site_name":"Acostureira","article_publisher":"https:\/\/www.facebook.com\/acostureira19","article_modified_time":"2026-03-09T17:10:44+00:00","og_image":[{"width":591,"height":591,"url":"https:\/\/acostureira.com\/wp-content\/uploads\/2023\/01\/TAZA-LA-RABIA-1.png","type":"image\/png"}],"twitter_card":"summary_large_image","twitter_misc":{"Tempo de lectura":"1 minuto"},"schema":{"@context":"https:\/\/schema.org","@graph":[{"@type":"WebPage","@id":"https:\/\/acostureira.com\/tienda\/otros\/tazas\/taza-la-rabia-parriba-quique-peinado-buenismo-bien\/","url":"https:\/\/acostureira.com\/tienda\/otros\/tazas\/taza-la-rabia-parriba-quique-peinado-buenismo-bien\/","name":"CUNCA LA RABIA PARRIBA","isPartOf":{"@id":"https:\/\/acostureira.com\/#website"},"primaryImageOfPage":{"@id":"https:\/\/acostureira.com\/tienda\/otros\/tazas\/taza-la-rabia-parriba-quique-peinado-buenismo-bien\/#primaryimage"},"image":{"@id":"https:\/\/acostureira.com\/tienda\/otros\/tazas\/taza-la-rabia-parriba-quique-peinado-buenismo-bien\/#primaryimage"},"thumbnailUrl":"https:\/\/acostureira.com\/wp-content\/uploads\/2023\/01\/TAZA-LA-RABIA-1.png","datePublished":"2023-01-26T09:45:00+00:00","dateModified":"2026-03-09T17:10:44+00:00","description":"Comprar taza la rabia parriba. Taza en cer\u00e1mica blanca sublimada a 1 color con dise\u00f1o de Nos\u00e9 para el programa Buenismo Bien.","breadcrumb":{"@id":"https:\/\/acostureira.com\/tienda\/otros\/tazas\/taza-la-rabia-parriba-quique-peinado-buenismo-bien\/#breadcrumb"},"inLanguage":"gl-ES","potentialAction":[{"@type":"ReadAction","target":["https:\/\/acostureira.com\/tienda\/otros\/tazas\/taza-la-rabia-parriba-quique-peinado-buenismo-bien\/"]}]},{"@type":"ImageObject","inLanguage":"gl-ES","@id":"https:\/\/acostureira.com\/tienda\/otros\/tazas\/taza-la-rabia-parriba-quique-peinado-buenismo-bien\/#primaryimage","url":"https:\/\/acostureira.com\/wp-content\/uploads\/2023\/01\/TAZA-LA-RABIA-1.png","contentUrl":"https:\/\/acostureira.com\/wp-content\/uploads\/2023\/01\/TAZA-LA-RABIA-1.png","width":591,"height":591,"caption":"taza la rabia parriba"},{"@type":"BreadcrumbList","@id":"https:\/\/acostureira.com\/tienda\/otros\/tazas\/taza-la-rabia-parriba-quique-peinado-buenismo-bien\/#breadcrumb","itemListElement":[{"@type":"ListItem","position":1,"name":"Portada","item":"https:\/\/acostureira.com\/"},{"@type":"ListItem","position":2,"name":"Todos nuestros productos","item":"https:\/\/acostureira.com\/tienda\/"},{"@type":"ListItem","position":3,"name":"TAZA LA RABIA PARRIBA"}]},{"@type":"WebSite","@id":"https:\/\/acostureira.com\/#website","url":"https:\/\/acostureira.com\/","name":"Acostureira","description":"Produto feminista e galego","publisher":{"@id":"https:\/\/acostureira.com\/#organization"},"potentialAction":[{"@type":"SearchAction","target":{"@type":"EntryPoint","urlTemplate":"https:\/\/acostureira.com\/?s={search_term_string}"},"query-input":{"@type":"PropertyValueSpecification","valueRequired":true,"valueName":"search_term_string"}}],"inLanguage":"gl-ES"},{"@type":"Organization","@id":"https:\/\/acostureira.com\/#organization","name":"Acostureira","url":"https:\/\/acostureira.com\/","logo":{"@type":"ImageObject","inLanguage":"gl-ES","@id":"https:\/\/acostureira.com\/#\/schema\/logo\/image\/","url":"https:\/\/acostureira.com\/wp-content\/uploads\/2022\/12\/cropped-LOGO-COSTUREIRA.png","contentUrl":"https:\/\/acostureira.com\/wp-content\/uploads\/2022\/12\/cropped-LOGO-COSTUREIRA.png","width":512,"height":512,"caption":"Acostureira"},"image":{"@id":"https:\/\/acostureira.com\/#\/schema\/logo\/image\/"},"sameAs":["https:\/\/www.facebook.com\/acostureira19","https:\/\/www.instagram.com\/acostureira19\/"]}]}},"_links":{"self":[{"href":"https:\/\/acostureira.com\/gl\/wp-json\/wp\/v2\/product\/35937","targetHints":{"allow":["GET"]}}],"collection":[{"href":"https:\/\/acostureira.com\/gl\/wp-json\/wp\/v2\/product"}],"about":[{"href":"https:\/\/acostureira.com\/gl\/wp-json\/wp\/v2\/types\/product"}],"wp:featuredmedia":[{"embeddable":true,"href":"https:\/\/acostureira.com\/gl\/wp-json\/wp\/v2\/media\/35938"}],"wp:attachment":[{"href":"https:\/\/acostureira.com\/gl\/wp-json\/wp\/v2\/media?parent=35937"}],"wp:term":[{"taxonomy":"product_brand","embeddable":true,"href":"https:\/\/acostureira.com\/gl\/wp-json\/wp\/v2\/product_brand?post=35937"},{"taxonomy":"product_cat","embeddable":true,"href":"https:\/\/acostureira.com\/gl\/wp-json\/wp\/v2\/product_cat?post=35937"},{"taxonomy":"product_tag","embeddable":true,"href":"https:\/\/acostureira.com\/gl\/wp-json\/wp\/v2\/product_tag?post=35937"}],"curies":[{"name":"wp","href":"https:\/\/api.w.org\/{rel}","templated":true}]}}