{"id":35941,"date":"2023-03-06T10:55:20","date_gmt":"2023-03-06T09:55:20","guid":{"rendered":"https:\/\/acostureira.com\/?post_type=product&#038;p=35941"},"modified":"2026-03-12T12:05:11","modified_gmt":"2026-03-12T11:05:11","slug":"libro-infantil-sainza-a-punkiereteira","status":"publish","type":"product","link":"https:\/\/acostureira.com\/gl\/tienda\/otros\/libros\/libro-infantil-sainza-a-punkiereteira\/","title":{"rendered":"LIBRO INFANTIL SA\u00cdNZA A PUNKIERETEIRA"},"content":{"rendered":"<h2>LIBRO INFANTIL SA\u00cdNZA A PUNKIERETEIRA<\/h2>\n<p>Este libro infantil c\u00f3ntanos as peripecias de Sa\u00ednza, e como se converte nunha Punkiereteira.<\/p>\n<p>A Sa\u00ednza Loureiro non lle gusta moito durmir, os ru\u00eddos fortes, o exceso de brillo ou as cadeas de preguntas. Prefire correr entre carballos, respirar o aire limpo ou mirar o ceo intensamente azul. Por suposto, \u00e9 unha amiga inmellorable, forte coma un carballo e loitadora incansable contra a inxustiza.<\/p>\n<p>Sa\u00ednza \u00e9 unha rapaza atrevida, alegre, din\u00e1mica e loitadora.<br \/>\nDefendes a natureza? Sa\u00ednza tam\u00e9n.<br \/>\nG\u00fastache a m\u00fasica? Toques modernos? A Sa\u00ednza tam\u00e9n.<br \/>\nEs unha persoa comprometida? Sa\u00ednza, a m\u00e1is.<br \/>\nDefendes as t\u00faas amizades? Ela \u00e9 unha das mellores\u2026<br \/>\nSainza \u00e9 a protagonista dun libro! e sac\u00e1mola do seu mundo, para que se estenda a s\u00faa semente... \u00a1Viva Sa\u00ednza!<\/p>\n<p>Escrito por <a href=\"https:\/\/www.instagram.com\/mariacanosa\/?hl=es\">Mar\u00eda Canosa<\/a>\u00a0e ilustrado por <a href=\"https:\/\/www.instagram.com\/cristianfcaruncho\/?hl=es\">Cristian F. Caruncho<\/a><\/p>\n<p><a href=\"https:\/\/acostureira.com\/gl\/product-category\/otros\/libros\/\">Aqu\u00ed<\/a> podes ver outras opci\u00f3ns de compra<\/p>","protected":false},"excerpt":{"rendered":"<p>Libro infantil de tapa dura.<br \/>\nEscrito por <a href=\"https:\/\/www.instagram.com\/mariacanosa\/?hl=es\">Mar\u00eda Canosa<\/a> con ilustraci\u00f3ns a toda cor de <a href=\"https:\/\/www.instagram.com\/cristianfcaruncho\/?hl=es\">Cristian F. Caruncho<\/a><br \/>\n60 pax. 17\u00d724 cm.<\/p>","protected":false},"featured_media":35962,"template":"","meta":{"site-sidebar-layout":"default","site-content-layout":"","ast-site-content-layout":"default","site-content-style":"default","site-sidebar-style":"default","ast-global-header-display":"","ast-banner-title-visibility":"","ast-main-header-display":"","ast-hfb-above-header-display":"","ast-hfb-below-header-display":"","ast-hfb-mobile-header-display":"","site-post-title":"","ast-breadcrumbs-content":"","ast-featured-img":"","footer-sml-layout":"","ast-disable-related-posts":"","theme-transparent-header-meta":"default","adv-header-id-meta":"","stick-header-meta":"default","header-above-stick-meta":"","header-main-stick-meta":"","header-below-stick-meta":"","astra-migrate-meta-layouts":"set","ast-page-background-enabled":"default","ast-page-background-meta":{"desktop":{"background-color":"var(--ast-global-color-4)","background-image":"","background-repeat":"repeat","background-position":"center center","background-size":"auto","background-attachment":"scroll","background-type":"","background-media":"","overlay-type":"","overlay-color":"","overlay-opacity":"","overlay-gradient":""},"tablet":{"background-color":"","background-image":"","background-repeat":"repeat","background-position":"center center","background-size":"auto","background-attachment":"scroll","background-type":"","background-media":"","overlay-type":"","overlay-color":"","overlay-opacity":"","overlay-gradient":""},"mobile":{"background-color":"","background-image":"","background-repeat":"repeat","background-position":"center center","background-size":"auto","background-attachment":"scroll","background-type":"","background-media":"","overlay-type":"","overlay-color":"","overlay-opacity":"","overlay-gradient":""}},"ast-content-background-meta":{"desktop":{"background-color":"var(--ast-global-color-5)","background-image":"","background-repeat":"repeat","background-position":"center center","background-size":"auto","background-attachment":"scroll","background-type":"","background-media":"","overlay-type":"","overlay-color":"","overlay-opacity":"","overlay-gradient":""},"tablet":{"background-color":"var(--ast-global-color-5)","background-image":"","background-repeat":"repeat","background-position":"center center","background-size":"auto","background-attachment":"scroll","background-type":"","background-media":"","overlay-type":"","overlay-color":"","overlay-opacity":"","overlay-gradient":""},"mobile":{"background-color":"var(--ast-global-color-5)","background-image":"","background-repeat":"repeat","background-position":"center center","background-size":"auto","background-attachment":"scroll","background-type":"","background-media":"","overlay-type":"","overlay-color":"","overlay-opacity":"","overlay-gradient":""}}},"product_brand":[],"product_cat":[196,524,276,225],"product_tag":[206,254,347,346,257],"class_list":{"0":"post-35941","1":"product","2":"type-product","3":"status-publish","4":"has-post-thumbnail","6":"product_cat-cristian-caruncho","7":"product_cat-feminismo","8":"product_cat-libros","9":"product_cat-otros","10":"product_tag-cristian-caruncho","11":"product_tag-infantil","12":"product_tag-libro","13":"product_tag-munticolor","14":"product_tag-sainza","15":"desktop-align-center","16":"tablet-align-left","17":"mobile-align-left","18":"ast-product-gallery-layout-first-image-large","19":"ast-product-gallery-with-no-image","20":"ast-product-tabs-layout-horizontal","21":"ast-qv-on-image","23":"first","24":"instock","25":"taxable","26":"shipping-taxable","27":"purchasable","28":"product-type-simple"},"yoast_head":"<!-- This site is optimized with the Yoast SEO plugin v27.2 - https:\/\/yoast.com\/product\/yoast-seo-wordpress\/ -->\n<title>LIBRO INFANTIL SA\u00cdNZA A PUNKIERETEIRA<\/title>\n<meta name=\"description\" content=\"Libro infantil Sa\u00ednza a Punkiereteira.Escrito por Mar\u00eda Canosa\u00a0e ilustrado por Cristian Caruncho. Sa\u00ednza es una incansable luchadora contra las injusticias.\" \/>\n<meta name=\"robots\" content=\"index, follow, max-snippet:-1, max-image-preview:large, max-video-preview:-1\" \/>\n<link rel=\"canonical\" href=\"https:\/\/acostureira.com\/gl\/tienda\/otros\/libros\/libro-infantil-sainza-a-punkiereteira\/\" \/>\n<meta property=\"og:locale\" content=\"gl_ES\" \/>\n<meta property=\"og:type\" content=\"article\" \/>\n<meta property=\"og:title\" content=\"LIBRO INFANTIL SA\u00cdNZA A PUNKIERETEIRA\" \/>\n<meta property=\"og:description\" content=\"Libro infantil Sa\u00ednza a Punkiereteira.Escrito por Mar\u00eda Canosa\u00a0e ilustrado por Cristian Caruncho. Sa\u00ednza es una incansable luchadora contra las injusticias.\" \/>\n<meta property=\"og:url\" content=\"https:\/\/acostureira.com\/gl\/tienda\/otros\/libros\/libro-infantil-sainza-a-punkiereteira\/\" \/>\n<meta property=\"og:site_name\" content=\"Acostureira\" \/>\n<meta property=\"article:publisher\" content=\"https:\/\/www.facebook.com\/acostureira19\" \/>\n<meta property=\"article:modified_time\" content=\"2026-03-12T11:05:11+00:00\" \/>\n<meta property=\"og:image\" content=\"https:\/\/acostureira.com\/wp-content\/uploads\/2023\/01\/PORTADA-SAINZA.png\" \/>\n\t<meta property=\"og:image:width\" content=\"591\" \/>\n\t<meta property=\"og:image:height\" content=\"591\" \/>\n\t<meta property=\"og:image:type\" content=\"image\/png\" \/>\n<meta name=\"twitter:card\" content=\"summary_large_image\" \/>\n<meta name=\"twitter:label1\" content=\"Tempo de lectura\" \/>\n\t<meta name=\"twitter:data1\" content=\"1 minuto\" \/>\n<script type=\"application\/ld+json\" class=\"yoast-schema-graph\">{\"@context\":\"https:\/\/schema.org\",\"@graph\":[{\"@type\":\"WebPage\",\"@id\":\"https:\/\/acostureira.com\/tienda\/otros\/libros\/libro-infantil-sainza-a-punkiereteira\/\",\"url\":\"https:\/\/acostureira.com\/tienda\/otros\/libros\/libro-infantil-sainza-a-punkiereteira\/\",\"name\":\"LIBRO INFANTIL SA\u00cdNZA A PUNKIERETEIRA\",\"isPartOf\":{\"@id\":\"https:\/\/acostureira.com\/#website\"},\"primaryImageOfPage\":{\"@id\":\"https:\/\/acostureira.com\/tienda\/otros\/libros\/libro-infantil-sainza-a-punkiereteira\/#primaryimage\"},\"image\":{\"@id\":\"https:\/\/acostureira.com\/tienda\/otros\/libros\/libro-infantil-sainza-a-punkiereteira\/#primaryimage\"},\"thumbnailUrl\":\"https:\/\/acostureira.com\/wp-content\/uploads\/2023\/01\/PORTADA-SAINZA.png\",\"datePublished\":\"2023-03-06T09:55:20+00:00\",\"dateModified\":\"2026-03-12T11:05:11+00:00\",\"description\":\"Libro infantil Sa\u00ednza a Punkiereteira.Escrito por Mar\u00eda Canosa\u00a0e ilustrado por Cristian Caruncho. Sa\u00ednza es una incansable luchadora contra las injusticias.\",\"breadcrumb\":{\"@id\":\"https:\/\/acostureira.com\/tienda\/otros\/libros\/libro-infantil-sainza-a-punkiereteira\/#breadcrumb\"},\"inLanguage\":\"gl-ES\",\"potentialAction\":[{\"@type\":\"ReadAction\",\"target\":[\"https:\/\/acostureira.com\/tienda\/otros\/libros\/libro-infantil-sainza-a-punkiereteira\/\"]}]},{\"@type\":\"ImageObject\",\"inLanguage\":\"gl-ES\",\"@id\":\"https:\/\/acostureira.com\/tienda\/otros\/libros\/libro-infantil-sainza-a-punkiereteira\/#primaryimage\",\"url\":\"https:\/\/acostureira.com\/wp-content\/uploads\/2023\/01\/PORTADA-SAINZA.png\",\"contentUrl\":\"https:\/\/acostureira.com\/wp-content\/uploads\/2023\/01\/PORTADA-SAINZA.png\",\"width\":591,\"height\":591,\"caption\":\"LIBRO INFANTIL SA\u00cdNZA A PUNKIERETEIRA\"},{\"@type\":\"BreadcrumbList\",\"@id\":\"https:\/\/acostureira.com\/tienda\/otros\/libros\/libro-infantil-sainza-a-punkiereteira\/#breadcrumb\",\"itemListElement\":[{\"@type\":\"ListItem\",\"position\":1,\"name\":\"Portada\",\"item\":\"https:\/\/acostureira.com\/\"},{\"@type\":\"ListItem\",\"position\":2,\"name\":\"Todos nuestros productos\",\"item\":\"https:\/\/acostureira.com\/tienda\/\"},{\"@type\":\"ListItem\",\"position\":3,\"name\":\"LIBRO INFANTIL SA\u00cdNZA A PUNKIERETEIRA\"}]},{\"@type\":\"WebSite\",\"@id\":\"https:\/\/acostureira.com\/#website\",\"url\":\"https:\/\/acostureira.com\/\",\"name\":\"Acostureira\",\"description\":\"Producto feminista y de Galicia\",\"publisher\":{\"@id\":\"https:\/\/acostureira.com\/#organization\"},\"potentialAction\":[{\"@type\":\"SearchAction\",\"target\":{\"@type\":\"EntryPoint\",\"urlTemplate\":\"https:\/\/acostureira.com\/?s={search_term_string}\"},\"query-input\":{\"@type\":\"PropertyValueSpecification\",\"valueRequired\":true,\"valueName\":\"search_term_string\"}}],\"inLanguage\":\"gl-ES\"},{\"@type\":\"Organization\",\"@id\":\"https:\/\/acostureira.com\/#organization\",\"name\":\"Acostureira\",\"url\":\"https:\/\/acostureira.com\/\",\"logo\":{\"@type\":\"ImageObject\",\"inLanguage\":\"gl-ES\",\"@id\":\"https:\/\/acostureira.com\/#\/schema\/logo\/image\/\",\"url\":\"https:\/\/acostureira.com\/wp-content\/uploads\/2022\/12\/cropped-LOGO-COSTUREIRA.png\",\"contentUrl\":\"https:\/\/acostureira.com\/wp-content\/uploads\/2022\/12\/cropped-LOGO-COSTUREIRA.png\",\"width\":512,\"height\":512,\"caption\":\"Acostureira\"},\"image\":{\"@id\":\"https:\/\/acostureira.com\/#\/schema\/logo\/image\/\"},\"sameAs\":[\"https:\/\/www.facebook.com\/acostureira19\",\"https:\/\/www.instagram.com\/acostureira19\/\"]}]}<\/script>\n<!-- \/ Yoast SEO plugin. -->","yoast_head_json":{"title":"LIBRO INFANTIL SA\u00cdNZA A PUNKIERETEIRA","description":"Libro infantil Sa\u00ednza a Punkiereteira.Escrito por Mar\u00eda Canosa\u00a0e ilustrado por Cristian Caruncho. Sa\u00ednza es una incansable luchadora contra las injusticias.","robots":{"index":"index","follow":"follow","max-snippet":"max-snippet:-1","max-image-preview":"max-image-preview:large","max-video-preview":"max-video-preview:-1"},"canonical":"https:\/\/acostureira.com\/gl\/tienda\/otros\/libros\/libro-infantil-sainza-a-punkiereteira\/","og_locale":"gl_ES","og_type":"article","og_title":"LIBRO INFANTIL SA\u00cdNZA A PUNKIERETEIRA","og_description":"Libro infantil Sa\u00ednza a Punkiereteira.Escrito por Mar\u00eda Canosa\u00a0e ilustrado por Cristian Caruncho. Sa\u00ednza es una incansable luchadora contra las injusticias.","og_url":"https:\/\/acostureira.com\/gl\/tienda\/otros\/libros\/libro-infantil-sainza-a-punkiereteira\/","og_site_name":"Acostureira","article_publisher":"https:\/\/www.facebook.com\/acostureira19","article_modified_time":"2026-03-12T11:05:11+00:00","og_image":[{"width":591,"height":591,"url":"https:\/\/acostureira.com\/wp-content\/uploads\/2023\/01\/PORTADA-SAINZA.png","type":"image\/png"}],"twitter_card":"summary_large_image","twitter_misc":{"Tempo de lectura":"1 minuto"},"schema":{"@context":"https:\/\/schema.org","@graph":[{"@type":"WebPage","@id":"https:\/\/acostureira.com\/tienda\/otros\/libros\/libro-infantil-sainza-a-punkiereteira\/","url":"https:\/\/acostureira.com\/tienda\/otros\/libros\/libro-infantil-sainza-a-punkiereteira\/","name":"LIBRO INFANTIL SA\u00cdNZA A PUNKIERETEIRA","isPartOf":{"@id":"https:\/\/acostureira.com\/#website"},"primaryImageOfPage":{"@id":"https:\/\/acostureira.com\/tienda\/otros\/libros\/libro-infantil-sainza-a-punkiereteira\/#primaryimage"},"image":{"@id":"https:\/\/acostureira.com\/tienda\/otros\/libros\/libro-infantil-sainza-a-punkiereteira\/#primaryimage"},"thumbnailUrl":"https:\/\/acostureira.com\/wp-content\/uploads\/2023\/01\/PORTADA-SAINZA.png","datePublished":"2023-03-06T09:55:20+00:00","dateModified":"2026-03-12T11:05:11+00:00","description":"Libro infantil Sa\u00ednza a Punkiereteira.Escrito por Mar\u00eda Canosa\u00a0e ilustrado por Cristian Caruncho. Sa\u00ednza es una incansable luchadora contra las injusticias.","breadcrumb":{"@id":"https:\/\/acostureira.com\/tienda\/otros\/libros\/libro-infantil-sainza-a-punkiereteira\/#breadcrumb"},"inLanguage":"gl-ES","potentialAction":[{"@type":"ReadAction","target":["https:\/\/acostureira.com\/tienda\/otros\/libros\/libro-infantil-sainza-a-punkiereteira\/"]}]},{"@type":"ImageObject","inLanguage":"gl-ES","@id":"https:\/\/acostureira.com\/tienda\/otros\/libros\/libro-infantil-sainza-a-punkiereteira\/#primaryimage","url":"https:\/\/acostureira.com\/wp-content\/uploads\/2023\/01\/PORTADA-SAINZA.png","contentUrl":"https:\/\/acostureira.com\/wp-content\/uploads\/2023\/01\/PORTADA-SAINZA.png","width":591,"height":591,"caption":"LIBRO INFANTIL SA\u00cdNZA A PUNKIERETEIRA"},{"@type":"BreadcrumbList","@id":"https:\/\/acostureira.com\/tienda\/otros\/libros\/libro-infantil-sainza-a-punkiereteira\/#breadcrumb","itemListElement":[{"@type":"ListItem","position":1,"name":"Portada","item":"https:\/\/acostureira.com\/"},{"@type":"ListItem","position":2,"name":"Todos nuestros productos","item":"https:\/\/acostureira.com\/tienda\/"},{"@type":"ListItem","position":3,"name":"LIBRO INFANTIL SA\u00cdNZA A PUNKIERETEIRA"}]},{"@type":"WebSite","@id":"https:\/\/acostureira.com\/#website","url":"https:\/\/acostureira.com\/","name":"Acostureira","description":"Produto feminista e galego","publisher":{"@id":"https:\/\/acostureira.com\/#organization"},"potentialAction":[{"@type":"SearchAction","target":{"@type":"EntryPoint","urlTemplate":"https:\/\/acostureira.com\/?s={search_term_string}"},"query-input":{"@type":"PropertyValueSpecification","valueRequired":true,"valueName":"search_term_string"}}],"inLanguage":"gl-ES"},{"@type":"Organization","@id":"https:\/\/acostureira.com\/#organization","name":"Acostureira","url":"https:\/\/acostureira.com\/","logo":{"@type":"ImageObject","inLanguage":"gl-ES","@id":"https:\/\/acostureira.com\/#\/schema\/logo\/image\/","url":"https:\/\/acostureira.com\/wp-content\/uploads\/2022\/12\/cropped-LOGO-COSTUREIRA.png","contentUrl":"https:\/\/acostureira.com\/wp-content\/uploads\/2022\/12\/cropped-LOGO-COSTUREIRA.png","width":512,"height":512,"caption":"Acostureira"},"image":{"@id":"https:\/\/acostureira.com\/#\/schema\/logo\/image\/"},"sameAs":["https:\/\/www.facebook.com\/acostureira19","https:\/\/www.instagram.com\/acostureira19\/"]}]}},"_links":{"self":[{"href":"https:\/\/acostureira.com\/gl\/wp-json\/wp\/v2\/product\/35941","targetHints":{"allow":["GET"]}}],"collection":[{"href":"https:\/\/acostureira.com\/gl\/wp-json\/wp\/v2\/product"}],"about":[{"href":"https:\/\/acostureira.com\/gl\/wp-json\/wp\/v2\/types\/product"}],"wp:featuredmedia":[{"embeddable":true,"href":"https:\/\/acostureira.com\/gl\/wp-json\/wp\/v2\/media\/35962"}],"wp:attachment":[{"href":"https:\/\/acostureira.com\/gl\/wp-json\/wp\/v2\/media?parent=35941"}],"wp:term":[{"taxonomy":"product_brand","embeddable":true,"href":"https:\/\/acostureira.com\/gl\/wp-json\/wp\/v2\/product_brand?post=35941"},{"taxonomy":"product_cat","embeddable":true,"href":"https:\/\/acostureira.com\/gl\/wp-json\/wp\/v2\/product_cat?post=35941"},{"taxonomy":"product_tag","embeddable":true,"href":"https:\/\/acostureira.com\/gl\/wp-json\/wp\/v2\/product_tag?post=35941"}],"curies":[{"name":"wp","href":"https:\/\/api.w.org\/{rel}","templated":true}]}}