{"id":36469,"date":"2023-03-06T10:52:45","date_gmt":"2023-03-06T09:52:45","guid":{"rendered":"https:\/\/acostureira.com\/?post_type=product&#038;p=36469"},"modified":"2024-03-07T13:54:41","modified_gmt":"2024-03-07T12:54:41","slug":"disco-roiben","status":"publish","type":"product","link":"https:\/\/acostureira.com\/gl\/tienda\/otros\/discos\/disco-roiben\/","title":{"rendered":"DISCO ROIB\u00c9N"},"content":{"rendered":"<div class=\"product-title two-lines lines-ellipsis\" title=\"DISCO ROIBEN - GUADI GALEGO\">DISCO ROIBEN \u2013 GUADI GALEGO<\/div>\n<div class=\"product-description m-b\">Novo Traballo <a href=\"https:\/\/guadigalego.eu\/\">Guadi Galego<\/a><br \/>\nFormato \u00fanico e limitado Vinilo + CD.<br \/>\n\u00c9 un traballo que nace como un xogo, unha diversi\u00f3n, un experimento, compartindo o inverno de 2022 co seu amigo Iv\u00e1n Ferreiro e os seus bot\u00f3ns, a s\u00faa incrible forma de ver a m\u00fasica, con S\u00e9rgio M. Puga aos mandos do ordenador de Nigr\u00e1n e remata en Olivera Studi tam\u00e9n cos amigos.<\/div>","protected":false},"excerpt":{"rendered":"<p><strong>LISTA DE TEMAS:<br \/>\n<\/strong><strong>CARA A:\u00a0<\/strong>1. EPONA 2. PENELOPE 3. PRIMAVERA 4. ALEGORIA 5. FORTUNA<br \/>\n<strong>LADO B:\u00a0<\/strong>1. NOA 2. BELA 3. DORES 4. SARA 5. GRAZAS<\/p>","protected":false},"featured_media":36470,"template":"","meta":{"site-sidebar-layout":"default","site-content-layout":"","ast-site-content-layout":"default","site-content-style":"default","site-sidebar-style":"default","ast-global-header-display":"","ast-banner-title-visibility":"","ast-main-header-display":"","ast-hfb-above-header-display":"","ast-hfb-below-header-display":"","ast-hfb-mobile-header-display":"","site-post-title":"","ast-breadcrumbs-content":"","ast-featured-img":"","footer-sml-layout":"","ast-disable-related-posts":"","theme-transparent-header-meta":"","adv-header-id-meta":"","stick-header-meta":"","header-above-stick-meta":"","header-main-stick-meta":"","header-below-stick-meta":"","astra-migrate-meta-layouts":"default","ast-page-background-enabled":"default","ast-page-background-meta":{"desktop":{"background-color":"var(--ast-global-color-4)","background-image":"","background-repeat":"repeat","background-position":"center center","background-size":"auto","background-attachment":"scroll","background-type":"","background-media":"","overlay-type":"","overlay-color":"","overlay-opacity":"","overlay-gradient":""},"tablet":{"background-color":"","background-image":"","background-repeat":"repeat","background-position":"center center","background-size":"auto","background-attachment":"scroll","background-type":"","background-media":"","overlay-type":"","overlay-color":"","overlay-opacity":"","overlay-gradient":""},"mobile":{"background-color":"","background-image":"","background-repeat":"repeat","background-position":"center center","background-size":"auto","background-attachment":"scroll","background-type":"","background-media":"","overlay-type":"","overlay-color":"","overlay-opacity":"","overlay-gradient":""}},"ast-content-background-meta":{"desktop":{"background-color":"var(--ast-global-color-5)","background-image":"","background-repeat":"repeat","background-position":"center center","background-size":"auto","background-attachment":"scroll","background-type":"","background-media":"","overlay-type":"","overlay-color":"","overlay-opacity":"","overlay-gradient":""},"tablet":{"background-color":"var(--ast-global-color-5)","background-image":"","background-repeat":"repeat","background-position":"center center","background-size":"auto","background-attachment":"scroll","background-type":"","background-media":"","overlay-type":"","overlay-color":"","overlay-opacity":"","overlay-gradient":""},"mobile":{"background-color":"var(--ast-global-color-5)","background-image":"","background-repeat":"repeat","background-position":"center center","background-size":"auto","background-attachment":"scroll","background-type":"","background-media":"","overlay-type":"","overlay-color":"","overlay-opacity":"","overlay-gradient":""}}},"product_brand":[],"product_cat":[275,218,225],"product_tag":[361,222,363],"class_list":{"0":"post-36469","1":"product","2":"type-product","3":"status-publish","4":"has-post-thumbnail","6":"product_cat-discos","7":"product_cat-guadi-galego","8":"product_cat-otros","9":"product_tag-disco","10":"product_tag-guadi-galego","11":"product_tag-roiben","12":"desktop-align-center","13":"tablet-align-left","14":"mobile-align-left","15":"ast-product-gallery-layout-first-image-large","16":"ast-product-gallery-with-no-image","17":"ast-product-tabs-layout-horizontal","18":"ast-qv-on-image","20":"first","21":"outofstock","22":"taxable","23":"shipping-taxable","24":"purchasable","25":"product-type-simple"},"yoast_head":"<!-- This site is optimized with the Yoast SEO plugin v27.2 - https:\/\/yoast.com\/product\/yoast-seo-wordpress\/ -->\n<title>DISCO ROIB\u00c9N - Acostureira<\/title>\n<meta name=\"robots\" content=\"index, follow, max-snippet:-1, max-image-preview:large, max-video-preview:-1\" \/>\n<link rel=\"canonical\" href=\"https:\/\/acostureira.com\/gl\/tienda\/otros\/discos\/disco-roiben\/\" \/>\n<meta property=\"og:locale\" content=\"gl_ES\" \/>\n<meta property=\"og:type\" content=\"article\" \/>\n<meta property=\"og:title\" content=\"DISCO ROIB\u00c9N - Acostureira\" \/>\n<meta property=\"og:description\" content=\"LISTADO DE TEMAS: CARA A:\u00a01. EPONA\u00a0 2. PENELOPE\u00a0 3. PRIMAVERA\u00a0 4. ALEGORIA\u00a0 5. FORTUNA CARA B:\u00a01. NOA\u00a0 2. BELA\u00a0 3. DORES\u00a0 4. SARA\u00a0 5. GRAZAS\" \/>\n<meta property=\"og:url\" content=\"https:\/\/acostureira.com\/gl\/tienda\/otros\/discos\/disco-roiben\/\" \/>\n<meta property=\"og:site_name\" content=\"Acostureira\" \/>\n<meta property=\"article:publisher\" content=\"https:\/\/www.facebook.com\/acostureira19\" \/>\n<meta property=\"article:modified_time\" content=\"2024-03-07T12:54:41+00:00\" \/>\n<meta property=\"og:image\" content=\"https:\/\/acostureira.com\/wp-content\/uploads\/2023\/02\/IMAXE-DISCO.jpeg\" \/>\n\t<meta property=\"og:image:width\" content=\"800\" \/>\n\t<meta property=\"og:image:height\" content=\"800\" \/>\n\t<meta property=\"og:image:type\" content=\"image\/jpeg\" \/>\n<meta name=\"twitter:card\" content=\"summary_large_image\" \/>\n<script type=\"application\/ld+json\" class=\"yoast-schema-graph\">{\"@context\":\"https:\/\/schema.org\",\"@graph\":[{\"@type\":\"WebPage\",\"@id\":\"https:\/\/acostureira.com\/tienda\/otros\/discos\/disco-roiben\/\",\"url\":\"https:\/\/acostureira.com\/tienda\/otros\/discos\/disco-roiben\/\",\"name\":\"DISCO ROIB\u00c9N - Acostureira\",\"isPartOf\":{\"@id\":\"https:\/\/acostureira.com\/#website\"},\"primaryImageOfPage\":{\"@id\":\"https:\/\/acostureira.com\/tienda\/otros\/discos\/disco-roiben\/#primaryimage\"},\"image\":{\"@id\":\"https:\/\/acostureira.com\/tienda\/otros\/discos\/disco-roiben\/#primaryimage\"},\"thumbnailUrl\":\"https:\/\/acostureira.com\/wp-content\/uploads\/2023\/02\/IMAXE-DISCO.jpeg\",\"datePublished\":\"2023-03-06T09:52:45+00:00\",\"dateModified\":\"2024-03-07T12:54:41+00:00\",\"breadcrumb\":{\"@id\":\"https:\/\/acostureira.com\/tienda\/otros\/discos\/disco-roiben\/#breadcrumb\"},\"inLanguage\":\"gl-ES\",\"potentialAction\":[{\"@type\":\"ReadAction\",\"target\":[\"https:\/\/acostureira.com\/tienda\/otros\/discos\/disco-roiben\/\"]}]},{\"@type\":\"ImageObject\",\"inLanguage\":\"gl-ES\",\"@id\":\"https:\/\/acostureira.com\/tienda\/otros\/discos\/disco-roiben\/#primaryimage\",\"url\":\"https:\/\/acostureira.com\/wp-content\/uploads\/2023\/02\/IMAXE-DISCO.jpeg\",\"contentUrl\":\"https:\/\/acostureira.com\/wp-content\/uploads\/2023\/02\/IMAXE-DISCO.jpeg\",\"width\":800,\"height\":800},{\"@type\":\"BreadcrumbList\",\"@id\":\"https:\/\/acostureira.com\/tienda\/otros\/discos\/disco-roiben\/#breadcrumb\",\"itemListElement\":[{\"@type\":\"ListItem\",\"position\":1,\"name\":\"Portada\",\"item\":\"https:\/\/acostureira.com\/\"},{\"@type\":\"ListItem\",\"position\":2,\"name\":\"Todos nuestros productos\",\"item\":\"https:\/\/acostureira.com\/tienda\/\"},{\"@type\":\"ListItem\",\"position\":3,\"name\":\"DISCO ROIB\u00c9N\"}]},{\"@type\":\"WebSite\",\"@id\":\"https:\/\/acostureira.com\/#website\",\"url\":\"https:\/\/acostureira.com\/\",\"name\":\"Acostureira\",\"description\":\"Producto feminista y de Galicia\",\"publisher\":{\"@id\":\"https:\/\/acostureira.com\/#organization\"},\"potentialAction\":[{\"@type\":\"SearchAction\",\"target\":{\"@type\":\"EntryPoint\",\"urlTemplate\":\"https:\/\/acostureira.com\/?s={search_term_string}\"},\"query-input\":{\"@type\":\"PropertyValueSpecification\",\"valueRequired\":true,\"valueName\":\"search_term_string\"}}],\"inLanguage\":\"gl-ES\"},{\"@type\":\"Organization\",\"@id\":\"https:\/\/acostureira.com\/#organization\",\"name\":\"Acostureira\",\"url\":\"https:\/\/acostureira.com\/\",\"logo\":{\"@type\":\"ImageObject\",\"inLanguage\":\"gl-ES\",\"@id\":\"https:\/\/acostureira.com\/#\/schema\/logo\/image\/\",\"url\":\"https:\/\/acostureira.com\/wp-content\/uploads\/2022\/12\/cropped-LOGO-COSTUREIRA.png\",\"contentUrl\":\"https:\/\/acostureira.com\/wp-content\/uploads\/2022\/12\/cropped-LOGO-COSTUREIRA.png\",\"width\":512,\"height\":512,\"caption\":\"Acostureira\"},\"image\":{\"@id\":\"https:\/\/acostureira.com\/#\/schema\/logo\/image\/\"},\"sameAs\":[\"https:\/\/www.facebook.com\/acostureira19\",\"https:\/\/www.instagram.com\/acostureira19\/\"]}]}<\/script>\n<!-- \/ Yoast SEO plugin. -->","yoast_head_json":{"title":"DISCO ROIB\u00c9N - Acostureira","robots":{"index":"index","follow":"follow","max-snippet":"max-snippet:-1","max-image-preview":"max-image-preview:large","max-video-preview":"max-video-preview:-1"},"canonical":"https:\/\/acostureira.com\/gl\/tienda\/otros\/discos\/disco-roiben\/","og_locale":"gl_ES","og_type":"article","og_title":"DISCO ROIB\u00c9N - Acostureira","og_description":"LISTADO DE TEMAS: CARA A:\u00a01. EPONA\u00a0 2. PENELOPE\u00a0 3. PRIMAVERA\u00a0 4. ALEGORIA\u00a0 5. FORTUNA CARA B:\u00a01. NOA\u00a0 2. BELA\u00a0 3. DORES\u00a0 4. SARA\u00a0 5. GRAZAS","og_url":"https:\/\/acostureira.com\/gl\/tienda\/otros\/discos\/disco-roiben\/","og_site_name":"Acostureira","article_publisher":"https:\/\/www.facebook.com\/acostureira19","article_modified_time":"2024-03-07T12:54:41+00:00","og_image":[{"width":800,"height":800,"url":"https:\/\/acostureira.com\/wp-content\/uploads\/2023\/02\/IMAXE-DISCO.jpeg","type":"image\/jpeg"}],"twitter_card":"summary_large_image","schema":{"@context":"https:\/\/schema.org","@graph":[{"@type":"WebPage","@id":"https:\/\/acostureira.com\/tienda\/otros\/discos\/disco-roiben\/","url":"https:\/\/acostureira.com\/tienda\/otros\/discos\/disco-roiben\/","name":"DISCO ROIB\u00c9N - Acostureira","isPartOf":{"@id":"https:\/\/acostureira.com\/#website"},"primaryImageOfPage":{"@id":"https:\/\/acostureira.com\/tienda\/otros\/discos\/disco-roiben\/#primaryimage"},"image":{"@id":"https:\/\/acostureira.com\/tienda\/otros\/discos\/disco-roiben\/#primaryimage"},"thumbnailUrl":"https:\/\/acostureira.com\/wp-content\/uploads\/2023\/02\/IMAXE-DISCO.jpeg","datePublished":"2023-03-06T09:52:45+00:00","dateModified":"2024-03-07T12:54:41+00:00","breadcrumb":{"@id":"https:\/\/acostureira.com\/tienda\/otros\/discos\/disco-roiben\/#breadcrumb"},"inLanguage":"gl-ES","potentialAction":[{"@type":"ReadAction","target":["https:\/\/acostureira.com\/tienda\/otros\/discos\/disco-roiben\/"]}]},{"@type":"ImageObject","inLanguage":"gl-ES","@id":"https:\/\/acostureira.com\/tienda\/otros\/discos\/disco-roiben\/#primaryimage","url":"https:\/\/acostureira.com\/wp-content\/uploads\/2023\/02\/IMAXE-DISCO.jpeg","contentUrl":"https:\/\/acostureira.com\/wp-content\/uploads\/2023\/02\/IMAXE-DISCO.jpeg","width":800,"height":800},{"@type":"BreadcrumbList","@id":"https:\/\/acostureira.com\/tienda\/otros\/discos\/disco-roiben\/#breadcrumb","itemListElement":[{"@type":"ListItem","position":1,"name":"Portada","item":"https:\/\/acostureira.com\/"},{"@type":"ListItem","position":2,"name":"Todos nuestros productos","item":"https:\/\/acostureira.com\/tienda\/"},{"@type":"ListItem","position":3,"name":"DISCO ROIB\u00c9N"}]},{"@type":"WebSite","@id":"https:\/\/acostureira.com\/#website","url":"https:\/\/acostureira.com\/","name":"Acostureira","description":"Produto feminista e galego","publisher":{"@id":"https:\/\/acostureira.com\/#organization"},"potentialAction":[{"@type":"SearchAction","target":{"@type":"EntryPoint","urlTemplate":"https:\/\/acostureira.com\/?s={search_term_string}"},"query-input":{"@type":"PropertyValueSpecification","valueRequired":true,"valueName":"search_term_string"}}],"inLanguage":"gl-ES"},{"@type":"Organization","@id":"https:\/\/acostureira.com\/#organization","name":"Acostureira","url":"https:\/\/acostureira.com\/","logo":{"@type":"ImageObject","inLanguage":"gl-ES","@id":"https:\/\/acostureira.com\/#\/schema\/logo\/image\/","url":"https:\/\/acostureira.com\/wp-content\/uploads\/2022\/12\/cropped-LOGO-COSTUREIRA.png","contentUrl":"https:\/\/acostureira.com\/wp-content\/uploads\/2022\/12\/cropped-LOGO-COSTUREIRA.png","width":512,"height":512,"caption":"Acostureira"},"image":{"@id":"https:\/\/acostureira.com\/#\/schema\/logo\/image\/"},"sameAs":["https:\/\/www.facebook.com\/acostureira19","https:\/\/www.instagram.com\/acostureira19\/"]}]}},"_links":{"self":[{"href":"https:\/\/acostureira.com\/gl\/wp-json\/wp\/v2\/product\/36469","targetHints":{"allow":["GET"]}}],"collection":[{"href":"https:\/\/acostureira.com\/gl\/wp-json\/wp\/v2\/product"}],"about":[{"href":"https:\/\/acostureira.com\/gl\/wp-json\/wp\/v2\/types\/product"}],"wp:featuredmedia":[{"embeddable":true,"href":"https:\/\/acostureira.com\/gl\/wp-json\/wp\/v2\/media\/36470"}],"wp:attachment":[{"href":"https:\/\/acostureira.com\/gl\/wp-json\/wp\/v2\/media?parent=36469"}],"wp:term":[{"taxonomy":"product_brand","embeddable":true,"href":"https:\/\/acostureira.com\/gl\/wp-json\/wp\/v2\/product_brand?post=36469"},{"taxonomy":"product_cat","embeddable":true,"href":"https:\/\/acostureira.com\/gl\/wp-json\/wp\/v2\/product_cat?post=36469"},{"taxonomy":"product_tag","embeddable":true,"href":"https:\/\/acostureira.com\/gl\/wp-json\/wp\/v2\/product_tag?post=36469"}],"curies":[{"name":"wp","href":"https:\/\/api.w.org\/{rel}","templated":true}]}}