{"id":40749,"date":"2023-12-15T09:47:04","date_gmt":"2023-12-15T08:47:04","guid":{"rendered":"https:\/\/acostureira.com\/?post_type=product&#038;p=40749"},"modified":"2025-09-22T19:16:12","modified_gmt":"2025-09-22T17:16:12","slug":"camiseta-mujer-oda","status":"publish","type":"product","link":"https:\/\/acostureira.com\/gl\/tienda\/mujer\/camiseta-mujer\/camiseta-mujer-oda\/","title":{"rendered":"CAMISETA DE MULLER ODA"},"content":{"rendered":"<h4>CAMISETA DE MULLER ODA<\/h4>\n<p>A camiseta feminina ODA est\u00e1 baseada no tema co mesmo nome de <a href=\"https:\/\/guadigalego.eu\/\">Guadi Galego<\/a>.<\/p>\n<p>Unha camiseta de algod\u00f3n 100% de estilo moderno, corte longo e manga cortada e dobrada.<\/p>\n<p>Guadi Galego \u00e9 unha das artistas m\u00e1is relevantes do panorama galego actual. Dende moi nova e pasando por diversas formaci\u00f3ns, est\u00e1 plenamente implantada no panorama musical do noso pa\u00eds.<br \/>\nAs canci\u00f3ns deste polifac\u00e9tico artista est\u00e1n sempre cheas de mensaxes moi necesarias para a sociedade na que vivimos.<br \/>\nClaramente defensora das identidades de cada terra, da igualdade e do empoderamento feminino, Guadi \u00e9 un dos protagonistas das nosas listas de reproduci\u00f3n.<br \/>\nNon parar <a href=\"https:\/\/open.spotify.com\/intl-es\/artist\/4qiV7esJIt796GLcTRO0a4?si=oUpAOqk7QwS_SHwXZ_UNzQ\">escoitar<\/a> a s\u00faa m\u00fasica marabillosa.<br \/>\nGoza de todos os seus produtos <a href=\"https:\/\/acostureira.com\/gl\/product-category\/guadi-galego\/\">aqu\u00ed<\/a><\/p>","protected":false},"excerpt":{"rendered":"<p>Camiseta violeta 100% algod\u00f3n 140 g<br \/>\nCorte longo con corte e mangas dobradas<\/p>","protected":false},"featured_media":40795,"template":"","meta":{"site-sidebar-layout":"default","site-content-layout":"","ast-site-content-layout":"default","site-content-style":"default","site-sidebar-style":"default","ast-global-header-display":"","ast-banner-title-visibility":"","ast-main-header-display":"","ast-hfb-above-header-display":"","ast-hfb-below-header-display":"","ast-hfb-mobile-header-display":"","site-post-title":"","ast-breadcrumbs-content":"","ast-featured-img":"","footer-sml-layout":"","ast-disable-related-posts":"","theme-transparent-header-meta":"default","adv-header-id-meta":"","stick-header-meta":"default","header-above-stick-meta":"","header-main-stick-meta":"","header-below-stick-meta":"","astra-migrate-meta-layouts":"set","ast-page-background-enabled":"default","ast-page-background-meta":{"desktop":{"background-color":"var(--ast-global-color-4)","background-image":"","background-repeat":"repeat","background-position":"center center","background-size":"auto","background-attachment":"scroll","background-type":"","background-media":"","overlay-type":"","overlay-color":"","overlay-opacity":"","overlay-gradient":""},"tablet":{"background-color":"","background-image":"","background-repeat":"repeat","background-position":"center center","background-size":"auto","background-attachment":"scroll","background-type":"","background-media":"","overlay-type":"","overlay-color":"","overlay-opacity":"","overlay-gradient":""},"mobile":{"background-color":"","background-image":"","background-repeat":"repeat","background-position":"center center","background-size":"auto","background-attachment":"scroll","background-type":"","background-media":"","overlay-type":"","overlay-color":"","overlay-opacity":"","overlay-gradient":""}},"ast-content-background-meta":{"desktop":{"background-color":"var(--ast-global-color-5)","background-image":"","background-repeat":"repeat","background-position":"center center","background-size":"auto","background-attachment":"scroll","background-type":"","background-media":"","overlay-type":"","overlay-color":"","overlay-opacity":"","overlay-gradient":""},"tablet":{"background-color":"var(--ast-global-color-5)","background-image":"","background-repeat":"repeat","background-position":"center center","background-size":"auto","background-attachment":"scroll","background-type":"","background-media":"","overlay-type":"","overlay-color":"","overlay-opacity":"","overlay-gradient":""},"mobile":{"background-color":"var(--ast-global-color-5)","background-image":"","background-repeat":"repeat","background-position":"center center","background-size":"auto","background-attachment":"scroll","background-type":"","background-media":"","overlay-type":"","overlay-color":"","overlay-opacity":"","overlay-gradient":""}}},"product_brand":[],"product_cat":[163,524,218,162],"product_tag":[150,470,222,468,469,471],"class_list":{"0":"post-40749","1":"product","2":"type-product","3":"status-publish","4":"has-post-thumbnail","6":"product_cat-camiseta-mujer","7":"product_cat-feminismo","8":"product_cat-guadi-galego","9":"product_cat-mujer","10":"product_tag-camiseta","11":"product_tag-estou-tan-viva","12":"product_tag-guadi-galego","13":"product_tag-oda","14":"product_tag-sigoviva","15":"product_tag-tendaamiga38","16":"desktop-align-center","17":"tablet-align-left","18":"mobile-align-left","19":"ast-product-gallery-layout-first-image-large","20":"ast-product-single-variable","21":"ast-product-tabs-layout-horizontal","22":"ast-qv-on-image","24":"first","25":"instock","26":"taxable","27":"shipping-taxable","28":"purchasable","29":"product-type-variable"},"yoast_head":"<!-- This site is optimized with the Yoast SEO plugin v27.2 - https:\/\/yoast.com\/product\/yoast-seo-wordpress\/ -->\n<title>CAMISETA MUJER ODA<\/title>\n<meta name=\"description\" content=\"Compra la nueva camiseta de mujer ODA. Una camiseta que nace con el nuevo tema de Guadi Galego con el mismo nombre. Est\u00e9n a la \u00faltima con esta prenda!\" \/>\n<meta name=\"robots\" content=\"index, follow, max-snippet:-1, max-image-preview:large, max-video-preview:-1\" \/>\n<link rel=\"canonical\" href=\"https:\/\/acostureira.com\/gl\/tienda\/mujer\/camiseta-mujer\/camiseta-mujer-oda\/\" \/>\n<meta property=\"og:locale\" content=\"gl_ES\" \/>\n<meta property=\"og:type\" content=\"article\" \/>\n<meta property=\"og:title\" content=\"CAMISETA MUJER ODA\" \/>\n<meta property=\"og:description\" content=\"Compra la nueva camiseta de mujer ODA. Una camiseta que nace con el nuevo tema de Guadi Galego con el mismo nombre. Est\u00e9n a la \u00faltima con esta prenda!\" \/>\n<meta property=\"og:url\" content=\"https:\/\/acostureira.com\/gl\/tienda\/mujer\/camiseta-mujer\/camiseta-mujer-oda\/\" \/>\n<meta property=\"og:site_name\" content=\"Acostureira\" \/>\n<meta property=\"article:publisher\" content=\"https:\/\/www.facebook.com\/acostureira19\" \/>\n<meta property=\"article:modified_time\" content=\"2025-09-22T17:16:12+00:00\" \/>\n<meta property=\"og:image\" content=\"https:\/\/acostureira.com\/wp-content\/uploads\/2023\/12\/ODA-1-scaled.jpg\" \/>\n\t<meta property=\"og:image:width\" content=\"800\" \/>\n\t<meta property=\"og:image:height\" content=\"800\" \/>\n\t<meta property=\"og:image:type\" content=\"image\/jpeg\" \/>\n<meta name=\"twitter:card\" content=\"summary_large_image\" \/>\n<meta name=\"twitter:label1\" content=\"Tempo de lectura\" \/>\n\t<meta name=\"twitter:data1\" content=\"1 minuto\" \/>\n<script type=\"application\/ld+json\" class=\"yoast-schema-graph\">{\"@context\":\"https:\/\/schema.org\",\"@graph\":[{\"@type\":\"WebPage\",\"@id\":\"https:\/\/acostureira.com\/tienda\/mujer\/camiseta-mujer\/camiseta-mujer-oda\/\",\"url\":\"https:\/\/acostureira.com\/tienda\/mujer\/camiseta-mujer\/camiseta-mujer-oda\/\",\"name\":\"CAMISETA MUJER ODA\",\"isPartOf\":{\"@id\":\"https:\/\/acostureira.com\/#website\"},\"primaryImageOfPage\":{\"@id\":\"https:\/\/acostureira.com\/tienda\/mujer\/camiseta-mujer\/camiseta-mujer-oda\/#primaryimage\"},\"image\":{\"@id\":\"https:\/\/acostureira.com\/tienda\/mujer\/camiseta-mujer\/camiseta-mujer-oda\/#primaryimage\"},\"thumbnailUrl\":\"https:\/\/acostureira.com\/wp-content\/uploads\/2023\/12\/ODA-1-scaled.jpg\",\"datePublished\":\"2023-12-15T08:47:04+00:00\",\"dateModified\":\"2025-09-22T17:16:12+00:00\",\"description\":\"Compra la nueva camiseta de mujer ODA. Una camiseta que nace con el nuevo tema de Guadi Galego con el mismo nombre. Est\u00e9n a la \u00faltima con esta prenda!\",\"breadcrumb\":{\"@id\":\"https:\/\/acostureira.com\/tienda\/mujer\/camiseta-mujer\/camiseta-mujer-oda\/#breadcrumb\"},\"inLanguage\":\"gl-ES\",\"potentialAction\":[{\"@type\":\"ReadAction\",\"target\":[\"https:\/\/acostureira.com\/tienda\/mujer\/camiseta-mujer\/camiseta-mujer-oda\/\"]}]},{\"@type\":\"ImageObject\",\"inLanguage\":\"gl-ES\",\"@id\":\"https:\/\/acostureira.com\/tienda\/mujer\/camiseta-mujer\/camiseta-mujer-oda\/#primaryimage\",\"url\":\"https:\/\/acostureira.com\/wp-content\/uploads\/2023\/12\/ODA-1-scaled.jpg\",\"contentUrl\":\"https:\/\/acostureira.com\/wp-content\/uploads\/2023\/12\/ODA-1-scaled.jpg\",\"width\":800,\"height\":800,\"caption\":\"Camiseta mujer oda\"},{\"@type\":\"BreadcrumbList\",\"@id\":\"https:\/\/acostureira.com\/tienda\/mujer\/camiseta-mujer\/camiseta-mujer-oda\/#breadcrumb\",\"itemListElement\":[{\"@type\":\"ListItem\",\"position\":1,\"name\":\"Portada\",\"item\":\"https:\/\/acostureira.com\/\"},{\"@type\":\"ListItem\",\"position\":2,\"name\":\"Todos nuestros productos\",\"item\":\"https:\/\/acostureira.com\/tienda\/\"},{\"@type\":\"ListItem\",\"position\":3,\"name\":\"CAMISETA MUJER ODA\"}]},{\"@type\":\"WebSite\",\"@id\":\"https:\/\/acostureira.com\/#website\",\"url\":\"https:\/\/acostureira.com\/\",\"name\":\"Acostureira\",\"description\":\"Producto feminista y de Galicia\",\"publisher\":{\"@id\":\"https:\/\/acostureira.com\/#organization\"},\"potentialAction\":[{\"@type\":\"SearchAction\",\"target\":{\"@type\":\"EntryPoint\",\"urlTemplate\":\"https:\/\/acostureira.com\/?s={search_term_string}\"},\"query-input\":{\"@type\":\"PropertyValueSpecification\",\"valueRequired\":true,\"valueName\":\"search_term_string\"}}],\"inLanguage\":\"gl-ES\"},{\"@type\":\"Organization\",\"@id\":\"https:\/\/acostureira.com\/#organization\",\"name\":\"Acostureira\",\"url\":\"https:\/\/acostureira.com\/\",\"logo\":{\"@type\":\"ImageObject\",\"inLanguage\":\"gl-ES\",\"@id\":\"https:\/\/acostureira.com\/#\/schema\/logo\/image\/\",\"url\":\"https:\/\/acostureira.com\/wp-content\/uploads\/2022\/12\/cropped-LOGO-COSTUREIRA.png\",\"contentUrl\":\"https:\/\/acostureira.com\/wp-content\/uploads\/2022\/12\/cropped-LOGO-COSTUREIRA.png\",\"width\":512,\"height\":512,\"caption\":\"Acostureira\"},\"image\":{\"@id\":\"https:\/\/acostureira.com\/#\/schema\/logo\/image\/\"},\"sameAs\":[\"https:\/\/www.facebook.com\/acostureira19\",\"https:\/\/www.instagram.com\/acostureira19\/\"]}]}<\/script>\n<!-- \/ Yoast SEO plugin. -->","yoast_head_json":{"title":"CAMISETA DE MULLER ODA","description":"Compra la nueva camiseta de mujer ODA. Una camiseta que nace con el nuevo tema de Guadi Galego con el mismo nombre. Est\u00e9n a la \u00faltima con esta prenda!","robots":{"index":"index","follow":"follow","max-snippet":"max-snippet:-1","max-image-preview":"max-image-preview:large","max-video-preview":"max-video-preview:-1"},"canonical":"https:\/\/acostureira.com\/gl\/tienda\/mujer\/camiseta-mujer\/camiseta-mujer-oda\/","og_locale":"gl_ES","og_type":"article","og_title":"CAMISETA MUJER ODA","og_description":"Compra la nueva camiseta de mujer ODA. Una camiseta que nace con el nuevo tema de Guadi Galego con el mismo nombre. Est\u00e9n a la \u00faltima con esta prenda!","og_url":"https:\/\/acostureira.com\/gl\/tienda\/mujer\/camiseta-mujer\/camiseta-mujer-oda\/","og_site_name":"Acostureira","article_publisher":"https:\/\/www.facebook.com\/acostureira19","article_modified_time":"2025-09-22T17:16:12+00:00","og_image":[{"width":800,"height":800,"url":"https:\/\/acostureira.com\/wp-content\/uploads\/2023\/12\/ODA-1-scaled.jpg","type":"image\/jpeg"}],"twitter_card":"summary_large_image","twitter_misc":{"Tempo de lectura":"1 minuto"},"schema":{"@context":"https:\/\/schema.org","@graph":[{"@type":"WebPage","@id":"https:\/\/acostureira.com\/tienda\/mujer\/camiseta-mujer\/camiseta-mujer-oda\/","url":"https:\/\/acostureira.com\/tienda\/mujer\/camiseta-mujer\/camiseta-mujer-oda\/","name":"CAMISETA DE MULLER ODA","isPartOf":{"@id":"https:\/\/acostureira.com\/#website"},"primaryImageOfPage":{"@id":"https:\/\/acostureira.com\/tienda\/mujer\/camiseta-mujer\/camiseta-mujer-oda\/#primaryimage"},"image":{"@id":"https:\/\/acostureira.com\/tienda\/mujer\/camiseta-mujer\/camiseta-mujer-oda\/#primaryimage"},"thumbnailUrl":"https:\/\/acostureira.com\/wp-content\/uploads\/2023\/12\/ODA-1-scaled.jpg","datePublished":"2023-12-15T08:47:04+00:00","dateModified":"2025-09-22T17:16:12+00:00","description":"Compra la nueva camiseta de mujer ODA. Una camiseta que nace con el nuevo tema de Guadi Galego con el mismo nombre. Est\u00e9n a la \u00faltima con esta prenda!","breadcrumb":{"@id":"https:\/\/acostureira.com\/tienda\/mujer\/camiseta-mujer\/camiseta-mujer-oda\/#breadcrumb"},"inLanguage":"gl-ES","potentialAction":[{"@type":"ReadAction","target":["https:\/\/acostureira.com\/tienda\/mujer\/camiseta-mujer\/camiseta-mujer-oda\/"]}]},{"@type":"ImageObject","inLanguage":"gl-ES","@id":"https:\/\/acostureira.com\/tienda\/mujer\/camiseta-mujer\/camiseta-mujer-oda\/#primaryimage","url":"https:\/\/acostureira.com\/wp-content\/uploads\/2023\/12\/ODA-1-scaled.jpg","contentUrl":"https:\/\/acostureira.com\/wp-content\/uploads\/2023\/12\/ODA-1-scaled.jpg","width":800,"height":800,"caption":"Camiseta mujer oda"},{"@type":"BreadcrumbList","@id":"https:\/\/acostureira.com\/tienda\/mujer\/camiseta-mujer\/camiseta-mujer-oda\/#breadcrumb","itemListElement":[{"@type":"ListItem","position":1,"name":"Portada","item":"https:\/\/acostureira.com\/"},{"@type":"ListItem","position":2,"name":"Todos nuestros productos","item":"https:\/\/acostureira.com\/tienda\/"},{"@type":"ListItem","position":3,"name":"CAMISETA MUJER ODA"}]},{"@type":"WebSite","@id":"https:\/\/acostureira.com\/#website","url":"https:\/\/acostureira.com\/","name":"Acostureira","description":"Produto feminista e galego","publisher":{"@id":"https:\/\/acostureira.com\/#organization"},"potentialAction":[{"@type":"SearchAction","target":{"@type":"EntryPoint","urlTemplate":"https:\/\/acostureira.com\/?s={search_term_string}"},"query-input":{"@type":"PropertyValueSpecification","valueRequired":true,"valueName":"search_term_string"}}],"inLanguage":"gl-ES"},{"@type":"Organization","@id":"https:\/\/acostureira.com\/#organization","name":"Acostureira","url":"https:\/\/acostureira.com\/","logo":{"@type":"ImageObject","inLanguage":"gl-ES","@id":"https:\/\/acostureira.com\/#\/schema\/logo\/image\/","url":"https:\/\/acostureira.com\/wp-content\/uploads\/2022\/12\/cropped-LOGO-COSTUREIRA.png","contentUrl":"https:\/\/acostureira.com\/wp-content\/uploads\/2022\/12\/cropped-LOGO-COSTUREIRA.png","width":512,"height":512,"caption":"Acostureira"},"image":{"@id":"https:\/\/acostureira.com\/#\/schema\/logo\/image\/"},"sameAs":["https:\/\/www.facebook.com\/acostureira19","https:\/\/www.instagram.com\/acostureira19\/"]}]}},"_links":{"self":[{"href":"https:\/\/acostureira.com\/gl\/wp-json\/wp\/v2\/product\/40749","targetHints":{"allow":["GET"]}}],"collection":[{"href":"https:\/\/acostureira.com\/gl\/wp-json\/wp\/v2\/product"}],"about":[{"href":"https:\/\/acostureira.com\/gl\/wp-json\/wp\/v2\/types\/product"}],"wp:featuredmedia":[{"embeddable":true,"href":"https:\/\/acostureira.com\/gl\/wp-json\/wp\/v2\/media\/40795"}],"wp:attachment":[{"href":"https:\/\/acostureira.com\/gl\/wp-json\/wp\/v2\/media?parent=40749"}],"wp:term":[{"taxonomy":"product_brand","embeddable":true,"href":"https:\/\/acostureira.com\/gl\/wp-json\/wp\/v2\/product_brand?post=40749"},{"taxonomy":"product_cat","embeddable":true,"href":"https:\/\/acostureira.com\/gl\/wp-json\/wp\/v2\/product_cat?post=40749"},{"taxonomy":"product_tag","embeddable":true,"href":"https:\/\/acostureira.com\/gl\/wp-json\/wp\/v2\/product_tag?post=40749"}],"curies":[{"name":"wp","href":"https:\/\/api.w.org\/{rel}","templated":true}]}}