{"id":40841,"date":"2023-12-21T20:19:39","date_gmt":"2023-12-21T19:19:39","guid":{"rendered":"https:\/\/acostureira.com\/?post_type=product&#038;p=40841"},"modified":"2026-04-17T09:27:53","modified_gmt":"2026-04-17T07:27:53","slug":"posavasos-leandro","status":"publish","type":"product","link":"https:\/\/acostureira.com\/gl\/tienda\/otros\/posavasos\/posavasos-leandro\/","title":{"rendered":"POUSAVASOS DE LEANDRO"},"content":{"rendered":"<h2>POUSAVASOS DE LEANDRO<\/h2>\n<div>Conxunto de posavasos con reproduci\u00f3ns de ilustraci\u00f3ns do artista galego <a href=\"https:\/\/www.instagram.com\/leandrinholamas\/\">Leandro Lamas<\/a><br \/>\nOs posavasos est\u00e1n feitos en madeira de bamb\u00fa e est\u00e1n personalizados cunha transferencia dixital das obras do artista galego. Ve\u00f1en acompa\u00f1adas dunha caixa de bamb\u00fa e unha bolsa de algod\u00f3n org\u00e1nico para gardalas.<\/div>\n<div>Leandro \u00e9 un dos artistas de referencia en Galicia. A s\u00faa obra transp\u00f3rtanos a mundos cheos de cor e fantas\u00eda.<br \/>\nCun estilo moi reco\u00f1ecible e moi vistoso, o simple feito de presenciar unha das s\u00faas obras d\u00e1nos un pulo de enerx\u00eda positiva!!!<br \/>\nArtista comprometido co empoderamento feminino, a defensa da igualdade e a promoci\u00f3n da cultura do noso pa\u00eds.<br \/>\nNon perdas a oportunidade de conseguir unha das s\u00faas marabillosas obras!!!<\/div>\n<div><a href=\"https:\/\/acostureira.com\/gl\/product-category\/leandro-lamas\/\">Aqu\u00ed<\/a> podes ver m\u00e1is produtos de Leandro!<\/div>","protected":false},"excerpt":{"rendered":"<div class=\"product-description m-b\">\n<p>Posavasos de madeira de bamb\u00fa, personalizados con transferencia dixital.<br \/>\nIncl\u00fae caixa de bamb\u00fa e bolsa de algod\u00f3n org\u00e1nico para almacenamento.<\/p>\n<div class=\"im-products-description-fade\"><\/div>\n<\/div>","protected":false},"featured_media":40842,"template":"","meta":{"site-sidebar-layout":"default","site-content-layout":"","ast-site-content-layout":"default","site-content-style":"default","site-sidebar-style":"default","ast-global-header-display":"","ast-banner-title-visibility":"","ast-main-header-display":"","ast-hfb-above-header-display":"","ast-hfb-below-header-display":"","ast-hfb-mobile-header-display":"","site-post-title":"","ast-breadcrumbs-content":"","ast-featured-img":"","footer-sml-layout":"","ast-disable-related-posts":"","theme-transparent-header-meta":"default","adv-header-id-meta":"","stick-header-meta":"default","header-above-stick-meta":"","header-main-stick-meta":"","header-below-stick-meta":"","astra-migrate-meta-layouts":"set","ast-page-background-enabled":"default","ast-page-background-meta":{"desktop":{"background-color":"var(--ast-global-color-4)","background-image":"","background-repeat":"repeat","background-position":"center center","background-size":"auto","background-attachment":"scroll","background-type":"","background-media":"","overlay-type":"","overlay-color":"","overlay-opacity":"","overlay-gradient":""},"tablet":{"background-color":"","background-image":"","background-repeat":"repeat","background-position":"center center","background-size":"auto","background-attachment":"scroll","background-type":"","background-media":"","overlay-type":"","overlay-color":"","overlay-opacity":"","overlay-gradient":""},"mobile":{"background-color":"","background-image":"","background-repeat":"repeat","background-position":"center center","background-size":"auto","background-attachment":"scroll","background-type":"","background-media":"","overlay-type":"","overlay-color":"","overlay-opacity":"","overlay-gradient":""}},"ast-content-background-meta":{"desktop":{"background-color":"var(--ast-global-color-5)","background-image":"","background-repeat":"repeat","background-position":"center center","background-size":"auto","background-attachment":"scroll","background-type":"","background-media":"","overlay-type":"","overlay-color":"","overlay-opacity":"","overlay-gradient":""},"tablet":{"background-color":"var(--ast-global-color-5)","background-image":"","background-repeat":"repeat","background-position":"center center","background-size":"auto","background-attachment":"scroll","background-type":"","background-media":"","overlay-type":"","overlay-color":"","overlay-opacity":"","overlay-gradient":""},"mobile":{"background-color":"var(--ast-global-color-5)","background-image":"","background-repeat":"repeat","background-position":"center center","background-size":"auto","background-attachment":"scroll","background-type":"","background-media":"","overlay-type":"","overlay-color":"","overlay-opacity":"","overlay-gradient":""}}},"product_brand":[],"product_cat":[195,225,504],"product_tag":[81,431,425,82,83,423,152,430,237,505],"class_list":{"0":"post-40841","1":"product","2":"type-product","3":"status-publish","4":"has-post-thumbnail","6":"product_cat-leandro-lamas","7":"product_cat-otros","8":"product_cat-posavasos","9":"product_tag-acuarela","10":"product_tag-cultura","11":"product_tag-enraizada","12":"product_tag-lamina","13":"product_tag-leandro-lamas","14":"product_tag-madre","15":"product_tag-mulleres","16":"product_tag-nai","17":"product_tag-natural","18":"product_tag-posavasos","19":"desktop-align-center","20":"tablet-align-left","21":"mobile-align-left","22":"ast-product-gallery-layout-first-image-large","23":"ast-product-tabs-layout-horizontal","24":"ast-qv-on-image","26":"first","27":"instock","28":"taxable","29":"shipping-taxable","30":"purchasable","31":"product-type-simple"},"yoast_head":"<!-- This site is optimized with the Yoast SEO plugin v27.2 - https:\/\/yoast.com\/product\/yoast-seo-wordpress\/ -->\n<title>POSAVASOS LEANDRO<\/title>\n<meta name=\"description\" content=\"Comprar este juego de posavasos de madera de bamb\u00fa con ilustraciones de Leandro Lamas para tus mejores galas! No te quedes sin esta maravilla!\" \/>\n<meta name=\"robots\" content=\"index, follow, max-snippet:-1, max-image-preview:large, max-video-preview:-1\" \/>\n<link rel=\"canonical\" href=\"https:\/\/acostureira.com\/gl\/tienda\/otros\/posavasos\/posavasos-leandro\/\" \/>\n<meta property=\"og:locale\" content=\"gl_ES\" \/>\n<meta property=\"og:type\" content=\"article\" \/>\n<meta property=\"og:title\" content=\"POSAVASOS LEANDRO\" \/>\n<meta property=\"og:description\" content=\"Comprar este juego de posavasos de madera de bamb\u00fa con ilustraciones de Leandro Lamas para tus mejores galas! No te quedes sin esta maravilla!\" \/>\n<meta property=\"og:url\" content=\"https:\/\/acostureira.com\/gl\/tienda\/otros\/posavasos\/posavasos-leandro\/\" \/>\n<meta property=\"og:site_name\" content=\"Acostureira\" \/>\n<meta property=\"article:publisher\" content=\"https:\/\/www.facebook.com\/acostureira19\" \/>\n<meta property=\"article:modified_time\" content=\"2026-04-17T07:27:53+00:00\" \/>\n<meta property=\"og:image\" content=\"https:\/\/acostureira.com\/wp-content\/uploads\/2023\/12\/POSAVASOS-scaled.jpg\" \/>\n\t<meta property=\"og:image:width\" content=\"800\" \/>\n\t<meta property=\"og:image:height\" content=\"800\" \/>\n\t<meta property=\"og:image:type\" content=\"image\/jpeg\" \/>\n<meta name=\"twitter:card\" content=\"summary_large_image\" \/>\n<meta name=\"twitter:label1\" content=\"Tempo de lectura\" \/>\n\t<meta name=\"twitter:data1\" content=\"1 minuto\" \/>\n<script type=\"application\/ld+json\" class=\"yoast-schema-graph\">{\"@context\":\"https:\/\/schema.org\",\"@graph\":[{\"@type\":\"WebPage\",\"@id\":\"https:\/\/acostureira.com\/tienda\/otros\/posavasos\/posavasos-leandro\/\",\"url\":\"https:\/\/acostureira.com\/tienda\/otros\/posavasos\/posavasos-leandro\/\",\"name\":\"POSAVASOS LEANDRO\",\"isPartOf\":{\"@id\":\"https:\/\/acostureira.com\/#website\"},\"primaryImageOfPage\":{\"@id\":\"https:\/\/acostureira.com\/tienda\/otros\/posavasos\/posavasos-leandro\/#primaryimage\"},\"image\":{\"@id\":\"https:\/\/acostureira.com\/tienda\/otros\/posavasos\/posavasos-leandro\/#primaryimage\"},\"thumbnailUrl\":\"https:\/\/acostureira.com\/wp-content\/uploads\/2023\/12\/POSAVASOS-scaled.jpg\",\"datePublished\":\"2023-12-21T19:19:39+00:00\",\"dateModified\":\"2026-04-17T07:27:53+00:00\",\"description\":\"Comprar este juego de posavasos de madera de bamb\u00fa con ilustraciones de Leandro Lamas para tus mejores galas! No te quedes sin esta maravilla!\",\"breadcrumb\":{\"@id\":\"https:\/\/acostureira.com\/tienda\/otros\/posavasos\/posavasos-leandro\/#breadcrumb\"},\"inLanguage\":\"gl-ES\",\"potentialAction\":[{\"@type\":\"ReadAction\",\"target\":[\"https:\/\/acostureira.com\/tienda\/otros\/posavasos\/posavasos-leandro\/\"]}]},{\"@type\":\"ImageObject\",\"inLanguage\":\"gl-ES\",\"@id\":\"https:\/\/acostureira.com\/tienda\/otros\/posavasos\/posavasos-leandro\/#primaryimage\",\"url\":\"https:\/\/acostureira.com\/wp-content\/uploads\/2023\/12\/POSAVASOS-scaled.jpg\",\"contentUrl\":\"https:\/\/acostureira.com\/wp-content\/uploads\/2023\/12\/POSAVASOS-scaled.jpg\",\"width\":800,\"height\":800,\"caption\":\"POSAVASOS LEANDRO\"},{\"@type\":\"BreadcrumbList\",\"@id\":\"https:\/\/acostureira.com\/tienda\/otros\/posavasos\/posavasos-leandro\/#breadcrumb\",\"itemListElement\":[{\"@type\":\"ListItem\",\"position\":1,\"name\":\"Portada\",\"item\":\"https:\/\/acostureira.com\/\"},{\"@type\":\"ListItem\",\"position\":2,\"name\":\"Todos nuestros productos\",\"item\":\"https:\/\/acostureira.com\/tienda\/\"},{\"@type\":\"ListItem\",\"position\":3,\"name\":\"POSAVASOS LEANDRO\"}]},{\"@type\":\"WebSite\",\"@id\":\"https:\/\/acostureira.com\/#website\",\"url\":\"https:\/\/acostureira.com\/\",\"name\":\"Acostureira\",\"description\":\"Producto feminista y de Galicia\",\"publisher\":{\"@id\":\"https:\/\/acostureira.com\/#organization\"},\"potentialAction\":[{\"@type\":\"SearchAction\",\"target\":{\"@type\":\"EntryPoint\",\"urlTemplate\":\"https:\/\/acostureira.com\/?s={search_term_string}\"},\"query-input\":{\"@type\":\"PropertyValueSpecification\",\"valueRequired\":true,\"valueName\":\"search_term_string\"}}],\"inLanguage\":\"gl-ES\"},{\"@type\":\"Organization\",\"@id\":\"https:\/\/acostureira.com\/#organization\",\"name\":\"Acostureira\",\"url\":\"https:\/\/acostureira.com\/\",\"logo\":{\"@type\":\"ImageObject\",\"inLanguage\":\"gl-ES\",\"@id\":\"https:\/\/acostureira.com\/#\/schema\/logo\/image\/\",\"url\":\"https:\/\/acostureira.com\/wp-content\/uploads\/2022\/12\/cropped-LOGO-COSTUREIRA.png\",\"contentUrl\":\"https:\/\/acostureira.com\/wp-content\/uploads\/2022\/12\/cropped-LOGO-COSTUREIRA.png\",\"width\":512,\"height\":512,\"caption\":\"Acostureira\"},\"image\":{\"@id\":\"https:\/\/acostureira.com\/#\/schema\/logo\/image\/\"},\"sameAs\":[\"https:\/\/www.facebook.com\/acostureira19\",\"https:\/\/www.instagram.com\/acostureira19\/\"]}]}<\/script>\n<!-- \/ Yoast SEO plugin. -->","yoast_head_json":{"title":"POUSAVASOS DE LEANDRO","description":"Comprar este juego de posavasos de madera de bamb\u00fa con ilustraciones de Leandro Lamas para tus mejores galas! No te quedes sin esta maravilla!","robots":{"index":"index","follow":"follow","max-snippet":"max-snippet:-1","max-image-preview":"max-image-preview:large","max-video-preview":"max-video-preview:-1"},"canonical":"https:\/\/acostureira.com\/gl\/tienda\/otros\/posavasos\/posavasos-leandro\/","og_locale":"gl_ES","og_type":"article","og_title":"POSAVASOS LEANDRO","og_description":"Comprar este juego de posavasos de madera de bamb\u00fa con ilustraciones de Leandro Lamas para tus mejores galas! No te quedes sin esta maravilla!","og_url":"https:\/\/acostureira.com\/gl\/tienda\/otros\/posavasos\/posavasos-leandro\/","og_site_name":"Acostureira","article_publisher":"https:\/\/www.facebook.com\/acostureira19","article_modified_time":"2026-04-17T07:27:53+00:00","og_image":[{"width":800,"height":800,"url":"https:\/\/acostureira.com\/wp-content\/uploads\/2023\/12\/POSAVASOS-scaled.jpg","type":"image\/jpeg"}],"twitter_card":"summary_large_image","twitter_misc":{"Tempo de lectura":"1 minuto"},"schema":{"@context":"https:\/\/schema.org","@graph":[{"@type":"WebPage","@id":"https:\/\/acostureira.com\/tienda\/otros\/posavasos\/posavasos-leandro\/","url":"https:\/\/acostureira.com\/tienda\/otros\/posavasos\/posavasos-leandro\/","name":"POUSAVASOS DE LEANDRO","isPartOf":{"@id":"https:\/\/acostureira.com\/#website"},"primaryImageOfPage":{"@id":"https:\/\/acostureira.com\/tienda\/otros\/posavasos\/posavasos-leandro\/#primaryimage"},"image":{"@id":"https:\/\/acostureira.com\/tienda\/otros\/posavasos\/posavasos-leandro\/#primaryimage"},"thumbnailUrl":"https:\/\/acostureira.com\/wp-content\/uploads\/2023\/12\/POSAVASOS-scaled.jpg","datePublished":"2023-12-21T19:19:39+00:00","dateModified":"2026-04-17T07:27:53+00:00","description":"Comprar este juego de posavasos de madera de bamb\u00fa con ilustraciones de Leandro Lamas para tus mejores galas! No te quedes sin esta maravilla!","breadcrumb":{"@id":"https:\/\/acostureira.com\/tienda\/otros\/posavasos\/posavasos-leandro\/#breadcrumb"},"inLanguage":"gl-ES","potentialAction":[{"@type":"ReadAction","target":["https:\/\/acostureira.com\/tienda\/otros\/posavasos\/posavasos-leandro\/"]}]},{"@type":"ImageObject","inLanguage":"gl-ES","@id":"https:\/\/acostureira.com\/tienda\/otros\/posavasos\/posavasos-leandro\/#primaryimage","url":"https:\/\/acostureira.com\/wp-content\/uploads\/2023\/12\/POSAVASOS-scaled.jpg","contentUrl":"https:\/\/acostureira.com\/wp-content\/uploads\/2023\/12\/POSAVASOS-scaled.jpg","width":800,"height":800,"caption":"POSAVASOS LEANDRO"},{"@type":"BreadcrumbList","@id":"https:\/\/acostureira.com\/tienda\/otros\/posavasos\/posavasos-leandro\/#breadcrumb","itemListElement":[{"@type":"ListItem","position":1,"name":"Portada","item":"https:\/\/acostureira.com\/"},{"@type":"ListItem","position":2,"name":"Todos nuestros productos","item":"https:\/\/acostureira.com\/tienda\/"},{"@type":"ListItem","position":3,"name":"POSAVASOS LEANDRO"}]},{"@type":"WebSite","@id":"https:\/\/acostureira.com\/#website","url":"https:\/\/acostureira.com\/","name":"Acostureira","description":"Produto feminista e galego","publisher":{"@id":"https:\/\/acostureira.com\/#organization"},"potentialAction":[{"@type":"SearchAction","target":{"@type":"EntryPoint","urlTemplate":"https:\/\/acostureira.com\/?s={search_term_string}"},"query-input":{"@type":"PropertyValueSpecification","valueRequired":true,"valueName":"search_term_string"}}],"inLanguage":"gl-ES"},{"@type":"Organization","@id":"https:\/\/acostureira.com\/#organization","name":"Acostureira","url":"https:\/\/acostureira.com\/","logo":{"@type":"ImageObject","inLanguage":"gl-ES","@id":"https:\/\/acostureira.com\/#\/schema\/logo\/image\/","url":"https:\/\/acostureira.com\/wp-content\/uploads\/2022\/12\/cropped-LOGO-COSTUREIRA.png","contentUrl":"https:\/\/acostureira.com\/wp-content\/uploads\/2022\/12\/cropped-LOGO-COSTUREIRA.png","width":512,"height":512,"caption":"Acostureira"},"image":{"@id":"https:\/\/acostureira.com\/#\/schema\/logo\/image\/"},"sameAs":["https:\/\/www.facebook.com\/acostureira19","https:\/\/www.instagram.com\/acostureira19\/"]}]}},"_links":{"self":[{"href":"https:\/\/acostureira.com\/gl\/wp-json\/wp\/v2\/product\/40841","targetHints":{"allow":["GET"]}}],"collection":[{"href":"https:\/\/acostureira.com\/gl\/wp-json\/wp\/v2\/product"}],"about":[{"href":"https:\/\/acostureira.com\/gl\/wp-json\/wp\/v2\/types\/product"}],"wp:featuredmedia":[{"embeddable":true,"href":"https:\/\/acostureira.com\/gl\/wp-json\/wp\/v2\/media\/40842"}],"wp:attachment":[{"href":"https:\/\/acostureira.com\/gl\/wp-json\/wp\/v2\/media?parent=40841"}],"wp:term":[{"taxonomy":"product_brand","embeddable":true,"href":"https:\/\/acostureira.com\/gl\/wp-json\/wp\/v2\/product_brand?post=40841"},{"taxonomy":"product_cat","embeddable":true,"href":"https:\/\/acostureira.com\/gl\/wp-json\/wp\/v2\/product_cat?post=40841"},{"taxonomy":"product_tag","embeddable":true,"href":"https:\/\/acostureira.com\/gl\/wp-json\/wp\/v2\/product_tag?post=40841"}],"curies":[{"name":"wp","href":"https:\/\/api.w.org\/{rel}","templated":true}]}}