{"id":41276,"date":"2024-03-04T13:41:50","date_gmt":"2024-03-04T12:41:50","guid":{"rendered":"https:\/\/acostureira.com\/?post_type=product&#038;p=41276"},"modified":"2024-06-20T09:55:14","modified_gmt":"2024-06-20T07:55:14","slug":"camiseta-mujer-xuntas","status":"publish","type":"product","link":"https:\/\/acostureira.com\/gl\/tienda\/mujer\/camiseta-mujer\/camiseta-mujer-xuntas\/","title":{"rendered":"CAMISETA DE MULLER XUNTAS"},"content":{"rendered":"<h2>CAMISETA DE MULLER XUNTAS<\/h2>\n<div>Xuntas \u00e9 unha camiseta feminina coa imaxe da obra orixinal da artista galega <a href=\"https:\/\/www.instagram.com\/leandrinholamas\/\">Leandro Lamas<\/a><\/div>\n<div>Leandro \u00e9 un dos artistas de referencia en Galicia. A s\u00faa obra transp\u00f3rtanos a mundos cheos de cor e fantas\u00eda.<br \/>\nCun estilo moi reco\u00f1ecible e moi vistoso, o simple feito de presenciar unha das s\u00faas obras d\u00e1nos un pulo de enerx\u00eda positiva!!!<br \/>\nArtista comprometido co empoderamento feminino, a defensa da igualdade e a promoci\u00f3n da cultura do noso pa\u00eds.<br \/>\nNon perdas a oportunidade de conseguir unha das s\u00faas marabillosas obras!!!<\/div>\n<div><a href=\"https:\/\/acostureira.com\/gl\/product-category\/leandro-lamas\/\">Aqu\u00ed<\/a> podes ver m\u00e1is produtos de Leandro!<\/div>","protected":false},"excerpt":{"rendered":"<div class=\"product-description m-b\">\n<p>Camiseta muller 100% algod\u00f3n 160 g.<br \/>\nCamiseta entallada.<br \/>\nImpresi\u00f3n dixital a toda cor cunha ilustraci\u00f3n do artista <a href=\"https:\/\/www.instagram.com\/leandrinholamas\/\">Leandro Lamas<\/a>.<\/p>\n<div class=\"im-products-description-fade\"><\/div>\n<\/div>","protected":false},"featured_media":41277,"template":"","meta":{"site-sidebar-layout":"default","site-content-layout":"","ast-site-content-layout":"default","site-content-style":"default","site-sidebar-style":"default","ast-global-header-display":"","ast-banner-title-visibility":"","ast-main-header-display":"","ast-hfb-above-header-display":"","ast-hfb-below-header-display":"","ast-hfb-mobile-header-display":"","site-post-title":"","ast-breadcrumbs-content":"","ast-featured-img":"","footer-sml-layout":"","ast-disable-related-posts":"","theme-transparent-header-meta":"default","adv-header-id-meta":"","stick-header-meta":"default","header-above-stick-meta":"","header-main-stick-meta":"","header-below-stick-meta":"","astra-migrate-meta-layouts":"set","ast-page-background-enabled":"default","ast-page-background-meta":{"desktop":{"background-color":"var(--ast-global-color-4)","background-image":"","background-repeat":"repeat","background-position":"center center","background-size":"auto","background-attachment":"scroll","background-type":"","background-media":"","overlay-type":"","overlay-color":"","overlay-opacity":"","overlay-gradient":""},"tablet":{"background-color":"","background-image":"","background-repeat":"repeat","background-position":"center center","background-size":"auto","background-attachment":"scroll","background-type":"","background-media":"","overlay-type":"","overlay-color":"","overlay-opacity":"","overlay-gradient":""},"mobile":{"background-color":"","background-image":"","background-repeat":"repeat","background-position":"center center","background-size":"auto","background-attachment":"scroll","background-type":"","background-media":"","overlay-type":"","overlay-color":"","overlay-opacity":"","overlay-gradient":""}},"ast-content-background-meta":{"desktop":{"background-color":"var(--ast-global-color-5)","background-image":"","background-repeat":"repeat","background-position":"center center","background-size":"auto","background-attachment":"scroll","background-type":"","background-media":"","overlay-type":"","overlay-color":"","overlay-opacity":"","overlay-gradient":""},"tablet":{"background-color":"var(--ast-global-color-5)","background-image":"","background-repeat":"repeat","background-position":"center center","background-size":"auto","background-attachment":"scroll","background-type":"","background-media":"","overlay-type":"","overlay-color":"","overlay-opacity":"","overlay-gradient":""},"mobile":{"background-color":"var(--ast-global-color-5)","background-image":"","background-repeat":"repeat","background-position":"center center","background-size":"auto","background-attachment":"scroll","background-type":"","background-media":"","overlay-type":"","overlay-color":"","overlay-opacity":"","overlay-gradient":""}}},"product_brand":[],"product_cat":[163,524,195,162],"product_tag":[81,150,431,83,208,237,185,517],"class_list":{"0":"post-41276","1":"product","2":"type-product","3":"status-publish","4":"has-post-thumbnail","6":"product_cat-camiseta-mujer","7":"product_cat-feminismo","8":"product_cat-leandro-lamas","9":"product_cat-mujer","10":"product_tag-acuarela","11":"product_tag-camiseta","12":"product_tag-cultura","13":"product_tag-leandro-lamas","14":"product_tag-mujer","15":"product_tag-natural","16":"product_tag-unisex","17":"product_tag-xuntas","18":"desktop-align-center","19":"tablet-align-left","20":"mobile-align-left","21":"ast-product-gallery-layout-first-image-large","22":"ast-product-single-variable","23":"ast-product-tabs-layout-horizontal","24":"ast-qv-on-image","26":"first","27":"instock","28":"taxable","29":"shipping-taxable","30":"purchasable","31":"product-type-variable"},"yoast_head":"<!-- This site is optimized with the Yoast SEO plugin v27.2 - https:\/\/yoast.com\/product\/yoast-seo-wordpress\/ -->\n<title>CAMISETA MUJER XUNTAS<\/title>\n<meta name=\"description\" content=\"Comprar camiseta de mujer xuntas. Camiseta 100% algod\u00f3n con una ilustraci\u00f3n de la obra original del artista gallego Leandro Lamas.\" \/>\n<meta name=\"robots\" content=\"index, follow, max-snippet:-1, max-image-preview:large, max-video-preview:-1\" \/>\n<link rel=\"canonical\" href=\"https:\/\/acostureira.com\/gl\/tienda\/mujer\/camiseta-mujer\/camiseta-mujer-xuntas\/\" \/>\n<meta property=\"og:locale\" content=\"gl_ES\" \/>\n<meta property=\"og:type\" content=\"article\" \/>\n<meta property=\"og:title\" content=\"CAMISETA MUJER XUNTAS\" \/>\n<meta property=\"og:description\" content=\"Comprar camiseta de mujer xuntas. Camiseta 100% algod\u00f3n con una ilustraci\u00f3n de la obra original del artista gallego Leandro Lamas.\" \/>\n<meta property=\"og:url\" content=\"https:\/\/acostureira.com\/gl\/tienda\/mujer\/camiseta-mujer\/camiseta-mujer-xuntas\/\" \/>\n<meta property=\"og:site_name\" content=\"Acostureira\" \/>\n<meta property=\"article:publisher\" content=\"https:\/\/www.facebook.com\/acostureira19\" \/>\n<meta property=\"article:modified_time\" content=\"2024-06-20T07:55:14+00:00\" \/>\n<meta property=\"og:image\" content=\"https:\/\/acostureira.com\/wp-content\/uploads\/2024\/03\/XUNTAS-SEMITONO-BLANCA-MULLER.png\" \/>\n\t<meta property=\"og:image:width\" content=\"591\" \/>\n\t<meta property=\"og:image:height\" content=\"591\" \/>\n\t<meta property=\"og:image:type\" content=\"image\/png\" \/>\n<meta name=\"twitter:card\" content=\"summary_large_image\" \/>\n<meta name=\"twitter:label1\" content=\"Tempo de lectura\" \/>\n\t<meta name=\"twitter:data1\" content=\"1 minuto\" \/>\n<script type=\"application\/ld+json\" class=\"yoast-schema-graph\">{\"@context\":\"https:\/\/schema.org\",\"@graph\":[{\"@type\":\"WebPage\",\"@id\":\"https:\/\/acostureira.com\/tienda\/mujer\/camiseta-mujer\/camiseta-mujer-xuntas\/\",\"url\":\"https:\/\/acostureira.com\/tienda\/mujer\/camiseta-mujer\/camiseta-mujer-xuntas\/\",\"name\":\"CAMISETA MUJER XUNTAS\",\"isPartOf\":{\"@id\":\"https:\/\/acostureira.com\/#website\"},\"primaryImageOfPage\":{\"@id\":\"https:\/\/acostureira.com\/tienda\/mujer\/camiseta-mujer\/camiseta-mujer-xuntas\/#primaryimage\"},\"image\":{\"@id\":\"https:\/\/acostureira.com\/tienda\/mujer\/camiseta-mujer\/camiseta-mujer-xuntas\/#primaryimage\"},\"thumbnailUrl\":\"https:\/\/acostureira.com\/wp-content\/uploads\/2024\/03\/XUNTAS-SEMITONO-BLANCA-MULLER.png\",\"datePublished\":\"2024-03-04T12:41:50+00:00\",\"dateModified\":\"2024-06-20T07:55:14+00:00\",\"description\":\"Comprar camiseta de mujer xuntas. Camiseta 100% algod\u00f3n con una ilustraci\u00f3n de la obra original del artista gallego Leandro Lamas.\",\"breadcrumb\":{\"@id\":\"https:\/\/acostureira.com\/tienda\/mujer\/camiseta-mujer\/camiseta-mujer-xuntas\/#breadcrumb\"},\"inLanguage\":\"gl-ES\",\"potentialAction\":[{\"@type\":\"ReadAction\",\"target\":[\"https:\/\/acostureira.com\/tienda\/mujer\/camiseta-mujer\/camiseta-mujer-xuntas\/\"]}]},{\"@type\":\"ImageObject\",\"inLanguage\":\"gl-ES\",\"@id\":\"https:\/\/acostureira.com\/tienda\/mujer\/camiseta-mujer\/camiseta-mujer-xuntas\/#primaryimage\",\"url\":\"https:\/\/acostureira.com\/wp-content\/uploads\/2024\/03\/XUNTAS-SEMITONO-BLANCA-MULLER.png\",\"contentUrl\":\"https:\/\/acostureira.com\/wp-content\/uploads\/2024\/03\/XUNTAS-SEMITONO-BLANCA-MULLER.png\",\"width\":591,\"height\":591,\"caption\":\"CAMISETA MUJER XUNTAS\"},{\"@type\":\"BreadcrumbList\",\"@id\":\"https:\/\/acostureira.com\/tienda\/mujer\/camiseta-mujer\/camiseta-mujer-xuntas\/#breadcrumb\",\"itemListElement\":[{\"@type\":\"ListItem\",\"position\":1,\"name\":\"Portada\",\"item\":\"https:\/\/acostureira.com\/\"},{\"@type\":\"ListItem\",\"position\":2,\"name\":\"Todos nuestros productos\",\"item\":\"https:\/\/acostureira.com\/tienda\/\"},{\"@type\":\"ListItem\",\"position\":3,\"name\":\"CAMISETA MUJER XUNTAS\"}]},{\"@type\":\"WebSite\",\"@id\":\"https:\/\/acostureira.com\/#website\",\"url\":\"https:\/\/acostureira.com\/\",\"name\":\"Acostureira\",\"description\":\"Producto feminista y de Galicia\",\"publisher\":{\"@id\":\"https:\/\/acostureira.com\/#organization\"},\"potentialAction\":[{\"@type\":\"SearchAction\",\"target\":{\"@type\":\"EntryPoint\",\"urlTemplate\":\"https:\/\/acostureira.com\/?s={search_term_string}\"},\"query-input\":{\"@type\":\"PropertyValueSpecification\",\"valueRequired\":true,\"valueName\":\"search_term_string\"}}],\"inLanguage\":\"gl-ES\"},{\"@type\":\"Organization\",\"@id\":\"https:\/\/acostureira.com\/#organization\",\"name\":\"Acostureira\",\"url\":\"https:\/\/acostureira.com\/\",\"logo\":{\"@type\":\"ImageObject\",\"inLanguage\":\"gl-ES\",\"@id\":\"https:\/\/acostureira.com\/#\/schema\/logo\/image\/\",\"url\":\"https:\/\/acostureira.com\/wp-content\/uploads\/2022\/12\/cropped-LOGO-COSTUREIRA.png\",\"contentUrl\":\"https:\/\/acostureira.com\/wp-content\/uploads\/2022\/12\/cropped-LOGO-COSTUREIRA.png\",\"width\":512,\"height\":512,\"caption\":\"Acostureira\"},\"image\":{\"@id\":\"https:\/\/acostureira.com\/#\/schema\/logo\/image\/\"},\"sameAs\":[\"https:\/\/www.facebook.com\/acostureira19\",\"https:\/\/www.instagram.com\/acostureira19\/\"]}]}<\/script>\n<!-- \/ Yoast SEO plugin. -->","yoast_head_json":{"title":"CAMISETA DE MULLER XUNTAS","description":"Comprar camiseta de mujer xuntas. Camiseta 100% algod\u00f3n con una ilustraci\u00f3n de la obra original del artista gallego Leandro Lamas.","robots":{"index":"index","follow":"follow","max-snippet":"max-snippet:-1","max-image-preview":"max-image-preview:large","max-video-preview":"max-video-preview:-1"},"canonical":"https:\/\/acostureira.com\/gl\/tienda\/mujer\/camiseta-mujer\/camiseta-mujer-xuntas\/","og_locale":"gl_ES","og_type":"article","og_title":"CAMISETA MUJER XUNTAS","og_description":"Comprar camiseta de mujer xuntas. Camiseta 100% algod\u00f3n con una ilustraci\u00f3n de la obra original del artista gallego Leandro Lamas.","og_url":"https:\/\/acostureira.com\/gl\/tienda\/mujer\/camiseta-mujer\/camiseta-mujer-xuntas\/","og_site_name":"Acostureira","article_publisher":"https:\/\/www.facebook.com\/acostureira19","article_modified_time":"2024-06-20T07:55:14+00:00","og_image":[{"width":591,"height":591,"url":"https:\/\/acostureira.com\/wp-content\/uploads\/2024\/03\/XUNTAS-SEMITONO-BLANCA-MULLER.png","type":"image\/png"}],"twitter_card":"summary_large_image","twitter_misc":{"Tempo de lectura":"1 minuto"},"schema":{"@context":"https:\/\/schema.org","@graph":[{"@type":"WebPage","@id":"https:\/\/acostureira.com\/tienda\/mujer\/camiseta-mujer\/camiseta-mujer-xuntas\/","url":"https:\/\/acostureira.com\/tienda\/mujer\/camiseta-mujer\/camiseta-mujer-xuntas\/","name":"CAMISETA DE MULLER XUNTAS","isPartOf":{"@id":"https:\/\/acostureira.com\/#website"},"primaryImageOfPage":{"@id":"https:\/\/acostureira.com\/tienda\/mujer\/camiseta-mujer\/camiseta-mujer-xuntas\/#primaryimage"},"image":{"@id":"https:\/\/acostureira.com\/tienda\/mujer\/camiseta-mujer\/camiseta-mujer-xuntas\/#primaryimage"},"thumbnailUrl":"https:\/\/acostureira.com\/wp-content\/uploads\/2024\/03\/XUNTAS-SEMITONO-BLANCA-MULLER.png","datePublished":"2024-03-04T12:41:50+00:00","dateModified":"2024-06-20T07:55:14+00:00","description":"Comprar camiseta de mujer xuntas. Camiseta 100% algod\u00f3n con una ilustraci\u00f3n de la obra original del artista gallego Leandro Lamas.","breadcrumb":{"@id":"https:\/\/acostureira.com\/tienda\/mujer\/camiseta-mujer\/camiseta-mujer-xuntas\/#breadcrumb"},"inLanguage":"gl-ES","potentialAction":[{"@type":"ReadAction","target":["https:\/\/acostureira.com\/tienda\/mujer\/camiseta-mujer\/camiseta-mujer-xuntas\/"]}]},{"@type":"ImageObject","inLanguage":"gl-ES","@id":"https:\/\/acostureira.com\/tienda\/mujer\/camiseta-mujer\/camiseta-mujer-xuntas\/#primaryimage","url":"https:\/\/acostureira.com\/wp-content\/uploads\/2024\/03\/XUNTAS-SEMITONO-BLANCA-MULLER.png","contentUrl":"https:\/\/acostureira.com\/wp-content\/uploads\/2024\/03\/XUNTAS-SEMITONO-BLANCA-MULLER.png","width":591,"height":591,"caption":"CAMISETA MUJER XUNTAS"},{"@type":"BreadcrumbList","@id":"https:\/\/acostureira.com\/tienda\/mujer\/camiseta-mujer\/camiseta-mujer-xuntas\/#breadcrumb","itemListElement":[{"@type":"ListItem","position":1,"name":"Portada","item":"https:\/\/acostureira.com\/"},{"@type":"ListItem","position":2,"name":"Todos nuestros productos","item":"https:\/\/acostureira.com\/tienda\/"},{"@type":"ListItem","position":3,"name":"CAMISETA MUJER XUNTAS"}]},{"@type":"WebSite","@id":"https:\/\/acostureira.com\/#website","url":"https:\/\/acostureira.com\/","name":"Acostureira","description":"Produto feminista e galego","publisher":{"@id":"https:\/\/acostureira.com\/#organization"},"potentialAction":[{"@type":"SearchAction","target":{"@type":"EntryPoint","urlTemplate":"https:\/\/acostureira.com\/?s={search_term_string}"},"query-input":{"@type":"PropertyValueSpecification","valueRequired":true,"valueName":"search_term_string"}}],"inLanguage":"gl-ES"},{"@type":"Organization","@id":"https:\/\/acostureira.com\/#organization","name":"Acostureira","url":"https:\/\/acostureira.com\/","logo":{"@type":"ImageObject","inLanguage":"gl-ES","@id":"https:\/\/acostureira.com\/#\/schema\/logo\/image\/","url":"https:\/\/acostureira.com\/wp-content\/uploads\/2022\/12\/cropped-LOGO-COSTUREIRA.png","contentUrl":"https:\/\/acostureira.com\/wp-content\/uploads\/2022\/12\/cropped-LOGO-COSTUREIRA.png","width":512,"height":512,"caption":"Acostureira"},"image":{"@id":"https:\/\/acostureira.com\/#\/schema\/logo\/image\/"},"sameAs":["https:\/\/www.facebook.com\/acostureira19","https:\/\/www.instagram.com\/acostureira19\/"]}]}},"_links":{"self":[{"href":"https:\/\/acostureira.com\/gl\/wp-json\/wp\/v2\/product\/41276","targetHints":{"allow":["GET"]}}],"collection":[{"href":"https:\/\/acostureira.com\/gl\/wp-json\/wp\/v2\/product"}],"about":[{"href":"https:\/\/acostureira.com\/gl\/wp-json\/wp\/v2\/types\/product"}],"wp:featuredmedia":[{"embeddable":true,"href":"https:\/\/acostureira.com\/gl\/wp-json\/wp\/v2\/media\/41277"}],"wp:attachment":[{"href":"https:\/\/acostureira.com\/gl\/wp-json\/wp\/v2\/media?parent=41276"}],"wp:term":[{"taxonomy":"product_brand","embeddable":true,"href":"https:\/\/acostureira.com\/gl\/wp-json\/wp\/v2\/product_brand?post=41276"},{"taxonomy":"product_cat","embeddable":true,"href":"https:\/\/acostureira.com\/gl\/wp-json\/wp\/v2\/product_cat?post=41276"},{"taxonomy":"product_tag","embeddable":true,"href":"https:\/\/acostureira.com\/gl\/wp-json\/wp\/v2\/product_tag?post=41276"}],"curies":[{"name":"wp","href":"https:\/\/api.w.org\/{rel}","templated":true}]}}