{"id":41894,"date":"2024-04-18T15:30:06","date_gmt":"2024-04-18T13:30:06","guid":{"rendered":"https:\/\/acostureira.com\/?post_type=product&#038;p=41894"},"modified":"2026-02-10T11:59:32","modified_gmt":"2026-02-10T10:59:32","slug":"camiseta-unisex-mami-cana","status":"publish","type":"product","link":"https:\/\/acostureira.com\/gl\/tienda\/unisex\/camiseta-unisex\/camiseta-unisex-mami-cana\/","title":{"rendered":"CAMISETA UNISEX MOMMY CANE"},"content":{"rendered":"<h4>CAMISETA UNISEX MOMMY CANE<\/h4>\n<div class=\"content\" tabindex=\"0\" aria-description=\"\">\n<div class=\"ac-container ac-adaptiveCard\">\n<div class=\"ac-textBlock\">\n<p>\u00a0Present\u00e1mosvos a camiseta unisex \u201cMam\u00e1, \u00e9 un bast\u00f3n\u201d, o agasallo perfecto para amosarlle \u00e1 t\u00faa nai o moito que a aprecias. Cun dese\u00f1o moderno e unha mensaxe amorosa, esta camiseta \u00e9 algo m\u00e1is que unha peza de roupa; \u00c9 unha declaraci\u00f3n de amor e respecto.<\/p>\n<p>Celebra a singularidade daquela muller que che deu a vida.<\/p>\n<p>Feito con algod\u00f3n da m\u00e1xima calidade, garante a comodidade en todo momento, xa sexa para un d\u00eda de traballo ou para gozar dun merecido descanso. A frase &quot;Mam\u00e1, \u00e9 un bast\u00f3n&quot; est\u00e1 impresa con orgullo no peito, recordando a todos a frescura e o estilo inigualable da t\u00faa nai.<\/p>\n<p>Esta camiseta non \u00e9 s\u00f3 un agasallo, \u00e9 un s\u00edmbolo de momentos compartidos, risas, consellos e aventuras que s\u00f3 unha nai e o seu fillo poden entender.<\/p>\n<p>Ent\u00f3n, por que non lle regalas \u00e1 t\u00faa nai algo que poida levar con orgullo? Algo que cada vez que o mira, l\u00e9mbralle o especial que \u00e9 para ti. A camiseta de \u201cMam\u00e1, \u00e9 un bast\u00f3n\u201d \u00e9 m\u00e1is que un agasallo, \u00e9 unha aperta que podes po\u00f1er.<\/p>\n<p>Porque a t\u00faa nai non \u00e9 unha nai calquera, \u00e9 a mellor nai. E este ano, dille dun xeito \u00fanico: &quot;Mam\u00e1, \u00e9 un bast\u00f3n&quot;.<\/p>\n<p><span style=\"font-size: 16px;\">Non deixes de mirar <\/span><a style=\"font-size: 16px; background-color: #ffffff;\" href=\"https:\/\/acostureira.com\/gl\/product-category\/mujer\/\">outros dese\u00f1os<\/a><span style=\"font-size: 16px;\"> que tam\u00e9n te far\u00e1n estar \u00e1 \u00faltima!!!<\/span><\/p>\n<\/div>\n<\/div>\n<\/div>\n<p><a href=\"https:\/\/www.instagram.com\/acostureira19\/\">S\u00edguenos<\/a> nas nosas redes para estar ao d\u00eda das nosas novidades!<\/p>\n<p>&nbsp;<\/p>","protected":false},"excerpt":{"rendered":"<p>Dillo cunha camiseta!<br \/>\nCamiseta 100% algod\u00f3n 170gr.<br \/>\nDese\u00f1o e impresi\u00f3n dixital feitas en Galicia<\/p>","protected":false},"featured_media":41895,"template":"","meta":{"site-sidebar-layout":"default","site-content-layout":"","ast-site-content-layout":"default","site-content-style":"default","site-sidebar-style":"default","ast-global-header-display":"","ast-banner-title-visibility":"","ast-main-header-display":"","ast-hfb-above-header-display":"","ast-hfb-below-header-display":"","ast-hfb-mobile-header-display":"","site-post-title":"","ast-breadcrumbs-content":"","ast-featured-img":"","footer-sml-layout":"","ast-disable-related-posts":"","theme-transparent-header-meta":"default","adv-header-id-meta":"","stick-header-meta":"default","header-above-stick-meta":"","header-main-stick-meta":"","header-below-stick-meta":"","astra-migrate-meta-layouts":"set","ast-page-background-enabled":"default","ast-page-background-meta":{"desktop":{"background-color":"var(--ast-global-color-4)","background-image":"","background-repeat":"repeat","background-position":"center center","background-size":"auto","background-attachment":"scroll","background-type":"","background-media":"","overlay-type":"","overlay-color":"","overlay-opacity":"","overlay-gradient":""},"tablet":{"background-color":"","background-image":"","background-repeat":"repeat","background-position":"center center","background-size":"auto","background-attachment":"scroll","background-type":"","background-media":"","overlay-type":"","overlay-color":"","overlay-opacity":"","overlay-gradient":""},"mobile":{"background-color":"","background-image":"","background-repeat":"repeat","background-position":"center center","background-size":"auto","background-attachment":"scroll","background-type":"","background-media":"","overlay-type":"","overlay-color":"","overlay-opacity":"","overlay-gradient":""}},"ast-content-background-meta":{"desktop":{"background-color":"var(--ast-global-color-5)","background-image":"","background-repeat":"repeat","background-position":"center center","background-size":"auto","background-attachment":"scroll","background-type":"","background-media":"","overlay-type":"","overlay-color":"","overlay-opacity":"","overlay-gradient":""},"tablet":{"background-color":"var(--ast-global-color-5)","background-image":"","background-repeat":"repeat","background-position":"center center","background-size":"auto","background-attachment":"scroll","background-type":"","background-media":"","overlay-type":"","overlay-color":"","overlay-opacity":"","overlay-gradient":""},"mobile":{"background-color":"var(--ast-global-color-5)","background-image":"","background-repeat":"repeat","background-position":"center center","background-size":"auto","background-attachment":"scroll","background-type":"","background-media":"","overlay-type":"","overlay-color":"","overlay-opacity":"","overlay-gradient":""}}},"product_brand":[],"product_cat":[193,171,527,164],"product_tag":[532,150,424,374,451,422,528,531,169,185],"class_list":{"0":"post-41894","1":"product","2":"type-product","3":"status-publish","4":"has-post-thumbnail","6":"product_cat-acostureira","7":"product_cat-camiseta-unisex","8":"product_cat-dia_da_nai","9":"product_cat-unisex","10":"product_tag-amor","11":"product_tag-camiseta","12":"product_tag-dia-de-la-madre","13":"product_tag-galego","14":"product_tag-galicia","15":"product_tag-mama","16":"product_tag-mami","17":"product_tag-mami-es-a-cana","18":"product_tag-negra","19":"product_tag-unisex","20":"desktop-align-center","21":"tablet-align-left","22":"mobile-align-left","23":"ast-product-gallery-layout-first-image-large","24":"ast-product-single-variable","25":"ast-product-tabs-layout-horizontal","26":"ast-qv-on-image","28":"first","29":"instock","30":"taxable","31":"shipping-taxable","32":"purchasable","33":"product-type-variable","34":"has-default-attributes"},"yoast_head":"<!-- This site is optimized with the Yoast SEO plugin v27.2 - https:\/\/yoast.com\/product\/yoast-seo-wordpress\/ -->\n<title>CAMISETA UNISEX MAMI CA\u00d1A<\/title>\n<meta name=\"description\" content=\"Compra esta camiseta unisex de m\u00e1xima calidad con un mensaje sencillo pero claro: MAMI, ES A CA\u00d1A. D\u00edselo con un camiseta!!!\" \/>\n<meta name=\"robots\" content=\"index, follow, max-snippet:-1, max-image-preview:large, max-video-preview:-1\" \/>\n<link rel=\"canonical\" href=\"https:\/\/acostureira.com\/gl\/tienda\/unisex\/camiseta-unisex\/camiseta-unisex-mami-cana\/\" \/>\n<meta property=\"og:locale\" content=\"gl_ES\" \/>\n<meta property=\"og:type\" content=\"article\" \/>\n<meta property=\"og:title\" content=\"CAMISETA UNISEX MAMI CA\u00d1A\" \/>\n<meta property=\"og:description\" content=\"Compra esta camiseta unisex de m\u00e1xima calidad con un mensaje sencillo pero claro: MAMI, ES A CA\u00d1A. D\u00edselo con un camiseta!!!\" \/>\n<meta property=\"og:url\" content=\"https:\/\/acostureira.com\/gl\/tienda\/unisex\/camiseta-unisex\/camiseta-unisex-mami-cana\/\" \/>\n<meta property=\"og:site_name\" content=\"Acostureira\" \/>\n<meta property=\"article:publisher\" content=\"https:\/\/www.facebook.com\/acostureira19\" \/>\n<meta property=\"article:modified_time\" content=\"2026-02-10T10:59:32+00:00\" \/>\n<meta property=\"og:image\" content=\"https:\/\/acostureira.com\/wp-content\/uploads\/2024\/04\/MAMI-CANA-UNISEX-NEGRA.png\" \/>\n\t<meta property=\"og:image:width\" content=\"591\" \/>\n\t<meta property=\"og:image:height\" content=\"591\" \/>\n\t<meta property=\"og:image:type\" content=\"image\/png\" \/>\n<meta name=\"twitter:card\" content=\"summary_large_image\" \/>\n<meta name=\"twitter:label1\" content=\"Tempo de lectura\" \/>\n\t<meta name=\"twitter:data1\" content=\"2 minutos\" \/>\n<script type=\"application\/ld+json\" class=\"yoast-schema-graph\">{\"@context\":\"https:\/\/schema.org\",\"@graph\":[{\"@type\":\"WebPage\",\"@id\":\"https:\/\/acostureira.com\/tienda\/unisex\/camiseta-unisex\/camiseta-unisex-mami-cana\/\",\"url\":\"https:\/\/acostureira.com\/tienda\/unisex\/camiseta-unisex\/camiseta-unisex-mami-cana\/\",\"name\":\"CAMISETA UNISEX MAMI CA\u00d1A\",\"isPartOf\":{\"@id\":\"https:\/\/acostureira.com\/#website\"},\"primaryImageOfPage\":{\"@id\":\"https:\/\/acostureira.com\/tienda\/unisex\/camiseta-unisex\/camiseta-unisex-mami-cana\/#primaryimage\"},\"image\":{\"@id\":\"https:\/\/acostureira.com\/tienda\/unisex\/camiseta-unisex\/camiseta-unisex-mami-cana\/#primaryimage\"},\"thumbnailUrl\":\"https:\/\/acostureira.com\/wp-content\/uploads\/2024\/04\/MAMI-CANA-UNISEX-NEGRA.png\",\"datePublished\":\"2024-04-18T13:30:06+00:00\",\"dateModified\":\"2026-02-10T10:59:32+00:00\",\"description\":\"Compra esta camiseta unisex de m\u00e1xima calidad con un mensaje sencillo pero claro: MAMI, ES A CA\u00d1A. D\u00edselo con un camiseta!!!\",\"breadcrumb\":{\"@id\":\"https:\/\/acostureira.com\/tienda\/unisex\/camiseta-unisex\/camiseta-unisex-mami-cana\/#breadcrumb\"},\"inLanguage\":\"gl-ES\",\"potentialAction\":[{\"@type\":\"ReadAction\",\"target\":[\"https:\/\/acostureira.com\/tienda\/unisex\/camiseta-unisex\/camiseta-unisex-mami-cana\/\"]}]},{\"@type\":\"ImageObject\",\"inLanguage\":\"gl-ES\",\"@id\":\"https:\/\/acostureira.com\/tienda\/unisex\/camiseta-unisex\/camiseta-unisex-mami-cana\/#primaryimage\",\"url\":\"https:\/\/acostureira.com\/wp-content\/uploads\/2024\/04\/MAMI-CANA-UNISEX-NEGRA.png\",\"contentUrl\":\"https:\/\/acostureira.com\/wp-content\/uploads\/2024\/04\/MAMI-CANA-UNISEX-NEGRA.png\",\"width\":591,\"height\":591,\"caption\":\"CAMISETA MAMI CA\u00d1A\"},{\"@type\":\"BreadcrumbList\",\"@id\":\"https:\/\/acostureira.com\/tienda\/unisex\/camiseta-unisex\/camiseta-unisex-mami-cana\/#breadcrumb\",\"itemListElement\":[{\"@type\":\"ListItem\",\"position\":1,\"name\":\"Portada\",\"item\":\"https:\/\/acostureira.com\/\"},{\"@type\":\"ListItem\",\"position\":2,\"name\":\"Todos nuestros productos\",\"item\":\"https:\/\/acostureira.com\/tienda\/\"},{\"@type\":\"ListItem\",\"position\":3,\"name\":\"CAMISETA UNISEX MAMI CA\u00d1A\"}]},{\"@type\":\"WebSite\",\"@id\":\"https:\/\/acostureira.com\/#website\",\"url\":\"https:\/\/acostureira.com\/\",\"name\":\"Acostureira\",\"description\":\"Producto feminista y de Galicia\",\"publisher\":{\"@id\":\"https:\/\/acostureira.com\/#organization\"},\"potentialAction\":[{\"@type\":\"SearchAction\",\"target\":{\"@type\":\"EntryPoint\",\"urlTemplate\":\"https:\/\/acostureira.com\/?s={search_term_string}\"},\"query-input\":{\"@type\":\"PropertyValueSpecification\",\"valueRequired\":true,\"valueName\":\"search_term_string\"}}],\"inLanguage\":\"gl-ES\"},{\"@type\":\"Organization\",\"@id\":\"https:\/\/acostureira.com\/#organization\",\"name\":\"Acostureira\",\"url\":\"https:\/\/acostureira.com\/\",\"logo\":{\"@type\":\"ImageObject\",\"inLanguage\":\"gl-ES\",\"@id\":\"https:\/\/acostureira.com\/#\/schema\/logo\/image\/\",\"url\":\"https:\/\/acostureira.com\/wp-content\/uploads\/2022\/12\/cropped-LOGO-COSTUREIRA.png\",\"contentUrl\":\"https:\/\/acostureira.com\/wp-content\/uploads\/2022\/12\/cropped-LOGO-COSTUREIRA.png\",\"width\":512,\"height\":512,\"caption\":\"Acostureira\"},\"image\":{\"@id\":\"https:\/\/acostureira.com\/#\/schema\/logo\/image\/\"},\"sameAs\":[\"https:\/\/www.facebook.com\/acostureira19\",\"https:\/\/www.instagram.com\/acostureira19\/\"]}]}<\/script>\n<!-- \/ Yoast SEO plugin. -->","yoast_head_json":{"title":"CAMISETA UNISEX MOMMY CANE","description":"Compra esta camiseta unisex de m\u00e1xima calidad con un mensaje sencillo pero claro: MAMI, ES A CA\u00d1A. D\u00edselo con un camiseta!!!","robots":{"index":"index","follow":"follow","max-snippet":"max-snippet:-1","max-image-preview":"max-image-preview:large","max-video-preview":"max-video-preview:-1"},"canonical":"https:\/\/acostureira.com\/gl\/tienda\/unisex\/camiseta-unisex\/camiseta-unisex-mami-cana\/","og_locale":"gl_ES","og_type":"article","og_title":"CAMISETA UNISEX MAMI CA\u00d1A","og_description":"Compra esta camiseta unisex de m\u00e1xima calidad con un mensaje sencillo pero claro: MAMI, ES A CA\u00d1A. D\u00edselo con un camiseta!!!","og_url":"https:\/\/acostureira.com\/gl\/tienda\/unisex\/camiseta-unisex\/camiseta-unisex-mami-cana\/","og_site_name":"Acostureira","article_publisher":"https:\/\/www.facebook.com\/acostureira19","article_modified_time":"2026-02-10T10:59:32+00:00","og_image":[{"width":591,"height":591,"url":"https:\/\/acostureira.com\/wp-content\/uploads\/2024\/04\/MAMI-CANA-UNISEX-NEGRA.png","type":"image\/png"}],"twitter_card":"summary_large_image","twitter_misc":{"Tempo de lectura":"2 minutos"},"schema":{"@context":"https:\/\/schema.org","@graph":[{"@type":"WebPage","@id":"https:\/\/acostureira.com\/tienda\/unisex\/camiseta-unisex\/camiseta-unisex-mami-cana\/","url":"https:\/\/acostureira.com\/tienda\/unisex\/camiseta-unisex\/camiseta-unisex-mami-cana\/","name":"CAMISETA UNISEX MOMMY CANE","isPartOf":{"@id":"https:\/\/acostureira.com\/#website"},"primaryImageOfPage":{"@id":"https:\/\/acostureira.com\/tienda\/unisex\/camiseta-unisex\/camiseta-unisex-mami-cana\/#primaryimage"},"image":{"@id":"https:\/\/acostureira.com\/tienda\/unisex\/camiseta-unisex\/camiseta-unisex-mami-cana\/#primaryimage"},"thumbnailUrl":"https:\/\/acostureira.com\/wp-content\/uploads\/2024\/04\/MAMI-CANA-UNISEX-NEGRA.png","datePublished":"2024-04-18T13:30:06+00:00","dateModified":"2026-02-10T10:59:32+00:00","description":"Compra esta camiseta unisex de m\u00e1xima calidad con un mensaje sencillo pero claro: MAMI, ES A CA\u00d1A. D\u00edselo con un camiseta!!!","breadcrumb":{"@id":"https:\/\/acostureira.com\/tienda\/unisex\/camiseta-unisex\/camiseta-unisex-mami-cana\/#breadcrumb"},"inLanguage":"gl-ES","potentialAction":[{"@type":"ReadAction","target":["https:\/\/acostureira.com\/tienda\/unisex\/camiseta-unisex\/camiseta-unisex-mami-cana\/"]}]},{"@type":"ImageObject","inLanguage":"gl-ES","@id":"https:\/\/acostureira.com\/tienda\/unisex\/camiseta-unisex\/camiseta-unisex-mami-cana\/#primaryimage","url":"https:\/\/acostureira.com\/wp-content\/uploads\/2024\/04\/MAMI-CANA-UNISEX-NEGRA.png","contentUrl":"https:\/\/acostureira.com\/wp-content\/uploads\/2024\/04\/MAMI-CANA-UNISEX-NEGRA.png","width":591,"height":591,"caption":"CAMISETA MAMI CA\u00d1A"},{"@type":"BreadcrumbList","@id":"https:\/\/acostureira.com\/tienda\/unisex\/camiseta-unisex\/camiseta-unisex-mami-cana\/#breadcrumb","itemListElement":[{"@type":"ListItem","position":1,"name":"Portada","item":"https:\/\/acostureira.com\/"},{"@type":"ListItem","position":2,"name":"Todos nuestros productos","item":"https:\/\/acostureira.com\/tienda\/"},{"@type":"ListItem","position":3,"name":"CAMISETA UNISEX MAMI CA\u00d1A"}]},{"@type":"WebSite","@id":"https:\/\/acostureira.com\/#website","url":"https:\/\/acostureira.com\/","name":"Acostureira","description":"Produto feminista e galego","publisher":{"@id":"https:\/\/acostureira.com\/#organization"},"potentialAction":[{"@type":"SearchAction","target":{"@type":"EntryPoint","urlTemplate":"https:\/\/acostureira.com\/?s={search_term_string}"},"query-input":{"@type":"PropertyValueSpecification","valueRequired":true,"valueName":"search_term_string"}}],"inLanguage":"gl-ES"},{"@type":"Organization","@id":"https:\/\/acostureira.com\/#organization","name":"Acostureira","url":"https:\/\/acostureira.com\/","logo":{"@type":"ImageObject","inLanguage":"gl-ES","@id":"https:\/\/acostureira.com\/#\/schema\/logo\/image\/","url":"https:\/\/acostureira.com\/wp-content\/uploads\/2022\/12\/cropped-LOGO-COSTUREIRA.png","contentUrl":"https:\/\/acostureira.com\/wp-content\/uploads\/2022\/12\/cropped-LOGO-COSTUREIRA.png","width":512,"height":512,"caption":"Acostureira"},"image":{"@id":"https:\/\/acostureira.com\/#\/schema\/logo\/image\/"},"sameAs":["https:\/\/www.facebook.com\/acostureira19","https:\/\/www.instagram.com\/acostureira19\/"]}]}},"_links":{"self":[{"href":"https:\/\/acostureira.com\/gl\/wp-json\/wp\/v2\/product\/41894","targetHints":{"allow":["GET"]}}],"collection":[{"href":"https:\/\/acostureira.com\/gl\/wp-json\/wp\/v2\/product"}],"about":[{"href":"https:\/\/acostureira.com\/gl\/wp-json\/wp\/v2\/types\/product"}],"wp:featuredmedia":[{"embeddable":true,"href":"https:\/\/acostureira.com\/gl\/wp-json\/wp\/v2\/media\/41895"}],"wp:attachment":[{"href":"https:\/\/acostureira.com\/gl\/wp-json\/wp\/v2\/media?parent=41894"}],"wp:term":[{"taxonomy":"product_brand","embeddable":true,"href":"https:\/\/acostureira.com\/gl\/wp-json\/wp\/v2\/product_brand?post=41894"},{"taxonomy":"product_cat","embeddable":true,"href":"https:\/\/acostureira.com\/gl\/wp-json\/wp\/v2\/product_cat?post=41894"},{"taxonomy":"product_tag","embeddable":true,"href":"https:\/\/acostureira.com\/gl\/wp-json\/wp\/v2\/product_tag?post=41894"}],"curies":[{"name":"wp","href":"https:\/\/api.w.org\/{rel}","templated":true}]}}