{"id":42112,"date":"2024-05-02T20:42:51","date_gmt":"2024-05-02T18:42:51","guid":{"rendered":"https:\/\/acostureira.com\/?post_type=product&#038;p=42112"},"modified":"2026-03-18T12:22:13","modified_gmt":"2026-03-18T11:22:13","slug":"bolsa_pierdo_las_formas","status":"publish","type":"product","link":"https:\/\/acostureira.com\/gl\/tienda\/otros\/bolsas\/bolsa_pierdo_las_formas\/","title":{"rendered":"Bolsa Pierdo Las Formas"},"content":{"rendered":"<h2>BOLSA PERDO AS FORMAS<\/h2>\n<p><span class=\"fs11lh1-5\">Bolsa de algod\u00f3n 100% de 300 gr. Para deixar as cousas claras, perdo a mi\u00f1a forma pero non a mi\u00f1a raz\u00f3n <a href=\"https:\/\/www.instagram.com\/henarconh_\/\">Henar<\/a>.<\/span><\/p>\n<p>Pronto ter\u00e1s m\u00e1is cousas xeniais de esta DEUSA!<\/p>","protected":false},"excerpt":{"rendered":"<p>Nova creaci\u00f3n de Henar \u00c1lvarez<br \/>\nBolsa 100% algod\u00f3n de 300gr<br \/>\nImpresi\u00f3n personalizada a 1 tinta feita en Galicia.<\/p>","protected":false},"featured_media":42113,"template":"","meta":{"site-sidebar-layout":"default","site-content-layout":"","ast-site-content-layout":"default","site-content-style":"default","site-sidebar-style":"default","ast-global-header-display":"","ast-banner-title-visibility":"","ast-main-header-display":"","ast-hfb-above-header-display":"","ast-hfb-below-header-display":"","ast-hfb-mobile-header-display":"","site-post-title":"","ast-breadcrumbs-content":"","ast-featured-img":"","footer-sml-layout":"","ast-disable-related-posts":"","theme-transparent-header-meta":"default","adv-header-id-meta":"","stick-header-meta":"default","header-above-stick-meta":"","header-main-stick-meta":"","header-below-stick-meta":"","astra-migrate-meta-layouts":"set","ast-page-background-enabled":"default","ast-page-background-meta":{"desktop":{"background-color":"var(--ast-global-color-4)","background-image":"","background-repeat":"repeat","background-position":"center center","background-size":"auto","background-attachment":"scroll","background-type":"","background-media":"","overlay-type":"","overlay-color":"","overlay-opacity":"","overlay-gradient":""},"tablet":{"background-color":"","background-image":"","background-repeat":"repeat","background-position":"center center","background-size":"auto","background-attachment":"scroll","background-type":"","background-media":"","overlay-type":"","overlay-color":"","overlay-opacity":"","overlay-gradient":""},"mobile":{"background-color":"","background-image":"","background-repeat":"repeat","background-position":"center center","background-size":"auto","background-attachment":"scroll","background-type":"","background-media":"","overlay-type":"","overlay-color":"","overlay-opacity":"","overlay-gradient":""}},"ast-content-background-meta":{"desktop":{"background-color":"var(--ast-global-color-5)","background-image":"","background-repeat":"repeat","background-position":"center center","background-size":"auto","background-attachment":"scroll","background-type":"","background-media":"","overlay-type":"","overlay-color":"","overlay-opacity":"","overlay-gradient":""},"tablet":{"background-color":"var(--ast-global-color-5)","background-image":"","background-repeat":"repeat","background-position":"center center","background-size":"auto","background-attachment":"scroll","background-type":"","background-media":"","overlay-type":"","overlay-color":"","overlay-opacity":"","overlay-gradient":""},"mobile":{"background-color":"var(--ast-global-color-5)","background-image":"","background-repeat":"repeat","background-position":"center center","background-size":"auto","background-attachment":"scroll","background-type":"","background-media":"","overlay-type":"","overlay-color":"","overlay-opacity":"","overlay-gradient":""}}},"product_brand":[],"product_cat":[219,524,526],"product_tag":[533,173,214,172,150,215,169,185],"class_list":{"0":"post-42112","1":"product","2":"type-product","3":"status-publish","4":"has-post-thumbnail","6":"product_cat-bolsas","7":"product_cat-feminismo","8":"product_cat-henar","9":"product_tag-algodon","10":"product_tag-blanca","11":"product_tag-bolsa","12":"product_tag-buenismo","13":"product_tag-camiseta","14":"product_tag-loca","15":"product_tag-negra","16":"product_tag-unisex","17":"desktop-align-center","18":"tablet-align-left","19":"mobile-align-left","20":"ast-product-gallery-layout-first-image-large","21":"ast-product-tabs-layout-horizontal","22":"ast-qv-on-image","24":"first","25":"instock","26":"taxable","27":"shipping-taxable","28":"purchasable","29":"product-type-simple"},"yoast_head":"<!-- This site is optimized with the Yoast SEO plugin v27.2 - https:\/\/yoast.com\/product\/yoast-seo-wordpress\/ -->\n<title>Bolsa Pierdo Las Formas<\/title>\n<meta name=\"description\" content=\"Compar bolsa 100% algod\u00f3n pierdo las formas. Una nueva bolsa creaci\u00f3n de Henar \u00c1lvarez sin la que no te puedes quedar! Calla bocas con esta maravilla!\" \/>\n<meta name=\"robots\" content=\"index, follow, max-snippet:-1, max-image-preview:large, max-video-preview:-1\" \/>\n<link rel=\"canonical\" href=\"https:\/\/acostureira.com\/gl\/tienda\/otros\/bolsas\/bolsa_pierdo_las_formas\/\" \/>\n<meta property=\"og:locale\" content=\"gl_ES\" \/>\n<meta property=\"og:type\" content=\"article\" \/>\n<meta property=\"og:title\" content=\"Bolsa Pierdo Las Formas\" \/>\n<meta property=\"og:description\" content=\"Compar bolsa 100% algod\u00f3n pierdo las formas. Una nueva bolsa creaci\u00f3n de Henar \u00c1lvarez sin la que no te puedes quedar! Calla bocas con esta maravilla!\" \/>\n<meta property=\"og:url\" content=\"https:\/\/acostureira.com\/gl\/tienda\/otros\/bolsas\/bolsa_pierdo_las_formas\/\" \/>\n<meta property=\"og:site_name\" content=\"Acostureira\" \/>\n<meta property=\"article:publisher\" content=\"https:\/\/www.facebook.com\/acostureira19\" \/>\n<meta property=\"article:modified_time\" content=\"2026-03-18T11:22:13+00:00\" \/>\n<meta property=\"og:image\" content=\"https:\/\/acostureira.com\/wp-content\/uploads\/2024\/05\/BOLSA-PIERDO-LAS-FORMAS.jpg\" \/>\n\t<meta property=\"og:image:width\" content=\"591\" \/>\n\t<meta property=\"og:image:height\" content=\"591\" \/>\n\t<meta property=\"og:image:type\" content=\"image\/jpeg\" \/>\n<meta name=\"twitter:card\" content=\"summary_large_image\" \/>\n<meta name=\"twitter:label1\" content=\"Tempo de lectura\" \/>\n\t<meta name=\"twitter:data1\" content=\"1 minuto\" \/>\n<script type=\"application\/ld+json\" class=\"yoast-schema-graph\">{\"@context\":\"https:\/\/schema.org\",\"@graph\":[{\"@type\":\"WebPage\",\"@id\":\"https:\/\/acostureira.com\/tienda\/otros\/bolsas\/bolsa_pierdo_las_formas\/\",\"url\":\"https:\/\/acostureira.com\/tienda\/otros\/bolsas\/bolsa_pierdo_las_formas\/\",\"name\":\"Bolsa Pierdo Las Formas\",\"isPartOf\":{\"@id\":\"https:\/\/acostureira.com\/#website\"},\"primaryImageOfPage\":{\"@id\":\"https:\/\/acostureira.com\/tienda\/otros\/bolsas\/bolsa_pierdo_las_formas\/#primaryimage\"},\"image\":{\"@id\":\"https:\/\/acostureira.com\/tienda\/otros\/bolsas\/bolsa_pierdo_las_formas\/#primaryimage\"},\"thumbnailUrl\":\"https:\/\/acostureira.com\/wp-content\/uploads\/2024\/05\/BOLSA-PIERDO-LAS-FORMAS.jpg\",\"datePublished\":\"2024-05-02T18:42:51+00:00\",\"dateModified\":\"2026-03-18T11:22:13+00:00\",\"description\":\"Compar bolsa 100% algod\u00f3n pierdo las formas. Una nueva bolsa creaci\u00f3n de Henar \u00c1lvarez sin la que no te puedes quedar! Calla bocas con esta maravilla!\",\"breadcrumb\":{\"@id\":\"https:\/\/acostureira.com\/tienda\/otros\/bolsas\/bolsa_pierdo_las_formas\/#breadcrumb\"},\"inLanguage\":\"gl-ES\",\"potentialAction\":[{\"@type\":\"ReadAction\",\"target\":[\"https:\/\/acostureira.com\/tienda\/otros\/bolsas\/bolsa_pierdo_las_formas\/\"]}]},{\"@type\":\"ImageObject\",\"inLanguage\":\"gl-ES\",\"@id\":\"https:\/\/acostureira.com\/tienda\/otros\/bolsas\/bolsa_pierdo_las_formas\/#primaryimage\",\"url\":\"https:\/\/acostureira.com\/wp-content\/uploads\/2024\/05\/BOLSA-PIERDO-LAS-FORMAS.jpg\",\"contentUrl\":\"https:\/\/acostureira.com\/wp-content\/uploads\/2024\/05\/BOLSA-PIERDO-LAS-FORMAS.jpg\",\"width\":591,\"height\":591,\"caption\":\"bolsa pierdo las formas\"},{\"@type\":\"BreadcrumbList\",\"@id\":\"https:\/\/acostureira.com\/tienda\/otros\/bolsas\/bolsa_pierdo_las_formas\/#breadcrumb\",\"itemListElement\":[{\"@type\":\"ListItem\",\"position\":1,\"name\":\"Portada\",\"item\":\"https:\/\/acostureira.com\/\"},{\"@type\":\"ListItem\",\"position\":2,\"name\":\"Todos nuestros productos\",\"item\":\"https:\/\/acostureira.com\/tienda\/\"},{\"@type\":\"ListItem\",\"position\":3,\"name\":\"Bolsa Pierdo Las Formas\"}]},{\"@type\":\"WebSite\",\"@id\":\"https:\/\/acostureira.com\/#website\",\"url\":\"https:\/\/acostureira.com\/\",\"name\":\"Acostureira\",\"description\":\"Producto feminista y de Galicia\",\"publisher\":{\"@id\":\"https:\/\/acostureira.com\/#organization\"},\"potentialAction\":[{\"@type\":\"SearchAction\",\"target\":{\"@type\":\"EntryPoint\",\"urlTemplate\":\"https:\/\/acostureira.com\/?s={search_term_string}\"},\"query-input\":{\"@type\":\"PropertyValueSpecification\",\"valueRequired\":true,\"valueName\":\"search_term_string\"}}],\"inLanguage\":\"gl-ES\"},{\"@type\":\"Organization\",\"@id\":\"https:\/\/acostureira.com\/#organization\",\"name\":\"Acostureira\",\"url\":\"https:\/\/acostureira.com\/\",\"logo\":{\"@type\":\"ImageObject\",\"inLanguage\":\"gl-ES\",\"@id\":\"https:\/\/acostureira.com\/#\/schema\/logo\/image\/\",\"url\":\"https:\/\/acostureira.com\/wp-content\/uploads\/2022\/12\/cropped-LOGO-COSTUREIRA.png\",\"contentUrl\":\"https:\/\/acostureira.com\/wp-content\/uploads\/2022\/12\/cropped-LOGO-COSTUREIRA.png\",\"width\":512,\"height\":512,\"caption\":\"Acostureira\"},\"image\":{\"@id\":\"https:\/\/acostureira.com\/#\/schema\/logo\/image\/\"},\"sameAs\":[\"https:\/\/www.facebook.com\/acostureira19\",\"https:\/\/www.instagram.com\/acostureira19\/\"]}]}<\/script>\n<!-- \/ Yoast SEO plugin. -->","yoast_head_json":{"title":"Bolsa Pierdo Las Formas","description":"Compar bolsa 100% algod\u00f3n pierdo las formas. Una nueva bolsa creaci\u00f3n de Henar \u00c1lvarez sin la que no te puedes quedar! Calla bocas con esta maravilla!","robots":{"index":"index","follow":"follow","max-snippet":"max-snippet:-1","max-image-preview":"max-image-preview:large","max-video-preview":"max-video-preview:-1"},"canonical":"https:\/\/acostureira.com\/gl\/tienda\/otros\/bolsas\/bolsa_pierdo_las_formas\/","og_locale":"gl_ES","og_type":"article","og_title":"Bolsa Pierdo Las Formas","og_description":"Compar bolsa 100% algod\u00f3n pierdo las formas. Una nueva bolsa creaci\u00f3n de Henar \u00c1lvarez sin la que no te puedes quedar! Calla bocas con esta maravilla!","og_url":"https:\/\/acostureira.com\/gl\/tienda\/otros\/bolsas\/bolsa_pierdo_las_formas\/","og_site_name":"Acostureira","article_publisher":"https:\/\/www.facebook.com\/acostureira19","article_modified_time":"2026-03-18T11:22:13+00:00","og_image":[{"width":591,"height":591,"url":"https:\/\/acostureira.com\/wp-content\/uploads\/2024\/05\/BOLSA-PIERDO-LAS-FORMAS.jpg","type":"image\/jpeg"}],"twitter_card":"summary_large_image","twitter_misc":{"Tempo de lectura":"1 minuto"},"schema":{"@context":"https:\/\/schema.org","@graph":[{"@type":"WebPage","@id":"https:\/\/acostureira.com\/tienda\/otros\/bolsas\/bolsa_pierdo_las_formas\/","url":"https:\/\/acostureira.com\/tienda\/otros\/bolsas\/bolsa_pierdo_las_formas\/","name":"Bolsa Pierdo Las Formas","isPartOf":{"@id":"https:\/\/acostureira.com\/#website"},"primaryImageOfPage":{"@id":"https:\/\/acostureira.com\/tienda\/otros\/bolsas\/bolsa_pierdo_las_formas\/#primaryimage"},"image":{"@id":"https:\/\/acostureira.com\/tienda\/otros\/bolsas\/bolsa_pierdo_las_formas\/#primaryimage"},"thumbnailUrl":"https:\/\/acostureira.com\/wp-content\/uploads\/2024\/05\/BOLSA-PIERDO-LAS-FORMAS.jpg","datePublished":"2024-05-02T18:42:51+00:00","dateModified":"2026-03-18T11:22:13+00:00","description":"Compar bolsa 100% algod\u00f3n pierdo las formas. Una nueva bolsa creaci\u00f3n de Henar \u00c1lvarez sin la que no te puedes quedar! Calla bocas con esta maravilla!","breadcrumb":{"@id":"https:\/\/acostureira.com\/tienda\/otros\/bolsas\/bolsa_pierdo_las_formas\/#breadcrumb"},"inLanguage":"gl-ES","potentialAction":[{"@type":"ReadAction","target":["https:\/\/acostureira.com\/tienda\/otros\/bolsas\/bolsa_pierdo_las_formas\/"]}]},{"@type":"ImageObject","inLanguage":"gl-ES","@id":"https:\/\/acostureira.com\/tienda\/otros\/bolsas\/bolsa_pierdo_las_formas\/#primaryimage","url":"https:\/\/acostureira.com\/wp-content\/uploads\/2024\/05\/BOLSA-PIERDO-LAS-FORMAS.jpg","contentUrl":"https:\/\/acostureira.com\/wp-content\/uploads\/2024\/05\/BOLSA-PIERDO-LAS-FORMAS.jpg","width":591,"height":591,"caption":"bolsa pierdo las formas"},{"@type":"BreadcrumbList","@id":"https:\/\/acostureira.com\/tienda\/otros\/bolsas\/bolsa_pierdo_las_formas\/#breadcrumb","itemListElement":[{"@type":"ListItem","position":1,"name":"Portada","item":"https:\/\/acostureira.com\/"},{"@type":"ListItem","position":2,"name":"Todos nuestros productos","item":"https:\/\/acostureira.com\/tienda\/"},{"@type":"ListItem","position":3,"name":"Bolsa Pierdo Las Formas"}]},{"@type":"WebSite","@id":"https:\/\/acostureira.com\/#website","url":"https:\/\/acostureira.com\/","name":"Acostureira","description":"Produto feminista e galego","publisher":{"@id":"https:\/\/acostureira.com\/#organization"},"potentialAction":[{"@type":"SearchAction","target":{"@type":"EntryPoint","urlTemplate":"https:\/\/acostureira.com\/?s={search_term_string}"},"query-input":{"@type":"PropertyValueSpecification","valueRequired":true,"valueName":"search_term_string"}}],"inLanguage":"gl-ES"},{"@type":"Organization","@id":"https:\/\/acostureira.com\/#organization","name":"Acostureira","url":"https:\/\/acostureira.com\/","logo":{"@type":"ImageObject","inLanguage":"gl-ES","@id":"https:\/\/acostureira.com\/#\/schema\/logo\/image\/","url":"https:\/\/acostureira.com\/wp-content\/uploads\/2022\/12\/cropped-LOGO-COSTUREIRA.png","contentUrl":"https:\/\/acostureira.com\/wp-content\/uploads\/2022\/12\/cropped-LOGO-COSTUREIRA.png","width":512,"height":512,"caption":"Acostureira"},"image":{"@id":"https:\/\/acostureira.com\/#\/schema\/logo\/image\/"},"sameAs":["https:\/\/www.facebook.com\/acostureira19","https:\/\/www.instagram.com\/acostureira19\/"]}]}},"_links":{"self":[{"href":"https:\/\/acostureira.com\/gl\/wp-json\/wp\/v2\/product\/42112","targetHints":{"allow":["GET"]}}],"collection":[{"href":"https:\/\/acostureira.com\/gl\/wp-json\/wp\/v2\/product"}],"about":[{"href":"https:\/\/acostureira.com\/gl\/wp-json\/wp\/v2\/types\/product"}],"wp:featuredmedia":[{"embeddable":true,"href":"https:\/\/acostureira.com\/gl\/wp-json\/wp\/v2\/media\/42113"}],"wp:attachment":[{"href":"https:\/\/acostureira.com\/gl\/wp-json\/wp\/v2\/media?parent=42112"}],"wp:term":[{"taxonomy":"product_brand","embeddable":true,"href":"https:\/\/acostureira.com\/gl\/wp-json\/wp\/v2\/product_brand?post=42112"},{"taxonomy":"product_cat","embeddable":true,"href":"https:\/\/acostureira.com\/gl\/wp-json\/wp\/v2\/product_cat?post=42112"},{"taxonomy":"product_tag","embeddable":true,"href":"https:\/\/acostureira.com\/gl\/wp-json\/wp\/v2\/product_tag?post=42112"}],"curies":[{"name":"wp","href":"https:\/\/api.w.org\/{rel}","templated":true}]}}