{"id":42472,"date":"2024-05-15T21:43:45","date_gmt":"2024-05-15T19:43:45","guid":{"rendered":"https:\/\/acostureira.com\/?post_type=product&#038;p=42472"},"modified":"2024-05-15T21:44:50","modified_gmt":"2024-05-15T19:44:50","slug":"mochila-sae-de-dentro","status":"publish","type":"product","link":"https:\/\/acostureira.com\/gl\/tienda\/otros\/bolsas\/mochila-sae-de-dentro\/","title":{"rendered":"Mochila Sae Inside"},"content":{"rendered":"<h1>Mochila Sae Inside<\/h1>\n<p>Mochila<strong> &quot;Sae desde dentro&quot;<\/strong>M\u00e1is que un slogan, \u00e9 unha declaraci\u00f3n de principios, unha paix\u00f3n que trascende e se leva sempre preto do coraz\u00f3n. As\u00ed como o fervor pola nosa amada\u00a0<a href=\"https:\/\/www.rcdeportivo.es\/gl\"><strong>D\u00e9por<\/strong><\/a>, esta mochila de praia feita de suave poli\u00e9ster 210D. Cun peto frontal con cremalleira e sa\u00edda para auriculares, \u00e9 o compa\u00f1eiro perfecto para aqueles que levan a sensaci\u00f3n de branco e azul a todas partes.<\/p>\n<p>A nosa mochila \u00e9 ideal para acompa\u00f1arte en cada d\u00eda soleado na praia ou en calquera aventura. O seu dese\u00f1o lixeiro e ergon\u00f3mico garante a comodidade, mentres que os seus m\u00faltiples compartimentos ofrecen a funcionalidade necesaria para gardar todo o que necesitas.<\/p>\n<p>A mochila, dispo\u00f1ible nas cores emblem\u00e1ticas do club, non s\u00f3 \u00e9 un accesorio pr\u00e1ctico sen\u00f3n tam\u00e9n un s\u00edmbolo de pertenza. Con cada detalle, dende as costuras ata o peche, reflectimos a calidade e o esp\u00edrito de mellora que caracterizan ao equipo dos nosos amores.<\/p>\n<p>O slogan &quot;Sae from inside&quot; resoa con cada paso que das, con cada obxecto que gardas na mochila. \u00c9 un recordatorio de que, como o amor polo D\u00e9por, o que levas contigo forma parte da t\u00faa identidade, do teu orgullo, da t\u00faa historia.<\/p>\n<p>Con capacidade suficiente para levar unha toalla, protector solar, lentes de sol e o teu esencial para un d\u00eda de praia, esta mochila non s\u00f3 garda as t\u00faas pertenzas, sen\u00f3n tam\u00e9n os teus recordos m\u00e1is preciosos. \u00c9 testemu\u00f1a dos momentos de alegr\u00eda, dos c\u00e1nticos en Riazor, das vitorias e da eterna esperanza da afecci\u00f3n.<\/p>\n<p>&nbsp;<\/p>\n<p><strong>&quot;Sae desde dentro&quot;<\/strong>\u00a0\u2013 leva o D\u00e9por na alma, leva a mochila ao lombo.<\/p>\n<p>&nbsp;<\/p>","protected":false},"excerpt":{"rendered":"<p>Mochila de corda feita de suave poli\u00e9ster 210D. Con peto frontal con cremalleira e sa\u00edda para auriculares.<br \/>\nAmosa o teu equipo!!!<br \/>\nPersonalizaci\u00f3n dixital realizada en Galicia.<\/p>","protected":false},"featured_media":42473,"template":"","meta":{"site-sidebar-layout":"default","site-content-layout":"","ast-site-content-layout":"default","site-content-style":"default","site-sidebar-style":"default","ast-global-header-display":"","ast-banner-title-visibility":"","ast-main-header-display":"","ast-hfb-above-header-display":"","ast-hfb-below-header-display":"","ast-hfb-mobile-header-display":"","site-post-title":"","ast-breadcrumbs-content":"","ast-featured-img":"","footer-sml-layout":"","ast-disable-related-posts":"","theme-transparent-header-meta":"default","adv-header-id-meta":"","stick-header-meta":"default","header-above-stick-meta":"","header-main-stick-meta":"","header-below-stick-meta":"","astra-migrate-meta-layouts":"set","ast-page-background-enabled":"default","ast-page-background-meta":{"desktop":{"background-color":"var(--ast-global-color-4)","background-image":"","background-repeat":"repeat","background-position":"center center","background-size":"auto","background-attachment":"scroll","background-type":"","background-media":"","overlay-type":"","overlay-color":"","overlay-opacity":"","overlay-gradient":""},"tablet":{"background-color":"","background-image":"","background-repeat":"repeat","background-position":"center center","background-size":"auto","background-attachment":"scroll","background-type":"","background-media":"","overlay-type":"","overlay-color":"","overlay-opacity":"","overlay-gradient":""},"mobile":{"background-color":"","background-image":"","background-repeat":"repeat","background-position":"center center","background-size":"auto","background-attachment":"scroll","background-type":"","background-media":"","overlay-type":"","overlay-color":"","overlay-opacity":"","overlay-gradient":""}},"ast-content-background-meta":{"desktop":{"background-color":"var(--ast-global-color-5)","background-image":"","background-repeat":"repeat","background-position":"center center","background-size":"auto","background-attachment":"scroll","background-type":"","background-media":"","overlay-type":"","overlay-color":"","overlay-opacity":"","overlay-gradient":""},"tablet":{"background-color":"var(--ast-global-color-5)","background-image":"","background-repeat":"repeat","background-position":"center center","background-size":"auto","background-attachment":"scroll","background-type":"","background-media":"","overlay-type":"","overlay-color":"","overlay-opacity":"","overlay-gradient":""},"mobile":{"background-color":"var(--ast-global-color-5)","background-image":"","background-repeat":"repeat","background-position":"center center","background-size":"auto","background-attachment":"scroll","background-type":"","background-media":"","overlay-type":"","overlay-color":"","overlay-opacity":"","overlay-gradient":""}}},"product_brand":[],"product_cat":[219,525,225],"product_tag":[],"class_list":{"0":"post-42472","1":"product","2":"type-product","3":"status-publish","4":"has-post-thumbnail","6":"product_cat-bolsas","7":"product_cat-depor","8":"product_cat-otros","9":"desktop-align-center","10":"tablet-align-left","11":"mobile-align-left","12":"ast-product-gallery-layout-first-image-large","13":"ast-product-gallery-with-no-image","14":"ast-product-tabs-layout-horizontal","15":"ast-qv-on-image","17":"first","18":"instock","19":"taxable","20":"shipping-taxable","21":"purchasable","22":"product-type-simple"},"yoast_head":"<!-- This site is optimized with the Yoast SEO plugin v27.2 - https:\/\/yoast.com\/product\/yoast-seo-wordpress\/ -->\n<title>Mochila Sae de Dentro - Acostureira<\/title>\n<meta name=\"description\" content=\"La mochila sae de dentro es ideal para demostrar que llevas al D\u00e9por junto a tu coraz\u00f3n. No te quedes sin este dise\u00f1o y presume de equipo!.\" \/>\n<meta name=\"robots\" content=\"index, follow, max-snippet:-1, max-image-preview:large, max-video-preview:-1\" \/>\n<link rel=\"canonical\" href=\"https:\/\/acostureira.com\/gl\/tienda\/otros\/bolsas\/mochila-sae-de-dentro\/\" \/>\n<meta property=\"og:locale\" content=\"gl_ES\" \/>\n<meta property=\"og:type\" content=\"article\" \/>\n<meta property=\"og:title\" content=\"Mochila Sae de Dentro - Acostureira\" \/>\n<meta property=\"og:description\" content=\"La mochila sae de dentro es ideal para demostrar que llevas al D\u00e9por junto a tu coraz\u00f3n. No te quedes sin este dise\u00f1o y presume de equipo!.\" \/>\n<meta property=\"og:url\" content=\"https:\/\/acostureira.com\/gl\/tienda\/otros\/bolsas\/mochila-sae-de-dentro\/\" \/>\n<meta property=\"og:site_name\" content=\"Acostureira\" \/>\n<meta property=\"article:publisher\" content=\"https:\/\/www.facebook.com\/acostureira19\" \/>\n<meta property=\"article:modified_time\" content=\"2024-05-15T19:44:50+00:00\" \/>\n<meta property=\"og:image\" content=\"https:\/\/acostureira.com\/wp-content\/uploads\/2024\/05\/MOCHILA-SAE-DE-DENTRO.jpg\" \/>\n\t<meta property=\"og:image:width\" content=\"1080\" \/>\n\t<meta property=\"og:image:height\" content=\"1080\" \/>\n\t<meta property=\"og:image:type\" content=\"image\/jpeg\" \/>\n<meta name=\"twitter:card\" content=\"summary_large_image\" \/>\n<meta name=\"twitter:label1\" content=\"Tempo de lectura\" \/>\n\t<meta name=\"twitter:data1\" content=\"2 minutos\" \/>\n<script type=\"application\/ld+json\" class=\"yoast-schema-graph\">{\"@context\":\"https:\/\/schema.org\",\"@graph\":[{\"@type\":\"WebPage\",\"@id\":\"https:\/\/acostureira.com\/tienda\/otros\/bolsas\/mochila-sae-de-dentro\/\",\"url\":\"https:\/\/acostureira.com\/tienda\/otros\/bolsas\/mochila-sae-de-dentro\/\",\"name\":\"Mochila Sae de Dentro - Acostureira\",\"isPartOf\":{\"@id\":\"https:\/\/acostureira.com\/#website\"},\"primaryImageOfPage\":{\"@id\":\"https:\/\/acostureira.com\/tienda\/otros\/bolsas\/mochila-sae-de-dentro\/#primaryimage\"},\"image\":{\"@id\":\"https:\/\/acostureira.com\/tienda\/otros\/bolsas\/mochila-sae-de-dentro\/#primaryimage\"},\"thumbnailUrl\":\"https:\/\/acostureira.com\/wp-content\/uploads\/2024\/05\/MOCHILA-SAE-DE-DENTRO.jpg\",\"datePublished\":\"2024-05-15T19:43:45+00:00\",\"dateModified\":\"2024-05-15T19:44:50+00:00\",\"description\":\"La mochila sae de dentro es ideal para demostrar que llevas al D\u00e9por junto a tu coraz\u00f3n. No te quedes sin este dise\u00f1o y presume de equipo!.\",\"breadcrumb\":{\"@id\":\"https:\/\/acostureira.com\/tienda\/otros\/bolsas\/mochila-sae-de-dentro\/#breadcrumb\"},\"inLanguage\":\"gl-ES\",\"potentialAction\":[{\"@type\":\"ReadAction\",\"target\":[\"https:\/\/acostureira.com\/tienda\/otros\/bolsas\/mochila-sae-de-dentro\/\"]}]},{\"@type\":\"ImageObject\",\"inLanguage\":\"gl-ES\",\"@id\":\"https:\/\/acostureira.com\/tienda\/otros\/bolsas\/mochila-sae-de-dentro\/#primaryimage\",\"url\":\"https:\/\/acostureira.com\/wp-content\/uploads\/2024\/05\/MOCHILA-SAE-DE-DENTRO.jpg\",\"contentUrl\":\"https:\/\/acostureira.com\/wp-content\/uploads\/2024\/05\/MOCHILA-SAE-DE-DENTRO.jpg\",\"width\":1080,\"height\":1080,\"caption\":\"Mochila sae de dentro\"},{\"@type\":\"BreadcrumbList\",\"@id\":\"https:\/\/acostureira.com\/tienda\/otros\/bolsas\/mochila-sae-de-dentro\/#breadcrumb\",\"itemListElement\":[{\"@type\":\"ListItem\",\"position\":1,\"name\":\"Portada\",\"item\":\"https:\/\/acostureira.com\/\"},{\"@type\":\"ListItem\",\"position\":2,\"name\":\"Todos nuestros productos\",\"item\":\"https:\/\/acostureira.com\/tienda\/\"},{\"@type\":\"ListItem\",\"position\":3,\"name\":\"Mochila Sae de Dentro\"}]},{\"@type\":\"WebSite\",\"@id\":\"https:\/\/acostureira.com\/#website\",\"url\":\"https:\/\/acostureira.com\/\",\"name\":\"Acostureira\",\"description\":\"Producto feminista y de Galicia\",\"publisher\":{\"@id\":\"https:\/\/acostureira.com\/#organization\"},\"potentialAction\":[{\"@type\":\"SearchAction\",\"target\":{\"@type\":\"EntryPoint\",\"urlTemplate\":\"https:\/\/acostureira.com\/?s={search_term_string}\"},\"query-input\":{\"@type\":\"PropertyValueSpecification\",\"valueRequired\":true,\"valueName\":\"search_term_string\"}}],\"inLanguage\":\"gl-ES\"},{\"@type\":\"Organization\",\"@id\":\"https:\/\/acostureira.com\/#organization\",\"name\":\"Acostureira\",\"url\":\"https:\/\/acostureira.com\/\",\"logo\":{\"@type\":\"ImageObject\",\"inLanguage\":\"gl-ES\",\"@id\":\"https:\/\/acostureira.com\/#\/schema\/logo\/image\/\",\"url\":\"https:\/\/acostureira.com\/wp-content\/uploads\/2022\/12\/cropped-LOGO-COSTUREIRA.png\",\"contentUrl\":\"https:\/\/acostureira.com\/wp-content\/uploads\/2022\/12\/cropped-LOGO-COSTUREIRA.png\",\"width\":512,\"height\":512,\"caption\":\"Acostureira\"},\"image\":{\"@id\":\"https:\/\/acostureira.com\/#\/schema\/logo\/image\/\"},\"sameAs\":[\"https:\/\/www.facebook.com\/acostureira19\",\"https:\/\/www.instagram.com\/acostureira19\/\"]}]}<\/script>\n<!-- \/ Yoast SEO plugin. -->","yoast_head_json":{"title":"Mochila Sae de Dentro - Acostureira","description":"La mochila sae de dentro es ideal para demostrar que llevas al D\u00e9por junto a tu coraz\u00f3n. No te quedes sin este dise\u00f1o y presume de equipo!.","robots":{"index":"index","follow":"follow","max-snippet":"max-snippet:-1","max-image-preview":"max-image-preview:large","max-video-preview":"max-video-preview:-1"},"canonical":"https:\/\/acostureira.com\/gl\/tienda\/otros\/bolsas\/mochila-sae-de-dentro\/","og_locale":"gl_ES","og_type":"article","og_title":"Mochila Sae de Dentro - Acostureira","og_description":"La mochila sae de dentro es ideal para demostrar que llevas al D\u00e9por junto a tu coraz\u00f3n. No te quedes sin este dise\u00f1o y presume de equipo!.","og_url":"https:\/\/acostureira.com\/gl\/tienda\/otros\/bolsas\/mochila-sae-de-dentro\/","og_site_name":"Acostureira","article_publisher":"https:\/\/www.facebook.com\/acostureira19","article_modified_time":"2024-05-15T19:44:50+00:00","og_image":[{"width":1080,"height":1080,"url":"https:\/\/acostureira.com\/wp-content\/uploads\/2024\/05\/MOCHILA-SAE-DE-DENTRO.jpg","type":"image\/jpeg"}],"twitter_card":"summary_large_image","twitter_misc":{"Tempo de lectura":"2 minutos"},"schema":{"@context":"https:\/\/schema.org","@graph":[{"@type":"WebPage","@id":"https:\/\/acostureira.com\/tienda\/otros\/bolsas\/mochila-sae-de-dentro\/","url":"https:\/\/acostureira.com\/tienda\/otros\/bolsas\/mochila-sae-de-dentro\/","name":"Mochila Sae de Dentro - Acostureira","isPartOf":{"@id":"https:\/\/acostureira.com\/#website"},"primaryImageOfPage":{"@id":"https:\/\/acostureira.com\/tienda\/otros\/bolsas\/mochila-sae-de-dentro\/#primaryimage"},"image":{"@id":"https:\/\/acostureira.com\/tienda\/otros\/bolsas\/mochila-sae-de-dentro\/#primaryimage"},"thumbnailUrl":"https:\/\/acostureira.com\/wp-content\/uploads\/2024\/05\/MOCHILA-SAE-DE-DENTRO.jpg","datePublished":"2024-05-15T19:43:45+00:00","dateModified":"2024-05-15T19:44:50+00:00","description":"La mochila sae de dentro es ideal para demostrar que llevas al D\u00e9por junto a tu coraz\u00f3n. No te quedes sin este dise\u00f1o y presume de equipo!.","breadcrumb":{"@id":"https:\/\/acostureira.com\/tienda\/otros\/bolsas\/mochila-sae-de-dentro\/#breadcrumb"},"inLanguage":"gl-ES","potentialAction":[{"@type":"ReadAction","target":["https:\/\/acostureira.com\/tienda\/otros\/bolsas\/mochila-sae-de-dentro\/"]}]},{"@type":"ImageObject","inLanguage":"gl-ES","@id":"https:\/\/acostureira.com\/tienda\/otros\/bolsas\/mochila-sae-de-dentro\/#primaryimage","url":"https:\/\/acostureira.com\/wp-content\/uploads\/2024\/05\/MOCHILA-SAE-DE-DENTRO.jpg","contentUrl":"https:\/\/acostureira.com\/wp-content\/uploads\/2024\/05\/MOCHILA-SAE-DE-DENTRO.jpg","width":1080,"height":1080,"caption":"Mochila sae de dentro"},{"@type":"BreadcrumbList","@id":"https:\/\/acostureira.com\/tienda\/otros\/bolsas\/mochila-sae-de-dentro\/#breadcrumb","itemListElement":[{"@type":"ListItem","position":1,"name":"Portada","item":"https:\/\/acostureira.com\/"},{"@type":"ListItem","position":2,"name":"Todos nuestros productos","item":"https:\/\/acostureira.com\/tienda\/"},{"@type":"ListItem","position":3,"name":"Mochila Sae de Dentro"}]},{"@type":"WebSite","@id":"https:\/\/acostureira.com\/#website","url":"https:\/\/acostureira.com\/","name":"Acostureira","description":"Produto feminista e galego","publisher":{"@id":"https:\/\/acostureira.com\/#organization"},"potentialAction":[{"@type":"SearchAction","target":{"@type":"EntryPoint","urlTemplate":"https:\/\/acostureira.com\/?s={search_term_string}"},"query-input":{"@type":"PropertyValueSpecification","valueRequired":true,"valueName":"search_term_string"}}],"inLanguage":"gl-ES"},{"@type":"Organization","@id":"https:\/\/acostureira.com\/#organization","name":"Acostureira","url":"https:\/\/acostureira.com\/","logo":{"@type":"ImageObject","inLanguage":"gl-ES","@id":"https:\/\/acostureira.com\/#\/schema\/logo\/image\/","url":"https:\/\/acostureira.com\/wp-content\/uploads\/2022\/12\/cropped-LOGO-COSTUREIRA.png","contentUrl":"https:\/\/acostureira.com\/wp-content\/uploads\/2022\/12\/cropped-LOGO-COSTUREIRA.png","width":512,"height":512,"caption":"Acostureira"},"image":{"@id":"https:\/\/acostureira.com\/#\/schema\/logo\/image\/"},"sameAs":["https:\/\/www.facebook.com\/acostureira19","https:\/\/www.instagram.com\/acostureira19\/"]}]}},"_links":{"self":[{"href":"https:\/\/acostureira.com\/gl\/wp-json\/wp\/v2\/product\/42472","targetHints":{"allow":["GET"]}}],"collection":[{"href":"https:\/\/acostureira.com\/gl\/wp-json\/wp\/v2\/product"}],"about":[{"href":"https:\/\/acostureira.com\/gl\/wp-json\/wp\/v2\/types\/product"}],"wp:featuredmedia":[{"embeddable":true,"href":"https:\/\/acostureira.com\/gl\/wp-json\/wp\/v2\/media\/42473"}],"wp:attachment":[{"href":"https:\/\/acostureira.com\/gl\/wp-json\/wp\/v2\/media?parent=42472"}],"wp:term":[{"taxonomy":"product_brand","embeddable":true,"href":"https:\/\/acostureira.com\/gl\/wp-json\/wp\/v2\/product_brand?post=42472"},{"taxonomy":"product_cat","embeddable":true,"href":"https:\/\/acostureira.com\/gl\/wp-json\/wp\/v2\/product_cat?post=42472"},{"taxonomy":"product_tag","embeddable":true,"href":"https:\/\/acostureira.com\/gl\/wp-json\/wp\/v2\/product_tag?post=42472"}],"curies":[{"name":"wp","href":"https:\/\/api.w.org\/{rel}","templated":true}]}}