{"id":42486,"date":"2024-05-15T22:45:06","date_gmt":"2024-05-15T20:45:06","guid":{"rendered":"https:\/\/acostureira.com\/?post_type=product&#038;p=42486"},"modified":"2026-04-24T11:35:12","modified_gmt":"2026-04-24T09:35:12","slug":"camiseta-sae-de-dentro","status":"publish","type":"product","link":"https:\/\/acostureira.com\/gl\/tienda\/unisex\/camiseta-unisex\/camiseta-sae-de-dentro\/","title":{"rendered":"Camiseta Sae de dentro"},"content":{"rendered":"<h1>Camiseta Sae de dentro<\/h1>\n<p>Camiseta<strong> &quot;Sae desde dentro&quot;<\/strong>: tres palabras que engloban paix\u00f3n, historia e amor inquebrantable\u00a0<a href=\"https:\/\/www.rcdeportivo.es\/gl\"><strong>Deportivo da Coru\u00f1a<\/strong>.<\/a> Esta camiseta de algod\u00f3n de 160 g non \u00e9 s\u00f3 unha prenda, sen\u00f3n un berro do coraz\u00f3n, un v\u00ednculo con cada gol, cada vitoria e cada derrota que compartimos co noso equipo.<\/p>\n<p><strong>Por que escoller a camiseta \"Sae de dentro\"?<\/strong><\/p>\n<ul>\n<li>Porque non \u00e9 s\u00f3 unha prenda, sen\u00f3n un s\u00edmbolo de pertenza e orgullo.<\/li>\n<li>Porque cada vez que a levas, levas contigo a historia de Riazor, os c\u00e1nticos nas bancadas e a emoci\u00f3n de cada partido.<\/li>\n<li>Porque o D\u00e9por non \u00e9 s\u00f3 un equipo, \u00e9 unha familia, e esta camiseta \u00fanete con esa familia.<\/li>\n<\/ul>\n<p>As\u00ed que pon a camiseta \"Sae de dentro\", sae ao mundo e dem\u00f3stralle ao mundo o teu amor polo D\u00e9por.<\/p>\n<p>Forza Depor!<br \/>\n<a href=\"https:\/\/acostureira.com\/gl\/FPDEPOR\/\">Aqu\u00ed<\/a> Tes m\u00e1is produtos do D\u00e9por<\/p>","protected":false},"excerpt":{"rendered":"<p>Camiseta de algod\u00f3n 160gr personalizada en Galicia.<br \/>\nSae ao mundo e demostra que o teu amor polo depor \"sae de dentro\"<\/p>","protected":false},"featured_media":42493,"template":"","meta":{"site-sidebar-layout":"default","site-content-layout":"","ast-site-content-layout":"default","site-content-style":"default","site-sidebar-style":"default","ast-global-header-display":"","ast-banner-title-visibility":"","ast-main-header-display":"","ast-hfb-above-header-display":"","ast-hfb-below-header-display":"","ast-hfb-mobile-header-display":"","site-post-title":"","ast-breadcrumbs-content":"","ast-featured-img":"","footer-sml-layout":"","ast-disable-related-posts":"","theme-transparent-header-meta":"default","adv-header-id-meta":"","stick-header-meta":"default","header-above-stick-meta":"","header-main-stick-meta":"","header-below-stick-meta":"","astra-migrate-meta-layouts":"set","ast-page-background-enabled":"default","ast-page-background-meta":{"desktop":{"background-color":"var(--ast-global-color-4)","background-image":"","background-repeat":"repeat","background-position":"center center","background-size":"auto","background-attachment":"scroll","background-type":"","background-media":"","overlay-type":"","overlay-color":"","overlay-opacity":"","overlay-gradient":""},"tablet":{"background-color":"","background-image":"","background-repeat":"repeat","background-position":"center center","background-size":"auto","background-attachment":"scroll","background-type":"","background-media":"","overlay-type":"","overlay-color":"","overlay-opacity":"","overlay-gradient":""},"mobile":{"background-color":"","background-image":"","background-repeat":"repeat","background-position":"center center","background-size":"auto","background-attachment":"scroll","background-type":"","background-media":"","overlay-type":"","overlay-color":"","overlay-opacity":"","overlay-gradient":""}},"ast-content-background-meta":{"desktop":{"background-color":"var(--ast-global-color-5)","background-image":"","background-repeat":"repeat","background-position":"center center","background-size":"auto","background-attachment":"scroll","background-type":"","background-media":"","overlay-type":"","overlay-color":"","overlay-opacity":"","overlay-gradient":""},"tablet":{"background-color":"var(--ast-global-color-5)","background-image":"","background-repeat":"repeat","background-position":"center center","background-size":"auto","background-attachment":"scroll","background-type":"","background-media":"","overlay-type":"","overlay-color":"","overlay-opacity":"","overlay-gradient":""},"mobile":{"background-color":"var(--ast-global-color-5)","background-image":"","background-repeat":"repeat","background-position":"center center","background-size":"auto","background-attachment":"scroll","background-type":"","background-media":"","overlay-type":"","overlay-color":"","overlay-opacity":"","overlay-gradient":""}}},"product_brand":[],"product_cat":[171,525,164],"product_tag":[541,253,260,150,447,543,542,544,540],"class_list":{"0":"post-42486","1":"product","2":"type-product","3":"status-publish","4":"has-post-thumbnail","6":"product_cat-camiseta-unisex","7":"product_cat-depor","8":"product_cat-unisex","9":"product_tag-aficion","10":"product_tag-azul","11":"product_tag-blanco","12":"product_tag-camiseta","13":"product_tag-depor","14":"product_tag-deportivo-de-la-coruna","15":"product_tag-federacion","16":"product_tag-paixon","17":"product_tag-sae-de-dentro","18":"desktop-align-center","19":"tablet-align-left","20":"mobile-align-left","21":"ast-product-gallery-layout-first-image-large","22":"ast-product-single-variable","23":"ast-product-tabs-layout-horizontal","24":"ast-qv-on-image","26":"first","27":"instock","28":"sale","29":"taxable","30":"shipping-taxable","31":"purchasable","32":"product-type-variable"},"yoast_head":"<!-- This site is optimized with the Yoast SEO plugin v27.2 - https:\/\/yoast.com\/product\/yoast-seo-wordpress\/ -->\n<title>Camiseta Sae de Dentro - Acostureira<\/title>\n<meta name=\"description\" content=\"La camiseta sae de dentro es una camiseta de algod\u00f3n de 165gr con la que salir al mundo y muestrar que tu amor por el D\u00e9por\u00a0sae de dentro. \u00a1Forza Depor!\" \/>\n<meta name=\"robots\" content=\"index, follow, max-snippet:-1, max-image-preview:large, max-video-preview:-1\" \/>\n<link rel=\"canonical\" href=\"https:\/\/acostureira.com\/gl\/tienda\/unisex\/camiseta-unisex\/camiseta-sae-de-dentro\/\" \/>\n<meta property=\"og:locale\" content=\"gl_ES\" \/>\n<meta property=\"og:type\" content=\"article\" \/>\n<meta property=\"og:title\" content=\"Camiseta Sae de Dentro - Acostureira\" \/>\n<meta property=\"og:description\" content=\"La camiseta sae de dentro es una camiseta de algod\u00f3n de 165gr con la que salir al mundo y muestrar que tu amor por el D\u00e9por\u00a0sae de dentro. \u00a1Forza Depor!\" \/>\n<meta property=\"og:url\" content=\"https:\/\/acostureira.com\/gl\/tienda\/unisex\/camiseta-unisex\/camiseta-sae-de-dentro\/\" \/>\n<meta property=\"og:site_name\" content=\"Acostureira\" \/>\n<meta property=\"article:publisher\" content=\"https:\/\/www.facebook.com\/acostureira19\" \/>\n<meta property=\"article:modified_time\" content=\"2026-04-24T09:35:12+00:00\" \/>\n<meta property=\"og:image\" content=\"https:\/\/acostureira.com\/wp-content\/uploads\/2024\/05\/SAE-DE-DENTRO.jpg\" \/>\n\t<meta property=\"og:image:width\" content=\"591\" \/>\n\t<meta property=\"og:image:height\" content=\"591\" \/>\n\t<meta property=\"og:image:type\" content=\"image\/jpeg\" \/>\n<meta name=\"twitter:card\" content=\"summary_large_image\" \/>\n<meta name=\"twitter:label1\" content=\"Tempo de lectura\" \/>\n\t<meta name=\"twitter:data1\" content=\"1 minuto\" \/>\n<script type=\"application\/ld+json\" class=\"yoast-schema-graph\">{\"@context\":\"https:\/\/schema.org\",\"@graph\":[{\"@type\":\"WebPage\",\"@id\":\"https:\/\/acostureira.com\/tienda\/unisex\/camiseta-unisex\/camiseta-sae-de-dentro\/\",\"url\":\"https:\/\/acostureira.com\/tienda\/unisex\/camiseta-unisex\/camiseta-sae-de-dentro\/\",\"name\":\"Camiseta Sae de Dentro - Acostureira\",\"isPartOf\":{\"@id\":\"https:\/\/acostureira.com\/#website\"},\"primaryImageOfPage\":{\"@id\":\"https:\/\/acostureira.com\/tienda\/unisex\/camiseta-unisex\/camiseta-sae-de-dentro\/#primaryimage\"},\"image\":{\"@id\":\"https:\/\/acostureira.com\/tienda\/unisex\/camiseta-unisex\/camiseta-sae-de-dentro\/#primaryimage\"},\"thumbnailUrl\":\"https:\/\/acostureira.com\/wp-content\/uploads\/2024\/05\/SAE-DE-DENTRO.jpg\",\"datePublished\":\"2024-05-15T20:45:06+00:00\",\"dateModified\":\"2026-04-24T09:35:12+00:00\",\"description\":\"La camiseta sae de dentro es una camiseta de algod\u00f3n de 165gr con la que salir al mundo y muestrar que tu amor por el D\u00e9por\u00a0sae de dentro. \u00a1Forza Depor!\",\"breadcrumb\":{\"@id\":\"https:\/\/acostureira.com\/tienda\/unisex\/camiseta-unisex\/camiseta-sae-de-dentro\/#breadcrumb\"},\"inLanguage\":\"gl-ES\",\"potentialAction\":[{\"@type\":\"ReadAction\",\"target\":[\"https:\/\/acostureira.com\/tienda\/unisex\/camiseta-unisex\/camiseta-sae-de-dentro\/\"]}]},{\"@type\":\"ImageObject\",\"inLanguage\":\"gl-ES\",\"@id\":\"https:\/\/acostureira.com\/tienda\/unisex\/camiseta-unisex\/camiseta-sae-de-dentro\/#primaryimage\",\"url\":\"https:\/\/acostureira.com\/wp-content\/uploads\/2024\/05\/SAE-DE-DENTRO.jpg\",\"contentUrl\":\"https:\/\/acostureira.com\/wp-content\/uploads\/2024\/05\/SAE-DE-DENTRO.jpg\",\"width\":591,\"height\":591,\"caption\":\"CAMISETA SAE DE DENTRO\"},{\"@type\":\"BreadcrumbList\",\"@id\":\"https:\/\/acostureira.com\/tienda\/unisex\/camiseta-unisex\/camiseta-sae-de-dentro\/#breadcrumb\",\"itemListElement\":[{\"@type\":\"ListItem\",\"position\":1,\"name\":\"Portada\",\"item\":\"https:\/\/acostureira.com\/\"},{\"@type\":\"ListItem\",\"position\":2,\"name\":\"Todos nuestros productos\",\"item\":\"https:\/\/acostureira.com\/tienda\/\"},{\"@type\":\"ListItem\",\"position\":3,\"name\":\"Camiseta Sae de Dentro\"}]},{\"@type\":\"WebSite\",\"@id\":\"https:\/\/acostureira.com\/#website\",\"url\":\"https:\/\/acostureira.com\/\",\"name\":\"Acostureira\",\"description\":\"Producto feminista y de Galicia\",\"publisher\":{\"@id\":\"https:\/\/acostureira.com\/#organization\"},\"potentialAction\":[{\"@type\":\"SearchAction\",\"target\":{\"@type\":\"EntryPoint\",\"urlTemplate\":\"https:\/\/acostureira.com\/?s={search_term_string}\"},\"query-input\":{\"@type\":\"PropertyValueSpecification\",\"valueRequired\":true,\"valueName\":\"search_term_string\"}}],\"inLanguage\":\"gl-ES\"},{\"@type\":\"Organization\",\"@id\":\"https:\/\/acostureira.com\/#organization\",\"name\":\"Acostureira\",\"url\":\"https:\/\/acostureira.com\/\",\"logo\":{\"@type\":\"ImageObject\",\"inLanguage\":\"gl-ES\",\"@id\":\"https:\/\/acostureira.com\/#\/schema\/logo\/image\/\",\"url\":\"https:\/\/acostureira.com\/wp-content\/uploads\/2022\/12\/cropped-LOGO-COSTUREIRA.png\",\"contentUrl\":\"https:\/\/acostureira.com\/wp-content\/uploads\/2022\/12\/cropped-LOGO-COSTUREIRA.png\",\"width\":512,\"height\":512,\"caption\":\"Acostureira\"},\"image\":{\"@id\":\"https:\/\/acostureira.com\/#\/schema\/logo\/image\/\"},\"sameAs\":[\"https:\/\/www.facebook.com\/acostureira19\",\"https:\/\/www.instagram.com\/acostureira19\/\"]}]}<\/script>\n<!-- \/ Yoast SEO plugin. -->","yoast_head_json":{"title":"Camiseta Sae de Dentro - Acostureira","description":"La camiseta sae de dentro es una camiseta de algod\u00f3n de 165gr con la que salir al mundo y muestrar que tu amor por el D\u00e9por\u00a0sae de dentro. \u00a1Forza Depor!","robots":{"index":"index","follow":"follow","max-snippet":"max-snippet:-1","max-image-preview":"max-image-preview:large","max-video-preview":"max-video-preview:-1"},"canonical":"https:\/\/acostureira.com\/gl\/tienda\/unisex\/camiseta-unisex\/camiseta-sae-de-dentro\/","og_locale":"gl_ES","og_type":"article","og_title":"Camiseta Sae de Dentro - Acostureira","og_description":"La camiseta sae de dentro es una camiseta de algod\u00f3n de 165gr con la que salir al mundo y muestrar que tu amor por el D\u00e9por\u00a0sae de dentro. \u00a1Forza Depor!","og_url":"https:\/\/acostureira.com\/gl\/tienda\/unisex\/camiseta-unisex\/camiseta-sae-de-dentro\/","og_site_name":"Acostureira","article_publisher":"https:\/\/www.facebook.com\/acostureira19","article_modified_time":"2026-04-24T09:35:12+00:00","og_image":[{"width":591,"height":591,"url":"https:\/\/acostureira.com\/wp-content\/uploads\/2024\/05\/SAE-DE-DENTRO.jpg","type":"image\/jpeg"}],"twitter_card":"summary_large_image","twitter_misc":{"Tempo de lectura":"1 minuto"},"schema":{"@context":"https:\/\/schema.org","@graph":[{"@type":"WebPage","@id":"https:\/\/acostureira.com\/tienda\/unisex\/camiseta-unisex\/camiseta-sae-de-dentro\/","url":"https:\/\/acostureira.com\/tienda\/unisex\/camiseta-unisex\/camiseta-sae-de-dentro\/","name":"Camiseta Sae de Dentro - Acostureira","isPartOf":{"@id":"https:\/\/acostureira.com\/#website"},"primaryImageOfPage":{"@id":"https:\/\/acostureira.com\/tienda\/unisex\/camiseta-unisex\/camiseta-sae-de-dentro\/#primaryimage"},"image":{"@id":"https:\/\/acostureira.com\/tienda\/unisex\/camiseta-unisex\/camiseta-sae-de-dentro\/#primaryimage"},"thumbnailUrl":"https:\/\/acostureira.com\/wp-content\/uploads\/2024\/05\/SAE-DE-DENTRO.jpg","datePublished":"2024-05-15T20:45:06+00:00","dateModified":"2026-04-24T09:35:12+00:00","description":"La camiseta sae de dentro es una camiseta de algod\u00f3n de 165gr con la que salir al mundo y muestrar que tu amor por el D\u00e9por\u00a0sae de dentro. \u00a1Forza Depor!","breadcrumb":{"@id":"https:\/\/acostureira.com\/tienda\/unisex\/camiseta-unisex\/camiseta-sae-de-dentro\/#breadcrumb"},"inLanguage":"gl-ES","potentialAction":[{"@type":"ReadAction","target":["https:\/\/acostureira.com\/tienda\/unisex\/camiseta-unisex\/camiseta-sae-de-dentro\/"]}]},{"@type":"ImageObject","inLanguage":"gl-ES","@id":"https:\/\/acostureira.com\/tienda\/unisex\/camiseta-unisex\/camiseta-sae-de-dentro\/#primaryimage","url":"https:\/\/acostureira.com\/wp-content\/uploads\/2024\/05\/SAE-DE-DENTRO.jpg","contentUrl":"https:\/\/acostureira.com\/wp-content\/uploads\/2024\/05\/SAE-DE-DENTRO.jpg","width":591,"height":591,"caption":"CAMISETA SAE DE DENTRO"},{"@type":"BreadcrumbList","@id":"https:\/\/acostureira.com\/tienda\/unisex\/camiseta-unisex\/camiseta-sae-de-dentro\/#breadcrumb","itemListElement":[{"@type":"ListItem","position":1,"name":"Portada","item":"https:\/\/acostureira.com\/"},{"@type":"ListItem","position":2,"name":"Todos nuestros productos","item":"https:\/\/acostureira.com\/tienda\/"},{"@type":"ListItem","position":3,"name":"Camiseta Sae de Dentro"}]},{"@type":"WebSite","@id":"https:\/\/acostureira.com\/#website","url":"https:\/\/acostureira.com\/","name":"Acostureira","description":"Produto feminista e galego","publisher":{"@id":"https:\/\/acostureira.com\/#organization"},"potentialAction":[{"@type":"SearchAction","target":{"@type":"EntryPoint","urlTemplate":"https:\/\/acostureira.com\/?s={search_term_string}"},"query-input":{"@type":"PropertyValueSpecification","valueRequired":true,"valueName":"search_term_string"}}],"inLanguage":"gl-ES"},{"@type":"Organization","@id":"https:\/\/acostureira.com\/#organization","name":"Acostureira","url":"https:\/\/acostureira.com\/","logo":{"@type":"ImageObject","inLanguage":"gl-ES","@id":"https:\/\/acostureira.com\/#\/schema\/logo\/image\/","url":"https:\/\/acostureira.com\/wp-content\/uploads\/2022\/12\/cropped-LOGO-COSTUREIRA.png","contentUrl":"https:\/\/acostureira.com\/wp-content\/uploads\/2022\/12\/cropped-LOGO-COSTUREIRA.png","width":512,"height":512,"caption":"Acostureira"},"image":{"@id":"https:\/\/acostureira.com\/#\/schema\/logo\/image\/"},"sameAs":["https:\/\/www.facebook.com\/acostureira19","https:\/\/www.instagram.com\/acostureira19\/"]}]}},"_links":{"self":[{"href":"https:\/\/acostureira.com\/gl\/wp-json\/wp\/v2\/product\/42486","targetHints":{"allow":["GET"]}}],"collection":[{"href":"https:\/\/acostureira.com\/gl\/wp-json\/wp\/v2\/product"}],"about":[{"href":"https:\/\/acostureira.com\/gl\/wp-json\/wp\/v2\/types\/product"}],"wp:featuredmedia":[{"embeddable":true,"href":"https:\/\/acostureira.com\/gl\/wp-json\/wp\/v2\/media\/42493"}],"wp:attachment":[{"href":"https:\/\/acostureira.com\/gl\/wp-json\/wp\/v2\/media?parent=42486"}],"wp:term":[{"taxonomy":"product_brand","embeddable":true,"href":"https:\/\/acostureira.com\/gl\/wp-json\/wp\/v2\/product_brand?post=42486"},{"taxonomy":"product_cat","embeddable":true,"href":"https:\/\/acostureira.com\/gl\/wp-json\/wp\/v2\/product_cat?post=42486"},{"taxonomy":"product_tag","embeddable":true,"href":"https:\/\/acostureira.com\/gl\/wp-json\/wp\/v2\/product_tag?post=42486"}],"curies":[{"name":"wp","href":"https:\/\/api.w.org\/{rel}","templated":true}]}}