{"id":42965,"date":"2024-06-27T19:30:02","date_gmt":"2024-06-27T17:30:02","guid":{"rendered":"https:\/\/acostureira.com\/?post_type=product&#038;p=42965"},"modified":"2026-03-17T12:00:21","modified_gmt":"2026-03-17T11:00:21","slug":"camiseta-blanca-el-hombre-desciende-del-cono","status":"publish","type":"product","link":"https:\/\/acostureira.com\/gl\/tienda\/unisex\/camiseta-unisex\/camiseta-blanca-el-hombre-desciende-del-cono\/","title":{"rendered":"CAMISETA DESCIENDE DEL CO\u00d1O"},"content":{"rendered":"<h2>CAMISETA DESCIENDE DEL CO\u00d1O<\/h2>\n<p><span class=\"fs11lh1-5\">El hombre desciende del co\u00f1o \u00e9 unha camiseta branca unisex que ilustra aos ignorantes da orixe do home. Porque detr\u00e1s da orixe de cada home hai unha muller poderosa!!!<\/span><\/p>\n<p><span class=\"fs11lh1-5\">Dese\u00f1o moderno e mensaxe poderosa para esta nova creaci\u00f3n de <a href=\"https:\/\/www.instagram.com\/henarconh_\/\">Henar<\/a>.<br \/>\nVisita o teu <a href=\"https:\/\/acostureira.com\/gl\/henar\/\">zona<\/a> e descobre todos os seus produtos!<\/span><\/p>\n<p>Pronto ter\u00e1s m\u00e1is cousas xeniais de esta DEUSA!<\/p>","protected":false},"excerpt":{"rendered":"<p>Nova creaci\u00f3n de <a href=\"https:\/\/www.instagram.com\/henarconh_\/\">Henar \u00c1lvarez<\/a><br \/>\nCamiseta unisex 100% algod\u00f3n 180 g.<br \/>\nImpresi\u00f3n personalizada a 1 tinta feita en Galicia.<\/p>","protected":false},"featured_media":42987,"template":"","meta":{"site-sidebar-layout":"default","site-content-layout":"","ast-site-content-layout":"default","site-content-style":"default","site-sidebar-style":"default","ast-global-header-display":"","ast-banner-title-visibility":"","ast-main-header-display":"","ast-hfb-above-header-display":"","ast-hfb-below-header-display":"","ast-hfb-mobile-header-display":"","site-post-title":"","ast-breadcrumbs-content":"","ast-featured-img":"","footer-sml-layout":"","ast-disable-related-posts":"","theme-transparent-header-meta":"default","adv-header-id-meta":"","stick-header-meta":"default","header-above-stick-meta":"","header-main-stick-meta":"","header-below-stick-meta":"","astra-migrate-meta-layouts":"set","ast-page-background-enabled":"default","ast-page-background-meta":{"desktop":{"background-color":"var(--ast-global-color-4)","background-image":"","background-repeat":"repeat","background-position":"center center","background-size":"auto","background-attachment":"scroll","background-type":"","background-media":"","overlay-type":"","overlay-color":"","overlay-opacity":"","overlay-gradient":""},"tablet":{"background-color":"","background-image":"","background-repeat":"repeat","background-position":"center center","background-size":"auto","background-attachment":"scroll","background-type":"","background-media":"","overlay-type":"","overlay-color":"","overlay-opacity":"","overlay-gradient":""},"mobile":{"background-color":"","background-image":"","background-repeat":"repeat","background-position":"center center","background-size":"auto","background-attachment":"scroll","background-type":"","background-media":"","overlay-type":"","overlay-color":"","overlay-opacity":"","overlay-gradient":""}},"ast-content-background-meta":{"desktop":{"background-color":"var(--ast-global-color-5)","background-image":"","background-repeat":"repeat","background-position":"center center","background-size":"auto","background-attachment":"scroll","background-type":"","background-media":"","overlay-type":"","overlay-color":"","overlay-opacity":"","overlay-gradient":""},"tablet":{"background-color":"var(--ast-global-color-5)","background-image":"","background-repeat":"repeat","background-position":"center center","background-size":"auto","background-attachment":"scroll","background-type":"","background-media":"","overlay-type":"","overlay-color":"","overlay-opacity":"","overlay-gradient":""},"mobile":{"background-color":"var(--ast-global-color-5)","background-image":"","background-repeat":"repeat","background-position":"center center","background-size":"auto","background-attachment":"scroll","background-type":"","background-media":"","overlay-type":"","overlay-color":"","overlay-opacity":"","overlay-gradient":""}}},"product_brand":[],"product_cat":[171,524,526,164],"product_tag":[260,172,150,556,552,534,185],"class_list":{"0":"post-42965","1":"product","2":"type-product","3":"status-publish","4":"has-post-thumbnail","6":"product_cat-camiseta-unisex","7":"product_cat-feminismo","8":"product_cat-henar","9":"product_cat-unisex","10":"product_tag-blanco","11":"product_tag-buenismo","12":"product_tag-camiseta","13":"product_tag-desciende-del-cono","14":"product_tag-euskera","15":"product_tag-henar","16":"product_tag-unisex","17":"desktop-align-center","18":"tablet-align-left","19":"mobile-align-left","20":"ast-product-gallery-layout-first-image-large","21":"ast-product-single-variable","22":"ast-product-tabs-layout-horizontal","23":"ast-qv-on-image","25":"first","26":"instock","27":"taxable","28":"shipping-taxable","29":"purchasable","30":"product-type-variable"},"yoast_head":"<!-- This site is optimized with the Yoast SEO plugin v27.2 - https:\/\/yoast.com\/product\/yoast-seo-wordpress\/ -->\n<title>CAMISETA DESCIENDE DEL CO\u00d1O<\/title>\n<meta name=\"description\" content=\"Compar camiseta unisex blanca el hombre desciende del co\u00f1o. Porque en el origen de todo hombre hay una poderosa mujer!!! No te quedes sin ella!\" \/>\n<meta name=\"robots\" content=\"index, follow, max-snippet:-1, max-image-preview:large, max-video-preview:-1\" \/>\n<link rel=\"canonical\" href=\"https:\/\/acostureira.com\/gl\/tienda\/unisex\/camiseta-unisex\/camiseta-blanca-el-hombre-desciende-del-cono\/\" \/>\n<meta property=\"og:locale\" content=\"gl_ES\" \/>\n<meta property=\"og:type\" content=\"article\" \/>\n<meta property=\"og:title\" content=\"CAMISETA DESCIENDE DEL CO\u00d1O\" \/>\n<meta property=\"og:description\" content=\"Compar camiseta unisex blanca el hombre desciende del co\u00f1o. Porque en el origen de todo hombre hay una poderosa mujer!!! No te quedes sin ella!\" \/>\n<meta property=\"og:url\" content=\"https:\/\/acostureira.com\/gl\/tienda\/unisex\/camiseta-unisex\/camiseta-blanca-el-hombre-desciende-del-cono\/\" \/>\n<meta property=\"og:site_name\" content=\"Acostureira\" \/>\n<meta property=\"article:publisher\" content=\"https:\/\/www.facebook.com\/acostureira19\" \/>\n<meta property=\"article:modified_time\" content=\"2026-03-17T11:00:21+00:00\" \/>\n<meta property=\"og:image\" content=\"https:\/\/acostureira.com\/wp-content\/uploads\/2024\/06\/DESCIENDE-DEL-CONO-BLANCA-UNISEX.jpg\" \/>\n\t<meta property=\"og:image:width\" content=\"591\" \/>\n\t<meta property=\"og:image:height\" content=\"591\" \/>\n\t<meta property=\"og:image:type\" content=\"image\/jpeg\" \/>\n<meta name=\"twitter:card\" content=\"summary_large_image\" \/>\n<meta name=\"twitter:label1\" content=\"Tempo de lectura\" \/>\n\t<meta name=\"twitter:data1\" content=\"1 minuto\" \/>\n<script type=\"application\/ld+json\" class=\"yoast-schema-graph\">{\"@context\":\"https:\/\/schema.org\",\"@graph\":[{\"@type\":\"WebPage\",\"@id\":\"https:\/\/acostureira.com\/tienda\/unisex\/camiseta-unisex\/camiseta-blanca-el-hombre-desciende-del-cono\/\",\"url\":\"https:\/\/acostureira.com\/tienda\/unisex\/camiseta-unisex\/camiseta-blanca-el-hombre-desciende-del-cono\/\",\"name\":\"CAMISETA DESCIENDE DEL CO\u00d1O\",\"isPartOf\":{\"@id\":\"https:\/\/acostureira.com\/#website\"},\"primaryImageOfPage\":{\"@id\":\"https:\/\/acostureira.com\/tienda\/unisex\/camiseta-unisex\/camiseta-blanca-el-hombre-desciende-del-cono\/#primaryimage\"},\"image\":{\"@id\":\"https:\/\/acostureira.com\/tienda\/unisex\/camiseta-unisex\/camiseta-blanca-el-hombre-desciende-del-cono\/#primaryimage\"},\"thumbnailUrl\":\"https:\/\/acostureira.com\/wp-content\/uploads\/2024\/06\/DESCIENDE-DEL-CONO-BLANCA-UNISEX.jpg\",\"datePublished\":\"2024-06-27T17:30:02+00:00\",\"dateModified\":\"2026-03-17T11:00:21+00:00\",\"description\":\"Compar camiseta unisex blanca el hombre desciende del co\u00f1o. Porque en el origen de todo hombre hay una poderosa mujer!!! No te quedes sin ella!\",\"breadcrumb\":{\"@id\":\"https:\/\/acostureira.com\/tienda\/unisex\/camiseta-unisex\/camiseta-blanca-el-hombre-desciende-del-cono\/#breadcrumb\"},\"inLanguage\":\"gl-ES\",\"potentialAction\":[{\"@type\":\"ReadAction\",\"target\":[\"https:\/\/acostureira.com\/tienda\/unisex\/camiseta-unisex\/camiseta-blanca-el-hombre-desciende-del-cono\/\"]}]},{\"@type\":\"ImageObject\",\"inLanguage\":\"gl-ES\",\"@id\":\"https:\/\/acostureira.com\/tienda\/unisex\/camiseta-unisex\/camiseta-blanca-el-hombre-desciende-del-cono\/#primaryimage\",\"url\":\"https:\/\/acostureira.com\/wp-content\/uploads\/2024\/06\/DESCIENDE-DEL-CONO-BLANCA-UNISEX.jpg\",\"contentUrl\":\"https:\/\/acostureira.com\/wp-content\/uploads\/2024\/06\/DESCIENDE-DEL-CONO-BLANCA-UNISEX.jpg\",\"width\":591,\"height\":591,\"caption\":\"DESCIENDE DEL CO\u00d1O\"},{\"@type\":\"BreadcrumbList\",\"@id\":\"https:\/\/acostureira.com\/tienda\/unisex\/camiseta-unisex\/camiseta-blanca-el-hombre-desciende-del-cono\/#breadcrumb\",\"itemListElement\":[{\"@type\":\"ListItem\",\"position\":1,\"name\":\"Portada\",\"item\":\"https:\/\/acostureira.com\/\"},{\"@type\":\"ListItem\",\"position\":2,\"name\":\"Todos nuestros productos\",\"item\":\"https:\/\/acostureira.com\/tienda\/\"},{\"@type\":\"ListItem\",\"position\":3,\"name\":\"CAMISETA DESCIENDE DEL CO\u00d1O\"}]},{\"@type\":\"WebSite\",\"@id\":\"https:\/\/acostureira.com\/#website\",\"url\":\"https:\/\/acostureira.com\/\",\"name\":\"Acostureira\",\"description\":\"Producto feminista y de Galicia\",\"publisher\":{\"@id\":\"https:\/\/acostureira.com\/#organization\"},\"potentialAction\":[{\"@type\":\"SearchAction\",\"target\":{\"@type\":\"EntryPoint\",\"urlTemplate\":\"https:\/\/acostureira.com\/?s={search_term_string}\"},\"query-input\":{\"@type\":\"PropertyValueSpecification\",\"valueRequired\":true,\"valueName\":\"search_term_string\"}}],\"inLanguage\":\"gl-ES\"},{\"@type\":\"Organization\",\"@id\":\"https:\/\/acostureira.com\/#organization\",\"name\":\"Acostureira\",\"url\":\"https:\/\/acostureira.com\/\",\"logo\":{\"@type\":\"ImageObject\",\"inLanguage\":\"gl-ES\",\"@id\":\"https:\/\/acostureira.com\/#\/schema\/logo\/image\/\",\"url\":\"https:\/\/acostureira.com\/wp-content\/uploads\/2022\/12\/cropped-LOGO-COSTUREIRA.png\",\"contentUrl\":\"https:\/\/acostureira.com\/wp-content\/uploads\/2022\/12\/cropped-LOGO-COSTUREIRA.png\",\"width\":512,\"height\":512,\"caption\":\"Acostureira\"},\"image\":{\"@id\":\"https:\/\/acostureira.com\/#\/schema\/logo\/image\/\"},\"sameAs\":[\"https:\/\/www.facebook.com\/acostureira19\",\"https:\/\/www.instagram.com\/acostureira19\/\"]}]}<\/script>\n<!-- \/ Yoast SEO plugin. -->","yoast_head_json":{"title":"CAMISETA DESCIENDE DEL CO\u00d1O","description":"Compar camiseta unisex blanca el hombre desciende del co\u00f1o. Porque en el origen de todo hombre hay una poderosa mujer!!! No te quedes sin ella!","robots":{"index":"index","follow":"follow","max-snippet":"max-snippet:-1","max-image-preview":"max-image-preview:large","max-video-preview":"max-video-preview:-1"},"canonical":"https:\/\/acostureira.com\/gl\/tienda\/unisex\/camiseta-unisex\/camiseta-blanca-el-hombre-desciende-del-cono\/","og_locale":"gl_ES","og_type":"article","og_title":"CAMISETA DESCIENDE DEL CO\u00d1O","og_description":"Compar camiseta unisex blanca el hombre desciende del co\u00f1o. Porque en el origen de todo hombre hay una poderosa mujer!!! No te quedes sin ella!","og_url":"https:\/\/acostureira.com\/gl\/tienda\/unisex\/camiseta-unisex\/camiseta-blanca-el-hombre-desciende-del-cono\/","og_site_name":"Acostureira","article_publisher":"https:\/\/www.facebook.com\/acostureira19","article_modified_time":"2026-03-17T11:00:21+00:00","og_image":[{"width":591,"height":591,"url":"https:\/\/acostureira.com\/wp-content\/uploads\/2024\/06\/DESCIENDE-DEL-CONO-BLANCA-UNISEX.jpg","type":"image\/jpeg"}],"twitter_card":"summary_large_image","twitter_misc":{"Tempo de lectura":"1 minuto"},"schema":{"@context":"https:\/\/schema.org","@graph":[{"@type":"WebPage","@id":"https:\/\/acostureira.com\/tienda\/unisex\/camiseta-unisex\/camiseta-blanca-el-hombre-desciende-del-cono\/","url":"https:\/\/acostureira.com\/tienda\/unisex\/camiseta-unisex\/camiseta-blanca-el-hombre-desciende-del-cono\/","name":"CAMISETA DESCIENDE DEL CO\u00d1O","isPartOf":{"@id":"https:\/\/acostureira.com\/#website"},"primaryImageOfPage":{"@id":"https:\/\/acostureira.com\/tienda\/unisex\/camiseta-unisex\/camiseta-blanca-el-hombre-desciende-del-cono\/#primaryimage"},"image":{"@id":"https:\/\/acostureira.com\/tienda\/unisex\/camiseta-unisex\/camiseta-blanca-el-hombre-desciende-del-cono\/#primaryimage"},"thumbnailUrl":"https:\/\/acostureira.com\/wp-content\/uploads\/2024\/06\/DESCIENDE-DEL-CONO-BLANCA-UNISEX.jpg","datePublished":"2024-06-27T17:30:02+00:00","dateModified":"2026-03-17T11:00:21+00:00","description":"Compar camiseta unisex blanca el hombre desciende del co\u00f1o. Porque en el origen de todo hombre hay una poderosa mujer!!! No te quedes sin ella!","breadcrumb":{"@id":"https:\/\/acostureira.com\/tienda\/unisex\/camiseta-unisex\/camiseta-blanca-el-hombre-desciende-del-cono\/#breadcrumb"},"inLanguage":"gl-ES","potentialAction":[{"@type":"ReadAction","target":["https:\/\/acostureira.com\/tienda\/unisex\/camiseta-unisex\/camiseta-blanca-el-hombre-desciende-del-cono\/"]}]},{"@type":"ImageObject","inLanguage":"gl-ES","@id":"https:\/\/acostureira.com\/tienda\/unisex\/camiseta-unisex\/camiseta-blanca-el-hombre-desciende-del-cono\/#primaryimage","url":"https:\/\/acostureira.com\/wp-content\/uploads\/2024\/06\/DESCIENDE-DEL-CONO-BLANCA-UNISEX.jpg","contentUrl":"https:\/\/acostureira.com\/wp-content\/uploads\/2024\/06\/DESCIENDE-DEL-CONO-BLANCA-UNISEX.jpg","width":591,"height":591,"caption":"DESCIENDE DEL CO\u00d1O"},{"@type":"BreadcrumbList","@id":"https:\/\/acostureira.com\/tienda\/unisex\/camiseta-unisex\/camiseta-blanca-el-hombre-desciende-del-cono\/#breadcrumb","itemListElement":[{"@type":"ListItem","position":1,"name":"Portada","item":"https:\/\/acostureira.com\/"},{"@type":"ListItem","position":2,"name":"Todos nuestros productos","item":"https:\/\/acostureira.com\/tienda\/"},{"@type":"ListItem","position":3,"name":"CAMISETA DESCIENDE DEL CO\u00d1O"}]},{"@type":"WebSite","@id":"https:\/\/acostureira.com\/#website","url":"https:\/\/acostureira.com\/","name":"Acostureira","description":"Produto feminista e galego","publisher":{"@id":"https:\/\/acostureira.com\/#organization"},"potentialAction":[{"@type":"SearchAction","target":{"@type":"EntryPoint","urlTemplate":"https:\/\/acostureira.com\/?s={search_term_string}"},"query-input":{"@type":"PropertyValueSpecification","valueRequired":true,"valueName":"search_term_string"}}],"inLanguage":"gl-ES"},{"@type":"Organization","@id":"https:\/\/acostureira.com\/#organization","name":"Acostureira","url":"https:\/\/acostureira.com\/","logo":{"@type":"ImageObject","inLanguage":"gl-ES","@id":"https:\/\/acostureira.com\/#\/schema\/logo\/image\/","url":"https:\/\/acostureira.com\/wp-content\/uploads\/2022\/12\/cropped-LOGO-COSTUREIRA.png","contentUrl":"https:\/\/acostureira.com\/wp-content\/uploads\/2022\/12\/cropped-LOGO-COSTUREIRA.png","width":512,"height":512,"caption":"Acostureira"},"image":{"@id":"https:\/\/acostureira.com\/#\/schema\/logo\/image\/"},"sameAs":["https:\/\/www.facebook.com\/acostureira19","https:\/\/www.instagram.com\/acostureira19\/"]}]}},"_links":{"self":[{"href":"https:\/\/acostureira.com\/gl\/wp-json\/wp\/v2\/product\/42965","targetHints":{"allow":["GET"]}}],"collection":[{"href":"https:\/\/acostureira.com\/gl\/wp-json\/wp\/v2\/product"}],"about":[{"href":"https:\/\/acostureira.com\/gl\/wp-json\/wp\/v2\/types\/product"}],"wp:featuredmedia":[{"embeddable":true,"href":"https:\/\/acostureira.com\/gl\/wp-json\/wp\/v2\/media\/42987"}],"wp:attachment":[{"href":"https:\/\/acostureira.com\/gl\/wp-json\/wp\/v2\/media?parent=42965"}],"wp:term":[{"taxonomy":"product_brand","embeddable":true,"href":"https:\/\/acostureira.com\/gl\/wp-json\/wp\/v2\/product_brand?post=42965"},{"taxonomy":"product_cat","embeddable":true,"href":"https:\/\/acostureira.com\/gl\/wp-json\/wp\/v2\/product_cat?post=42965"},{"taxonomy":"product_tag","embeddable":true,"href":"https:\/\/acostureira.com\/gl\/wp-json\/wp\/v2\/product_tag?post=42965"}],"curies":[{"name":"wp","href":"https:\/\/api.w.org\/{rel}","templated":true}]}}