{"id":42995,"date":"2024-06-27T20:37:29","date_gmt":"2024-06-27T18:37:29","guid":{"rendered":"https:\/\/acostureira.com\/?post_type=product&#038;p=42995"},"modified":"2025-03-28T18:42:43","modified_gmt":"2025-03-28T17:42:43","slug":"camiseta-colorada","status":"publish","type":"product","link":"https:\/\/acostureira.com\/gl\/tienda\/mujer\/camiseta-mujer\/camiseta-colorada\/","title":{"rendered":"CAMISETA COLORADA"},"content":{"rendered":"<h4>CAMISETA COLORADA<\/h4>\n<p>A camiseta Colorada \u00e9 unha camiseta feminina cun dese\u00f1o do ilustrador LLanos Luaces Gud\u00edn.<\/p>\n<p>Unha camiseta 100% de algod\u00f3n org\u00e1nico de estilo moderno, corte longo, manga cortada e dobrada.<\/p>\n<p>Un dos moitos dese\u00f1os que esperamos ter desta artista que representa a unha muller.<br \/>\nPres\u00e9ntate cos dese\u00f1os de LLanos!<\/p>","protected":false},"excerpt":{"rendered":"<p>Camiseta branca 100% algod\u00f3n org\u00e1nico 140 g<br \/>\nCorte longo con corte e mangas dobradas<br \/>\nDese\u00f1o de Llanos Luaces Gud\u00edn.<\/p>\n<p><img decoding=\"async\" class=\"alignnone wp-image-41866\" src=\"https:\/\/acostureira.com\/wp-content\/uploads\/2024\/04\/algodon-organico-300x300.png\" alt=\"\" width=\"80\" height=\"80\" srcset=\"https:\/\/acostureira.com\/wp-content\/uploads\/2024\/04\/algodon-organico-300x300.png 300w, https:\/\/acostureira.com\/wp-content\/uploads\/2024\/04\/algodon-organico-1024x1024.png 1024w, https:\/\/acostureira.com\/wp-content\/uploads\/2024\/04\/algodon-organico-150x150.png 150w, https:\/\/acostureira.com\/wp-content\/uploads\/2024\/04\/algodon-organico-768x768.png 768w, https:\/\/acostureira.com\/wp-content\/uploads\/2024\/04\/algodon-organico-1000x1000.png 1000w, https:\/\/acostureira.com\/wp-content\/uploads\/2024\/04\/algodon-organico-100x100.png 100w, https:\/\/acostureira.com\/wp-content\/uploads\/2024\/04\/algodon-organico-170x170.png 170w, https:\/\/acostureira.com\/wp-content\/uploads\/2024\/04\/algodon-organico.png 1080w\" sizes=\"(max-width: 80px) 100vw, 80px\" \/><\/p>","protected":false},"featured_media":43001,"template":"","meta":{"site-sidebar-layout":"default","site-content-layout":"","ast-site-content-layout":"default","site-content-style":"default","site-sidebar-style":"default","ast-global-header-display":"","ast-banner-title-visibility":"","ast-main-header-display":"","ast-hfb-above-header-display":"","ast-hfb-below-header-display":"","ast-hfb-mobile-header-display":"","site-post-title":"","ast-breadcrumbs-content":"","ast-featured-img":"","footer-sml-layout":"","ast-disable-related-posts":"","theme-transparent-header-meta":"default","adv-header-id-meta":"","stick-header-meta":"default","header-above-stick-meta":"","header-main-stick-meta":"","header-below-stick-meta":"","astra-migrate-meta-layouts":"set","ast-page-background-enabled":"default","ast-page-background-meta":{"desktop":{"background-color":"var(--ast-global-color-4)","background-image":"","background-repeat":"repeat","background-position":"center center","background-size":"auto","background-attachment":"scroll","background-type":"","background-media":"","overlay-type":"","overlay-color":"","overlay-opacity":"","overlay-gradient":""},"tablet":{"background-color":"","background-image":"","background-repeat":"repeat","background-position":"center center","background-size":"auto","background-attachment":"scroll","background-type":"","background-media":"","overlay-type":"","overlay-color":"","overlay-opacity":"","overlay-gradient":""},"mobile":{"background-color":"","background-image":"","background-repeat":"repeat","background-position":"center center","background-size":"auto","background-attachment":"scroll","background-type":"","background-media":"","overlay-type":"","overlay-color":"","overlay-opacity":"","overlay-gradient":""}},"ast-content-background-meta":{"desktop":{"background-color":"var(--ast-global-color-5)","background-image":"","background-repeat":"repeat","background-position":"center center","background-size":"auto","background-attachment":"scroll","background-type":"","background-media":"","overlay-type":"","overlay-color":"","overlay-opacity":"","overlay-gradient":""},"tablet":{"background-color":"var(--ast-global-color-5)","background-image":"","background-repeat":"repeat","background-position":"center center","background-size":"auto","background-attachment":"scroll","background-type":"","background-media":"","overlay-type":"","overlay-color":"","overlay-opacity":"","overlay-gradient":""},"mobile":{"background-color":"var(--ast-global-color-5)","background-image":"","background-repeat":"repeat","background-position":"center center","background-size":"auto","background-attachment":"scroll","background-type":"","background-media":"","overlay-type":"","overlay-color":"","overlay-opacity":"","overlay-gradient":""}}},"product_brand":[],"product_cat":[163,524,557,162],"product_tag":[150,559,151,560,208,558,529],"class_list":{"0":"post-42995","1":"product","2":"type-product","3":"status-publish","4":"has-post-thumbnail","6":"product_cat-camiseta-mujer","7":"product_cat-feminismo","8":"product_cat-llanos","9":"product_cat-mujer","10":"product_tag-camiseta","11":"product_tag-colorada","12":"product_tag-feminismo","13":"product_tag-llanos","14":"product_tag-mujer","15":"product_tag-nariz","16":"product_tag-regalo","17":"desktop-align-center","18":"tablet-align-left","19":"mobile-align-left","20":"ast-product-gallery-layout-first-image-large","21":"ast-product-single-variable","22":"ast-product-tabs-layout-horizontal","23":"ast-qv-on-image","25":"first","26":"instock","27":"taxable","28":"shipping-taxable","29":"purchasable","30":"product-type-variable"},"yoast_head":"<!-- This site is optimized with the Yoast SEO plugin v27.2 - https:\/\/yoast.com\/product\/yoast-seo-wordpress\/ -->\n<title>Camiseta Colorada<\/title>\n<meta name=\"description\" content=\"Compra la nueva camiseta de mujer COLORADA. Una camiseta de algod\u00f3n org\u00e1nico con dise\u00f1o de la artista Llanos Luaces Gud\u00edn. No te quedes sin ella!\" \/>\n<meta name=\"robots\" content=\"index, follow, max-snippet:-1, max-image-preview:large, max-video-preview:-1\" \/>\n<link rel=\"canonical\" href=\"https:\/\/acostureira.com\/gl\/tienda\/mujer\/camiseta-mujer\/camiseta-colorada\/\" \/>\n<meta property=\"og:locale\" content=\"gl_ES\" \/>\n<meta property=\"og:type\" content=\"article\" \/>\n<meta property=\"og:title\" content=\"Camiseta Colorada\" \/>\n<meta property=\"og:description\" content=\"Compra la nueva camiseta de mujer COLORADA. Una camiseta de algod\u00f3n org\u00e1nico con dise\u00f1o de la artista Llanos Luaces Gud\u00edn. No te quedes sin ella!\" \/>\n<meta property=\"og:url\" content=\"https:\/\/acostureira.com\/gl\/tienda\/mujer\/camiseta-mujer\/camiseta-colorada\/\" \/>\n<meta property=\"og:site_name\" content=\"Acostureira\" \/>\n<meta property=\"article:publisher\" content=\"https:\/\/www.facebook.com\/acostureira19\" \/>\n<meta property=\"article:modified_time\" content=\"2025-03-28T17:42:43+00:00\" \/>\n<meta property=\"og:image\" content=\"https:\/\/acostureira.com\/wp-content\/uploads\/2024\/06\/NARIZ-LLANOS.png\" \/>\n\t<meta property=\"og:image:width\" content=\"591\" \/>\n\t<meta property=\"og:image:height\" content=\"591\" \/>\n\t<meta property=\"og:image:type\" content=\"image\/png\" \/>\n<meta name=\"twitter:card\" content=\"summary_large_image\" \/>\n<meta name=\"twitter:label1\" content=\"Tempo de lectura\" \/>\n\t<meta name=\"twitter:data1\" content=\"1 minuto\" \/>\n<script type=\"application\/ld+json\" class=\"yoast-schema-graph\">{\"@context\":\"https:\/\/schema.org\",\"@graph\":[{\"@type\":\"WebPage\",\"@id\":\"https:\/\/acostureira.com\/tienda\/mujer\/camiseta-mujer\/camiseta-colorada\/\",\"url\":\"https:\/\/acostureira.com\/tienda\/mujer\/camiseta-mujer\/camiseta-colorada\/\",\"name\":\"Camiseta Colorada\",\"isPartOf\":{\"@id\":\"https:\/\/acostureira.com\/#website\"},\"primaryImageOfPage\":{\"@id\":\"https:\/\/acostureira.com\/tienda\/mujer\/camiseta-mujer\/camiseta-colorada\/#primaryimage\"},\"image\":{\"@id\":\"https:\/\/acostureira.com\/tienda\/mujer\/camiseta-mujer\/camiseta-colorada\/#primaryimage\"},\"thumbnailUrl\":\"https:\/\/acostureira.com\/wp-content\/uploads\/2024\/06\/NARIZ-LLANOS.png\",\"datePublished\":\"2024-06-27T18:37:29+00:00\",\"dateModified\":\"2025-03-28T17:42:43+00:00\",\"description\":\"Compra la nueva camiseta de mujer COLORADA. Una camiseta de algod\u00f3n org\u00e1nico con dise\u00f1o de la artista Llanos Luaces Gud\u00edn. No te quedes sin ella!\",\"breadcrumb\":{\"@id\":\"https:\/\/acostureira.com\/tienda\/mujer\/camiseta-mujer\/camiseta-colorada\/#breadcrumb\"},\"inLanguage\":\"gl-ES\",\"potentialAction\":[{\"@type\":\"ReadAction\",\"target\":[\"https:\/\/acostureira.com\/tienda\/mujer\/camiseta-mujer\/camiseta-colorada\/\"]}]},{\"@type\":\"ImageObject\",\"inLanguage\":\"gl-ES\",\"@id\":\"https:\/\/acostureira.com\/tienda\/mujer\/camiseta-mujer\/camiseta-colorada\/#primaryimage\",\"url\":\"https:\/\/acostureira.com\/wp-content\/uploads\/2024\/06\/NARIZ-LLANOS.png\",\"contentUrl\":\"https:\/\/acostureira.com\/wp-content\/uploads\/2024\/06\/NARIZ-LLANOS.png\",\"width\":591,\"height\":591,\"caption\":\"Camiseta Colorada\"},{\"@type\":\"BreadcrumbList\",\"@id\":\"https:\/\/acostureira.com\/tienda\/mujer\/camiseta-mujer\/camiseta-colorada\/#breadcrumb\",\"itemListElement\":[{\"@type\":\"ListItem\",\"position\":1,\"name\":\"Portada\",\"item\":\"https:\/\/acostureira.com\/\"},{\"@type\":\"ListItem\",\"position\":2,\"name\":\"Todos nuestros productos\",\"item\":\"https:\/\/acostureira.com\/tienda\/\"},{\"@type\":\"ListItem\",\"position\":3,\"name\":\"Camiseta Colorada\"}]},{\"@type\":\"WebSite\",\"@id\":\"https:\/\/acostureira.com\/#website\",\"url\":\"https:\/\/acostureira.com\/\",\"name\":\"Acostureira\",\"description\":\"Producto feminista y de Galicia\",\"publisher\":{\"@id\":\"https:\/\/acostureira.com\/#organization\"},\"potentialAction\":[{\"@type\":\"SearchAction\",\"target\":{\"@type\":\"EntryPoint\",\"urlTemplate\":\"https:\/\/acostureira.com\/?s={search_term_string}\"},\"query-input\":{\"@type\":\"PropertyValueSpecification\",\"valueRequired\":true,\"valueName\":\"search_term_string\"}}],\"inLanguage\":\"gl-ES\"},{\"@type\":\"Organization\",\"@id\":\"https:\/\/acostureira.com\/#organization\",\"name\":\"Acostureira\",\"url\":\"https:\/\/acostureira.com\/\",\"logo\":{\"@type\":\"ImageObject\",\"inLanguage\":\"gl-ES\",\"@id\":\"https:\/\/acostureira.com\/#\/schema\/logo\/image\/\",\"url\":\"https:\/\/acostureira.com\/wp-content\/uploads\/2022\/12\/cropped-LOGO-COSTUREIRA.png\",\"contentUrl\":\"https:\/\/acostureira.com\/wp-content\/uploads\/2022\/12\/cropped-LOGO-COSTUREIRA.png\",\"width\":512,\"height\":512,\"caption\":\"Acostureira\"},\"image\":{\"@id\":\"https:\/\/acostureira.com\/#\/schema\/logo\/image\/\"},\"sameAs\":[\"https:\/\/www.facebook.com\/acostureira19\",\"https:\/\/www.instagram.com\/acostureira19\/\"]}]}<\/script>\n<!-- \/ Yoast SEO plugin. -->","yoast_head_json":{"title":"CAMISETA COLORADA","description":"Compra la nueva camiseta de mujer COLORADA. Una camiseta de algod\u00f3n org\u00e1nico con dise\u00f1o de la artista Llanos Luaces Gud\u00edn. No te quedes sin ella!","robots":{"index":"index","follow":"follow","max-snippet":"max-snippet:-1","max-image-preview":"max-image-preview:large","max-video-preview":"max-video-preview:-1"},"canonical":"https:\/\/acostureira.com\/gl\/tienda\/mujer\/camiseta-mujer\/camiseta-colorada\/","og_locale":"gl_ES","og_type":"article","og_title":"Camiseta Colorada","og_description":"Compra la nueva camiseta de mujer COLORADA. Una camiseta de algod\u00f3n org\u00e1nico con dise\u00f1o de la artista Llanos Luaces Gud\u00edn. No te quedes sin ella!","og_url":"https:\/\/acostureira.com\/gl\/tienda\/mujer\/camiseta-mujer\/camiseta-colorada\/","og_site_name":"Acostureira","article_publisher":"https:\/\/www.facebook.com\/acostureira19","article_modified_time":"2025-03-28T17:42:43+00:00","og_image":[{"width":591,"height":591,"url":"https:\/\/acostureira.com\/wp-content\/uploads\/2024\/06\/NARIZ-LLANOS.png","type":"image\/png"}],"twitter_card":"summary_large_image","twitter_misc":{"Tempo de lectura":"1 minuto"},"schema":{"@context":"https:\/\/schema.org","@graph":[{"@type":"WebPage","@id":"https:\/\/acostureira.com\/tienda\/mujer\/camiseta-mujer\/camiseta-colorada\/","url":"https:\/\/acostureira.com\/tienda\/mujer\/camiseta-mujer\/camiseta-colorada\/","name":"CAMISETA COLORADA","isPartOf":{"@id":"https:\/\/acostureira.com\/#website"},"primaryImageOfPage":{"@id":"https:\/\/acostureira.com\/tienda\/mujer\/camiseta-mujer\/camiseta-colorada\/#primaryimage"},"image":{"@id":"https:\/\/acostureira.com\/tienda\/mujer\/camiseta-mujer\/camiseta-colorada\/#primaryimage"},"thumbnailUrl":"https:\/\/acostureira.com\/wp-content\/uploads\/2024\/06\/NARIZ-LLANOS.png","datePublished":"2024-06-27T18:37:29+00:00","dateModified":"2025-03-28T17:42:43+00:00","description":"Compra la nueva camiseta de mujer COLORADA. Una camiseta de algod\u00f3n org\u00e1nico con dise\u00f1o de la artista Llanos Luaces Gud\u00edn. No te quedes sin ella!","breadcrumb":{"@id":"https:\/\/acostureira.com\/tienda\/mujer\/camiseta-mujer\/camiseta-colorada\/#breadcrumb"},"inLanguage":"gl-ES","potentialAction":[{"@type":"ReadAction","target":["https:\/\/acostureira.com\/tienda\/mujer\/camiseta-mujer\/camiseta-colorada\/"]}]},{"@type":"ImageObject","inLanguage":"gl-ES","@id":"https:\/\/acostureira.com\/tienda\/mujer\/camiseta-mujer\/camiseta-colorada\/#primaryimage","url":"https:\/\/acostureira.com\/wp-content\/uploads\/2024\/06\/NARIZ-LLANOS.png","contentUrl":"https:\/\/acostureira.com\/wp-content\/uploads\/2024\/06\/NARIZ-LLANOS.png","width":591,"height":591,"caption":"Camiseta Colorada"},{"@type":"BreadcrumbList","@id":"https:\/\/acostureira.com\/tienda\/mujer\/camiseta-mujer\/camiseta-colorada\/#breadcrumb","itemListElement":[{"@type":"ListItem","position":1,"name":"Portada","item":"https:\/\/acostureira.com\/"},{"@type":"ListItem","position":2,"name":"Todos nuestros productos","item":"https:\/\/acostureira.com\/tienda\/"},{"@type":"ListItem","position":3,"name":"Camiseta Colorada"}]},{"@type":"WebSite","@id":"https:\/\/acostureira.com\/#website","url":"https:\/\/acostureira.com\/","name":"Acostureira","description":"Produto feminista e galego","publisher":{"@id":"https:\/\/acostureira.com\/#organization"},"potentialAction":[{"@type":"SearchAction","target":{"@type":"EntryPoint","urlTemplate":"https:\/\/acostureira.com\/?s={search_term_string}"},"query-input":{"@type":"PropertyValueSpecification","valueRequired":true,"valueName":"search_term_string"}}],"inLanguage":"gl-ES"},{"@type":"Organization","@id":"https:\/\/acostureira.com\/#organization","name":"Acostureira","url":"https:\/\/acostureira.com\/","logo":{"@type":"ImageObject","inLanguage":"gl-ES","@id":"https:\/\/acostureira.com\/#\/schema\/logo\/image\/","url":"https:\/\/acostureira.com\/wp-content\/uploads\/2022\/12\/cropped-LOGO-COSTUREIRA.png","contentUrl":"https:\/\/acostureira.com\/wp-content\/uploads\/2022\/12\/cropped-LOGO-COSTUREIRA.png","width":512,"height":512,"caption":"Acostureira"},"image":{"@id":"https:\/\/acostureira.com\/#\/schema\/logo\/image\/"},"sameAs":["https:\/\/www.facebook.com\/acostureira19","https:\/\/www.instagram.com\/acostureira19\/"]}]}},"_links":{"self":[{"href":"https:\/\/acostureira.com\/gl\/wp-json\/wp\/v2\/product\/42995","targetHints":{"allow":["GET"]}}],"collection":[{"href":"https:\/\/acostureira.com\/gl\/wp-json\/wp\/v2\/product"}],"about":[{"href":"https:\/\/acostureira.com\/gl\/wp-json\/wp\/v2\/types\/product"}],"wp:featuredmedia":[{"embeddable":true,"href":"https:\/\/acostureira.com\/gl\/wp-json\/wp\/v2\/media\/43001"}],"wp:attachment":[{"href":"https:\/\/acostureira.com\/gl\/wp-json\/wp\/v2\/media?parent=42995"}],"wp:term":[{"taxonomy":"product_brand","embeddable":true,"href":"https:\/\/acostureira.com\/gl\/wp-json\/wp\/v2\/product_brand?post=42995"},{"taxonomy":"product_cat","embeddable":true,"href":"https:\/\/acostureira.com\/gl\/wp-json\/wp\/v2\/product_cat?post=42995"},{"taxonomy":"product_tag","embeddable":true,"href":"https:\/\/acostureira.com\/gl\/wp-json\/wp\/v2\/product_tag?post=42995"}],"curies":[{"name":"wp","href":"https:\/\/api.w.org\/{rel}","templated":true}]}}