{"id":44407,"date":"2024-12-16T13:28:25","date_gmt":"2024-12-16T12:28:25","guid":{"rendered":"https:\/\/acostureira.com\/?post_type=product&#038;p=44407"},"modified":"2026-03-20T17:34:15","modified_gmt":"2026-03-20T16:34:15","slug":"lamina-si-hay-hueco","status":"publish","type":"product","link":"https:\/\/acostureira.com\/gl\/tienda\/otros\/laminas\/lamina-si-hay-hueco\/","title":{"rendered":"Folla Si, hai un burato"},"content":{"rendered":"<div>\n<h2>Folla Si, hai un burato<\/h2>\n<\/div>\n<div>\n<p><span style=\"font-weight: 400;\">Sempre nos preguntan que pensamos facer coa roupa interior de todas as convidadas que estiveron no programa. E como a\u00ednda non obtivemos resposta, debuxamos todos os dese\u00f1os orixinais de roupa interior de cada unha das convidadas para que os poidades colgar na parede. Ou onde queirades. Non vos imos dicir onde colgar o voso estampado!.<\/span><\/p>\n<\/div>","protected":false},"excerpt":{"rendered":"<p><span style=\"font-weight: 400;\">Papel Conqueror de 350 g.<\/span><\/p>\n<p><span style=\"font-weight: 400;\">Medidas 30 \u00d7 40 cm.<\/span><\/p>\n<p><span style=\"font-weight: 400;\">Impresi\u00f3n persoalizada realizada en Galicia<\/span><\/p>\n<p>&nbsp;<\/p>\n<p><span style=\"font-weight: 400;\">Dese\u00f1ado por:<\/span><\/p>\n<p><a href=\"https:\/\/www.instagram.com\/sergiovergel.art\/\"><span style=\"font-weight: 400;\">@sergiovergel.art<\/span><\/a><\/p>\n<p><a href=\"https:\/\/www.instagram.com\/gomupo.art\/\"><span style=\"font-weight: 400;\">@gomupo.art<\/span><\/a><\/p>\n<p><a href=\"https:\/\/www.instagram.com\/cokecasquero\/\"><span style=\"font-weight: 400;\">@cokecasquero<\/span><\/a><\/p>","protected":false},"featured_media":44408,"template":"","meta":{"site-sidebar-layout":"default","site-content-layout":"","ast-site-content-layout":"default","site-content-style":"default","site-sidebar-style":"default","ast-global-header-display":"","ast-banner-title-visibility":"","ast-main-header-display":"","ast-hfb-above-header-display":"","ast-hfb-below-header-display":"","ast-hfb-mobile-header-display":"","site-post-title":"","ast-breadcrumbs-content":"","ast-featured-img":"","footer-sml-layout":"","ast-disable-related-posts":"","theme-transparent-header-meta":"default","adv-header-id-meta":"","stick-header-meta":"default","header-above-stick-meta":"","header-main-stick-meta":"","header-below-stick-meta":"","astra-migrate-meta-layouts":"set","ast-page-background-enabled":"default","ast-page-background-meta":{"desktop":{"background-color":"var(--ast-global-color-4)","background-image":"","background-repeat":"repeat","background-position":"center center","background-size":"auto","background-attachment":"scroll","background-type":"","background-media":"","overlay-type":"","overlay-color":"","overlay-opacity":"","overlay-gradient":""},"tablet":{"background-color":"","background-image":"","background-repeat":"repeat","background-position":"center center","background-size":"auto","background-attachment":"scroll","background-type":"","background-media":"","overlay-type":"","overlay-color":"","overlay-opacity":"","overlay-gradient":""},"mobile":{"background-color":"","background-image":"","background-repeat":"repeat","background-position":"center center","background-size":"auto","background-attachment":"scroll","background-type":"","background-media":"","overlay-type":"","overlay-color":"","overlay-opacity":"","overlay-gradient":""}},"ast-content-background-meta":{"desktop":{"background-color":"var(--ast-global-color-5)","background-image":"","background-repeat":"repeat","background-position":"center center","background-size":"auto","background-attachment":"scroll","background-type":"","background-media":"","overlay-type":"","overlay-color":"","overlay-opacity":"","overlay-gradient":""},"tablet":{"background-color":"var(--ast-global-color-5)","background-image":"","background-repeat":"repeat","background-position":"center center","background-size":"auto","background-attachment":"scroll","background-type":"","background-media":"","overlay-type":"","overlay-color":"","overlay-opacity":"","overlay-gradient":""},"mobile":{"background-color":"var(--ast-global-color-5)","background-image":"","background-repeat":"repeat","background-position":"center center","background-size":"auto","background-attachment":"scroll","background-type":"","background-media":"","overlay-type":"","overlay-color":"","overlay-opacity":"","overlay-gradient":""}}},"product_brand":[],"product_cat":[194,524,221,225],"product_tag":[214,224,82,598,228],"class_list":{"0":"post-44407","1":"product","2":"type-product","3":"status-publish","4":"has-post-thumbnail","6":"product_cat-estirando-el-chicle","7":"product_cat-feminismo","8":"product_cat-laminas","9":"product_cat-otros","10":"product_tag-bolsa","11":"product_tag-estirando-el-chicle","12":"product_tag-lamina","13":"product_tag-si-hay-hueco","14":"product_tag-valida","15":"desktop-align-center","16":"tablet-align-left","17":"mobile-align-left","18":"ast-product-gallery-layout-first-image-large","19":"ast-product-tabs-layout-horizontal","20":"ast-qv-on-image","22":"first","23":"instock","24":"taxable","25":"shipping-taxable","26":"purchasable","27":"product-type-simple"},"yoast_head":"<!-- This site is optimized with the Yoast SEO plugin v27.2 - https:\/\/yoast.com\/product\/yoast-seo-wordpress\/ -->\n<title>L\u00e1mina S\u00ed Hay Hueco - Acostureira<\/title>\n<meta name=\"description\" content=\"Comprar l\u00e1mina s\u00ed hay hueco. Una l\u00e1mina del podcast Estirando el Chicle. Un podcast, presentado por Carolina Iglesias y Victoria Mart\u00edn,\" \/>\n<meta name=\"robots\" content=\"index, follow, max-snippet:-1, max-image-preview:large, max-video-preview:-1\" \/>\n<link rel=\"canonical\" href=\"https:\/\/acostureira.com\/gl\/tienda\/otros\/laminas\/lamina-si-hay-hueco\/\" \/>\n<meta property=\"og:locale\" content=\"gl_ES\" \/>\n<meta property=\"og:type\" content=\"article\" \/>\n<meta property=\"og:title\" content=\"L\u00e1mina S\u00ed Hay Hueco - Acostureira\" \/>\n<meta property=\"og:description\" content=\"Comprar l\u00e1mina s\u00ed hay hueco. Una l\u00e1mina del podcast Estirando el Chicle. Un podcast, presentado por Carolina Iglesias y Victoria Mart\u00edn,\" \/>\n<meta property=\"og:url\" content=\"https:\/\/acostureira.com\/gl\/tienda\/otros\/laminas\/lamina-si-hay-hueco\/\" \/>\n<meta property=\"og:site_name\" content=\"Acostureira\" \/>\n<meta property=\"article:publisher\" content=\"https:\/\/www.facebook.com\/acostureira19\" \/>\n<meta property=\"article:modified_time\" content=\"2026-03-20T16:34:15+00:00\" \/>\n<meta property=\"og:image\" content=\"https:\/\/acostureira.com\/wp-content\/uploads\/2024\/12\/LAMINA-SHH_01.jpg\" \/>\n\t<meta property=\"og:image:width\" content=\"2000\" \/>\n\t<meta property=\"og:image:height\" content=\"2000\" \/>\n\t<meta property=\"og:image:type\" content=\"image\/jpeg\" \/>\n<meta name=\"twitter:card\" content=\"summary_large_image\" \/>\n<meta name=\"twitter:label1\" content=\"Tempo de lectura\" \/>\n\t<meta name=\"twitter:data1\" content=\"1 minuto\" \/>\n<script type=\"application\/ld+json\" class=\"yoast-schema-graph\">{\"@context\":\"https:\/\/schema.org\",\"@graph\":[{\"@type\":\"WebPage\",\"@id\":\"https:\/\/acostureira.com\/tienda\/otros\/laminas\/lamina-si-hay-hueco\/\",\"url\":\"https:\/\/acostureira.com\/tienda\/otros\/laminas\/lamina-si-hay-hueco\/\",\"name\":\"L\u00e1mina S\u00ed Hay Hueco - Acostureira\",\"isPartOf\":{\"@id\":\"https:\/\/acostureira.com\/#website\"},\"primaryImageOfPage\":{\"@id\":\"https:\/\/acostureira.com\/tienda\/otros\/laminas\/lamina-si-hay-hueco\/#primaryimage\"},\"image\":{\"@id\":\"https:\/\/acostureira.com\/tienda\/otros\/laminas\/lamina-si-hay-hueco\/#primaryimage\"},\"thumbnailUrl\":\"https:\/\/acostureira.com\/wp-content\/uploads\/2024\/12\/LAMINA-SHH_01.jpg\",\"datePublished\":\"2024-12-16T12:28:25+00:00\",\"dateModified\":\"2026-03-20T16:34:15+00:00\",\"description\":\"Comprar l\u00e1mina s\u00ed hay hueco. Una l\u00e1mina del podcast Estirando el Chicle. Un podcast, presentado por Carolina Iglesias y Victoria Mart\u00edn,\",\"breadcrumb\":{\"@id\":\"https:\/\/acostureira.com\/tienda\/otros\/laminas\/lamina-si-hay-hueco\/#breadcrumb\"},\"inLanguage\":\"gl-ES\",\"potentialAction\":[{\"@type\":\"ReadAction\",\"target\":[\"https:\/\/acostureira.com\/tienda\/otros\/laminas\/lamina-si-hay-hueco\/\"]}]},{\"@type\":\"ImageObject\",\"inLanguage\":\"gl-ES\",\"@id\":\"https:\/\/acostureira.com\/tienda\/otros\/laminas\/lamina-si-hay-hueco\/#primaryimage\",\"url\":\"https:\/\/acostureira.com\/wp-content\/uploads\/2024\/12\/LAMINA-SHH_01.jpg\",\"contentUrl\":\"https:\/\/acostureira.com\/wp-content\/uploads\/2024\/12\/LAMINA-SHH_01.jpg\",\"width\":2000,\"height\":2000,\"caption\":\"lamina shh\"},{\"@type\":\"BreadcrumbList\",\"@id\":\"https:\/\/acostureira.com\/tienda\/otros\/laminas\/lamina-si-hay-hueco\/#breadcrumb\",\"itemListElement\":[{\"@type\":\"ListItem\",\"position\":1,\"name\":\"Portada\",\"item\":\"https:\/\/acostureira.com\/\"},{\"@type\":\"ListItem\",\"position\":2,\"name\":\"Todos nuestros productos\",\"item\":\"https:\/\/acostureira.com\/tienda\/\"},{\"@type\":\"ListItem\",\"position\":3,\"name\":\"L\u00e1mina S\u00ed Hay Hueco\"}]},{\"@type\":\"WebSite\",\"@id\":\"https:\/\/acostureira.com\/#website\",\"url\":\"https:\/\/acostureira.com\/\",\"name\":\"Acostureira\",\"description\":\"Producto feminista y de Galicia\",\"publisher\":{\"@id\":\"https:\/\/acostureira.com\/#organization\"},\"potentialAction\":[{\"@type\":\"SearchAction\",\"target\":{\"@type\":\"EntryPoint\",\"urlTemplate\":\"https:\/\/acostureira.com\/?s={search_term_string}\"},\"query-input\":{\"@type\":\"PropertyValueSpecification\",\"valueRequired\":true,\"valueName\":\"search_term_string\"}}],\"inLanguage\":\"gl-ES\"},{\"@type\":\"Organization\",\"@id\":\"https:\/\/acostureira.com\/#organization\",\"name\":\"Acostureira\",\"url\":\"https:\/\/acostureira.com\/\",\"logo\":{\"@type\":\"ImageObject\",\"inLanguage\":\"gl-ES\",\"@id\":\"https:\/\/acostureira.com\/#\/schema\/logo\/image\/\",\"url\":\"https:\/\/acostureira.com\/wp-content\/uploads\/2022\/12\/cropped-LOGO-COSTUREIRA.png\",\"contentUrl\":\"https:\/\/acostureira.com\/wp-content\/uploads\/2022\/12\/cropped-LOGO-COSTUREIRA.png\",\"width\":512,\"height\":512,\"caption\":\"Acostureira\"},\"image\":{\"@id\":\"https:\/\/acostureira.com\/#\/schema\/logo\/image\/\"},\"sameAs\":[\"https:\/\/www.facebook.com\/acostureira19\",\"https:\/\/www.instagram.com\/acostureira19\/\"]}]}<\/script>\n<!-- \/ Yoast SEO plugin. -->","yoast_head_json":{"title":"L\u00e1mina S\u00ed Hay Hueco - Acostureira","description":"Comprar l\u00e1mina s\u00ed hay hueco. Una l\u00e1mina del podcast Estirando el Chicle. Un podcast, presentado por Carolina Iglesias y Victoria Mart\u00edn,","robots":{"index":"index","follow":"follow","max-snippet":"max-snippet:-1","max-image-preview":"max-image-preview:large","max-video-preview":"max-video-preview:-1"},"canonical":"https:\/\/acostureira.com\/gl\/tienda\/otros\/laminas\/lamina-si-hay-hueco\/","og_locale":"gl_ES","og_type":"article","og_title":"L\u00e1mina S\u00ed Hay Hueco - Acostureira","og_description":"Comprar l\u00e1mina s\u00ed hay hueco. Una l\u00e1mina del podcast Estirando el Chicle. Un podcast, presentado por Carolina Iglesias y Victoria Mart\u00edn,","og_url":"https:\/\/acostureira.com\/gl\/tienda\/otros\/laminas\/lamina-si-hay-hueco\/","og_site_name":"Acostureira","article_publisher":"https:\/\/www.facebook.com\/acostureira19","article_modified_time":"2026-03-20T16:34:15+00:00","og_image":[{"width":2000,"height":2000,"url":"https:\/\/acostureira.com\/wp-content\/uploads\/2024\/12\/LAMINA-SHH_01.jpg","type":"image\/jpeg"}],"twitter_card":"summary_large_image","twitter_misc":{"Tempo de lectura":"1 minuto"},"schema":{"@context":"https:\/\/schema.org","@graph":[{"@type":"WebPage","@id":"https:\/\/acostureira.com\/tienda\/otros\/laminas\/lamina-si-hay-hueco\/","url":"https:\/\/acostureira.com\/tienda\/otros\/laminas\/lamina-si-hay-hueco\/","name":"L\u00e1mina S\u00ed Hay Hueco - Acostureira","isPartOf":{"@id":"https:\/\/acostureira.com\/#website"},"primaryImageOfPage":{"@id":"https:\/\/acostureira.com\/tienda\/otros\/laminas\/lamina-si-hay-hueco\/#primaryimage"},"image":{"@id":"https:\/\/acostureira.com\/tienda\/otros\/laminas\/lamina-si-hay-hueco\/#primaryimage"},"thumbnailUrl":"https:\/\/acostureira.com\/wp-content\/uploads\/2024\/12\/LAMINA-SHH_01.jpg","datePublished":"2024-12-16T12:28:25+00:00","dateModified":"2026-03-20T16:34:15+00:00","description":"Comprar l\u00e1mina s\u00ed hay hueco. Una l\u00e1mina del podcast Estirando el Chicle. Un podcast, presentado por Carolina Iglesias y Victoria Mart\u00edn,","breadcrumb":{"@id":"https:\/\/acostureira.com\/tienda\/otros\/laminas\/lamina-si-hay-hueco\/#breadcrumb"},"inLanguage":"gl-ES","potentialAction":[{"@type":"ReadAction","target":["https:\/\/acostureira.com\/tienda\/otros\/laminas\/lamina-si-hay-hueco\/"]}]},{"@type":"ImageObject","inLanguage":"gl-ES","@id":"https:\/\/acostureira.com\/tienda\/otros\/laminas\/lamina-si-hay-hueco\/#primaryimage","url":"https:\/\/acostureira.com\/wp-content\/uploads\/2024\/12\/LAMINA-SHH_01.jpg","contentUrl":"https:\/\/acostureira.com\/wp-content\/uploads\/2024\/12\/LAMINA-SHH_01.jpg","width":2000,"height":2000,"caption":"lamina shh"},{"@type":"BreadcrumbList","@id":"https:\/\/acostureira.com\/tienda\/otros\/laminas\/lamina-si-hay-hueco\/#breadcrumb","itemListElement":[{"@type":"ListItem","position":1,"name":"Portada","item":"https:\/\/acostureira.com\/"},{"@type":"ListItem","position":2,"name":"Todos nuestros productos","item":"https:\/\/acostureira.com\/tienda\/"},{"@type":"ListItem","position":3,"name":"L\u00e1mina S\u00ed Hay Hueco"}]},{"@type":"WebSite","@id":"https:\/\/acostureira.com\/#website","url":"https:\/\/acostureira.com\/","name":"Acostureira","description":"Produto feminista e galego","publisher":{"@id":"https:\/\/acostureira.com\/#organization"},"potentialAction":[{"@type":"SearchAction","target":{"@type":"EntryPoint","urlTemplate":"https:\/\/acostureira.com\/?s={search_term_string}"},"query-input":{"@type":"PropertyValueSpecification","valueRequired":true,"valueName":"search_term_string"}}],"inLanguage":"gl-ES"},{"@type":"Organization","@id":"https:\/\/acostureira.com\/#organization","name":"Acostureira","url":"https:\/\/acostureira.com\/","logo":{"@type":"ImageObject","inLanguage":"gl-ES","@id":"https:\/\/acostureira.com\/#\/schema\/logo\/image\/","url":"https:\/\/acostureira.com\/wp-content\/uploads\/2022\/12\/cropped-LOGO-COSTUREIRA.png","contentUrl":"https:\/\/acostureira.com\/wp-content\/uploads\/2022\/12\/cropped-LOGO-COSTUREIRA.png","width":512,"height":512,"caption":"Acostureira"},"image":{"@id":"https:\/\/acostureira.com\/#\/schema\/logo\/image\/"},"sameAs":["https:\/\/www.facebook.com\/acostureira19","https:\/\/www.instagram.com\/acostureira19\/"]}]}},"_links":{"self":[{"href":"https:\/\/acostureira.com\/gl\/wp-json\/wp\/v2\/product\/44407","targetHints":{"allow":["GET"]}}],"collection":[{"href":"https:\/\/acostureira.com\/gl\/wp-json\/wp\/v2\/product"}],"about":[{"href":"https:\/\/acostureira.com\/gl\/wp-json\/wp\/v2\/types\/product"}],"wp:featuredmedia":[{"embeddable":true,"href":"https:\/\/acostureira.com\/gl\/wp-json\/wp\/v2\/media\/44408"}],"wp:attachment":[{"href":"https:\/\/acostureira.com\/gl\/wp-json\/wp\/v2\/media?parent=44407"}],"wp:term":[{"taxonomy":"product_brand","embeddable":true,"href":"https:\/\/acostureira.com\/gl\/wp-json\/wp\/v2\/product_brand?post=44407"},{"taxonomy":"product_cat","embeddable":true,"href":"https:\/\/acostureira.com\/gl\/wp-json\/wp\/v2\/product_cat?post=44407"},{"taxonomy":"product_tag","embeddable":true,"href":"https:\/\/acostureira.com\/gl\/wp-json\/wp\/v2\/product_tag?post=44407"}],"curies":[{"name":"wp","href":"https:\/\/api.w.org\/{rel}","templated":true}]}}