{"id":44892,"date":"2025-01-21T13:38:21","date_gmt":"2025-01-21T12:38:21","guid":{"rendered":"https:\/\/acostureira.com\/?post_type=product&#038;p=44892"},"modified":"2025-03-28T18:42:42","modified_gmt":"2025-03-28T17:42:42","slug":"bolsa-castelao","status":"publish","type":"product","link":"https:\/\/acostureira.com\/gl\/tienda\/otros\/bolsas\/bolsa-castelao\/","title":{"rendered":"Bolsa Castelao"},"content":{"rendered":"<p><span style=\"vertical-align: inherit;\"><span style=\"vertical-align: inherit;\">Descubre nuestra exclusiva bolsa 100% algod\u00f3n decorada con la imagen de Castelao, una pieza imprescindible para todos los amantes de la cultura y el arte gallego.<\/span><\/span><\/p>\n<p><span style=\"vertical-align: inherit;\"><span style=\"vertical-align: inherit;\">Imaxe realizada por <\/span><\/span><a href=\"https:\/\/www.instagram.com\/leandrinholamas\/\"><span style=\"vertical-align: inherit;\"><span style=\"vertical-align: inherit;\">Leandro Lamas<\/span><\/span><\/a><span style=\"vertical-align: inherit;\"><span style=\"vertical-align: inherit;\"> esta bolsa es perfecta para tu d\u00eda a d\u00eda, ya sea para ir de compras, trabajar o dar un paseo por el parque.<\/span><\/span><\/p>\n<p><span style=\"vertical-align: inherit;\"><span style=\"vertical-align: inherit;\">La bolsa con la imagen de Castelao, figura clave de nuestra historia y s\u00edmbolo de nuestro patrimonio cultural, luce con este bolso lleno de orgullo e identidad gallega. \u00a1Muestra tus ra\u00edces con orgullo! <\/span><\/span><\/p>\n<p><span style=\"vertical-align: inherit;\"><span style=\"vertical-align: inherit;\">Podes ver t\u00f3dolos productos de Leandro <\/span><\/span><a href=\"https:\/\/acostureira.com\/gl\/product-category\/leandro-lamas\/\"><span style=\"vertical-align: inherit;\"><span style=\"vertical-align: inherit;\">aqu\u00ed.<\/span><\/span><\/a><\/p>","protected":false},"excerpt":{"rendered":"<p>Bolsa con asas de algod\u00f3n 100% canvas de 300gr.<br \/>\nMedidas 39\u00d742 cm.<br \/>\nImpresi\u00f3n persoalizada a 2 tintas feita en Galicia.<\/p>","protected":false},"featured_media":44896,"template":"","meta":{"site-sidebar-layout":"default","site-content-layout":"","ast-site-content-layout":"default","site-content-style":"default","site-sidebar-style":"default","ast-global-header-display":"","ast-banner-title-visibility":"","ast-main-header-display":"","ast-hfb-above-header-display":"","ast-hfb-below-header-display":"","ast-hfb-mobile-header-display":"","site-post-title":"","ast-breadcrumbs-content":"","ast-featured-img":"","footer-sml-layout":"","ast-disable-related-posts":"","theme-transparent-header-meta":"default","adv-header-id-meta":"","stick-header-meta":"default","header-above-stick-meta":"","header-main-stick-meta":"","header-below-stick-meta":"","astra-migrate-meta-layouts":"set","ast-page-background-enabled":"default","ast-page-background-meta":{"desktop":{"background-color":"var(--ast-global-color-4)","background-image":"","background-repeat":"repeat","background-position":"center center","background-size":"auto","background-attachment":"scroll","background-type":"","background-media":"","overlay-type":"","overlay-color":"","overlay-opacity":"","overlay-gradient":""},"tablet":{"background-color":"","background-image":"","background-repeat":"repeat","background-position":"center center","background-size":"auto","background-attachment":"scroll","background-type":"","background-media":"","overlay-type":"","overlay-color":"","overlay-opacity":"","overlay-gradient":""},"mobile":{"background-color":"","background-image":"","background-repeat":"repeat","background-position":"center center","background-size":"auto","background-attachment":"scroll","background-type":"","background-media":"","overlay-type":"","overlay-color":"","overlay-opacity":"","overlay-gradient":""}},"ast-content-background-meta":{"desktop":{"background-color":"var(--ast-global-color-5)","background-image":"","background-repeat":"repeat","background-position":"center center","background-size":"auto","background-attachment":"scroll","background-type":"","background-media":"","overlay-type":"","overlay-color":"","overlay-opacity":"","overlay-gradient":""},"tablet":{"background-color":"var(--ast-global-color-5)","background-image":"","background-repeat":"repeat","background-position":"center center","background-size":"auto","background-attachment":"scroll","background-type":"","background-media":"","overlay-type":"","overlay-color":"","overlay-opacity":"","overlay-gradient":""},"mobile":{"background-color":"var(--ast-global-color-5)","background-image":"","background-repeat":"repeat","background-position":"center center","background-size":"auto","background-attachment":"scroll","background-type":"","background-media":"","overlay-type":"","overlay-color":"","overlay-opacity":"","overlay-gradient":""}}},"product_brand":[],"product_cat":[219,195,225],"product_tag":[214,326,374,451,83,169,603],"class_list":{"0":"post-44892","1":"product","2":"type-product","3":"status-publish","4":"has-post-thumbnail","6":"product_cat-bolsas","7":"product_cat-leandro-lamas","8":"product_cat-otros","9":"product_tag-bolsa","10":"product_tag-castelao","11":"product_tag-galego","12":"product_tag-galicia","13":"product_tag-leandro-lamas","14":"product_tag-negra","15":"product_tag-presidente","16":"desktop-align-center","17":"tablet-align-left","18":"mobile-align-left","19":"ast-product-gallery-layout-first-image-large","20":"ast-product-tabs-layout-horizontal","21":"ast-qv-on-image","23":"first","24":"instock","25":"taxable","26":"shipping-taxable","27":"purchasable","28":"product-type-simple"},"yoast_head":"<!-- This site is optimized with the Yoast SEO plugin v27.2 - https:\/\/yoast.com\/product\/yoast-seo-wordpress\/ -->\n<title>Bolsa Castelao<\/title>\n<meta name=\"description\" content=\"Comprar esta bolsa de algod\u00f3n con la imagen de Castelao dise\u00f1o de Leandro Lamas.Bolsa 100% algod\u00f3n canvas de 300gr. Medidas 39x42 cm. Impresa en Galicia\" \/>\n<meta name=\"robots\" content=\"index, follow, max-snippet:-1, max-image-preview:large, max-video-preview:-1\" \/>\n<link rel=\"canonical\" href=\"https:\/\/acostureira.com\/gl\/tienda\/otros\/bolsas\/bolsa-castelao\/\" \/>\n<meta property=\"og:locale\" content=\"gl_ES\" \/>\n<meta property=\"og:type\" content=\"article\" \/>\n<meta property=\"og:title\" content=\"Bolsa Castelao\" \/>\n<meta property=\"og:description\" content=\"Comprar esta bolsa de algod\u00f3n con la imagen de Castelao dise\u00f1o de Leandro Lamas.Bolsa 100% algod\u00f3n canvas de 300gr. Medidas 39x42 cm. Impresa en Galicia\" \/>\n<meta property=\"og:url\" content=\"https:\/\/acostureira.com\/gl\/tienda\/otros\/bolsas\/bolsa-castelao\/\" \/>\n<meta property=\"og:site_name\" content=\"Acostureira\" \/>\n<meta property=\"article:publisher\" content=\"https:\/\/www.facebook.com\/acostureira19\" \/>\n<meta property=\"article:modified_time\" content=\"2025-03-28T17:42:42+00:00\" \/>\n<meta property=\"og:image\" content=\"https:\/\/acostureira.com\/wp-content\/uploads\/2025\/01\/BOLSA-CASTELAO.png\" \/>\n\t<meta property=\"og:image:width\" content=\"1080\" \/>\n\t<meta property=\"og:image:height\" content=\"1080\" \/>\n\t<meta property=\"og:image:type\" content=\"image\/png\" \/>\n<meta name=\"twitter:card\" content=\"summary_large_image\" \/>\n<meta name=\"twitter:label1\" content=\"Tempo de lectura\" \/>\n\t<meta name=\"twitter:data1\" content=\"1 minuto\" \/>\n<script type=\"application\/ld+json\" class=\"yoast-schema-graph\">{\"@context\":\"https:\/\/schema.org\",\"@graph\":[{\"@type\":\"WebPage\",\"@id\":\"https:\/\/acostureira.com\/tienda\/otros\/bolsas\/bolsa-castelao\/\",\"url\":\"https:\/\/acostureira.com\/tienda\/otros\/bolsas\/bolsa-castelao\/\",\"name\":\"Bolsa Castelao\",\"isPartOf\":{\"@id\":\"https:\/\/acostureira.com\/#website\"},\"primaryImageOfPage\":{\"@id\":\"https:\/\/acostureira.com\/tienda\/otros\/bolsas\/bolsa-castelao\/#primaryimage\"},\"image\":{\"@id\":\"https:\/\/acostureira.com\/tienda\/otros\/bolsas\/bolsa-castelao\/#primaryimage\"},\"thumbnailUrl\":\"https:\/\/acostureira.com\/wp-content\/uploads\/2025\/01\/BOLSA-CASTELAO.png\",\"datePublished\":\"2025-01-21T12:38:21+00:00\",\"dateModified\":\"2025-03-28T17:42:42+00:00\",\"description\":\"Comprar esta bolsa de algod\u00f3n con la imagen de Castelao dise\u00f1o de Leandro Lamas.Bolsa 100% algod\u00f3n canvas de 300gr. Medidas 39x42 cm. Impresa en Galicia\",\"breadcrumb\":{\"@id\":\"https:\/\/acostureira.com\/tienda\/otros\/bolsas\/bolsa-castelao\/#breadcrumb\"},\"inLanguage\":\"gl-ES\",\"potentialAction\":[{\"@type\":\"ReadAction\",\"target\":[\"https:\/\/acostureira.com\/tienda\/otros\/bolsas\/bolsa-castelao\/\"]}]},{\"@type\":\"ImageObject\",\"inLanguage\":\"gl-ES\",\"@id\":\"https:\/\/acostureira.com\/tienda\/otros\/bolsas\/bolsa-castelao\/#primaryimage\",\"url\":\"https:\/\/acostureira.com\/wp-content\/uploads\/2025\/01\/BOLSA-CASTELAO.png\",\"contentUrl\":\"https:\/\/acostureira.com\/wp-content\/uploads\/2025\/01\/BOLSA-CASTELAO.png\",\"width\":1080,\"height\":1080,\"caption\":\"Bolsa Castelao\"},{\"@type\":\"BreadcrumbList\",\"@id\":\"https:\/\/acostureira.com\/tienda\/otros\/bolsas\/bolsa-castelao\/#breadcrumb\",\"itemListElement\":[{\"@type\":\"ListItem\",\"position\":1,\"name\":\"Portada\",\"item\":\"https:\/\/acostureira.com\/\"},{\"@type\":\"ListItem\",\"position\":2,\"name\":\"Todos nuestros productos\",\"item\":\"https:\/\/acostureira.com\/tienda\/\"},{\"@type\":\"ListItem\",\"position\":3,\"name\":\"Bolsa Castelao\"}]},{\"@type\":\"WebSite\",\"@id\":\"https:\/\/acostureira.com\/#website\",\"url\":\"https:\/\/acostureira.com\/\",\"name\":\"Acostureira\",\"description\":\"Producto feminista y de Galicia\",\"publisher\":{\"@id\":\"https:\/\/acostureira.com\/#organization\"},\"potentialAction\":[{\"@type\":\"SearchAction\",\"target\":{\"@type\":\"EntryPoint\",\"urlTemplate\":\"https:\/\/acostureira.com\/?s={search_term_string}\"},\"query-input\":{\"@type\":\"PropertyValueSpecification\",\"valueRequired\":true,\"valueName\":\"search_term_string\"}}],\"inLanguage\":\"gl-ES\"},{\"@type\":\"Organization\",\"@id\":\"https:\/\/acostureira.com\/#organization\",\"name\":\"Acostureira\",\"url\":\"https:\/\/acostureira.com\/\",\"logo\":{\"@type\":\"ImageObject\",\"inLanguage\":\"gl-ES\",\"@id\":\"https:\/\/acostureira.com\/#\/schema\/logo\/image\/\",\"url\":\"https:\/\/acostureira.com\/wp-content\/uploads\/2022\/12\/cropped-LOGO-COSTUREIRA.png\",\"contentUrl\":\"https:\/\/acostureira.com\/wp-content\/uploads\/2022\/12\/cropped-LOGO-COSTUREIRA.png\",\"width\":512,\"height\":512,\"caption\":\"Acostureira\"},\"image\":{\"@id\":\"https:\/\/acostureira.com\/#\/schema\/logo\/image\/\"},\"sameAs\":[\"https:\/\/www.facebook.com\/acostureira19\",\"https:\/\/www.instagram.com\/acostureira19\/\"]}]}<\/script>\n<!-- \/ Yoast SEO plugin. -->","yoast_head_json":{"title":"Bolsa Castelao","description":"Comprar esta bolsa de algod\u00f3n con la imagen de Castelao dise\u00f1o de Leandro Lamas.Bolsa 100% algod\u00f3n canvas de 300gr. Medidas 39x42 cm. Impresa en Galicia","robots":{"index":"index","follow":"follow","max-snippet":"max-snippet:-1","max-image-preview":"max-image-preview:large","max-video-preview":"max-video-preview:-1"},"canonical":"https:\/\/acostureira.com\/gl\/tienda\/otros\/bolsas\/bolsa-castelao\/","og_locale":"gl_ES","og_type":"article","og_title":"Bolsa Castelao","og_description":"Comprar esta bolsa de algod\u00f3n con la imagen de Castelao dise\u00f1o de Leandro Lamas.Bolsa 100% algod\u00f3n canvas de 300gr. Medidas 39x42 cm. Impresa en Galicia","og_url":"https:\/\/acostureira.com\/gl\/tienda\/otros\/bolsas\/bolsa-castelao\/","og_site_name":"Acostureira","article_publisher":"https:\/\/www.facebook.com\/acostureira19","article_modified_time":"2025-03-28T17:42:42+00:00","og_image":[{"width":1080,"height":1080,"url":"https:\/\/acostureira.com\/wp-content\/uploads\/2025\/01\/BOLSA-CASTELAO.png","type":"image\/png"}],"twitter_card":"summary_large_image","twitter_misc":{"Tempo de lectura":"1 minuto"},"schema":{"@context":"https:\/\/schema.org","@graph":[{"@type":"WebPage","@id":"https:\/\/acostureira.com\/tienda\/otros\/bolsas\/bolsa-castelao\/","url":"https:\/\/acostureira.com\/tienda\/otros\/bolsas\/bolsa-castelao\/","name":"Bolsa Castelao","isPartOf":{"@id":"https:\/\/acostureira.com\/#website"},"primaryImageOfPage":{"@id":"https:\/\/acostureira.com\/tienda\/otros\/bolsas\/bolsa-castelao\/#primaryimage"},"image":{"@id":"https:\/\/acostureira.com\/tienda\/otros\/bolsas\/bolsa-castelao\/#primaryimage"},"thumbnailUrl":"https:\/\/acostureira.com\/wp-content\/uploads\/2025\/01\/BOLSA-CASTELAO.png","datePublished":"2025-01-21T12:38:21+00:00","dateModified":"2025-03-28T17:42:42+00:00","description":"Comprar esta bolsa de algod\u00f3n con la imagen de Castelao dise\u00f1o de Leandro Lamas.Bolsa 100% algod\u00f3n canvas de 300gr. Medidas 39x42 cm. Impresa en Galicia","breadcrumb":{"@id":"https:\/\/acostureira.com\/tienda\/otros\/bolsas\/bolsa-castelao\/#breadcrumb"},"inLanguage":"gl-ES","potentialAction":[{"@type":"ReadAction","target":["https:\/\/acostureira.com\/tienda\/otros\/bolsas\/bolsa-castelao\/"]}]},{"@type":"ImageObject","inLanguage":"gl-ES","@id":"https:\/\/acostureira.com\/tienda\/otros\/bolsas\/bolsa-castelao\/#primaryimage","url":"https:\/\/acostureira.com\/wp-content\/uploads\/2025\/01\/BOLSA-CASTELAO.png","contentUrl":"https:\/\/acostureira.com\/wp-content\/uploads\/2025\/01\/BOLSA-CASTELAO.png","width":1080,"height":1080,"caption":"Bolsa Castelao"},{"@type":"BreadcrumbList","@id":"https:\/\/acostureira.com\/tienda\/otros\/bolsas\/bolsa-castelao\/#breadcrumb","itemListElement":[{"@type":"ListItem","position":1,"name":"Portada","item":"https:\/\/acostureira.com\/"},{"@type":"ListItem","position":2,"name":"Todos nuestros productos","item":"https:\/\/acostureira.com\/tienda\/"},{"@type":"ListItem","position":3,"name":"Bolsa Castelao"}]},{"@type":"WebSite","@id":"https:\/\/acostureira.com\/#website","url":"https:\/\/acostureira.com\/","name":"Acostureira","description":"Produto feminista e galego","publisher":{"@id":"https:\/\/acostureira.com\/#organization"},"potentialAction":[{"@type":"SearchAction","target":{"@type":"EntryPoint","urlTemplate":"https:\/\/acostureira.com\/?s={search_term_string}"},"query-input":{"@type":"PropertyValueSpecification","valueRequired":true,"valueName":"search_term_string"}}],"inLanguage":"gl-ES"},{"@type":"Organization","@id":"https:\/\/acostureira.com\/#organization","name":"Acostureira","url":"https:\/\/acostureira.com\/","logo":{"@type":"ImageObject","inLanguage":"gl-ES","@id":"https:\/\/acostureira.com\/#\/schema\/logo\/image\/","url":"https:\/\/acostureira.com\/wp-content\/uploads\/2022\/12\/cropped-LOGO-COSTUREIRA.png","contentUrl":"https:\/\/acostureira.com\/wp-content\/uploads\/2022\/12\/cropped-LOGO-COSTUREIRA.png","width":512,"height":512,"caption":"Acostureira"},"image":{"@id":"https:\/\/acostureira.com\/#\/schema\/logo\/image\/"},"sameAs":["https:\/\/www.facebook.com\/acostureira19","https:\/\/www.instagram.com\/acostureira19\/"]}]}},"_links":{"self":[{"href":"https:\/\/acostureira.com\/gl\/wp-json\/wp\/v2\/product\/44892","targetHints":{"allow":["GET"]}}],"collection":[{"href":"https:\/\/acostureira.com\/gl\/wp-json\/wp\/v2\/product"}],"about":[{"href":"https:\/\/acostureira.com\/gl\/wp-json\/wp\/v2\/types\/product"}],"wp:featuredmedia":[{"embeddable":true,"href":"https:\/\/acostureira.com\/gl\/wp-json\/wp\/v2\/media\/44896"}],"wp:attachment":[{"href":"https:\/\/acostureira.com\/gl\/wp-json\/wp\/v2\/media?parent=44892"}],"wp:term":[{"taxonomy":"product_brand","embeddable":true,"href":"https:\/\/acostureira.com\/gl\/wp-json\/wp\/v2\/product_brand?post=44892"},{"taxonomy":"product_cat","embeddable":true,"href":"https:\/\/acostureira.com\/gl\/wp-json\/wp\/v2\/product_cat?post=44892"},{"taxonomy":"product_tag","embeddable":true,"href":"https:\/\/acostureira.com\/gl\/wp-json\/wp\/v2\/product_tag?post=44892"}],"curies":[{"name":"wp","href":"https:\/\/api.w.org\/{rel}","templated":true}]}}