{"id":45032,"date":"2025-02-10T19:39:06","date_gmt":"2025-02-10T18:39:06","guid":{"rendered":"https:\/\/acostureira.com\/?post_type=product&#038;p=45032"},"modified":"2025-08-08T11:16:17","modified_gmt":"2025-08-08T09:16:17","slug":"se-tiene-que-morir-mucha-gente","status":"publish","type":"product","link":"https:\/\/acostureira.com\/gl\/tienda\/otros\/libros\/se-tiene-que-morir-mucha-gente\/","title":{"rendered":"Moita xente ten que morrer."},"content":{"rendered":"<h2>Moita xente ten que morrer.<\/h2>\n<p>Se tiene que morir mucha gente es la primera novela de <a href=\"https:\/\/www.instagram.com\/livingpostureo\/\">Victoria Mart\u00edn<\/a>. En ella narra con desverg\u00fcenza e iron\u00eda la historia de cuatro amigas que tendr\u00e1n que enfrentarse a una vida que no es la que esperaban.<\/p>\n<p>Sinopsis:B\u00e1rbara trabaja como asistente de guion en un programa de entretenimiento repleto de hombres que se creen tremendamente graciosos, es adicta a los ansiol\u00edticos y est\u00e1 obsesionada con el dinero. Vive con su amiga de toda la vida, Maca, una aspirante a actriz que solo acumula rechazos en su curr\u00edculum. Un d\u00eda recibe una invitaci\u00f3n de Elena, antigua compa\u00f1era del colegio, para acudir a una de esas fiestas donde anuncian el sexo del bebe explotando un globo, cortando una tarta o lanzando un cohete. Decide ir porque necesita poner en orden su vida, y participar del capitalismo m\u00e1s descarnado engullendo un cupcake en forma de bebe le parece la mejor manera de empezar. Pero tras la fiesta, Elena, desesperada y en la recta final de su embarazo, abandona a su marido y se muda con B\u00e1rbara y Maca, una noticia terrible para ellas que trastocar\u00e1 por completo sus vidas. Al grupo se unir\u00e1 Fabiola, una influencer con una marca de joyas \u00absostenible\u00bb que hacen ni\u00f1os en Banglades y que comparte en Instagram frases como \u00abSi quieres, puedes\u00bb o \u00abHakuna Matata\u00bb. Es decir, un adulto funcional siguiendo los consejos de Pu.<\/p>","protected":false},"excerpt":{"rendered":"<p><strong>Moita xente ten que morrer.<\/strong> \u00b7 <em>Victoria Mart\u00edn \u00b7 Plaza &amp; Janes<\/em><br \/>\n<em>256 p\u00e1ginas \u00b7Tapa dura<\/em><\/p>\n<p>La primera novela de <a href=\"https:\/\/www.instagram.com\/livingpostureo\/\">Victoria Mart\u00edn<\/a> En la que se narra con desverg\u00fcenza e iron\u00eda la historia de cuatro amigas que tendr\u00e1n que enfrentarse a una vida que no es la que esperaban.<\/p>","protected":false},"featured_media":45033,"template":"","meta":{"site-sidebar-layout":"default","site-content-layout":"","ast-site-content-layout":"default","site-content-style":"default","site-sidebar-style":"default","ast-global-header-display":"","ast-banner-title-visibility":"","ast-main-header-display":"","ast-hfb-above-header-display":"","ast-hfb-below-header-display":"","ast-hfb-mobile-header-display":"","site-post-title":"","ast-breadcrumbs-content":"","ast-featured-img":"","footer-sml-layout":"","ast-disable-related-posts":"","theme-transparent-header-meta":"default","adv-header-id-meta":"","stick-header-meta":"default","header-above-stick-meta":"","header-main-stick-meta":"","header-below-stick-meta":"","astra-migrate-meta-layouts":"set","ast-page-background-enabled":"default","ast-page-background-meta":{"desktop":{"background-color":"var(--ast-global-color-4)","background-image":"","background-repeat":"repeat","background-position":"center center","background-size":"auto","background-attachment":"scroll","background-type":"","background-media":"","overlay-type":"","overlay-color":"","overlay-opacity":"","overlay-gradient":""},"tablet":{"background-color":"","background-image":"","background-repeat":"repeat","background-position":"center center","background-size":"auto","background-attachment":"scroll","background-type":"","background-media":"","overlay-type":"","overlay-color":"","overlay-opacity":"","overlay-gradient":""},"mobile":{"background-color":"","background-image":"","background-repeat":"repeat","background-position":"center center","background-size":"auto","background-attachment":"scroll","background-type":"","background-media":"","overlay-type":"","overlay-color":"","overlay-opacity":"","overlay-gradient":""}},"ast-content-background-meta":{"desktop":{"background-color":"var(--ast-global-color-5)","background-image":"","background-repeat":"repeat","background-position":"center center","background-size":"auto","background-attachment":"scroll","background-type":"","background-media":"","overlay-type":"","overlay-color":"","overlay-opacity":"","overlay-gradient":""},"tablet":{"background-color":"var(--ast-global-color-5)","background-image":"","background-repeat":"repeat","background-position":"center center","background-size":"auto","background-attachment":"scroll","background-type":"","background-media":"","overlay-type":"","overlay-color":"","overlay-opacity":"","overlay-gradient":""},"mobile":{"background-color":"var(--ast-global-color-5)","background-image":"","background-repeat":"repeat","background-position":"center center","background-size":"auto","background-attachment":"scroll","background-type":"","background-media":"","overlay-type":"","overlay-color":"","overlay-opacity":"","overlay-gradient":""}}},"product_brand":[],"product_cat":[524,276,225],"product_tag":[616,151,614,432,347,613,615],"class_list":{"0":"post-45032","1":"product","2":"type-product","3":"status-publish","4":"has-post-thumbnail","6":"product_cat-feminismo","7":"product_cat-libros","8":"product_cat-otros","9":"product_tag-estirando","10":"product_tag-feminismo","11":"product_tag-ficcion","12":"product_tag-humor","13":"product_tag-libro","14":"product_tag-mujeres","15":"product_tag-victoria-martin","16":"desktop-align-center","17":"tablet-align-left","18":"mobile-align-left","19":"ast-product-gallery-layout-first-image-large","20":"ast-product-tabs-layout-horizontal","21":"ast-qv-on-image","23":"first","24":"instock","25":"taxable","26":"shipping-taxable","27":"purchasable","28":"product-type-simple"},"yoast_head":"<!-- This site is optimized with the Yoast SEO plugin v27.2 - https:\/\/yoast.com\/product\/yoast-seo-wordpress\/ -->\n<title>Se tiene que morir mucha gente<\/title>\n<meta name=\"description\" content=\"Compra Se tiene que morir mucha gente. La primera novela de Victoria Mart\u00edn. Una divertida novela que no podr\u00e1s parar de leer!\" \/>\n<meta name=\"robots\" content=\"index, follow, max-snippet:-1, max-image-preview:large, max-video-preview:-1\" \/>\n<link rel=\"canonical\" href=\"https:\/\/acostureira.com\/gl\/tienda\/otros\/libros\/se-tiene-que-morir-mucha-gente\/\" \/>\n<meta property=\"og:locale\" content=\"gl_ES\" \/>\n<meta property=\"og:type\" content=\"article\" \/>\n<meta property=\"og:title\" content=\"Se tiene que morir mucha gente\" \/>\n<meta property=\"og:description\" content=\"Compra Se tiene que morir mucha gente. La primera novela de Victoria Mart\u00edn. Una divertida novela que no podr\u00e1s parar de leer!\" \/>\n<meta property=\"og:url\" content=\"https:\/\/acostureira.com\/gl\/tienda\/otros\/libros\/se-tiene-que-morir-mucha-gente\/\" \/>\n<meta property=\"og:site_name\" content=\"Acostureira\" \/>\n<meta property=\"article:publisher\" content=\"https:\/\/www.facebook.com\/acostureira19\" \/>\n<meta property=\"article:modified_time\" content=\"2025-08-08T09:16:17+00:00\" \/>\n<meta property=\"og:image\" content=\"https:\/\/acostureira.com\/wp-content\/uploads\/2025\/02\/TIENE-QUE-MORIR.png\" \/>\n\t<meta property=\"og:image:width\" content=\"1080\" \/>\n\t<meta property=\"og:image:height\" content=\"1080\" \/>\n\t<meta property=\"og:image:type\" content=\"image\/png\" \/>\n<meta name=\"twitter:card\" content=\"summary_large_image\" \/>\n<meta name=\"twitter:label1\" content=\"Tempo de lectura\" \/>\n\t<meta name=\"twitter:data1\" content=\"2 minutos\" \/>\n<script type=\"application\/ld+json\" class=\"yoast-schema-graph\">{\"@context\":\"https:\/\/schema.org\",\"@graph\":[{\"@type\":\"WebPage\",\"@id\":\"https:\/\/acostureira.com\/tienda\/otros\/libros\/se-tiene-que-morir-mucha-gente\/\",\"url\":\"https:\/\/acostureira.com\/tienda\/otros\/libros\/se-tiene-que-morir-mucha-gente\/\",\"name\":\"Se tiene que morir mucha gente\",\"isPartOf\":{\"@id\":\"https:\/\/acostureira.com\/#website\"},\"primaryImageOfPage\":{\"@id\":\"https:\/\/acostureira.com\/tienda\/otros\/libros\/se-tiene-que-morir-mucha-gente\/#primaryimage\"},\"image\":{\"@id\":\"https:\/\/acostureira.com\/tienda\/otros\/libros\/se-tiene-que-morir-mucha-gente\/#primaryimage\"},\"thumbnailUrl\":\"https:\/\/acostureira.com\/wp-content\/uploads\/2025\/02\/TIENE-QUE-MORIR.png\",\"datePublished\":\"2025-02-10T18:39:06+00:00\",\"dateModified\":\"2025-08-08T09:16:17+00:00\",\"description\":\"Compra Se tiene que morir mucha gente. La primera novela de Victoria Mart\u00edn. Una divertida novela que no podr\u00e1s parar de leer!\",\"breadcrumb\":{\"@id\":\"https:\/\/acostureira.com\/tienda\/otros\/libros\/se-tiene-que-morir-mucha-gente\/#breadcrumb\"},\"inLanguage\":\"gl-ES\",\"potentialAction\":[{\"@type\":\"ReadAction\",\"target\":[\"https:\/\/acostureira.com\/tienda\/otros\/libros\/se-tiene-que-morir-mucha-gente\/\"]}]},{\"@type\":\"ImageObject\",\"inLanguage\":\"gl-ES\",\"@id\":\"https:\/\/acostureira.com\/tienda\/otros\/libros\/se-tiene-que-morir-mucha-gente\/#primaryimage\",\"url\":\"https:\/\/acostureira.com\/wp-content\/uploads\/2025\/02\/TIENE-QUE-MORIR.png\",\"contentUrl\":\"https:\/\/acostureira.com\/wp-content\/uploads\/2025\/02\/TIENE-QUE-MORIR.png\",\"width\":1080,\"height\":1080,\"caption\":\"Se tiene que morir mucha gente\"},{\"@type\":\"BreadcrumbList\",\"@id\":\"https:\/\/acostureira.com\/tienda\/otros\/libros\/se-tiene-que-morir-mucha-gente\/#breadcrumb\",\"itemListElement\":[{\"@type\":\"ListItem\",\"position\":1,\"name\":\"Portada\",\"item\":\"https:\/\/acostureira.com\/\"},{\"@type\":\"ListItem\",\"position\":2,\"name\":\"Todos nuestros productos\",\"item\":\"https:\/\/acostureira.com\/tienda\/\"},{\"@type\":\"ListItem\",\"position\":3,\"name\":\"Se tiene que morir mucha gente\"}]},{\"@type\":\"WebSite\",\"@id\":\"https:\/\/acostureira.com\/#website\",\"url\":\"https:\/\/acostureira.com\/\",\"name\":\"Acostureira\",\"description\":\"Producto feminista y de Galicia\",\"publisher\":{\"@id\":\"https:\/\/acostureira.com\/#organization\"},\"potentialAction\":[{\"@type\":\"SearchAction\",\"target\":{\"@type\":\"EntryPoint\",\"urlTemplate\":\"https:\/\/acostureira.com\/?s={search_term_string}\"},\"query-input\":{\"@type\":\"PropertyValueSpecification\",\"valueRequired\":true,\"valueName\":\"search_term_string\"}}],\"inLanguage\":\"gl-ES\"},{\"@type\":\"Organization\",\"@id\":\"https:\/\/acostureira.com\/#organization\",\"name\":\"Acostureira\",\"url\":\"https:\/\/acostureira.com\/\",\"logo\":{\"@type\":\"ImageObject\",\"inLanguage\":\"gl-ES\",\"@id\":\"https:\/\/acostureira.com\/#\/schema\/logo\/image\/\",\"url\":\"https:\/\/acostureira.com\/wp-content\/uploads\/2022\/12\/cropped-LOGO-COSTUREIRA.png\",\"contentUrl\":\"https:\/\/acostureira.com\/wp-content\/uploads\/2022\/12\/cropped-LOGO-COSTUREIRA.png\",\"width\":512,\"height\":512,\"caption\":\"Acostureira\"},\"image\":{\"@id\":\"https:\/\/acostureira.com\/#\/schema\/logo\/image\/\"},\"sameAs\":[\"https:\/\/www.facebook.com\/acostureira19\",\"https:\/\/www.instagram.com\/acostureira19\/\"]}]}<\/script>\n<!-- \/ Yoast SEO plugin. -->","yoast_head_json":{"title":"Moita xente ten que morrer.","description":"Compra Se tiene que morir mucha gente. La primera novela de Victoria Mart\u00edn. Una divertida novela que no podr\u00e1s parar de leer!","robots":{"index":"index","follow":"follow","max-snippet":"max-snippet:-1","max-image-preview":"max-image-preview:large","max-video-preview":"max-video-preview:-1"},"canonical":"https:\/\/acostureira.com\/gl\/tienda\/otros\/libros\/se-tiene-que-morir-mucha-gente\/","og_locale":"gl_ES","og_type":"article","og_title":"Se tiene que morir mucha gente","og_description":"Compra Se tiene que morir mucha gente. La primera novela de Victoria Mart\u00edn. Una divertida novela que no podr\u00e1s parar de leer!","og_url":"https:\/\/acostureira.com\/gl\/tienda\/otros\/libros\/se-tiene-que-morir-mucha-gente\/","og_site_name":"Acostureira","article_publisher":"https:\/\/www.facebook.com\/acostureira19","article_modified_time":"2025-08-08T09:16:17+00:00","og_image":[{"width":1080,"height":1080,"url":"https:\/\/acostureira.com\/wp-content\/uploads\/2025\/02\/TIENE-QUE-MORIR.png","type":"image\/png"}],"twitter_card":"summary_large_image","twitter_misc":{"Tempo de lectura":"2 minutos"},"schema":{"@context":"https:\/\/schema.org","@graph":[{"@type":"WebPage","@id":"https:\/\/acostureira.com\/tienda\/otros\/libros\/se-tiene-que-morir-mucha-gente\/","url":"https:\/\/acostureira.com\/tienda\/otros\/libros\/se-tiene-que-morir-mucha-gente\/","name":"Moita xente ten que morrer.","isPartOf":{"@id":"https:\/\/acostureira.com\/#website"},"primaryImageOfPage":{"@id":"https:\/\/acostureira.com\/tienda\/otros\/libros\/se-tiene-que-morir-mucha-gente\/#primaryimage"},"image":{"@id":"https:\/\/acostureira.com\/tienda\/otros\/libros\/se-tiene-que-morir-mucha-gente\/#primaryimage"},"thumbnailUrl":"https:\/\/acostureira.com\/wp-content\/uploads\/2025\/02\/TIENE-QUE-MORIR.png","datePublished":"2025-02-10T18:39:06+00:00","dateModified":"2025-08-08T09:16:17+00:00","description":"Compra Se tiene que morir mucha gente. La primera novela de Victoria Mart\u00edn. Una divertida novela que no podr\u00e1s parar de leer!","breadcrumb":{"@id":"https:\/\/acostureira.com\/tienda\/otros\/libros\/se-tiene-que-morir-mucha-gente\/#breadcrumb"},"inLanguage":"gl-ES","potentialAction":[{"@type":"ReadAction","target":["https:\/\/acostureira.com\/tienda\/otros\/libros\/se-tiene-que-morir-mucha-gente\/"]}]},{"@type":"ImageObject","inLanguage":"gl-ES","@id":"https:\/\/acostureira.com\/tienda\/otros\/libros\/se-tiene-que-morir-mucha-gente\/#primaryimage","url":"https:\/\/acostureira.com\/wp-content\/uploads\/2025\/02\/TIENE-QUE-MORIR.png","contentUrl":"https:\/\/acostureira.com\/wp-content\/uploads\/2025\/02\/TIENE-QUE-MORIR.png","width":1080,"height":1080,"caption":"Se tiene que morir mucha gente"},{"@type":"BreadcrumbList","@id":"https:\/\/acostureira.com\/tienda\/otros\/libros\/se-tiene-que-morir-mucha-gente\/#breadcrumb","itemListElement":[{"@type":"ListItem","position":1,"name":"Portada","item":"https:\/\/acostureira.com\/"},{"@type":"ListItem","position":2,"name":"Todos nuestros productos","item":"https:\/\/acostureira.com\/tienda\/"},{"@type":"ListItem","position":3,"name":"Se tiene que morir mucha gente"}]},{"@type":"WebSite","@id":"https:\/\/acostureira.com\/#website","url":"https:\/\/acostureira.com\/","name":"Acostureira","description":"Produto feminista e galego","publisher":{"@id":"https:\/\/acostureira.com\/#organization"},"potentialAction":[{"@type":"SearchAction","target":{"@type":"EntryPoint","urlTemplate":"https:\/\/acostureira.com\/?s={search_term_string}"},"query-input":{"@type":"PropertyValueSpecification","valueRequired":true,"valueName":"search_term_string"}}],"inLanguage":"gl-ES"},{"@type":"Organization","@id":"https:\/\/acostureira.com\/#organization","name":"Acostureira","url":"https:\/\/acostureira.com\/","logo":{"@type":"ImageObject","inLanguage":"gl-ES","@id":"https:\/\/acostureira.com\/#\/schema\/logo\/image\/","url":"https:\/\/acostureira.com\/wp-content\/uploads\/2022\/12\/cropped-LOGO-COSTUREIRA.png","contentUrl":"https:\/\/acostureira.com\/wp-content\/uploads\/2022\/12\/cropped-LOGO-COSTUREIRA.png","width":512,"height":512,"caption":"Acostureira"},"image":{"@id":"https:\/\/acostureira.com\/#\/schema\/logo\/image\/"},"sameAs":["https:\/\/www.facebook.com\/acostureira19","https:\/\/www.instagram.com\/acostureira19\/"]}]}},"_links":{"self":[{"href":"https:\/\/acostureira.com\/gl\/wp-json\/wp\/v2\/product\/45032","targetHints":{"allow":["GET"]}}],"collection":[{"href":"https:\/\/acostureira.com\/gl\/wp-json\/wp\/v2\/product"}],"about":[{"href":"https:\/\/acostureira.com\/gl\/wp-json\/wp\/v2\/types\/product"}],"wp:featuredmedia":[{"embeddable":true,"href":"https:\/\/acostureira.com\/gl\/wp-json\/wp\/v2\/media\/45033"}],"wp:attachment":[{"href":"https:\/\/acostureira.com\/gl\/wp-json\/wp\/v2\/media?parent=45032"}],"wp:term":[{"taxonomy":"product_brand","embeddable":true,"href":"https:\/\/acostureira.com\/gl\/wp-json\/wp\/v2\/product_brand?post=45032"},{"taxonomy":"product_cat","embeddable":true,"href":"https:\/\/acostureira.com\/gl\/wp-json\/wp\/v2\/product_cat?post=45032"},{"taxonomy":"product_tag","embeddable":true,"href":"https:\/\/acostureira.com\/gl\/wp-json\/wp\/v2\/product_tag?post=45032"}],"curies":[{"name":"wp","href":"https:\/\/api.w.org\/{rel}","templated":true}]}}