{"id":45390,"date":"2025-05-15T20:00:15","date_gmt":"2025-05-15T18:00:15","guid":{"rendered":"https:\/\/acostureira.com\/?post_type=product&#038;p=45390"},"modified":"2026-02-10T11:59:31","modified_gmt":"2026-02-10T10:59:31","slug":"analilaina","status":"publish","type":"product","link":"https:\/\/acostureira.com\/gl\/tienda\/unisex\/camiseta-unisex\/analilaina\/","title":{"rendered":"Camiseta de AnaLilaina"},"content":{"rendered":"<p>Descubre a nosa exclusiva camiseta de AnaLilaina, un tributo a Ana Lilaina, a pandereteira de Cedeira, \u00e1 cultura rural galega e \u00e1 figura da pandereteira. Celebra o D\u00eda das Letras Galegas 2025, que homenaxea \u00e1s cantareiras e \u00e1 poes\u00eda oral popular. Viste con orguio e forma parte dun movemento que celebra as nosas ra\u00edces e tradici\u00f3ns.<\/p>\n<p>\u00a1Faite con ela e leva a nosa esencia a donde vaias!<\/p>\n<p><span style=\"vertical-align: inherit;\"><span style=\"vertical-align: inherit;\">Imaxe realizada por <\/span><\/span><a href=\"https:\/\/www.instagram.com\/leandrinholamas\/\"><span style=\"vertical-align: inherit;\"><span style=\"vertical-align: inherit;\">Leandro Lamas<\/span><\/span><\/a><span style=\"vertical-align: inherit;\"><span style=\"vertical-align: inherit;\"> esta camiseta \u00e9 perfecta para o teu d\u00eda a d\u00eda!<\/span><\/span><\/p>\n<p><span style=\"vertical-align: inherit;\"><span style=\"vertical-align: inherit;\">Podes ver t\u00f3dolos productos de Leandro <\/span><\/span><a href=\"https:\/\/acostureira.com\/gl\/product-category\/leandro-lamas\/\"><span style=\"vertical-align: inherit;\"><span style=\"vertical-align: inherit;\">aqu\u00ed.<\/span><\/span><\/a><\/p>","protected":false},"excerpt":{"rendered":"<p>Tributo a Ana Lilaina, a pandereteira de Cedeira.<br \/>\n<span style=\"vertical-align: inherit;\">Imaxe realizada por <\/span><a href=\"https:\/\/www.instagram.com\/leandrinholamas\/\"><span style=\"vertical-align: inherit;\">Leandro Lamas<\/span><\/a> para celebrar o D\u00eda das Letras Galegas 2025, en homenaxe \u00e1s cantareiras e \u00e1 poes\u00eda oral popular.<br \/>\nCamiseta 100%  algod\u00f3n de 180 g.<br \/>\nimpresi\u00f3n realizada en Galicia.<\/p>","protected":false},"featured_media":45396,"template":"","meta":{"site-sidebar-layout":"default","site-content-layout":"","ast-site-content-layout":"default","site-content-style":"default","site-sidebar-style":"default","ast-global-header-display":"","ast-banner-title-visibility":"","ast-main-header-display":"","ast-hfb-above-header-display":"","ast-hfb-below-header-display":"","ast-hfb-mobile-header-display":"","site-post-title":"","ast-breadcrumbs-content":"","ast-featured-img":"","footer-sml-layout":"","ast-disable-related-posts":"","theme-transparent-header-meta":"default","adv-header-id-meta":"","stick-header-meta":"default","header-above-stick-meta":"","header-main-stick-meta":"","header-below-stick-meta":"","astra-migrate-meta-layouts":"set","ast-page-background-enabled":"default","ast-page-background-meta":{"desktop":{"background-color":"var(--ast-global-color-4)","background-image":"","background-repeat":"repeat","background-position":"center center","background-size":"auto","background-attachment":"scroll","background-type":"","background-media":"","overlay-type":"","overlay-color":"","overlay-opacity":"","overlay-gradient":""},"tablet":{"background-color":"","background-image":"","background-repeat":"repeat","background-position":"center center","background-size":"auto","background-attachment":"scroll","background-type":"","background-media":"","overlay-type":"","overlay-color":"","overlay-opacity":"","overlay-gradient":""},"mobile":{"background-color":"","background-image":"","background-repeat":"repeat","background-position":"center center","background-size":"auto","background-attachment":"scroll","background-type":"","background-media":"","overlay-type":"","overlay-color":"","overlay-opacity":"","overlay-gradient":""}},"ast-content-background-meta":{"desktop":{"background-color":"var(--ast-global-color-5)","background-image":"","background-repeat":"repeat","background-position":"center center","background-size":"auto","background-attachment":"scroll","background-type":"","background-media":"","overlay-type":"","overlay-color":"","overlay-opacity":"","overlay-gradient":""},"tablet":{"background-color":"var(--ast-global-color-5)","background-image":"","background-repeat":"repeat","background-position":"center center","background-size":"auto","background-attachment":"scroll","background-type":"","background-media":"","overlay-type":"","overlay-color":"","overlay-opacity":"","overlay-gradient":""},"mobile":{"background-color":"var(--ast-global-color-5)","background-image":"","background-repeat":"repeat","background-position":"center center","background-size":"auto","background-attachment":"scroll","background-type":"","background-media":"","overlay-type":"","overlay-color":"","overlay-opacity":"","overlay-gradient":""}}},"product_brand":[],"product_cat":[171,524,195,164],"product_tag":[627,626,173,150,374,451,83,628,152,169,185],"class_list":{"0":"post-45390","1":"product","2":"type-product","3":"status-publish","4":"has-post-thumbnail","6":"product_cat-camiseta-unisex","7":"product_cat-feminismo","8":"product_cat-leandro-lamas","9":"product_cat-unisex","10":"product_tag-ana","11":"product_tag-analilaina","12":"product_tag-blanca","13":"product_tag-camiseta","14":"product_tag-galego","15":"product_tag-galicia","16":"product_tag-leandro-lamas","17":"product_tag-lilaina","18":"product_tag-mulleres","19":"product_tag-negra","20":"product_tag-unisex","21":"desktop-align-center","22":"tablet-align-left","23":"mobile-align-left","24":"ast-product-gallery-layout-first-image-large","25":"ast-product-single-variable","26":"ast-product-tabs-layout-horizontal","27":"ast-qv-on-image","29":"first","30":"instock","31":"taxable","32":"shipping-taxable","33":"purchasable","34":"product-type-variable","35":"has-default-attributes"},"yoast_head":"<!-- This site is optimized with the Yoast SEO plugin v27.2 - https:\/\/yoast.com\/product\/yoast-seo-wordpress\/ -->\n<title>Camiseta AnaLilaina<\/title>\n<meta name=\"description\" content=\"Comprar esta camiseta unisex con la imagen de Castelao dise\u00f1o de Leandro Lamas. Camiseta 100% algod\u00f3n de 180gr. Impresa en Galicia\" \/>\n<meta name=\"robots\" content=\"index, follow, max-snippet:-1, max-image-preview:large, max-video-preview:-1\" \/>\n<link rel=\"canonical\" href=\"https:\/\/acostureira.com\/gl\/tienda\/unisex\/camiseta-unisex\/analilaina\/\" \/>\n<meta property=\"og:locale\" content=\"gl_ES\" \/>\n<meta property=\"og:type\" content=\"article\" \/>\n<meta property=\"og:title\" content=\"Camiseta AnaLilaina\" \/>\n<meta property=\"og:description\" content=\"Comprar esta camiseta unisex con la imagen de Castelao dise\u00f1o de Leandro Lamas. Camiseta 100% algod\u00f3n de 180gr. Impresa en Galicia\" \/>\n<meta property=\"og:url\" content=\"https:\/\/acostureira.com\/gl\/tienda\/unisex\/camiseta-unisex\/analilaina\/\" \/>\n<meta property=\"og:site_name\" content=\"Acostureira\" \/>\n<meta property=\"article:publisher\" content=\"https:\/\/www.facebook.com\/acostureira19\" \/>\n<meta property=\"article:modified_time\" content=\"2026-02-10T10:59:31+00:00\" \/>\n<meta property=\"og:image\" content=\"https:\/\/acostureira.com\/wp-content\/uploads\/2025\/05\/Analilaina-negra.png\" \/>\n\t<meta property=\"og:image:width\" content=\"1080\" \/>\n\t<meta property=\"og:image:height\" content=\"1080\" \/>\n\t<meta property=\"og:image:type\" content=\"image\/png\" \/>\n<meta name=\"twitter:card\" content=\"summary_large_image\" \/>\n<meta name=\"twitter:label1\" content=\"Tempo de lectura\" \/>\n\t<meta name=\"twitter:data1\" content=\"1 minuto\" \/>\n<script type=\"application\/ld+json\" class=\"yoast-schema-graph\">{\"@context\":\"https:\/\/schema.org\",\"@graph\":[{\"@type\":\"WebPage\",\"@id\":\"https:\/\/acostureira.com\/tienda\/unisex\/camiseta-unisex\/analilaina\/\",\"url\":\"https:\/\/acostureira.com\/tienda\/unisex\/camiseta-unisex\/analilaina\/\",\"name\":\"Camiseta AnaLilaina\",\"isPartOf\":{\"@id\":\"https:\/\/acostureira.com\/#website\"},\"primaryImageOfPage\":{\"@id\":\"https:\/\/acostureira.com\/tienda\/unisex\/camiseta-unisex\/analilaina\/#primaryimage\"},\"image\":{\"@id\":\"https:\/\/acostureira.com\/tienda\/unisex\/camiseta-unisex\/analilaina\/#primaryimage\"},\"thumbnailUrl\":\"https:\/\/acostureira.com\/wp-content\/uploads\/2025\/05\/Analilaina-negra.png\",\"datePublished\":\"2025-05-15T18:00:15+00:00\",\"dateModified\":\"2026-02-10T10:59:31+00:00\",\"description\":\"Comprar esta camiseta unisex con la imagen de Castelao dise\u00f1o de Leandro Lamas. Camiseta 100% algod\u00f3n de 180gr. Impresa en Galicia\",\"breadcrumb\":{\"@id\":\"https:\/\/acostureira.com\/tienda\/unisex\/camiseta-unisex\/analilaina\/#breadcrumb\"},\"inLanguage\":\"gl-ES\",\"potentialAction\":[{\"@type\":\"ReadAction\",\"target\":[\"https:\/\/acostureira.com\/tienda\/unisex\/camiseta-unisex\/analilaina\/\"]}]},{\"@type\":\"ImageObject\",\"inLanguage\":\"gl-ES\",\"@id\":\"https:\/\/acostureira.com\/tienda\/unisex\/camiseta-unisex\/analilaina\/#primaryimage\",\"url\":\"https:\/\/acostureira.com\/wp-content\/uploads\/2025\/05\/Analilaina-negra.png\",\"contentUrl\":\"https:\/\/acostureira.com\/wp-content\/uploads\/2025\/05\/Analilaina-negra.png\",\"width\":1080,\"height\":1080,\"caption\":\"Analilaina negra\"},{\"@type\":\"BreadcrumbList\",\"@id\":\"https:\/\/acostureira.com\/tienda\/unisex\/camiseta-unisex\/analilaina\/#breadcrumb\",\"itemListElement\":[{\"@type\":\"ListItem\",\"position\":1,\"name\":\"Portada\",\"item\":\"https:\/\/acostureira.com\/\"},{\"@type\":\"ListItem\",\"position\":2,\"name\":\"Todos nuestros productos\",\"item\":\"https:\/\/acostureira.com\/tienda\/\"},{\"@type\":\"ListItem\",\"position\":3,\"name\":\"Camiseta AnaLilaina\"}]},{\"@type\":\"WebSite\",\"@id\":\"https:\/\/acostureira.com\/#website\",\"url\":\"https:\/\/acostureira.com\/\",\"name\":\"Acostureira\",\"description\":\"Producto feminista y de Galicia\",\"publisher\":{\"@id\":\"https:\/\/acostureira.com\/#organization\"},\"potentialAction\":[{\"@type\":\"SearchAction\",\"target\":{\"@type\":\"EntryPoint\",\"urlTemplate\":\"https:\/\/acostureira.com\/?s={search_term_string}\"},\"query-input\":{\"@type\":\"PropertyValueSpecification\",\"valueRequired\":true,\"valueName\":\"search_term_string\"}}],\"inLanguage\":\"gl-ES\"},{\"@type\":\"Organization\",\"@id\":\"https:\/\/acostureira.com\/#organization\",\"name\":\"Acostureira\",\"url\":\"https:\/\/acostureira.com\/\",\"logo\":{\"@type\":\"ImageObject\",\"inLanguage\":\"gl-ES\",\"@id\":\"https:\/\/acostureira.com\/#\/schema\/logo\/image\/\",\"url\":\"https:\/\/acostureira.com\/wp-content\/uploads\/2022\/12\/cropped-LOGO-COSTUREIRA.png\",\"contentUrl\":\"https:\/\/acostureira.com\/wp-content\/uploads\/2022\/12\/cropped-LOGO-COSTUREIRA.png\",\"width\":512,\"height\":512,\"caption\":\"Acostureira\"},\"image\":{\"@id\":\"https:\/\/acostureira.com\/#\/schema\/logo\/image\/\"},\"sameAs\":[\"https:\/\/www.facebook.com\/acostureira19\",\"https:\/\/www.instagram.com\/acostureira19\/\"]}]}<\/script>\n<!-- \/ Yoast SEO plugin. -->","yoast_head_json":{"title":"Camiseta de AnaLilaina","description":"Comprar esta camiseta unisex con la imagen de Castelao dise\u00f1o de Leandro Lamas. Camiseta 100% algod\u00f3n de 180gr. Impresa en Galicia","robots":{"index":"index","follow":"follow","max-snippet":"max-snippet:-1","max-image-preview":"max-image-preview:large","max-video-preview":"max-video-preview:-1"},"canonical":"https:\/\/acostureira.com\/gl\/tienda\/unisex\/camiseta-unisex\/analilaina\/","og_locale":"gl_ES","og_type":"article","og_title":"Camiseta AnaLilaina","og_description":"Comprar esta camiseta unisex con la imagen de Castelao dise\u00f1o de Leandro Lamas. Camiseta 100% algod\u00f3n de 180gr. Impresa en Galicia","og_url":"https:\/\/acostureira.com\/gl\/tienda\/unisex\/camiseta-unisex\/analilaina\/","og_site_name":"Acostureira","article_publisher":"https:\/\/www.facebook.com\/acostureira19","article_modified_time":"2026-02-10T10:59:31+00:00","og_image":[{"width":1080,"height":1080,"url":"https:\/\/acostureira.com\/wp-content\/uploads\/2025\/05\/Analilaina-negra.png","type":"image\/png"}],"twitter_card":"summary_large_image","twitter_misc":{"Tempo de lectura":"1 minuto"},"schema":{"@context":"https:\/\/schema.org","@graph":[{"@type":"WebPage","@id":"https:\/\/acostureira.com\/tienda\/unisex\/camiseta-unisex\/analilaina\/","url":"https:\/\/acostureira.com\/tienda\/unisex\/camiseta-unisex\/analilaina\/","name":"Camiseta de AnaLilaina","isPartOf":{"@id":"https:\/\/acostureira.com\/#website"},"primaryImageOfPage":{"@id":"https:\/\/acostureira.com\/tienda\/unisex\/camiseta-unisex\/analilaina\/#primaryimage"},"image":{"@id":"https:\/\/acostureira.com\/tienda\/unisex\/camiseta-unisex\/analilaina\/#primaryimage"},"thumbnailUrl":"https:\/\/acostureira.com\/wp-content\/uploads\/2025\/05\/Analilaina-negra.png","datePublished":"2025-05-15T18:00:15+00:00","dateModified":"2026-02-10T10:59:31+00:00","description":"Comprar esta camiseta unisex con la imagen de Castelao dise\u00f1o de Leandro Lamas. Camiseta 100% algod\u00f3n de 180gr. Impresa en Galicia","breadcrumb":{"@id":"https:\/\/acostureira.com\/tienda\/unisex\/camiseta-unisex\/analilaina\/#breadcrumb"},"inLanguage":"gl-ES","potentialAction":[{"@type":"ReadAction","target":["https:\/\/acostureira.com\/tienda\/unisex\/camiseta-unisex\/analilaina\/"]}]},{"@type":"ImageObject","inLanguage":"gl-ES","@id":"https:\/\/acostureira.com\/tienda\/unisex\/camiseta-unisex\/analilaina\/#primaryimage","url":"https:\/\/acostureira.com\/wp-content\/uploads\/2025\/05\/Analilaina-negra.png","contentUrl":"https:\/\/acostureira.com\/wp-content\/uploads\/2025\/05\/Analilaina-negra.png","width":1080,"height":1080,"caption":"Analilaina negra"},{"@type":"BreadcrumbList","@id":"https:\/\/acostureira.com\/tienda\/unisex\/camiseta-unisex\/analilaina\/#breadcrumb","itemListElement":[{"@type":"ListItem","position":1,"name":"Portada","item":"https:\/\/acostureira.com\/"},{"@type":"ListItem","position":2,"name":"Todos nuestros productos","item":"https:\/\/acostureira.com\/tienda\/"},{"@type":"ListItem","position":3,"name":"Camiseta AnaLilaina"}]},{"@type":"WebSite","@id":"https:\/\/acostureira.com\/#website","url":"https:\/\/acostureira.com\/","name":"Acostureira","description":"Produto feminista e galego","publisher":{"@id":"https:\/\/acostureira.com\/#organization"},"potentialAction":[{"@type":"SearchAction","target":{"@type":"EntryPoint","urlTemplate":"https:\/\/acostureira.com\/?s={search_term_string}"},"query-input":{"@type":"PropertyValueSpecification","valueRequired":true,"valueName":"search_term_string"}}],"inLanguage":"gl-ES"},{"@type":"Organization","@id":"https:\/\/acostureira.com\/#organization","name":"Acostureira","url":"https:\/\/acostureira.com\/","logo":{"@type":"ImageObject","inLanguage":"gl-ES","@id":"https:\/\/acostureira.com\/#\/schema\/logo\/image\/","url":"https:\/\/acostureira.com\/wp-content\/uploads\/2022\/12\/cropped-LOGO-COSTUREIRA.png","contentUrl":"https:\/\/acostureira.com\/wp-content\/uploads\/2022\/12\/cropped-LOGO-COSTUREIRA.png","width":512,"height":512,"caption":"Acostureira"},"image":{"@id":"https:\/\/acostureira.com\/#\/schema\/logo\/image\/"},"sameAs":["https:\/\/www.facebook.com\/acostureira19","https:\/\/www.instagram.com\/acostureira19\/"]}]}},"_links":{"self":[{"href":"https:\/\/acostureira.com\/gl\/wp-json\/wp\/v2\/product\/45390","targetHints":{"allow":["GET"]}}],"collection":[{"href":"https:\/\/acostureira.com\/gl\/wp-json\/wp\/v2\/product"}],"about":[{"href":"https:\/\/acostureira.com\/gl\/wp-json\/wp\/v2\/types\/product"}],"wp:featuredmedia":[{"embeddable":true,"href":"https:\/\/acostureira.com\/gl\/wp-json\/wp\/v2\/media\/45396"}],"wp:attachment":[{"href":"https:\/\/acostureira.com\/gl\/wp-json\/wp\/v2\/media?parent=45390"}],"wp:term":[{"taxonomy":"product_brand","embeddable":true,"href":"https:\/\/acostureira.com\/gl\/wp-json\/wp\/v2\/product_brand?post=45390"},{"taxonomy":"product_cat","embeddable":true,"href":"https:\/\/acostureira.com\/gl\/wp-json\/wp\/v2\/product_cat?post=45390"},{"taxonomy":"product_tag","embeddable":true,"href":"https:\/\/acostureira.com\/gl\/wp-json\/wp\/v2\/product_tag?post=45390"}],"curies":[{"name":"wp","href":"https:\/\/api.w.org\/{rel}","templated":true}]}}