{"id":46105,"date":"2026-02-08T13:26:32","date_gmt":"2026-02-08T12:26:32","guid":{"rendered":"https:\/\/acostureira.com\/?post_type=product&#038;p=46105"},"modified":"2026-02-08T13:28:22","modified_gmt":"2026-02-08T12:28:22","slug":"sudadera-colorada","status":"publish","type":"product","link":"https:\/\/acostureira.com\/gl\/tienda\/mujer\/sudadera-mujer\/sudadera-mujer-sin-capucha\/sudadera-colorada\/","title":{"rendered":"Suadoiro Colorada"},"content":{"rendered":"<h4>Suadoiro Colorada<\/h4>\n<p data-path-to-node=\"4\">Hai prendas que contan unha historia sen decir unha soa palabra. O Noso <b data-path-to-node=\"4\" data-index-in-node=\"73\">Suadoiro Colorada<\/b> \u00e9 unha homenaxe \u00e1 sensibilidade, a ese refuxio que encontramos nun colo alto de lana e \u00e1 chispa de cor que nos fai \u00fanicas.<\/p>\n<p data-path-to-node=\"5\">Cuna ilustraci\u00f3n de trazo limpo e artesanal, obra de <strong>Llanos Luaces<\/strong>, na que destaca ese pequeno detalle en vermello - un gui\u00f1o \u00e1 timidez, \u00e1 emoci\u00f3n ou simplemente \u00e1 alegr\u00eda de ser unha mesma - que cobra vida sobre o fondo <b data-path-to-node=\"5\" data-index-in-node=\"197\">White Sand<\/b>. Este tono area suave, non s\u00f3 \u00e9 tendencia, senon que aporta unha calidez e versatilidade que combina con todo o teu armario.<\/p>","protected":false},"excerpt":{"rendered":"<p>O noso <strong>Suadoiro Colorada <\/strong>nace da colaboraci\u00f3n coa ilustradora <b data-path-to-node=\"4\" data-index-in-node=\"123\">Llanos Luaces<\/b>, cuxo trazo inconfundible captura a esencia da introspecci\u00f3n e a feminidade cun toque de audacia. Un gui\u00f1o \u00e1 timidez, e \u00e1 emoci\u00f3n ou simplemente \u00e1 algr\u00eda de ser unha mesma.<\/p>\n<ul>\n<li>\n<p data-path-to-node=\"7,0,0\"><b data-path-to-node=\"7,0,0\" data-index-in-node=\"0\">Ilustraci\u00f3n Exclusiva:<\/b> Obra orixinal de <strong>Llanos Luaces<\/strong> estampada con alta fidelidade.<\/p>\n<\/li>\n<li>\n<p data-path-to-node=\"7,0,0\"><b data-path-to-node=\"7,1,0\" data-index-in-node=\"0\">Tono White Sand:<\/b> Unha cor neutra, c\u00e1lida e extremadamente vers\u00e1til para calquera estaci\u00f3n.<\/p>\n<\/li>\n<li>\n<p data-path-to-node=\"7,0,0\"><span data-path-to-node=\"10,1,0,0\"><b data-path-to-node=\"10,1,0,0\" data-index-in-node=\"0\">Composici\u00f3n :<\/b><\/span><span data-path-to-node=\"10,1,1,0\">65% algod\u00f3n \/35% polyester 300gr.<\/span><\/p>\n<\/li>\n<li>\n<p data-path-to-node=\"7,0,0\"><span data-path-to-node=\"10,3,0,0\"><b data-path-to-node=\"10,3,0,0\" data-index-in-node=\"0\">Corte: <\/b><\/span><span data-path-to-node=\"10,3,1,0\">Oversize<\/span><\/p>\n<\/li>\n<li>\n<p data-path-to-node=\"7,0,0\"><span data-path-to-node=\"10,4,0,0\"><b data-path-to-node=\"10,4,0,0\" data-index-in-node=\"0\">Acabados: <\/b><\/span><span data-path-to-node=\"10,4,1,0\">Pulsos e cintura con tirilla el\u00e1stica. Hombros ca\u00eddos.<\/span><\/p>\n<\/li>\n<li>\n<p data-path-to-node=\"7,0,0\"><span data-path-to-node=\"10,5,0,0\"><b data-path-to-node=\"10,5,0,0\" data-index-in-node=\"0\">Coidado: <\/b><\/span><span data-path-to-node=\"10,5,1,0\">Lavar do rev\u00e9s a 30\u00baC. Non planchar directamente sobre a ilustraci\u00f3n<\/span><\/p>\n<\/li>\n<\/ul>","protected":false},"featured_media":46108,"template":"","meta":{"site-sidebar-layout":"default","site-content-layout":"","ast-site-content-layout":"default","site-content-style":"default","site-sidebar-style":"default","ast-global-header-display":"","ast-banner-title-visibility":"","ast-main-header-display":"","ast-hfb-above-header-display":"","ast-hfb-below-header-display":"","ast-hfb-mobile-header-display":"","site-post-title":"","ast-breadcrumbs-content":"","ast-featured-img":"","footer-sml-layout":"","ast-disable-related-posts":"","theme-transparent-header-meta":"default","adv-header-id-meta":"","stick-header-meta":"default","header-above-stick-meta":"","header-main-stick-meta":"","header-below-stick-meta":"","astra-migrate-meta-layouts":"set","ast-page-background-enabled":"default","ast-page-background-meta":{"desktop":{"background-color":"var(--ast-global-color-4)","background-image":"","background-repeat":"repeat","background-position":"center center","background-size":"auto","background-attachment":"scroll","background-type":"","background-media":"","overlay-type":"","overlay-color":"","overlay-opacity":"","overlay-gradient":""},"tablet":{"background-color":"","background-image":"","background-repeat":"repeat","background-position":"center center","background-size":"auto","background-attachment":"scroll","background-type":"","background-media":"","overlay-type":"","overlay-color":"","overlay-opacity":"","overlay-gradient":""},"mobile":{"background-color":"","background-image":"","background-repeat":"repeat","background-position":"center center","background-size":"auto","background-attachment":"scroll","background-type":"","background-media":"","overlay-type":"","overlay-color":"","overlay-opacity":"","overlay-gradient":""}},"ast-content-background-meta":{"desktop":{"background-color":"var(--ast-global-color-5)","background-image":"","background-repeat":"repeat","background-position":"center center","background-size":"auto","background-attachment":"scroll","background-type":"","background-media":"","overlay-type":"","overlay-color":"","overlay-opacity":"","overlay-gradient":""},"tablet":{"background-color":"var(--ast-global-color-5)","background-image":"","background-repeat":"repeat","background-position":"center center","background-size":"auto","background-attachment":"scroll","background-type":"","background-media":"","overlay-type":"","overlay-color":"","overlay-opacity":"","overlay-gradient":""},"mobile":{"background-color":"var(--ast-global-color-5)","background-image":"","background-repeat":"repeat","background-position":"center center","background-size":"auto","background-attachment":"scroll","background-type":"","background-media":"","overlay-type":"","overlay-color":"","overlay-opacity":"","overlay-gradient":""}}},"product_brand":[],"product_cat":[524,557,162,211],"product_tag":[150,559,151,560,208,558,529],"class_list":{"0":"post-46105","1":"product","2":"type-product","3":"status-publish","4":"has-post-thumbnail","6":"product_cat-feminismo","7":"product_cat-llanos","8":"product_cat-mujer","9":"product_cat-sudadera-mujer-sin-capucha","10":"product_tag-camiseta","11":"product_tag-colorada","12":"product_tag-feminismo","13":"product_tag-llanos","14":"product_tag-mujer","15":"product_tag-nariz","16":"product_tag-regalo","17":"desktop-align-center","18":"tablet-align-left","19":"mobile-align-left","20":"ast-product-gallery-layout-first-image-large","21":"ast-product-single-variable","22":"ast-product-tabs-layout-horizontal","23":"ast-qv-on-image","25":"first","26":"instock","27":"taxable","28":"shipping-taxable","29":"purchasable","30":"product-type-variable"},"yoast_head":"<!-- This site is optimized with the Yoast SEO plugin v27.2 - https:\/\/yoast.com\/product\/yoast-seo-wordpress\/ -->\n<title>Sudadera Colorada<\/title>\n<meta name=\"description\" content=\"Compra la nueva camiseta de mujer COLORADA. Una camiseta de algod\u00f3n org\u00e1nico con dise\u00f1o de la artista Llanos Luaces Gud\u00edn. No te quedes sin ella!\" \/>\n<meta name=\"robots\" content=\"index, follow, max-snippet:-1, max-image-preview:large, max-video-preview:-1\" \/>\n<link rel=\"canonical\" href=\"https:\/\/acostureira.com\/gl\/tienda\/mujer\/sudadera-mujer\/sudadera-mujer-sin-capucha\/sudadera-colorada\/\" \/>\n<meta property=\"og:locale\" content=\"gl_ES\" \/>\n<meta property=\"og:type\" content=\"article\" \/>\n<meta property=\"og:title\" content=\"Sudadera Colorada\" \/>\n<meta property=\"og:description\" content=\"Compra la nueva camiseta de mujer COLORADA. Una camiseta de algod\u00f3n org\u00e1nico con dise\u00f1o de la artista Llanos Luaces Gud\u00edn. No te quedes sin ella!\" \/>\n<meta property=\"og:url\" content=\"https:\/\/acostureira.com\/gl\/tienda\/mujer\/sudadera-mujer\/sudadera-mujer-sin-capucha\/sudadera-colorada\/\" \/>\n<meta property=\"og:site_name\" content=\"Acostureira\" \/>\n<meta property=\"article:publisher\" content=\"https:\/\/www.facebook.com\/acostureira19\" \/>\n<meta property=\"article:modified_time\" content=\"2026-02-08T12:28:22+00:00\" \/>\n<meta property=\"og:image\" content=\"https:\/\/acostureira.com\/wp-content\/uploads\/2026\/02\/SUADOIRO-COLORADA.png\" \/>\n\t<meta property=\"og:image:width\" content=\"1080\" \/>\n\t<meta property=\"og:image:height\" content=\"1080\" \/>\n\t<meta property=\"og:image:type\" content=\"image\/png\" \/>\n<meta name=\"twitter:card\" content=\"summary_large_image\" \/>\n<meta name=\"twitter:label1\" content=\"Tempo de lectura\" \/>\n\t<meta name=\"twitter:data1\" content=\"1 minuto\" \/>\n<script type=\"application\/ld+json\" class=\"yoast-schema-graph\">{\"@context\":\"https:\/\/schema.org\",\"@graph\":[{\"@type\":\"WebPage\",\"@id\":\"https:\/\/acostureira.com\/tienda\/mujer\/sudadera-mujer\/sudadera-mujer-sin-capucha\/sudadera-colorada\/\",\"url\":\"https:\/\/acostureira.com\/tienda\/mujer\/sudadera-mujer\/sudadera-mujer-sin-capucha\/sudadera-colorada\/\",\"name\":\"Sudadera Colorada\",\"isPartOf\":{\"@id\":\"https:\/\/acostureira.com\/#website\"},\"primaryImageOfPage\":{\"@id\":\"https:\/\/acostureira.com\/tienda\/mujer\/sudadera-mujer\/sudadera-mujer-sin-capucha\/sudadera-colorada\/#primaryimage\"},\"image\":{\"@id\":\"https:\/\/acostureira.com\/tienda\/mujer\/sudadera-mujer\/sudadera-mujer-sin-capucha\/sudadera-colorada\/#primaryimage\"},\"thumbnailUrl\":\"https:\/\/acostureira.com\/wp-content\/uploads\/2026\/02\/SUADOIRO-COLORADA.png\",\"datePublished\":\"2026-02-08T12:26:32+00:00\",\"dateModified\":\"2026-02-08T12:28:22+00:00\",\"description\":\"Compra la nueva camiseta de mujer COLORADA. Una camiseta de algod\u00f3n org\u00e1nico con dise\u00f1o de la artista Llanos Luaces Gud\u00edn. No te quedes sin ella!\",\"breadcrumb\":{\"@id\":\"https:\/\/acostureira.com\/tienda\/mujer\/sudadera-mujer\/sudadera-mujer-sin-capucha\/sudadera-colorada\/#breadcrumb\"},\"inLanguage\":\"gl-ES\",\"potentialAction\":[{\"@type\":\"ReadAction\",\"target\":[\"https:\/\/acostureira.com\/tienda\/mujer\/sudadera-mujer\/sudadera-mujer-sin-capucha\/sudadera-colorada\/\"]}]},{\"@type\":\"ImageObject\",\"inLanguage\":\"gl-ES\",\"@id\":\"https:\/\/acostureira.com\/tienda\/mujer\/sudadera-mujer\/sudadera-mujer-sin-capucha\/sudadera-colorada\/#primaryimage\",\"url\":\"https:\/\/acostureira.com\/wp-content\/uploads\/2026\/02\/SUADOIRO-COLORADA.png\",\"contentUrl\":\"https:\/\/acostureira.com\/wp-content\/uploads\/2026\/02\/SUADOIRO-COLORADA.png\",\"width\":1080,\"height\":1080,\"caption\":\"suadoiro colorada\"},{\"@type\":\"BreadcrumbList\",\"@id\":\"https:\/\/acostureira.com\/tienda\/mujer\/sudadera-mujer\/sudadera-mujer-sin-capucha\/sudadera-colorada\/#breadcrumb\",\"itemListElement\":[{\"@type\":\"ListItem\",\"position\":1,\"name\":\"Portada\",\"item\":\"https:\/\/acostureira.com\/\"},{\"@type\":\"ListItem\",\"position\":2,\"name\":\"Todos nuestros productos\",\"item\":\"https:\/\/acostureira.com\/tienda\/\"},{\"@type\":\"ListItem\",\"position\":3,\"name\":\"Sudadera Colorada\"}]},{\"@type\":\"WebSite\",\"@id\":\"https:\/\/acostureira.com\/#website\",\"url\":\"https:\/\/acostureira.com\/\",\"name\":\"Acostureira\",\"description\":\"Producto feminista y de Galicia\",\"publisher\":{\"@id\":\"https:\/\/acostureira.com\/#organization\"},\"potentialAction\":[{\"@type\":\"SearchAction\",\"target\":{\"@type\":\"EntryPoint\",\"urlTemplate\":\"https:\/\/acostureira.com\/?s={search_term_string}\"},\"query-input\":{\"@type\":\"PropertyValueSpecification\",\"valueRequired\":true,\"valueName\":\"search_term_string\"}}],\"inLanguage\":\"gl-ES\"},{\"@type\":\"Organization\",\"@id\":\"https:\/\/acostureira.com\/#organization\",\"name\":\"Acostureira\",\"url\":\"https:\/\/acostureira.com\/\",\"logo\":{\"@type\":\"ImageObject\",\"inLanguage\":\"gl-ES\",\"@id\":\"https:\/\/acostureira.com\/#\/schema\/logo\/image\/\",\"url\":\"https:\/\/acostureira.com\/wp-content\/uploads\/2022\/12\/cropped-LOGO-COSTUREIRA.png\",\"contentUrl\":\"https:\/\/acostureira.com\/wp-content\/uploads\/2022\/12\/cropped-LOGO-COSTUREIRA.png\",\"width\":512,\"height\":512,\"caption\":\"Acostureira\"},\"image\":{\"@id\":\"https:\/\/acostureira.com\/#\/schema\/logo\/image\/\"},\"sameAs\":[\"https:\/\/www.facebook.com\/acostureira19\",\"https:\/\/www.instagram.com\/acostureira19\/\"]}]}<\/script>\n<!-- \/ Yoast SEO plugin. -->","yoast_head_json":{"title":"Suadoiro Colorada","description":"Compra la nueva camiseta de mujer COLORADA. Una camiseta de algod\u00f3n org\u00e1nico con dise\u00f1o de la artista Llanos Luaces Gud\u00edn. No te quedes sin ella!","robots":{"index":"index","follow":"follow","max-snippet":"max-snippet:-1","max-image-preview":"max-image-preview:large","max-video-preview":"max-video-preview:-1"},"canonical":"https:\/\/acostureira.com\/gl\/tienda\/mujer\/sudadera-mujer\/sudadera-mujer-sin-capucha\/sudadera-colorada\/","og_locale":"gl_ES","og_type":"article","og_title":"Sudadera Colorada","og_description":"Compra la nueva camiseta de mujer COLORADA. Una camiseta de algod\u00f3n org\u00e1nico con dise\u00f1o de la artista Llanos Luaces Gud\u00edn. No te quedes sin ella!","og_url":"https:\/\/acostureira.com\/gl\/tienda\/mujer\/sudadera-mujer\/sudadera-mujer-sin-capucha\/sudadera-colorada\/","og_site_name":"Acostureira","article_publisher":"https:\/\/www.facebook.com\/acostureira19","article_modified_time":"2026-02-08T12:28:22+00:00","og_image":[{"width":1080,"height":1080,"url":"https:\/\/acostureira.com\/wp-content\/uploads\/2026\/02\/SUADOIRO-COLORADA.png","type":"image\/png"}],"twitter_card":"summary_large_image","twitter_misc":{"Tempo de lectura":"1 minuto"},"schema":{"@context":"https:\/\/schema.org","@graph":[{"@type":"WebPage","@id":"https:\/\/acostureira.com\/tienda\/mujer\/sudadera-mujer\/sudadera-mujer-sin-capucha\/sudadera-colorada\/","url":"https:\/\/acostureira.com\/tienda\/mujer\/sudadera-mujer\/sudadera-mujer-sin-capucha\/sudadera-colorada\/","name":"Suadoiro Colorada","isPartOf":{"@id":"https:\/\/acostureira.com\/#website"},"primaryImageOfPage":{"@id":"https:\/\/acostureira.com\/tienda\/mujer\/sudadera-mujer\/sudadera-mujer-sin-capucha\/sudadera-colorada\/#primaryimage"},"image":{"@id":"https:\/\/acostureira.com\/tienda\/mujer\/sudadera-mujer\/sudadera-mujer-sin-capucha\/sudadera-colorada\/#primaryimage"},"thumbnailUrl":"https:\/\/acostureira.com\/wp-content\/uploads\/2026\/02\/SUADOIRO-COLORADA.png","datePublished":"2026-02-08T12:26:32+00:00","dateModified":"2026-02-08T12:28:22+00:00","description":"Compra la nueva camiseta de mujer COLORADA. Una camiseta de algod\u00f3n org\u00e1nico con dise\u00f1o de la artista Llanos Luaces Gud\u00edn. No te quedes sin ella!","breadcrumb":{"@id":"https:\/\/acostureira.com\/tienda\/mujer\/sudadera-mujer\/sudadera-mujer-sin-capucha\/sudadera-colorada\/#breadcrumb"},"inLanguage":"gl-ES","potentialAction":[{"@type":"ReadAction","target":["https:\/\/acostureira.com\/tienda\/mujer\/sudadera-mujer\/sudadera-mujer-sin-capucha\/sudadera-colorada\/"]}]},{"@type":"ImageObject","inLanguage":"gl-ES","@id":"https:\/\/acostureira.com\/tienda\/mujer\/sudadera-mujer\/sudadera-mujer-sin-capucha\/sudadera-colorada\/#primaryimage","url":"https:\/\/acostureira.com\/wp-content\/uploads\/2026\/02\/SUADOIRO-COLORADA.png","contentUrl":"https:\/\/acostureira.com\/wp-content\/uploads\/2026\/02\/SUADOIRO-COLORADA.png","width":1080,"height":1080,"caption":"suadoiro colorada"},{"@type":"BreadcrumbList","@id":"https:\/\/acostureira.com\/tienda\/mujer\/sudadera-mujer\/sudadera-mujer-sin-capucha\/sudadera-colorada\/#breadcrumb","itemListElement":[{"@type":"ListItem","position":1,"name":"Portada","item":"https:\/\/acostureira.com\/"},{"@type":"ListItem","position":2,"name":"Todos nuestros productos","item":"https:\/\/acostureira.com\/tienda\/"},{"@type":"ListItem","position":3,"name":"Sudadera Colorada"}]},{"@type":"WebSite","@id":"https:\/\/acostureira.com\/#website","url":"https:\/\/acostureira.com\/","name":"Acostureira","description":"Produto feminista e galego","publisher":{"@id":"https:\/\/acostureira.com\/#organization"},"potentialAction":[{"@type":"SearchAction","target":{"@type":"EntryPoint","urlTemplate":"https:\/\/acostureira.com\/?s={search_term_string}"},"query-input":{"@type":"PropertyValueSpecification","valueRequired":true,"valueName":"search_term_string"}}],"inLanguage":"gl-ES"},{"@type":"Organization","@id":"https:\/\/acostureira.com\/#organization","name":"Acostureira","url":"https:\/\/acostureira.com\/","logo":{"@type":"ImageObject","inLanguage":"gl-ES","@id":"https:\/\/acostureira.com\/#\/schema\/logo\/image\/","url":"https:\/\/acostureira.com\/wp-content\/uploads\/2022\/12\/cropped-LOGO-COSTUREIRA.png","contentUrl":"https:\/\/acostureira.com\/wp-content\/uploads\/2022\/12\/cropped-LOGO-COSTUREIRA.png","width":512,"height":512,"caption":"Acostureira"},"image":{"@id":"https:\/\/acostureira.com\/#\/schema\/logo\/image\/"},"sameAs":["https:\/\/www.facebook.com\/acostureira19","https:\/\/www.instagram.com\/acostureira19\/"]}]}},"_links":{"self":[{"href":"https:\/\/acostureira.com\/gl\/wp-json\/wp\/v2\/product\/46105","targetHints":{"allow":["GET"]}}],"collection":[{"href":"https:\/\/acostureira.com\/gl\/wp-json\/wp\/v2\/product"}],"about":[{"href":"https:\/\/acostureira.com\/gl\/wp-json\/wp\/v2\/types\/product"}],"wp:featuredmedia":[{"embeddable":true,"href":"https:\/\/acostureira.com\/gl\/wp-json\/wp\/v2\/media\/46108"}],"wp:attachment":[{"href":"https:\/\/acostureira.com\/gl\/wp-json\/wp\/v2\/media?parent=46105"}],"wp:term":[{"taxonomy":"product_brand","embeddable":true,"href":"https:\/\/acostureira.com\/gl\/wp-json\/wp\/v2\/product_brand?post=46105"},{"taxonomy":"product_cat","embeddable":true,"href":"https:\/\/acostureira.com\/gl\/wp-json\/wp\/v2\/product_cat?post=46105"},{"taxonomy":"product_tag","embeddable":true,"href":"https:\/\/acostureira.com\/gl\/wp-json\/wp\/v2\/product_tag?post=46105"}],"curies":[{"name":"wp","href":"https:\/\/api.w.org\/{rel}","templated":true}]}}