{"id":46172,"date":"2026-02-11T12:08:21","date_gmt":"2026-02-11T11:08:21","guid":{"rendered":"https:\/\/acostureira.com\/?post_type=product&#038;p=46172"},"modified":"2026-03-12T12:26:25","modified_gmt":"2026-03-12T11:26:25","slug":"taza-1906","status":"publish","type":"product","link":"https:\/\/acostureira.com\/gl\/tienda\/otros\/tazas\/taza-1906\/","title":{"rendered":"CUNCA 1906"},"content":{"rendered":"<h3 data-path-to-node=\"9\"><b data-path-to-node=\"9\" data-index-in-node=\"0\">Cunca 1906<\/b><\/h3>\n<p data-path-to-node=\"10\">Leva a t\u00faa paix\u00f3n ao seguinte nivel con esta cunca minimalista dese\u00f1ada para o aut\u00e9ntico deportivismo. Cun acabado limpo en branco, destaca o ano da nosa fundaci\u00f3n, os loureiros da vitoria e as copas que marcan a nosa historia.<\/p>\n<p data-path-to-node=\"16\">Hai ma\u00f1\u00e1s que necesitan un extra de motivaci\u00f3n e nada mellor que lembrar quen somos dende <b data-path-to-node=\"16\" data-index-in-node=\"95\">1906<\/b>. Unha cunca dese\u00f1ada para os que presumen de escudo e de historia en cada sorbo.<\/p>\n<p data-path-to-node=\"17\">Faite coa t\u00faa e enche a t\u00faa mesa de orgullo branquiazul!<\/p>","protected":false},"excerpt":{"rendered":"<h3 data-path-to-node=\"4\"><b data-path-to-node=\"4\" data-index-in-node=\"0\">Cunca 1906: A Historia nas t\u00faas mans<\/b><\/h3>\n<p data-path-to-node=\"5\">Non \u00e9 s\u00f3 unha cunca, \u00e9 a lembranza dun legado que comenzou en <b data-path-to-node=\"5\" data-index-in-node=\"64\">1906<\/b>. Almorza cada ma\u00f1\u00e1n co orguio dun sentimento que non entende de categor\u00edas, rodeado da gloria dos nosos trofeos e o escudo que nos fai vibrar.<\/p>\n<ul data-path-to-node=\"6\">\n<li>\n<p data-path-to-node=\"6,0,0\"><b data-path-to-node=\"6,0,0\" data-index-in-node=\"0\">Dese\u00f1o exclusivo:<\/b> O ano de fundaci\u00f3n custodiado pola nosa vitrina de \u00e9xitos.<\/p>\n<\/li>\n<li>\n<p data-path-to-node=\"6,1,0\"><b data-path-to-node=\"6,1,0\" data-index-in-node=\"0\">Sentimento Branquiazul:<\/b> Para os que saben que o D\u00e9por \u00e9 moito m\u00e1is que f\u00fatbol.<\/p>\n<\/li>\n<li>\n<p data-path-to-node=\"6,2,0\"><b data-path-to-node=\"6,2,0\" data-index-in-node=\"0\">Calidade Premium:<\/b> Cer\u00e1mica de alta resistencia para aguantar ata o \u00faltimo minuto.<\/p>\n<\/li>\n<\/ul>","protected":false},"featured_media":46174,"template":"","meta":{"site-sidebar-layout":"default","site-content-layout":"","ast-site-content-layout":"default","site-content-style":"default","site-sidebar-style":"default","ast-global-header-display":"","ast-banner-title-visibility":"","ast-main-header-display":"","ast-hfb-above-header-display":"","ast-hfb-below-header-display":"","ast-hfb-mobile-header-display":"","site-post-title":"","ast-breadcrumbs-content":"","ast-featured-img":"","footer-sml-layout":"","ast-disable-related-posts":"","theme-transparent-header-meta":"default","adv-header-id-meta":"","stick-header-meta":"default","header-above-stick-meta":"","header-main-stick-meta":"","header-below-stick-meta":"","astra-migrate-meta-layouts":"set","ast-page-background-enabled":"default","ast-page-background-meta":{"desktop":{"background-color":"var(--ast-global-color-4)","background-image":"","background-repeat":"repeat","background-position":"center center","background-size":"auto","background-attachment":"scroll","background-type":"","background-media":"","overlay-type":"","overlay-color":"","overlay-opacity":"","overlay-gradient":""},"tablet":{"background-color":"","background-image":"","background-repeat":"repeat","background-position":"center center","background-size":"auto","background-attachment":"scroll","background-type":"","background-media":"","overlay-type":"","overlay-color":"","overlay-opacity":"","overlay-gradient":""},"mobile":{"background-color":"","background-image":"","background-repeat":"repeat","background-position":"center center","background-size":"auto","background-attachment":"scroll","background-type":"","background-media":"","overlay-type":"","overlay-color":"","overlay-opacity":"","overlay-gradient":""}},"ast-content-background-meta":{"desktop":{"background-color":"var(--ast-global-color-5)","background-image":"","background-repeat":"repeat","background-position":"center center","background-size":"auto","background-attachment":"scroll","background-type":"","background-media":"","overlay-type":"","overlay-color":"","overlay-opacity":"","overlay-gradient":""},"tablet":{"background-color":"var(--ast-global-color-5)","background-image":"","background-repeat":"repeat","background-position":"center center","background-size":"auto","background-attachment":"scroll","background-type":"","background-media":"","overlay-type":"","overlay-color":"","overlay-opacity":"","overlay-gradient":""},"mobile":{"background-color":"var(--ast-global-color-5)","background-image":"","background-repeat":"repeat","background-position":"center center","background-size":"auto","background-attachment":"scroll","background-type":"","background-media":"","overlay-type":"","overlay-color":"","overlay-opacity":"","overlay-gradient":""}}},"product_brand":[],"product_cat":[525,225,220],"product_tag":[447,567,539,650,227],"class_list":{"0":"post-46172","1":"product","2":"type-product","3":"status-publish","4":"has-post-thumbnail","6":"product_cat-depor","7":"product_cat-otros","8":"product_cat-tazas","9":"product_tag-depor","10":"product_tag-deportivo","11":"product_tag-federacion-de-penas","12":"product_tag-outlet","13":"product_tag-taza","14":"desktop-align-center","15":"tablet-align-left","16":"mobile-align-left","17":"ast-product-gallery-layout-first-image-large","18":"ast-product-tabs-layout-horizontal","19":"ast-qv-on-image","21":"first","22":"instock","23":"sale","24":"taxable","25":"shipping-taxable","26":"purchasable","27":"product-type-simple"},"yoast_head":"<!-- This site is optimized with the Yoast SEO plugin v27.2 - https:\/\/yoast.com\/product\/yoast-seo-wordpress\/ -->\n<title>TAZA 1906<\/title>\n<meta name=\"description\" content=\"Compar taza loca mi co\u00f1o. Dise\u00f1o de N\u00faria Just para el programa Buenismo Bien, que nace tras una de las grandes secciones de Henar.\" \/>\n<meta name=\"robots\" content=\"index, follow, max-snippet:-1, max-image-preview:large, max-video-preview:-1\" \/>\n<link rel=\"canonical\" href=\"https:\/\/acostureira.com\/gl\/tienda\/otros\/tazas\/taza-1906\/\" \/>\n<meta property=\"og:locale\" content=\"gl_ES\" \/>\n<meta property=\"og:type\" content=\"article\" \/>\n<meta property=\"og:title\" content=\"TAZA 1906\" \/>\n<meta property=\"og:description\" content=\"Compar taza loca mi co\u00f1o. Dise\u00f1o de N\u00faria Just para el programa Buenismo Bien, que nace tras una de las grandes secciones de Henar.\" \/>\n<meta property=\"og:url\" content=\"https:\/\/acostureira.com\/gl\/tienda\/otros\/tazas\/taza-1906\/\" \/>\n<meta property=\"og:site_name\" content=\"Acostureira\" \/>\n<meta property=\"article:publisher\" content=\"https:\/\/www.facebook.com\/acostureira19\" \/>\n<meta property=\"article:modified_time\" content=\"2026-03-12T11:26:25+00:00\" \/>\n<meta property=\"og:image\" content=\"https:\/\/acostureira.com\/wp-content\/uploads\/2026\/02\/TAZA-1906_1.png\" \/>\n\t<meta property=\"og:image:width\" content=\"1080\" \/>\n\t<meta property=\"og:image:height\" content=\"1080\" \/>\n\t<meta property=\"og:image:type\" content=\"image\/png\" \/>\n<meta name=\"twitter:card\" content=\"summary_large_image\" \/>\n<meta name=\"twitter:label1\" content=\"Tempo de lectura\" \/>\n\t<meta name=\"twitter:data1\" content=\"1 minuto\" \/>\n<script type=\"application\/ld+json\" class=\"yoast-schema-graph\">{\"@context\":\"https:\/\/schema.org\",\"@graph\":[{\"@type\":\"WebPage\",\"@id\":\"https:\/\/acostureira.com\/tienda\/otros\/tazas\/taza-1906\/\",\"url\":\"https:\/\/acostureira.com\/tienda\/otros\/tazas\/taza-1906\/\",\"name\":\"TAZA 1906\",\"isPartOf\":{\"@id\":\"https:\/\/acostureira.com\/#website\"},\"primaryImageOfPage\":{\"@id\":\"https:\/\/acostureira.com\/tienda\/otros\/tazas\/taza-1906\/#primaryimage\"},\"image\":{\"@id\":\"https:\/\/acostureira.com\/tienda\/otros\/tazas\/taza-1906\/#primaryimage\"},\"thumbnailUrl\":\"https:\/\/acostureira.com\/wp-content\/uploads\/2026\/02\/TAZA-1906_1.png\",\"datePublished\":\"2026-02-11T11:08:21+00:00\",\"dateModified\":\"2026-03-12T11:26:25+00:00\",\"description\":\"Compar taza loca mi co\u00f1o. Dise\u00f1o de N\u00faria Just para el programa Buenismo Bien, que nace tras una de las grandes secciones de Henar.\",\"breadcrumb\":{\"@id\":\"https:\/\/acostureira.com\/tienda\/otros\/tazas\/taza-1906\/#breadcrumb\"},\"inLanguage\":\"gl-ES\",\"potentialAction\":[{\"@type\":\"ReadAction\",\"target\":[\"https:\/\/acostureira.com\/tienda\/otros\/tazas\/taza-1906\/\"]}]},{\"@type\":\"ImageObject\",\"inLanguage\":\"gl-ES\",\"@id\":\"https:\/\/acostureira.com\/tienda\/otros\/tazas\/taza-1906\/#primaryimage\",\"url\":\"https:\/\/acostureira.com\/wp-content\/uploads\/2026\/02\/TAZA-1906_1.png\",\"contentUrl\":\"https:\/\/acostureira.com\/wp-content\/uploads\/2026\/02\/TAZA-1906_1.png\",\"width\":1080,\"height\":1080,\"caption\":\"taza 1906\"},{\"@type\":\"BreadcrumbList\",\"@id\":\"https:\/\/acostureira.com\/tienda\/otros\/tazas\/taza-1906\/#breadcrumb\",\"itemListElement\":[{\"@type\":\"ListItem\",\"position\":1,\"name\":\"Portada\",\"item\":\"https:\/\/acostureira.com\/\"},{\"@type\":\"ListItem\",\"position\":2,\"name\":\"Todos nuestros productos\",\"item\":\"https:\/\/acostureira.com\/tienda\/\"},{\"@type\":\"ListItem\",\"position\":3,\"name\":\"TAZA 1906\"}]},{\"@type\":\"WebSite\",\"@id\":\"https:\/\/acostureira.com\/#website\",\"url\":\"https:\/\/acostureira.com\/\",\"name\":\"Acostureira\",\"description\":\"Producto feminista y de Galicia\",\"publisher\":{\"@id\":\"https:\/\/acostureira.com\/#organization\"},\"potentialAction\":[{\"@type\":\"SearchAction\",\"target\":{\"@type\":\"EntryPoint\",\"urlTemplate\":\"https:\/\/acostureira.com\/?s={search_term_string}\"},\"query-input\":{\"@type\":\"PropertyValueSpecification\",\"valueRequired\":true,\"valueName\":\"search_term_string\"}}],\"inLanguage\":\"gl-ES\"},{\"@type\":\"Organization\",\"@id\":\"https:\/\/acostureira.com\/#organization\",\"name\":\"Acostureira\",\"url\":\"https:\/\/acostureira.com\/\",\"logo\":{\"@type\":\"ImageObject\",\"inLanguage\":\"gl-ES\",\"@id\":\"https:\/\/acostureira.com\/#\/schema\/logo\/image\/\",\"url\":\"https:\/\/acostureira.com\/wp-content\/uploads\/2022\/12\/cropped-LOGO-COSTUREIRA.png\",\"contentUrl\":\"https:\/\/acostureira.com\/wp-content\/uploads\/2022\/12\/cropped-LOGO-COSTUREIRA.png\",\"width\":512,\"height\":512,\"caption\":\"Acostureira\"},\"image\":{\"@id\":\"https:\/\/acostureira.com\/#\/schema\/logo\/image\/\"},\"sameAs\":[\"https:\/\/www.facebook.com\/acostureira19\",\"https:\/\/www.instagram.com\/acostureira19\/\"]}]}<\/script>\n<!-- \/ Yoast SEO plugin. -->","yoast_head_json":{"title":"CUNCA 1906","description":"Compar taza loca mi co\u00f1o. Dise\u00f1o de N\u00faria Just para el programa Buenismo Bien, que nace tras una de las grandes secciones de Henar.","robots":{"index":"index","follow":"follow","max-snippet":"max-snippet:-1","max-image-preview":"max-image-preview:large","max-video-preview":"max-video-preview:-1"},"canonical":"https:\/\/acostureira.com\/gl\/tienda\/otros\/tazas\/taza-1906\/","og_locale":"gl_ES","og_type":"article","og_title":"TAZA 1906","og_description":"Compar taza loca mi co\u00f1o. Dise\u00f1o de N\u00faria Just para el programa Buenismo Bien, que nace tras una de las grandes secciones de Henar.","og_url":"https:\/\/acostureira.com\/gl\/tienda\/otros\/tazas\/taza-1906\/","og_site_name":"Acostureira","article_publisher":"https:\/\/www.facebook.com\/acostureira19","article_modified_time":"2026-03-12T11:26:25+00:00","og_image":[{"width":1080,"height":1080,"url":"https:\/\/acostureira.com\/wp-content\/uploads\/2026\/02\/TAZA-1906_1.png","type":"image\/png"}],"twitter_card":"summary_large_image","twitter_misc":{"Tempo de lectura":"1 minuto"},"schema":{"@context":"https:\/\/schema.org","@graph":[{"@type":"WebPage","@id":"https:\/\/acostureira.com\/tienda\/otros\/tazas\/taza-1906\/","url":"https:\/\/acostureira.com\/tienda\/otros\/tazas\/taza-1906\/","name":"CUNCA 1906","isPartOf":{"@id":"https:\/\/acostureira.com\/#website"},"primaryImageOfPage":{"@id":"https:\/\/acostureira.com\/tienda\/otros\/tazas\/taza-1906\/#primaryimage"},"image":{"@id":"https:\/\/acostureira.com\/tienda\/otros\/tazas\/taza-1906\/#primaryimage"},"thumbnailUrl":"https:\/\/acostureira.com\/wp-content\/uploads\/2026\/02\/TAZA-1906_1.png","datePublished":"2026-02-11T11:08:21+00:00","dateModified":"2026-03-12T11:26:25+00:00","description":"Compar taza loca mi co\u00f1o. Dise\u00f1o de N\u00faria Just para el programa Buenismo Bien, que nace tras una de las grandes secciones de Henar.","breadcrumb":{"@id":"https:\/\/acostureira.com\/tienda\/otros\/tazas\/taza-1906\/#breadcrumb"},"inLanguage":"gl-ES","potentialAction":[{"@type":"ReadAction","target":["https:\/\/acostureira.com\/tienda\/otros\/tazas\/taza-1906\/"]}]},{"@type":"ImageObject","inLanguage":"gl-ES","@id":"https:\/\/acostureira.com\/tienda\/otros\/tazas\/taza-1906\/#primaryimage","url":"https:\/\/acostureira.com\/wp-content\/uploads\/2026\/02\/TAZA-1906_1.png","contentUrl":"https:\/\/acostureira.com\/wp-content\/uploads\/2026\/02\/TAZA-1906_1.png","width":1080,"height":1080,"caption":"taza 1906"},{"@type":"BreadcrumbList","@id":"https:\/\/acostureira.com\/tienda\/otros\/tazas\/taza-1906\/#breadcrumb","itemListElement":[{"@type":"ListItem","position":1,"name":"Portada","item":"https:\/\/acostureira.com\/"},{"@type":"ListItem","position":2,"name":"Todos nuestros productos","item":"https:\/\/acostureira.com\/tienda\/"},{"@type":"ListItem","position":3,"name":"TAZA 1906"}]},{"@type":"WebSite","@id":"https:\/\/acostureira.com\/#website","url":"https:\/\/acostureira.com\/","name":"Acostureira","description":"Produto feminista e galego","publisher":{"@id":"https:\/\/acostureira.com\/#organization"},"potentialAction":[{"@type":"SearchAction","target":{"@type":"EntryPoint","urlTemplate":"https:\/\/acostureira.com\/?s={search_term_string}"},"query-input":{"@type":"PropertyValueSpecification","valueRequired":true,"valueName":"search_term_string"}}],"inLanguage":"gl-ES"},{"@type":"Organization","@id":"https:\/\/acostureira.com\/#organization","name":"Acostureira","url":"https:\/\/acostureira.com\/","logo":{"@type":"ImageObject","inLanguage":"gl-ES","@id":"https:\/\/acostureira.com\/#\/schema\/logo\/image\/","url":"https:\/\/acostureira.com\/wp-content\/uploads\/2022\/12\/cropped-LOGO-COSTUREIRA.png","contentUrl":"https:\/\/acostureira.com\/wp-content\/uploads\/2022\/12\/cropped-LOGO-COSTUREIRA.png","width":512,"height":512,"caption":"Acostureira"},"image":{"@id":"https:\/\/acostureira.com\/#\/schema\/logo\/image\/"},"sameAs":["https:\/\/www.facebook.com\/acostureira19","https:\/\/www.instagram.com\/acostureira19\/"]}]}},"_links":{"self":[{"href":"https:\/\/acostureira.com\/gl\/wp-json\/wp\/v2\/product\/46172","targetHints":{"allow":["GET"]}}],"collection":[{"href":"https:\/\/acostureira.com\/gl\/wp-json\/wp\/v2\/product"}],"about":[{"href":"https:\/\/acostureira.com\/gl\/wp-json\/wp\/v2\/types\/product"}],"wp:featuredmedia":[{"embeddable":true,"href":"https:\/\/acostureira.com\/gl\/wp-json\/wp\/v2\/media\/46174"}],"wp:attachment":[{"href":"https:\/\/acostureira.com\/gl\/wp-json\/wp\/v2\/media?parent=46172"}],"wp:term":[{"taxonomy":"product_brand","embeddable":true,"href":"https:\/\/acostureira.com\/gl\/wp-json\/wp\/v2\/product_brand?post=46172"},{"taxonomy":"product_cat","embeddable":true,"href":"https:\/\/acostureira.com\/gl\/wp-json\/wp\/v2\/product_cat?post=46172"},{"taxonomy":"product_tag","embeddable":true,"href":"https:\/\/acostureira.com\/gl\/wp-json\/wp\/v2\/product_tag?post=46172"}],"curies":[{"name":"wp","href":"https:\/\/api.w.org\/{rel}","templated":true}]}}