{"id":46315,"date":"2026-03-04T14:11:24","date_gmt":"2026-03-04T13:11:24","guid":{"rendered":"https:\/\/acostureira.com\/?post_type=product&#038;p=46315"},"modified":"2026-03-10T16:16:50","modified_gmt":"2026-03-10T15:16:50","slug":"camiseta-simone","status":"publish","type":"product","link":"https:\/\/acostureira.com\/gl\/tienda\/unisex\/camiseta-unisex\/camiseta-simone\/","title":{"rendered":"Camiseta Simone"},"content":{"rendered":"<p data-path-to-node=\"6,1\">\u00a0Con la camiseta Simone rendimos homenaje a una de las figuras m\u00e1s influyentes del pensamiento contempor\u00e1neo: <b data-path-to-node=\"6,1\" data-index-in-node=\"86\">Simone de Beauvoir<\/b>. Esta camiseta captura a esencia da s\u00faa obra mestra, <i data-path-to-node=\"6,1\" data-index-in-node=\"159\">El segundo sexo<\/i>, cunha ilustraci\u00f3n en\u00e9rxica que reivindica a construcci\u00f3n da nosa propia identitade.<\/p>\n<ul data-path-to-node=\"6,2\">\n<li>\n<p data-path-to-node=\"6,2,0,0\"><b data-path-to-node=\"6,2,0,0\" data-index-in-node=\"0\">A Mensaxe:<\/b> <i data-path-to-node=\"6,2,0,0\" data-index-in-node=\"12\">\u00abNon se nace muller, ch\u00e9gase a selo\u00bb<\/i>. Unha declaraci\u00f3n de liberdade que nos lembra que ser muller non \u00e9 un destino biol\u00f3xico, senon un cami\u00f1o de conquista persoal.<\/p>\n<\/li>\n<li>\n<p data-path-to-node=\"6,2,1,0\"><b data-path-to-node=\"6,2,1,0\" data-index-in-node=\"0\">Dese\u00f1o:<\/b> Ilustraci\u00f3n en tono p\u00farpura vibrante sobre fondo branco, cun estilo que lembra os carteis de propaganda das grandes loitas sociais.<\/p>\n<\/li>\n<li>\n<p data-path-to-node=\"6,2,2,0\"><b data-path-to-node=\"6,2,2,0\" data-index-in-node=\"0\">Corte:<\/b> Estilo cl\u00e1sico, fresco e ver\u00e1til, ideal para levar a tua mensaxe na r\u00faa, na universidade o en calquera xordada de loita.<\/p>\n<\/li>\n<\/ul>\n<p data-path-to-node=\"6,3\"><b data-path-to-node=\"6,3\" data-index-in-node=\"0\">Leva a historia contigo.<\/b> Porque entender o pasado \u00e9 a mellor forma de construir un futuro m\u00e1is libre.<\/p>","protected":false},"excerpt":{"rendered":"<p>\ud83d\udc55 Camiseta 100% algod\u00f3n de 180gr.<br \/>\n\u26a1 Camiseta impresa a unha tinta.<br \/>\n\ud83c\udf0d Impresi\u00f3n\u00a0 realizada en Galiza.<\/p>","protected":false},"featured_media":46316,"template":"","meta":{"site-sidebar-layout":"default","site-content-layout":"","ast-site-content-layout":"default","site-content-style":"default","site-sidebar-style":"default","ast-global-header-display":"","ast-banner-title-visibility":"","ast-main-header-display":"","ast-hfb-above-header-display":"","ast-hfb-below-header-display":"","ast-hfb-mobile-header-display":"","site-post-title":"","ast-breadcrumbs-content":"","ast-featured-img":"","footer-sml-layout":"","ast-disable-related-posts":"","theme-transparent-header-meta":"default","adv-header-id-meta":"","stick-header-meta":"default","header-above-stick-meta":"","header-main-stick-meta":"","header-below-stick-meta":"","astra-migrate-meta-layouts":"set","ast-page-background-enabled":"default","ast-page-background-meta":{"desktop":{"background-color":"var(--ast-global-color-4)","background-image":"","background-repeat":"repeat","background-position":"center center","background-size":"auto","background-attachment":"scroll","background-type":"","background-media":"","overlay-type":"","overlay-color":"","overlay-opacity":"","overlay-gradient":""},"tablet":{"background-color":"","background-image":"","background-repeat":"repeat","background-position":"center center","background-size":"auto","background-attachment":"scroll","background-type":"","background-media":"","overlay-type":"","overlay-color":"","overlay-opacity":"","overlay-gradient":""},"mobile":{"background-color":"","background-image":"","background-repeat":"repeat","background-position":"center center","background-size":"auto","background-attachment":"scroll","background-type":"","background-media":"","overlay-type":"","overlay-color":"","overlay-opacity":"","overlay-gradient":""}},"ast-content-background-meta":{"desktop":{"background-color":"var(--ast-global-color-5)","background-image":"","background-repeat":"repeat","background-position":"center center","background-size":"auto","background-attachment":"scroll","background-type":"","background-media":"","overlay-type":"","overlay-color":"","overlay-opacity":"","overlay-gradient":""},"tablet":{"background-color":"var(--ast-global-color-5)","background-image":"","background-repeat":"repeat","background-position":"center center","background-size":"auto","background-attachment":"scroll","background-type":"","background-media":"","overlay-type":"","overlay-color":"","overlay-opacity":"","overlay-gradient":""},"mobile":{"background-color":"var(--ast-global-color-5)","background-image":"","background-repeat":"repeat","background-position":"center center","background-size":"auto","background-attachment":"scroll","background-type":"","background-media":"","overlay-type":"","overlay-color":"","overlay-opacity":"","overlay-gradient":""}}},"product_brand":[],"product_cat":[193,171,524,164],"product_tag":[150,374,451,432,647,169,649,185],"class_list":{"0":"post-46315","1":"product","2":"type-product","3":"status-publish","4":"has-post-thumbnail","6":"product_cat-acostureira","7":"product_cat-camiseta-unisex","8":"product_cat-feminismo","9":"product_cat-unisex","10":"product_tag-camiseta","11":"product_tag-galego","12":"product_tag-galicia","13":"product_tag-humor","14":"product_tag-leti-da-taberna","15":"product_tag-negra","16":"product_tag-non-dou-atendido-a-todo","17":"product_tag-unisex","18":"desktop-align-center","19":"tablet-align-left","20":"mobile-align-left","21":"ast-product-gallery-layout-first-image-large","22":"ast-product-single-variable","23":"ast-product-tabs-layout-horizontal","24":"ast-qv-on-image","26":"first","27":"instock","28":"taxable","29":"shipping-taxable","30":"purchasable","31":"product-type-variable"},"yoast_head":"<!-- This site is optimized with the Yoast SEO plugin v27.2 - https:\/\/yoast.com\/product\/yoast-seo-wordpress\/ -->\n<title>Camiseta Simone<\/title>\n<meta name=\"description\" content=\"Comprar Camiseta Simone en A Costureira. Dise\u00f1o con la frase de Simone de Beauvoir en gallego. Algod\u00f3n premium y mensaje empoderado.\" \/>\n<meta name=\"robots\" content=\"index, follow, max-snippet:-1, max-image-preview:large, max-video-preview:-1\" \/>\n<link rel=\"canonical\" href=\"https:\/\/acostureira.com\/gl\/tienda\/unisex\/camiseta-unisex\/camiseta-simone\/\" \/>\n<meta property=\"og:locale\" content=\"gl_ES\" \/>\n<meta property=\"og:type\" content=\"article\" \/>\n<meta property=\"og:title\" content=\"Camiseta Simone\" \/>\n<meta property=\"og:description\" content=\"Comprar Camiseta Simone en A Costureira. Dise\u00f1o con la frase de Simone de Beauvoir en gallego. Algod\u00f3n premium y mensaje empoderado.\" \/>\n<meta property=\"og:url\" content=\"https:\/\/acostureira.com\/gl\/tienda\/unisex\/camiseta-unisex\/camiseta-simone\/\" \/>\n<meta property=\"og:site_name\" content=\"Acostureira\" \/>\n<meta property=\"article:publisher\" content=\"https:\/\/www.facebook.com\/acostureira19\" \/>\n<meta property=\"article:modified_time\" content=\"2026-03-10T15:16:50+00:00\" \/>\n<meta property=\"og:image\" content=\"https:\/\/acostureira.com\/wp-content\/uploads\/2026\/03\/Camiseta-simone.png\" \/>\n\t<meta property=\"og:image:width\" content=\"1080\" \/>\n\t<meta property=\"og:image:height\" content=\"1080\" \/>\n\t<meta property=\"og:image:type\" content=\"image\/png\" \/>\n<meta name=\"twitter:card\" content=\"summary_large_image\" \/>\n<meta name=\"twitter:label1\" content=\"Tempo de lectura\" \/>\n\t<meta name=\"twitter:data1\" content=\"1 minuto\" \/>\n<script type=\"application\/ld+json\" class=\"yoast-schema-graph\">{\"@context\":\"https:\/\/schema.org\",\"@graph\":[{\"@type\":\"WebPage\",\"@id\":\"https:\/\/acostureira.com\/tienda\/unisex\/camiseta-unisex\/camiseta-simone\/\",\"url\":\"https:\/\/acostureira.com\/tienda\/unisex\/camiseta-unisex\/camiseta-simone\/\",\"name\":\"Camiseta Simone\",\"isPartOf\":{\"@id\":\"https:\/\/acostureira.com\/#website\"},\"primaryImageOfPage\":{\"@id\":\"https:\/\/acostureira.com\/tienda\/unisex\/camiseta-unisex\/camiseta-simone\/#primaryimage\"},\"image\":{\"@id\":\"https:\/\/acostureira.com\/tienda\/unisex\/camiseta-unisex\/camiseta-simone\/#primaryimage\"},\"thumbnailUrl\":\"https:\/\/acostureira.com\/wp-content\/uploads\/2026\/03\/Camiseta-simone.png\",\"datePublished\":\"2026-03-04T13:11:24+00:00\",\"dateModified\":\"2026-03-10T15:16:50+00:00\",\"description\":\"Comprar Camiseta Simone en A Costureira. Dise\u00f1o con la frase de Simone de Beauvoir en gallego. Algod\u00f3n premium y mensaje empoderado.\",\"breadcrumb\":{\"@id\":\"https:\/\/acostureira.com\/tienda\/unisex\/camiseta-unisex\/camiseta-simone\/#breadcrumb\"},\"inLanguage\":\"gl-ES\",\"potentialAction\":[{\"@type\":\"ReadAction\",\"target\":[\"https:\/\/acostureira.com\/tienda\/unisex\/camiseta-unisex\/camiseta-simone\/\"]}]},{\"@type\":\"ImageObject\",\"inLanguage\":\"gl-ES\",\"@id\":\"https:\/\/acostureira.com\/tienda\/unisex\/camiseta-unisex\/camiseta-simone\/#primaryimage\",\"url\":\"https:\/\/acostureira.com\/wp-content\/uploads\/2026\/03\/Camiseta-simone.png\",\"contentUrl\":\"https:\/\/acostureira.com\/wp-content\/uploads\/2026\/03\/Camiseta-simone.png\",\"width\":1080,\"height\":1080,\"caption\":\"Camiseta blanca con ilustraci\u00f3n feminista en color morado, imagen de mujer con el pu\u00f1o en alto y la frase Non se nace muller ch\u00e9gase a selo.\"},{\"@type\":\"BreadcrumbList\",\"@id\":\"https:\/\/acostureira.com\/tienda\/unisex\/camiseta-unisex\/camiseta-simone\/#breadcrumb\",\"itemListElement\":[{\"@type\":\"ListItem\",\"position\":1,\"name\":\"Portada\",\"item\":\"https:\/\/acostureira.com\/\"},{\"@type\":\"ListItem\",\"position\":2,\"name\":\"Todos nuestros productos\",\"item\":\"https:\/\/acostureira.com\/tienda\/\"},{\"@type\":\"ListItem\",\"position\":3,\"name\":\"Camiseta Simone\"}]},{\"@type\":\"WebSite\",\"@id\":\"https:\/\/acostureira.com\/#website\",\"url\":\"https:\/\/acostureira.com\/\",\"name\":\"Acostureira\",\"description\":\"Producto feminista y de Galicia\",\"publisher\":{\"@id\":\"https:\/\/acostureira.com\/#organization\"},\"potentialAction\":[{\"@type\":\"SearchAction\",\"target\":{\"@type\":\"EntryPoint\",\"urlTemplate\":\"https:\/\/acostureira.com\/?s={search_term_string}\"},\"query-input\":{\"@type\":\"PropertyValueSpecification\",\"valueRequired\":true,\"valueName\":\"search_term_string\"}}],\"inLanguage\":\"gl-ES\"},{\"@type\":\"Organization\",\"@id\":\"https:\/\/acostureira.com\/#organization\",\"name\":\"Acostureira\",\"url\":\"https:\/\/acostureira.com\/\",\"logo\":{\"@type\":\"ImageObject\",\"inLanguage\":\"gl-ES\",\"@id\":\"https:\/\/acostureira.com\/#\/schema\/logo\/image\/\",\"url\":\"https:\/\/acostureira.com\/wp-content\/uploads\/2022\/12\/cropped-LOGO-COSTUREIRA.png\",\"contentUrl\":\"https:\/\/acostureira.com\/wp-content\/uploads\/2022\/12\/cropped-LOGO-COSTUREIRA.png\",\"width\":512,\"height\":512,\"caption\":\"Acostureira\"},\"image\":{\"@id\":\"https:\/\/acostureira.com\/#\/schema\/logo\/image\/\"},\"sameAs\":[\"https:\/\/www.facebook.com\/acostureira19\",\"https:\/\/www.instagram.com\/acostureira19\/\"]}]}<\/script>\n<!-- \/ Yoast SEO plugin. -->","yoast_head_json":{"title":"Camiseta Simone","description":"Comprar Camiseta Simone en A Costureira. Dise\u00f1o con la frase de Simone de Beauvoir en gallego. Algod\u00f3n premium y mensaje empoderado.","robots":{"index":"index","follow":"follow","max-snippet":"max-snippet:-1","max-image-preview":"max-image-preview:large","max-video-preview":"max-video-preview:-1"},"canonical":"https:\/\/acostureira.com\/gl\/tienda\/unisex\/camiseta-unisex\/camiseta-simone\/","og_locale":"gl_ES","og_type":"article","og_title":"Camiseta Simone","og_description":"Comprar Camiseta Simone en A Costureira. Dise\u00f1o con la frase de Simone de Beauvoir en gallego. Algod\u00f3n premium y mensaje empoderado.","og_url":"https:\/\/acostureira.com\/gl\/tienda\/unisex\/camiseta-unisex\/camiseta-simone\/","og_site_name":"Acostureira","article_publisher":"https:\/\/www.facebook.com\/acostureira19","article_modified_time":"2026-03-10T15:16:50+00:00","og_image":[{"width":1080,"height":1080,"url":"https:\/\/acostureira.com\/wp-content\/uploads\/2026\/03\/Camiseta-simone.png","type":"image\/png"}],"twitter_card":"summary_large_image","twitter_misc":{"Tempo de lectura":"1 minuto"},"schema":{"@context":"https:\/\/schema.org","@graph":[{"@type":"WebPage","@id":"https:\/\/acostureira.com\/tienda\/unisex\/camiseta-unisex\/camiseta-simone\/","url":"https:\/\/acostureira.com\/tienda\/unisex\/camiseta-unisex\/camiseta-simone\/","name":"Camiseta Simone","isPartOf":{"@id":"https:\/\/acostureira.com\/#website"},"primaryImageOfPage":{"@id":"https:\/\/acostureira.com\/tienda\/unisex\/camiseta-unisex\/camiseta-simone\/#primaryimage"},"image":{"@id":"https:\/\/acostureira.com\/tienda\/unisex\/camiseta-unisex\/camiseta-simone\/#primaryimage"},"thumbnailUrl":"https:\/\/acostureira.com\/wp-content\/uploads\/2026\/03\/Camiseta-simone.png","datePublished":"2026-03-04T13:11:24+00:00","dateModified":"2026-03-10T15:16:50+00:00","description":"Comprar Camiseta Simone en A Costureira. Dise\u00f1o con la frase de Simone de Beauvoir en gallego. Algod\u00f3n premium y mensaje empoderado.","breadcrumb":{"@id":"https:\/\/acostureira.com\/tienda\/unisex\/camiseta-unisex\/camiseta-simone\/#breadcrumb"},"inLanguage":"gl-ES","potentialAction":[{"@type":"ReadAction","target":["https:\/\/acostureira.com\/tienda\/unisex\/camiseta-unisex\/camiseta-simone\/"]}]},{"@type":"ImageObject","inLanguage":"gl-ES","@id":"https:\/\/acostureira.com\/tienda\/unisex\/camiseta-unisex\/camiseta-simone\/#primaryimage","url":"https:\/\/acostureira.com\/wp-content\/uploads\/2026\/03\/Camiseta-simone.png","contentUrl":"https:\/\/acostureira.com\/wp-content\/uploads\/2026\/03\/Camiseta-simone.png","width":1080,"height":1080,"caption":"Camiseta blanca con ilustraci\u00f3n feminista en color morado, imagen de mujer con el pu\u00f1o en alto y la frase Non se nace muller ch\u00e9gase a selo."},{"@type":"BreadcrumbList","@id":"https:\/\/acostureira.com\/tienda\/unisex\/camiseta-unisex\/camiseta-simone\/#breadcrumb","itemListElement":[{"@type":"ListItem","position":1,"name":"Portada","item":"https:\/\/acostureira.com\/"},{"@type":"ListItem","position":2,"name":"Todos nuestros productos","item":"https:\/\/acostureira.com\/tienda\/"},{"@type":"ListItem","position":3,"name":"Camiseta Simone"}]},{"@type":"WebSite","@id":"https:\/\/acostureira.com\/#website","url":"https:\/\/acostureira.com\/","name":"Acostureira","description":"Produto feminista e galego","publisher":{"@id":"https:\/\/acostureira.com\/#organization"},"potentialAction":[{"@type":"SearchAction","target":{"@type":"EntryPoint","urlTemplate":"https:\/\/acostureira.com\/?s={search_term_string}"},"query-input":{"@type":"PropertyValueSpecification","valueRequired":true,"valueName":"search_term_string"}}],"inLanguage":"gl-ES"},{"@type":"Organization","@id":"https:\/\/acostureira.com\/#organization","name":"Acostureira","url":"https:\/\/acostureira.com\/","logo":{"@type":"ImageObject","inLanguage":"gl-ES","@id":"https:\/\/acostureira.com\/#\/schema\/logo\/image\/","url":"https:\/\/acostureira.com\/wp-content\/uploads\/2022\/12\/cropped-LOGO-COSTUREIRA.png","contentUrl":"https:\/\/acostureira.com\/wp-content\/uploads\/2022\/12\/cropped-LOGO-COSTUREIRA.png","width":512,"height":512,"caption":"Acostureira"},"image":{"@id":"https:\/\/acostureira.com\/#\/schema\/logo\/image\/"},"sameAs":["https:\/\/www.facebook.com\/acostureira19","https:\/\/www.instagram.com\/acostureira19\/"]}]}},"_links":{"self":[{"href":"https:\/\/acostureira.com\/gl\/wp-json\/wp\/v2\/product\/46315","targetHints":{"allow":["GET"]}}],"collection":[{"href":"https:\/\/acostureira.com\/gl\/wp-json\/wp\/v2\/product"}],"about":[{"href":"https:\/\/acostureira.com\/gl\/wp-json\/wp\/v2\/types\/product"}],"wp:featuredmedia":[{"embeddable":true,"href":"https:\/\/acostureira.com\/gl\/wp-json\/wp\/v2\/media\/46316"}],"wp:attachment":[{"href":"https:\/\/acostureira.com\/gl\/wp-json\/wp\/v2\/media?parent=46315"}],"wp:term":[{"taxonomy":"product_brand","embeddable":true,"href":"https:\/\/acostureira.com\/gl\/wp-json\/wp\/v2\/product_brand?post=46315"},{"taxonomy":"product_cat","embeddable":true,"href":"https:\/\/acostureira.com\/gl\/wp-json\/wp\/v2\/product_cat?post=46315"},{"taxonomy":"product_tag","embeddable":true,"href":"https:\/\/acostureira.com\/gl\/wp-json\/wp\/v2\/product_tag?post=46315"}],"curies":[{"name":"wp","href":"https:\/\/api.w.org\/{rel}","templated":true}]}}