{"id":46329,"date":"2026-03-09T12:05:36","date_gmt":"2026-03-09T11:05:36","guid":{"rendered":"https:\/\/acostureira.com\/?post_type=product&#038;p=46329"},"modified":"2026-03-10T16:14:01","modified_gmt":"2026-03-10T15:14:01","slug":"las-diez-mil-hijas-de-irene","status":"publish","type":"product","link":"https:\/\/acostureira.com\/gl\/tienda\/otros\/libros\/las-diez-mil-hijas-de-irene\/","title":{"rendered":"Las diez mil hijas de Irene"},"content":{"rendered":"<h2 data-path-to-node=\"3\"><b data-path-to-node=\"3\" data-index-in-node=\"0\">Las diez mil hijas de Irene<\/b><\/h2>\n<h3 data-path-to-node=\"4\"><i data-path-to-node=\"4\" data-index-in-node=\"0\">Cien a\u00f1os de f\u00fatbol femenino en Galicia<\/i><\/h3>\n<p data-path-to-node=\"5\"><b data-path-to-node=\"5\" data-index-in-node=\"0\">Autor:<\/b> Alexandre Centeno<\/p>\n<p data-path-to-node=\"6\"><b data-path-to-node=\"6\" data-index-in-node=\"0\">Editorial:<\/b> LAR Libros<\/p>\n<p data-path-to-node=\"7\"><b data-path-to-node=\"7\" data-index-in-node=\"0\">Sinopse:<\/b> Este libro non \u00e9 s\u00f3 unha cr\u00f3nica deportiva; \u00e9 unha viaxe necesaria a trav\u00e9s dun s\u00e9culo de loita, paix\u00f3n e bal\u00f3ns. Dende a m\u00edtica figura de <b data-path-to-node=\"7\" data-index-in-node=\"152\">Irene Gonz\u00e1lez<\/b> ata as xogadoras de hoxe, Alexandre Centeno rescata do olvido as historias das mulleres que desafiaron prexuicios para xogar \u00f3 f\u00fatbol nos campos galegos.<\/p>\n<p data-path-to-node=\"8\">\u00c9 unha homenaxe \u00e1s pioneiras que abriron cami\u00f1o e \u00e1s miles de \"fillas\" que hoxe recollen o seu tescigo en cada estadio da nosa terra.<\/p>","protected":false},"excerpt":{"rendered":"<p>Hai historias que merecen ser contadas para que non se perda no olvido. <b data-path-to-node=\"5\" data-index-in-node=\"76\">\u00abLas diez mil hijas de Irene\u00bb<\/b> \u00e9 a homenaxe definitiva \u00e1s pioneiras do f\u00fatbol femenino na nosa terra. A trav\u00e9s das s\u00faas p\u00e1xinas, Alexandre Centeno, l\u00e9vanos da man por <b data-path-to-node=\"5\" data-index-in-node=\"254\">cen anos de loita, barro e gloria<\/b> nos campos galegos<\/p>\n<ul>\n<li><strong>Autor:<\/strong> Alexandre Centeno<\/li>\n<li><strong>Editorial:<\/strong> Lar Libros<\/li>\n<li><strong>Lingua:<\/strong> castel\u00e1n<\/li>\n<li><strong>N\u00famero de p\u00e1xinas:<\/strong> 304 p\u00e1xinas<\/li>\n<li><strong>Encadernaci\u00f3n:<\/strong> Tapa branda<\/li>\n<li><strong>Formato:<\/strong> 17 x 24 cm<\/li>\n<\/ul>\n<p>\ud83d\udc49 Deporte femenino, Historia e empoderamento.<\/p>\n<div><\/div>","protected":false},"featured_media":46331,"template":"","meta":{"site-sidebar-layout":"default","site-content-layout":"","ast-site-content-layout":"default","site-content-style":"default","site-sidebar-style":"default","ast-global-header-display":"","ast-banner-title-visibility":"","ast-main-header-display":"","ast-hfb-above-header-display":"","ast-hfb-below-header-display":"","ast-hfb-mobile-header-display":"","site-post-title":"","ast-breadcrumbs-content":"","ast-featured-img":"","footer-sml-layout":"","ast-disable-related-posts":"","theme-transparent-header-meta":"default","adv-header-id-meta":"","stick-header-meta":"default","header-above-stick-meta":"","header-main-stick-meta":"","header-below-stick-meta":"","astra-migrate-meta-layouts":"set","ast-page-background-enabled":"default","ast-page-background-meta":{"desktop":{"background-color":"var(--ast-global-color-4)","background-image":"","background-repeat":"repeat","background-position":"center center","background-size":"auto","background-attachment":"scroll","background-type":"","background-media":"","overlay-type":"","overlay-color":"","overlay-opacity":"","overlay-gradient":""},"tablet":{"background-color":"","background-image":"","background-repeat":"repeat","background-position":"center center","background-size":"auto","background-attachment":"scroll","background-type":"","background-media":"","overlay-type":"","overlay-color":"","overlay-opacity":"","overlay-gradient":""},"mobile":{"background-color":"","background-image":"","background-repeat":"repeat","background-position":"center center","background-size":"auto","background-attachment":"scroll","background-type":"","background-media":"","overlay-type":"","overlay-color":"","overlay-opacity":"","overlay-gradient":""}},"ast-content-background-meta":{"desktop":{"background-color":"var(--ast-global-color-5)","background-image":"","background-repeat":"repeat","background-position":"center center","background-size":"auto","background-attachment":"scroll","background-type":"","background-media":"","overlay-type":"","overlay-color":"","overlay-opacity":"","overlay-gradient":""},"tablet":{"background-color":"var(--ast-global-color-5)","background-image":"","background-repeat":"repeat","background-position":"center center","background-size":"auto","background-attachment":"scroll","background-type":"","background-media":"","overlay-type":"","overlay-color":"","overlay-opacity":"","overlay-gradient":""},"mobile":{"background-color":"var(--ast-global-color-5)","background-image":"","background-repeat":"repeat","background-position":"center center","background-size":"auto","background-attachment":"scroll","background-type":"","background-media":"","overlay-type":"","overlay-color":"","overlay-opacity":"","overlay-gradient":""}}},"product_brand":[],"product_cat":[193,524,276,225],"product_tag":[632,448,447,633,635,347,634],"class_list":{"0":"post-46329","1":"product","2":"type-product","3":"status-publish","4":"has-post-thumbnail","6":"product_cat-acostureira","7":"product_cat-feminismo","8":"product_cat-libros","9":"product_cat-otros","10":"product_tag-bebeto","11":"product_tag-coruna","12":"product_tag-depor","13":"product_tag-futbol","14":"product_tag-gol","15":"product_tag-libro","16":"product_tag-superdepor","17":"desktop-align-center","18":"tablet-align-left","19":"mobile-align-left","20":"ast-product-gallery-layout-first-image-large","21":"ast-product-gallery-with-no-image","22":"ast-product-tabs-layout-horizontal","23":"ast-qv-on-image","25":"first","26":"instock","27":"sale","28":"taxable","29":"shipping-taxable","30":"purchasable","31":"product-type-simple"},"yoast_head":"<!-- This site is optimized with the Yoast SEO plugin v27.2 - https:\/\/yoast.com\/product\/yoast-seo-wordpress\/ -->\n<title>Las diez mil hijas de Irene<\/title>\n<meta name=\"description\" content=\"Compra el Libro &quot;Las diez mil hijas de Irene&quot;. Un viaje por los cien a\u00f1os de f\u00fatbol femenino en Galicia. Historia y pasi\u00f3n en A Costureira.\" \/>\n<meta name=\"robots\" content=\"index, follow, max-snippet:-1, max-image-preview:large, max-video-preview:-1\" \/>\n<link rel=\"canonical\" href=\"https:\/\/acostureira.com\/gl\/tienda\/otros\/libros\/las-diez-mil-hijas-de-irene\/\" \/>\n<meta property=\"og:locale\" content=\"gl_ES\" \/>\n<meta property=\"og:type\" content=\"article\" \/>\n<meta property=\"og:title\" content=\"Las diez mil hijas de Irene\" \/>\n<meta property=\"og:description\" content=\"Compra el Libro &quot;Las diez mil hijas de Irene&quot;. Un viaje por los cien a\u00f1os de f\u00fatbol femenino en Galicia. Historia y pasi\u00f3n en A Costureira.\" \/>\n<meta property=\"og:url\" content=\"https:\/\/acostureira.com\/gl\/tienda\/otros\/libros\/las-diez-mil-hijas-de-irene\/\" \/>\n<meta property=\"og:site_name\" content=\"Acostureira\" \/>\n<meta property=\"article:publisher\" content=\"https:\/\/www.facebook.com\/acostureira19\" \/>\n<meta property=\"article:modified_time\" content=\"2026-03-10T15:14:01+00:00\" \/>\n<meta property=\"og:image\" content=\"https:\/\/acostureira.com\/wp-content\/uploads\/2026\/03\/FILLA-DE-IRENE.png\" \/>\n\t<meta property=\"og:image:width\" content=\"1080\" \/>\n\t<meta property=\"og:image:height\" content=\"1080\" \/>\n\t<meta property=\"og:image:type\" content=\"image\/png\" \/>\n<meta name=\"twitter:card\" content=\"summary_large_image\" \/>\n<meta name=\"twitter:label1\" content=\"Tempo de lectura\" \/>\n\t<meta name=\"twitter:data1\" content=\"1 minuto\" \/>\n<script type=\"application\/ld+json\" class=\"yoast-schema-graph\">{\"@context\":\"https:\/\/schema.org\",\"@graph\":[{\"@type\":\"WebPage\",\"@id\":\"https:\/\/acostureira.com\/tienda\/otros\/libros\/las-diez-mil-hijas-de-irene\/\",\"url\":\"https:\/\/acostureira.com\/tienda\/otros\/libros\/las-diez-mil-hijas-de-irene\/\",\"name\":\"Las diez mil hijas de Irene\",\"isPartOf\":{\"@id\":\"https:\/\/acostureira.com\/#website\"},\"primaryImageOfPage\":{\"@id\":\"https:\/\/acostureira.com\/tienda\/otros\/libros\/las-diez-mil-hijas-de-irene\/#primaryimage\"},\"image\":{\"@id\":\"https:\/\/acostureira.com\/tienda\/otros\/libros\/las-diez-mil-hijas-de-irene\/#primaryimage\"},\"thumbnailUrl\":\"https:\/\/acostureira.com\/wp-content\/uploads\/2026\/03\/FILLA-DE-IRENE.png\",\"datePublished\":\"2026-03-09T11:05:36+00:00\",\"dateModified\":\"2026-03-10T15:14:01+00:00\",\"description\":\"Compra el Libro \\\"Las diez mil hijas de Irene\\\". Un viaje por los cien a\u00f1os de f\u00fatbol femenino en Galicia. Historia y pasi\u00f3n en A Costureira.\",\"breadcrumb\":{\"@id\":\"https:\/\/acostureira.com\/tienda\/otros\/libros\/las-diez-mil-hijas-de-irene\/#breadcrumb\"},\"inLanguage\":\"gl-ES\",\"potentialAction\":[{\"@type\":\"ReadAction\",\"target\":[\"https:\/\/acostureira.com\/tienda\/otros\/libros\/las-diez-mil-hijas-de-irene\/\"]}]},{\"@type\":\"ImageObject\",\"inLanguage\":\"gl-ES\",\"@id\":\"https:\/\/acostureira.com\/tienda\/otros\/libros\/las-diez-mil-hijas-de-irene\/#primaryimage\",\"url\":\"https:\/\/acostureira.com\/wp-content\/uploads\/2026\/03\/FILLA-DE-IRENE.png\",\"contentUrl\":\"https:\/\/acostureira.com\/wp-content\/uploads\/2026\/03\/FILLA-DE-IRENE.png\",\"width\":1080,\"height\":1080,\"caption\":\"Portada del libro Las diez mil hijas de Irene, cien a\u00f1os de f\u00fatbol femenino en Galicia, de Alexandre Centeno, editorial LAR Libros.\"},{\"@type\":\"BreadcrumbList\",\"@id\":\"https:\/\/acostureira.com\/tienda\/otros\/libros\/las-diez-mil-hijas-de-irene\/#breadcrumb\",\"itemListElement\":[{\"@type\":\"ListItem\",\"position\":1,\"name\":\"Portada\",\"item\":\"https:\/\/acostureira.com\/\"},{\"@type\":\"ListItem\",\"position\":2,\"name\":\"Todos nuestros productos\",\"item\":\"https:\/\/acostureira.com\/tienda\/\"},{\"@type\":\"ListItem\",\"position\":3,\"name\":\"Las diez mil hijas de Irene\"}]},{\"@type\":\"WebSite\",\"@id\":\"https:\/\/acostureira.com\/#website\",\"url\":\"https:\/\/acostureira.com\/\",\"name\":\"Acostureira\",\"description\":\"Producto feminista y de Galicia\",\"publisher\":{\"@id\":\"https:\/\/acostureira.com\/#organization\"},\"potentialAction\":[{\"@type\":\"SearchAction\",\"target\":{\"@type\":\"EntryPoint\",\"urlTemplate\":\"https:\/\/acostureira.com\/?s={search_term_string}\"},\"query-input\":{\"@type\":\"PropertyValueSpecification\",\"valueRequired\":true,\"valueName\":\"search_term_string\"}}],\"inLanguage\":\"gl-ES\"},{\"@type\":\"Organization\",\"@id\":\"https:\/\/acostureira.com\/#organization\",\"name\":\"Acostureira\",\"url\":\"https:\/\/acostureira.com\/\",\"logo\":{\"@type\":\"ImageObject\",\"inLanguage\":\"gl-ES\",\"@id\":\"https:\/\/acostureira.com\/#\/schema\/logo\/image\/\",\"url\":\"https:\/\/acostureira.com\/wp-content\/uploads\/2022\/12\/cropped-LOGO-COSTUREIRA.png\",\"contentUrl\":\"https:\/\/acostureira.com\/wp-content\/uploads\/2022\/12\/cropped-LOGO-COSTUREIRA.png\",\"width\":512,\"height\":512,\"caption\":\"Acostureira\"},\"image\":{\"@id\":\"https:\/\/acostureira.com\/#\/schema\/logo\/image\/\"},\"sameAs\":[\"https:\/\/www.facebook.com\/acostureira19\",\"https:\/\/www.instagram.com\/acostureira19\/\"]}]}<\/script>\n<!-- \/ Yoast SEO plugin. -->","yoast_head_json":{"title":"Las diez mil hijas de Irene","description":"Compra el Libro \"Las diez mil hijas de Irene\". Un viaje por los cien a\u00f1os de f\u00fatbol femenino en Galicia. Historia y pasi\u00f3n en A Costureira.","robots":{"index":"index","follow":"follow","max-snippet":"max-snippet:-1","max-image-preview":"max-image-preview:large","max-video-preview":"max-video-preview:-1"},"canonical":"https:\/\/acostureira.com\/gl\/tienda\/otros\/libros\/las-diez-mil-hijas-de-irene\/","og_locale":"gl_ES","og_type":"article","og_title":"Las diez mil hijas de Irene","og_description":"Compra el Libro \"Las diez mil hijas de Irene\". Un viaje por los cien a\u00f1os de f\u00fatbol femenino en Galicia. Historia y pasi\u00f3n en A Costureira.","og_url":"https:\/\/acostureira.com\/gl\/tienda\/otros\/libros\/las-diez-mil-hijas-de-irene\/","og_site_name":"Acostureira","article_publisher":"https:\/\/www.facebook.com\/acostureira19","article_modified_time":"2026-03-10T15:14:01+00:00","og_image":[{"width":1080,"height":1080,"url":"https:\/\/acostureira.com\/wp-content\/uploads\/2026\/03\/FILLA-DE-IRENE.png","type":"image\/png"}],"twitter_card":"summary_large_image","twitter_misc":{"Tempo de lectura":"1 minuto"},"schema":{"@context":"https:\/\/schema.org","@graph":[{"@type":"WebPage","@id":"https:\/\/acostureira.com\/tienda\/otros\/libros\/las-diez-mil-hijas-de-irene\/","url":"https:\/\/acostureira.com\/tienda\/otros\/libros\/las-diez-mil-hijas-de-irene\/","name":"Las diez mil hijas de Irene","isPartOf":{"@id":"https:\/\/acostureira.com\/#website"},"primaryImageOfPage":{"@id":"https:\/\/acostureira.com\/tienda\/otros\/libros\/las-diez-mil-hijas-de-irene\/#primaryimage"},"image":{"@id":"https:\/\/acostureira.com\/tienda\/otros\/libros\/las-diez-mil-hijas-de-irene\/#primaryimage"},"thumbnailUrl":"https:\/\/acostureira.com\/wp-content\/uploads\/2026\/03\/FILLA-DE-IRENE.png","datePublished":"2026-03-09T11:05:36+00:00","dateModified":"2026-03-10T15:14:01+00:00","description":"Compra el Libro \"Las diez mil hijas de Irene\". Un viaje por los cien a\u00f1os de f\u00fatbol femenino en Galicia. Historia y pasi\u00f3n en A Costureira.","breadcrumb":{"@id":"https:\/\/acostureira.com\/tienda\/otros\/libros\/las-diez-mil-hijas-de-irene\/#breadcrumb"},"inLanguage":"gl-ES","potentialAction":[{"@type":"ReadAction","target":["https:\/\/acostureira.com\/tienda\/otros\/libros\/las-diez-mil-hijas-de-irene\/"]}]},{"@type":"ImageObject","inLanguage":"gl-ES","@id":"https:\/\/acostureira.com\/tienda\/otros\/libros\/las-diez-mil-hijas-de-irene\/#primaryimage","url":"https:\/\/acostureira.com\/wp-content\/uploads\/2026\/03\/FILLA-DE-IRENE.png","contentUrl":"https:\/\/acostureira.com\/wp-content\/uploads\/2026\/03\/FILLA-DE-IRENE.png","width":1080,"height":1080,"caption":"Portada del libro Las diez mil hijas de Irene, cien a\u00f1os de f\u00fatbol femenino en Galicia, de Alexandre Centeno, editorial LAR Libros."},{"@type":"BreadcrumbList","@id":"https:\/\/acostureira.com\/tienda\/otros\/libros\/las-diez-mil-hijas-de-irene\/#breadcrumb","itemListElement":[{"@type":"ListItem","position":1,"name":"Portada","item":"https:\/\/acostureira.com\/"},{"@type":"ListItem","position":2,"name":"Todos nuestros productos","item":"https:\/\/acostureira.com\/tienda\/"},{"@type":"ListItem","position":3,"name":"Las diez mil hijas de Irene"}]},{"@type":"WebSite","@id":"https:\/\/acostureira.com\/#website","url":"https:\/\/acostureira.com\/","name":"Acostureira","description":"Produto feminista e galego","publisher":{"@id":"https:\/\/acostureira.com\/#organization"},"potentialAction":[{"@type":"SearchAction","target":{"@type":"EntryPoint","urlTemplate":"https:\/\/acostureira.com\/?s={search_term_string}"},"query-input":{"@type":"PropertyValueSpecification","valueRequired":true,"valueName":"search_term_string"}}],"inLanguage":"gl-ES"},{"@type":"Organization","@id":"https:\/\/acostureira.com\/#organization","name":"Acostureira","url":"https:\/\/acostureira.com\/","logo":{"@type":"ImageObject","inLanguage":"gl-ES","@id":"https:\/\/acostureira.com\/#\/schema\/logo\/image\/","url":"https:\/\/acostureira.com\/wp-content\/uploads\/2022\/12\/cropped-LOGO-COSTUREIRA.png","contentUrl":"https:\/\/acostureira.com\/wp-content\/uploads\/2022\/12\/cropped-LOGO-COSTUREIRA.png","width":512,"height":512,"caption":"Acostureira"},"image":{"@id":"https:\/\/acostureira.com\/#\/schema\/logo\/image\/"},"sameAs":["https:\/\/www.facebook.com\/acostureira19","https:\/\/www.instagram.com\/acostureira19\/"]}]}},"_links":{"self":[{"href":"https:\/\/acostureira.com\/gl\/wp-json\/wp\/v2\/product\/46329","targetHints":{"allow":["GET"]}}],"collection":[{"href":"https:\/\/acostureira.com\/gl\/wp-json\/wp\/v2\/product"}],"about":[{"href":"https:\/\/acostureira.com\/gl\/wp-json\/wp\/v2\/types\/product"}],"wp:featuredmedia":[{"embeddable":true,"href":"https:\/\/acostureira.com\/gl\/wp-json\/wp\/v2\/media\/46331"}],"wp:attachment":[{"href":"https:\/\/acostureira.com\/gl\/wp-json\/wp\/v2\/media?parent=46329"}],"wp:term":[{"taxonomy":"product_brand","embeddable":true,"href":"https:\/\/acostureira.com\/gl\/wp-json\/wp\/v2\/product_brand?post=46329"},{"taxonomy":"product_cat","embeddable":true,"href":"https:\/\/acostureira.com\/gl\/wp-json\/wp\/v2\/product_cat?post=46329"},{"taxonomy":"product_tag","embeddable":true,"href":"https:\/\/acostureira.com\/gl\/wp-json\/wp\/v2\/product_tag?post=46329"}],"curies":[{"name":"wp","href":"https:\/\/api.w.org\/{rel}","templated":true}]}}