{"id":46333,"date":"2026-03-09T13:28:54","date_gmt":"2026-03-09T12:28:54","guid":{"rendered":"https:\/\/acostureira.com\/?post_type=product&#038;p=46333"},"modified":"2026-03-10T16:11:44","modified_gmt":"2026-03-10T15:11:44","slug":"camiseta-pibon","status":"publish","type":"product","link":"https:\/\/acostureira.com\/gl\/tienda\/unisex\/camiseta-unisex\/camiseta-pibon\/","title":{"rendered":"Camiseta Pib\u00f3n"},"content":{"rendered":"<h3 data-path-to-node=\"9\"><b data-path-to-node=\"9\" data-index-in-node=\"0\">Recuperemos a palabra<\/b> \ud83d\udc9c<\/h3>\n<p data-path-to-node=\"10\">Durante moito tempo, a palabra \"pib\u00f3n\" usouse para describirnos desde f\u00f3ra. Esta camiseta \u00e9 unha homenaxe \u00e1 confianza, \u00e1 autonom\u00eda e a esa coroa que ningu\u00e9n che deu porque naciches con ela.<\/p>\n<p data-path-to-node=\"11\">Cun dese\u00f1o urbano de estilo grafiti e unha vibrante cor morada, esta prenda \u00e9 para aquelas que cami\u00f1an con confianza e non precisan a aprobaci\u00f3n de ningu\u00e9n.<\/p>\n<ul data-path-to-node=\"12\">\n<li>\n<p data-path-to-node=\"12,0,0\"><b data-path-to-node=\"12,0,0\" data-index-in-node=\"0\">Mensaxe:<\/b> A autoestima como o maior acto de rebeli\u00f3n.<\/p>\n<\/li>\n<li>\n<p data-path-to-node=\"12,1,0\"><b data-path-to-node=\"12,1,0\" data-index-in-node=\"0\">Dese\u00f1o:<\/b> Gr\u00e1fico en forma de coroa con tipograf\u00eda impactante en tons morados sobre branco ou negro.<\/p>\n<\/li>\n<li>\n<p data-path-to-node=\"12,2,0\"><b data-path-to-node=\"12,2,0\" data-index-in-node=\"0\">Filosof\u00eda:<\/b> Roupa consciente para mulleres que celebran a s\u00faa propia existencia.<\/p>\n<\/li>\n<\/ul>","protected":false},"excerpt":{"rendered":"<p>Nosoutras decimos que ser un \"pib\u00f3n\" \u00e9 quererse a un mesmo, respectarse e dicirlle a todo o mundo que se perda cando intenten limitarte. \ud83d\udc51\u2728 A nosa nova camiseta \"Pib\u00f3n\" \u00e9 un berro de batalla e un s\u00edmbolo de amor propio. Dispo\u00f1ible en branco e negro. Uniraste \u00e1 rebeli\u00f3n?\u2018<br \/>\n\ud83d\udc55 Camiseta 100% algod\u00f3n de 180gr.<br \/>\n\u26a1 Camiseta impresa a unha tinta.<br \/>\n\ud83c\udf0d Impresi\u00f3n\u00a0 realizada en Galiza.<\/p>","protected":false},"featured_media":46344,"template":"","meta":{"site-sidebar-layout":"default","site-content-layout":"","ast-site-content-layout":"default","site-content-style":"default","site-sidebar-style":"default","ast-global-header-display":"","ast-banner-title-visibility":"","ast-main-header-display":"","ast-hfb-above-header-display":"","ast-hfb-below-header-display":"","ast-hfb-mobile-header-display":"","site-post-title":"","ast-breadcrumbs-content":"","ast-featured-img":"","footer-sml-layout":"","ast-disable-related-posts":"","theme-transparent-header-meta":"default","adv-header-id-meta":"","stick-header-meta":"default","header-above-stick-meta":"","header-main-stick-meta":"","header-below-stick-meta":"","astra-migrate-meta-layouts":"set","ast-page-background-enabled":"default","ast-page-background-meta":{"desktop":{"background-color":"var(--ast-global-color-4)","background-image":"","background-repeat":"repeat","background-position":"center center","background-size":"auto","background-attachment":"scroll","background-type":"","background-media":"","overlay-type":"","overlay-color":"","overlay-opacity":"","overlay-gradient":""},"tablet":{"background-color":"","background-image":"","background-repeat":"repeat","background-position":"center center","background-size":"auto","background-attachment":"scroll","background-type":"","background-media":"","overlay-type":"","overlay-color":"","overlay-opacity":"","overlay-gradient":""},"mobile":{"background-color":"","background-image":"","background-repeat":"repeat","background-position":"center center","background-size":"auto","background-attachment":"scroll","background-type":"","background-media":"","overlay-type":"","overlay-color":"","overlay-opacity":"","overlay-gradient":""}},"ast-content-background-meta":{"desktop":{"background-color":"var(--ast-global-color-5)","background-image":"","background-repeat":"repeat","background-position":"center center","background-size":"auto","background-attachment":"scroll","background-type":"","background-media":"","overlay-type":"","overlay-color":"","overlay-opacity":"","overlay-gradient":""},"tablet":{"background-color":"var(--ast-global-color-5)","background-image":"","background-repeat":"repeat","background-position":"center center","background-size":"auto","background-attachment":"scroll","background-type":"","background-media":"","overlay-type":"","overlay-color":"","overlay-opacity":"","overlay-gradient":""},"mobile":{"background-color":"var(--ast-global-color-5)","background-image":"","background-repeat":"repeat","background-position":"center center","background-size":"auto","background-attachment":"scroll","background-type":"","background-media":"","overlay-type":"","overlay-color":"","overlay-opacity":"","overlay-gradient":""}}},"product_brand":[],"product_cat":[193,171,524,164],"product_tag":[150,151,374,451,432,515,169,664,185],"class_list":{"0":"post-46333","1":"product","2":"type-product","3":"status-publish","4":"has-post-thumbnail","6":"product_cat-acostureira","7":"product_cat-camiseta-unisex","8":"product_cat-feminismo","9":"product_cat-unisex","10":"product_tag-camiseta","11":"product_tag-feminismo","12":"product_tag-galego","13":"product_tag-galicia","14":"product_tag-humor","15":"product_tag-muller","16":"product_tag-negra","17":"product_tag-pibon","18":"product_tag-unisex","19":"desktop-align-center","20":"tablet-align-left","21":"mobile-align-left","22":"ast-product-gallery-layout-first-image-large","23":"ast-product-single-variable","24":"ast-product-tabs-layout-horizontal","25":"ast-qv-on-image","27":"first","28":"instock","29":"taxable","30":"shipping-taxable","31":"purchasable","32":"product-type-variable"},"yoast_head":"<!-- This site is optimized with the Yoast SEO plugin v27.2 - https:\/\/yoast.com\/product\/yoast-seo-wordpress\/ -->\n<title>Camiseta Pib\u00f3n<\/title>\n<meta name=\"description\" content=\"Comprar camiseta &quot;Pib\u00f3n&quot; con dise\u00f1o graffiti y corona. Estilo urbano y atrevido en algod\u00f3n de alta calidad. \u00a1Presume de actitud con A Costureira!\" \/>\n<meta name=\"robots\" content=\"index, follow, max-snippet:-1, max-image-preview:large, max-video-preview:-1\" \/>\n<link rel=\"canonical\" href=\"https:\/\/acostureira.com\/gl\/tienda\/unisex\/camiseta-unisex\/camiseta-pibon\/\" \/>\n<meta property=\"og:locale\" content=\"gl_ES\" \/>\n<meta property=\"og:type\" content=\"article\" \/>\n<meta property=\"og:title\" content=\"Camiseta Pib\u00f3n\" \/>\n<meta property=\"og:description\" content=\"Comprar camiseta &quot;Pib\u00f3n&quot; con dise\u00f1o graffiti y corona. Estilo urbano y atrevido en algod\u00f3n de alta calidad. \u00a1Presume de actitud con A Costureira!\" \/>\n<meta property=\"og:url\" content=\"https:\/\/acostureira.com\/gl\/tienda\/unisex\/camiseta-unisex\/camiseta-pibon\/\" \/>\n<meta property=\"og:site_name\" content=\"Acostureira\" \/>\n<meta property=\"article:publisher\" content=\"https:\/\/www.facebook.com\/acostureira19\" \/>\n<meta property=\"article:modified_time\" content=\"2026-03-10T15:11:44+00:00\" \/>\n<meta property=\"og:image\" content=\"https:\/\/acostureira.com\/wp-content\/uploads\/2026\/03\/pibon-branca_1.png\" \/>\n\t<meta property=\"og:image:width\" content=\"1080\" \/>\n\t<meta property=\"og:image:height\" content=\"1080\" \/>\n\t<meta property=\"og:image:type\" content=\"image\/png\" \/>\n<meta name=\"twitter:card\" content=\"summary_large_image\" \/>\n<meta name=\"twitter:label1\" content=\"Tempo de lectura\" \/>\n\t<meta name=\"twitter:data1\" content=\"1 minuto\" \/>\n<script type=\"application\/ld+json\" class=\"yoast-schema-graph\">{\"@context\":\"https:\/\/schema.org\",\"@graph\":[{\"@type\":\"WebPage\",\"@id\":\"https:\/\/acostureira.com\/tienda\/unisex\/camiseta-unisex\/camiseta-pibon\/\",\"url\":\"https:\/\/acostureira.com\/tienda\/unisex\/camiseta-unisex\/camiseta-pibon\/\",\"name\":\"Camiseta Pib\u00f3n\",\"isPartOf\":{\"@id\":\"https:\/\/acostureira.com\/#website\"},\"primaryImageOfPage\":{\"@id\":\"https:\/\/acostureira.com\/tienda\/unisex\/camiseta-unisex\/camiseta-pibon\/#primaryimage\"},\"image\":{\"@id\":\"https:\/\/acostureira.com\/tienda\/unisex\/camiseta-unisex\/camiseta-pibon\/#primaryimage\"},\"thumbnailUrl\":\"https:\/\/acostureira.com\/wp-content\/uploads\/2026\/03\/pibon-branca_1.png\",\"datePublished\":\"2026-03-09T12:28:54+00:00\",\"dateModified\":\"2026-03-10T15:11:44+00:00\",\"description\":\"Comprar camiseta \\\"Pib\u00f3n\\\" con dise\u00f1o graffiti y corona. Estilo urbano y atrevido en algod\u00f3n de alta calidad. \u00a1Presume de actitud con A Costureira!\",\"breadcrumb\":{\"@id\":\"https:\/\/acostureira.com\/tienda\/unisex\/camiseta-unisex\/camiseta-pibon\/#breadcrumb\"},\"inLanguage\":\"gl-ES\",\"potentialAction\":[{\"@type\":\"ReadAction\",\"target\":[\"https:\/\/acostureira.com\/tienda\/unisex\/camiseta-unisex\/camiseta-pibon\/\"]}]},{\"@type\":\"ImageObject\",\"inLanguage\":\"gl-ES\",\"@id\":\"https:\/\/acostureira.com\/tienda\/unisex\/camiseta-unisex\/camiseta-pibon\/#primaryimage\",\"url\":\"https:\/\/acostureira.com\/wp-content\/uploads\/2026\/03\/pibon-branca_1.png\",\"contentUrl\":\"https:\/\/acostureira.com\/wp-content\/uploads\/2026\/03\/pibon-branca_1.png\",\"width\":1080,\"height\":1080,\"caption\":\"pibon branca\"},{\"@type\":\"BreadcrumbList\",\"@id\":\"https:\/\/acostureira.com\/tienda\/unisex\/camiseta-unisex\/camiseta-pibon\/#breadcrumb\",\"itemListElement\":[{\"@type\":\"ListItem\",\"position\":1,\"name\":\"Portada\",\"item\":\"https:\/\/acostureira.com\/\"},{\"@type\":\"ListItem\",\"position\":2,\"name\":\"Todos nuestros productos\",\"item\":\"https:\/\/acostureira.com\/tienda\/\"},{\"@type\":\"ListItem\",\"position\":3,\"name\":\"Camiseta Pib\u00f3n\"}]},{\"@type\":\"WebSite\",\"@id\":\"https:\/\/acostureira.com\/#website\",\"url\":\"https:\/\/acostureira.com\/\",\"name\":\"Acostureira\",\"description\":\"Producto feminista y de Galicia\",\"publisher\":{\"@id\":\"https:\/\/acostureira.com\/#organization\"},\"potentialAction\":[{\"@type\":\"SearchAction\",\"target\":{\"@type\":\"EntryPoint\",\"urlTemplate\":\"https:\/\/acostureira.com\/?s={search_term_string}\"},\"query-input\":{\"@type\":\"PropertyValueSpecification\",\"valueRequired\":true,\"valueName\":\"search_term_string\"}}],\"inLanguage\":\"gl-ES\"},{\"@type\":\"Organization\",\"@id\":\"https:\/\/acostureira.com\/#organization\",\"name\":\"Acostureira\",\"url\":\"https:\/\/acostureira.com\/\",\"logo\":{\"@type\":\"ImageObject\",\"inLanguage\":\"gl-ES\",\"@id\":\"https:\/\/acostureira.com\/#\/schema\/logo\/image\/\",\"url\":\"https:\/\/acostureira.com\/wp-content\/uploads\/2022\/12\/cropped-LOGO-COSTUREIRA.png\",\"contentUrl\":\"https:\/\/acostureira.com\/wp-content\/uploads\/2022\/12\/cropped-LOGO-COSTUREIRA.png\",\"width\":512,\"height\":512,\"caption\":\"Acostureira\"},\"image\":{\"@id\":\"https:\/\/acostureira.com\/#\/schema\/logo\/image\/\"},\"sameAs\":[\"https:\/\/www.facebook.com\/acostureira19\",\"https:\/\/www.instagram.com\/acostureira19\/\"]}]}<\/script>\n<!-- \/ Yoast SEO plugin. -->","yoast_head_json":{"title":"Camiseta Pib\u00f3n","description":"Comprar camiseta \"Pib\u00f3n\" con dise\u00f1o graffiti y corona. Estilo urbano y atrevido en algod\u00f3n de alta calidad. \u00a1Presume de actitud con A Costureira!","robots":{"index":"index","follow":"follow","max-snippet":"max-snippet:-1","max-image-preview":"max-image-preview:large","max-video-preview":"max-video-preview:-1"},"canonical":"https:\/\/acostureira.com\/gl\/tienda\/unisex\/camiseta-unisex\/camiseta-pibon\/","og_locale":"gl_ES","og_type":"article","og_title":"Camiseta Pib\u00f3n","og_description":"Comprar camiseta \"Pib\u00f3n\" con dise\u00f1o graffiti y corona. Estilo urbano y atrevido en algod\u00f3n de alta calidad. \u00a1Presume de actitud con A Costureira!","og_url":"https:\/\/acostureira.com\/gl\/tienda\/unisex\/camiseta-unisex\/camiseta-pibon\/","og_site_name":"Acostureira","article_publisher":"https:\/\/www.facebook.com\/acostureira19","article_modified_time":"2026-03-10T15:11:44+00:00","og_image":[{"width":1080,"height":1080,"url":"https:\/\/acostureira.com\/wp-content\/uploads\/2026\/03\/pibon-branca_1.png","type":"image\/png"}],"twitter_card":"summary_large_image","twitter_misc":{"Tempo de lectura":"1 minuto"},"schema":{"@context":"https:\/\/schema.org","@graph":[{"@type":"WebPage","@id":"https:\/\/acostureira.com\/tienda\/unisex\/camiseta-unisex\/camiseta-pibon\/","url":"https:\/\/acostureira.com\/tienda\/unisex\/camiseta-unisex\/camiseta-pibon\/","name":"Camiseta Pib\u00f3n","isPartOf":{"@id":"https:\/\/acostureira.com\/#website"},"primaryImageOfPage":{"@id":"https:\/\/acostureira.com\/tienda\/unisex\/camiseta-unisex\/camiseta-pibon\/#primaryimage"},"image":{"@id":"https:\/\/acostureira.com\/tienda\/unisex\/camiseta-unisex\/camiseta-pibon\/#primaryimage"},"thumbnailUrl":"https:\/\/acostureira.com\/wp-content\/uploads\/2026\/03\/pibon-branca_1.png","datePublished":"2026-03-09T12:28:54+00:00","dateModified":"2026-03-10T15:11:44+00:00","description":"Comprar camiseta \"Pib\u00f3n\" con dise\u00f1o graffiti y corona. Estilo urbano y atrevido en algod\u00f3n de alta calidad. \u00a1Presume de actitud con A Costureira!","breadcrumb":{"@id":"https:\/\/acostureira.com\/tienda\/unisex\/camiseta-unisex\/camiseta-pibon\/#breadcrumb"},"inLanguage":"gl-ES","potentialAction":[{"@type":"ReadAction","target":["https:\/\/acostureira.com\/tienda\/unisex\/camiseta-unisex\/camiseta-pibon\/"]}]},{"@type":"ImageObject","inLanguage":"gl-ES","@id":"https:\/\/acostureira.com\/tienda\/unisex\/camiseta-unisex\/camiseta-pibon\/#primaryimage","url":"https:\/\/acostureira.com\/wp-content\/uploads\/2026\/03\/pibon-branca_1.png","contentUrl":"https:\/\/acostureira.com\/wp-content\/uploads\/2026\/03\/pibon-branca_1.png","width":1080,"height":1080,"caption":"pibon branca"},{"@type":"BreadcrumbList","@id":"https:\/\/acostureira.com\/tienda\/unisex\/camiseta-unisex\/camiseta-pibon\/#breadcrumb","itemListElement":[{"@type":"ListItem","position":1,"name":"Portada","item":"https:\/\/acostureira.com\/"},{"@type":"ListItem","position":2,"name":"Todos nuestros productos","item":"https:\/\/acostureira.com\/tienda\/"},{"@type":"ListItem","position":3,"name":"Camiseta Pib\u00f3n"}]},{"@type":"WebSite","@id":"https:\/\/acostureira.com\/#website","url":"https:\/\/acostureira.com\/","name":"Acostureira","description":"Produto feminista e galego","publisher":{"@id":"https:\/\/acostureira.com\/#organization"},"potentialAction":[{"@type":"SearchAction","target":{"@type":"EntryPoint","urlTemplate":"https:\/\/acostureira.com\/?s={search_term_string}"},"query-input":{"@type":"PropertyValueSpecification","valueRequired":true,"valueName":"search_term_string"}}],"inLanguage":"gl-ES"},{"@type":"Organization","@id":"https:\/\/acostureira.com\/#organization","name":"Acostureira","url":"https:\/\/acostureira.com\/","logo":{"@type":"ImageObject","inLanguage":"gl-ES","@id":"https:\/\/acostureira.com\/#\/schema\/logo\/image\/","url":"https:\/\/acostureira.com\/wp-content\/uploads\/2022\/12\/cropped-LOGO-COSTUREIRA.png","contentUrl":"https:\/\/acostureira.com\/wp-content\/uploads\/2022\/12\/cropped-LOGO-COSTUREIRA.png","width":512,"height":512,"caption":"Acostureira"},"image":{"@id":"https:\/\/acostureira.com\/#\/schema\/logo\/image\/"},"sameAs":["https:\/\/www.facebook.com\/acostureira19","https:\/\/www.instagram.com\/acostureira19\/"]}]}},"_links":{"self":[{"href":"https:\/\/acostureira.com\/gl\/wp-json\/wp\/v2\/product\/46333","targetHints":{"allow":["GET"]}}],"collection":[{"href":"https:\/\/acostureira.com\/gl\/wp-json\/wp\/v2\/product"}],"about":[{"href":"https:\/\/acostureira.com\/gl\/wp-json\/wp\/v2\/types\/product"}],"wp:featuredmedia":[{"embeddable":true,"href":"https:\/\/acostureira.com\/gl\/wp-json\/wp\/v2\/media\/46344"}],"wp:attachment":[{"href":"https:\/\/acostureira.com\/gl\/wp-json\/wp\/v2\/media?parent=46333"}],"wp:term":[{"taxonomy":"product_brand","embeddable":true,"href":"https:\/\/acostureira.com\/gl\/wp-json\/wp\/v2\/product_brand?post=46333"},{"taxonomy":"product_cat","embeddable":true,"href":"https:\/\/acostureira.com\/gl\/wp-json\/wp\/v2\/product_cat?post=46333"},{"taxonomy":"product_tag","embeddable":true,"href":"https:\/\/acostureira.com\/gl\/wp-json\/wp\/v2\/product_tag?post=46333"}],"curies":[{"name":"wp","href":"https:\/\/api.w.org\/{rel}","templated":true}]}}