{"id":46351,"date":"2026-03-10T10:27:34","date_gmt":"2026-03-10T09:27:34","guid":{"rendered":"https:\/\/acostureira.com\/?post_type=product&#038;p=46351"},"modified":"2026-03-12T12:30:01","modified_gmt":"2026-03-12T11:30:01","slug":"lamina-apertas-e-bicos","status":"publish","type":"product","link":"https:\/\/acostureira.com\/gl\/tienda\/otros\/laminas\/lamina-apertas-e-bicos\/","title":{"rendered":"Folla aberta e Bicos"},"content":{"rendered":"<h2>L\u00c1MINA APERTAS E BICOS<\/h2>\n<div>\n<p data-path-to-node=\"11\">A l\u00e1mina Apertas e Bicos \u00e9 m\u00e1is que unha ilustraci\u00f3n; \u00e9 un refuxio visual. Nesta peza, <a href=\"https:\/\/www.instagram.com\/leandrinholamas\/\">Leandro Lamas<\/a> fusiona a d\u00faas persoas nun abrazo eterno, envoltas nas cores da bandeira LGBTIQ+. O texto que rodea as figuras \u00e9 do tema <a href=\"https:\/\/www.youtube.com\/watch?v=rY5_3nNJzBg\">Reco\u00f1ec\u00e9ndome<\/a> de <a href=\"https:\/\/www.instagram.com\/guadigalego\/\">Guadi Galego<\/a>, que engade unha capa de poes\u00eda e profundidade que invita \u00e1 reflexi\u00f3n e \u00f3 sentimento puro.<\/p>\n<p data-path-to-node=\"8\">Na nosa tenda <b data-path-to-node=\"8\" data-index-in-node=\"18\">A Costureira<\/b>, asegur\u00e1monos de que cada l\u00e1mina mante\u00f1a a esencia da orixinal. Por iso, esta reproduci\u00f3n dixital se realiza sobre un <b data-path-to-node=\"8\" data-index-in-node=\"155\">Papel especial para acuarela de 300 g\/m\u00b2<\/b>. A elecci\u00f3n deste soporte non \u00e9 casual; a s\u00faa textura rugosa e a s\u00faa alta gramaxe permite que as cores vibrante e as transparencias da t\u00e9cnica de Leandro Lamas luzan con unha profundidade excepcional, case, como se tiveras a pintura orixinal nas t\u00faas m\u00e1ns.<\/p>\n<h3 data-path-to-node=\"9\"><b data-path-to-node=\"9\" data-index-in-node=\"0\">Detalles t\u00e9cnicos da obra<\/b><\/h3>\n<ul data-path-to-node=\"10\">\n<li>\n<p data-path-to-node=\"10,0,0\"><b data-path-to-node=\"10,0,0\" data-index-in-node=\"0\">Autor:<\/b> Leandro lamas, referente do arte contempor\u00e1neo en Galiza.<\/p>\n<\/li>\n<li>\n<p data-path-to-node=\"10,1,0\"><b data-path-to-node=\"10,1,0\" data-index-in-node=\"0\">T\u00edtulo:<\/b> \u00abApertas e bicos\u00bb.<\/p>\n<\/li>\n<li>\n<p data-path-to-node=\"10,2,0\"><b data-path-to-node=\"10,2,0\" data-index-in-node=\"0\">Formato:<\/b> 30&#215;40 cm (tama\u00f1o est\u00e1ndar, ideal para enmarcar f\u00e1cilmente).<\/p>\n<\/li>\n<li>\n<p data-path-to-node=\"10,3,0\"><b data-path-to-node=\"10,3,0\" data-index-in-node=\"0\">Material:<\/b> Papel art\u00edstico de 300gr con acabado acuarela.<\/p>\n<\/li>\n<li>\n<p data-path-to-node=\"10,4,0\"><b data-path-to-node=\"10,4,0\" data-index-in-node=\"0\">Tem\u00e1tica:<\/b> Amor libre, visibilidade LGTBIQ+ e conexi\u00f3n emocional.<\/p>\n<\/li>\n<\/ul>\n<h3 data-path-to-node=\"11\"><b data-path-to-node=\"11\" data-index-in-node=\"0\">\u00bfPor qu\u00e9 elexir esta l\u00e1mina para o teu fogar?<\/b><\/h3>\n<p data-path-to-node=\"12\">Decorar cunha obra de <b data-path-to-node=\"12\" data-index-in-node=\"24\">Leandro Lamas<\/b> \u00e9 convidar \u00f3 optimismo e \u00e1 reflexi\u00f3n. A bandeira arcoiris integrada de forma org\u00e1nica nos corpos dos protagonistas convirte esta l\u00e1mina nun s\u00edmbolo de orgullo e liberdade. \u00c9 o agasallo ideal para persoas que valoran o arte con mensaxe ou para darlle un toque de luz e poes\u00eda a calquera estancia do teu fogar.<\/p>\n<p><a href=\"https:\/\/www.instagram.com\/leandrinholamas\/\"><b data-path-to-node=\"4\" data-index-in-node=\"0\">Leandro Lamas<\/b><\/a> \u00e9 un dos artistas galegos m\u00e1is queridos e reco\u00f1ecidos da actualidade. A s\u00faa obra caracter\u00edzase por un estilo inconfundible que mezcla a <b data-path-to-node=\"4\" data-index-in-node=\"156\">tenrura, o optimismo e un uso vibrante da cor<\/b>. Con unha traxectoria que abarca a pintura, a ilustraci\u00f3n e a escenograf\u00eda, Lamas constru\u00edu un universo propio onde a figura humana sempre \u00e9 protagonista de historias cheas de luz.<\/p>\n<\/div>\n<div><a href=\"https:\/\/acostureira.com\/gl\/product-category\/leandro-lamas\/\">Aqu\u00ed<\/a> podes ver m\u00e1is produtos de Leandro!<\/div>","protected":false},"excerpt":{"rendered":"<div class=\"product-description m-b\">\n<p>Unha explosi\u00f3n de cor e afecto. Esta reproduci\u00f3n dixital da obra orixinal de <a href=\"https:\/\/www.instagram.com\/leandrinholamas\/\"><b data-path-to-node=\"7\" data-index-in-node=\"82\">Leandro Lamas<\/b><\/a> celebra o amor libre e a conexi\u00f3n humana coa delicadeza caracter\u00edstica do artista galego. Ideal para encher de vida e orgullo calquera rinc\u00f3n do teu fogar<\/p>\n<ul>\n<li>\n<p data-path-to-node=\"16,0,0\"><b data-path-to-node=\"16,0,0\" data-index-in-node=\"0\">Autor:<\/b> Leandro Lamas.<\/p>\n<\/li>\n<li>\n<p data-path-to-node=\"16,2,0\"><b data-path-to-node=\"16,2,0\" data-index-in-node=\"0\">T\u00e9cnica:<\/b> Reproduci\u00f3n dixital de alta calidade.<\/p>\n<\/li>\n<li>\n<p data-path-to-node=\"16,3,0\"><b data-path-to-node=\"16,3,0\" data-index-in-node=\"0\">Soporte:<\/b> Papel acuarela de 300gr.<\/p>\n<\/li>\n<li>\n<p data-path-to-node=\"16,4,0\"><b data-path-to-node=\"16,4,0\" data-index-in-node=\"0\">Dimensi\u00f3ns:<\/b> 30 x 40 cm.<\/p>\n<\/li>\n<li>\n<p data-path-to-node=\"16,5,0\"><b data-path-to-node=\"16,5,0\" data-index-in-node=\"0\">Env\u00edo:<\/b> Env\u00edase protexida para garantir que chegue en perfecto estado.<\/p>\n<\/li>\n<\/ul>\n<\/div>","protected":false},"featured_media":46352,"template":"","meta":{"site-sidebar-layout":"default","site-content-layout":"","ast-site-content-layout":"default","site-content-style":"default","site-sidebar-style":"default","ast-global-header-display":"","ast-banner-title-visibility":"","ast-main-header-display":"","ast-hfb-above-header-display":"","ast-hfb-below-header-display":"","ast-hfb-mobile-header-display":"","site-post-title":"","ast-breadcrumbs-content":"","ast-featured-img":"","footer-sml-layout":"","ast-disable-related-posts":"","theme-transparent-header-meta":"default","adv-header-id-meta":"","stick-header-meta":"default","header-above-stick-meta":"","header-main-stick-meta":"","header-below-stick-meta":"","astra-migrate-meta-layouts":"set","ast-page-background-enabled":"default","ast-page-background-meta":{"desktop":{"background-color":"var(--ast-global-color-4)","background-image":"","background-repeat":"repeat","background-position":"center center","background-size":"auto","background-attachment":"scroll","background-type":"","background-media":"","overlay-type":"","overlay-color":"","overlay-opacity":"","overlay-gradient":""},"tablet":{"background-color":"","background-image":"","background-repeat":"repeat","background-position":"center center","background-size":"auto","background-attachment":"scroll","background-type":"","background-media":"","overlay-type":"","overlay-color":"","overlay-opacity":"","overlay-gradient":""},"mobile":{"background-color":"","background-image":"","background-repeat":"repeat","background-position":"center center","background-size":"auto","background-attachment":"scroll","background-type":"","background-media":"","overlay-type":"","overlay-color":"","overlay-opacity":"","overlay-gradient":""}},"ast-content-background-meta":{"desktop":{"background-color":"var(--ast-global-color-5)","background-image":"","background-repeat":"repeat","background-position":"center center","background-size":"auto","background-attachment":"scroll","background-type":"","background-media":"","overlay-type":"","overlay-color":"","overlay-opacity":"","overlay-gradient":""},"tablet":{"background-color":"var(--ast-global-color-5)","background-image":"","background-repeat":"repeat","background-position":"center center","background-size":"auto","background-attachment":"scroll","background-type":"","background-media":"","overlay-type":"","overlay-color":"","overlay-opacity":"","overlay-gradient":""},"mobile":{"background-color":"var(--ast-global-color-5)","background-image":"","background-repeat":"repeat","background-position":"center center","background-size":"auto","background-attachment":"scroll","background-type":"","background-media":"","overlay-type":"","overlay-color":"","overlay-opacity":"","overlay-gradient":""}}},"product_brand":[],"product_cat":[221,195,225],"product_tag":[81,666,431,669,667,82,665,83,152,430,237,668],"class_list":{"0":"post-46351","1":"product","2":"type-product","3":"status-publish","4":"has-post-thumbnail","6":"product_cat-laminas","7":"product_cat-leandro-lamas","8":"product_cat-otros","9":"product_tag-acuarela","10":"product_tag-arte-gallego-contemporaneo","11":"product_tag-cultura","12":"product_tag-decoracion-con-acuarela","13":"product_tag-ilustracion-orgullo-lgbtiq","14":"product_tag-lamina","15":"product_tag-lamina-leandro-lamas","16":"product_tag-leandro-lamas","17":"product_tag-mulleres","18":"product_tag-nai","19":"product_tag-natural","20":"product_tag-regalo-amor-libre","21":"desktop-align-center","22":"tablet-align-left","23":"mobile-align-left","24":"ast-product-gallery-layout-first-image-large","25":"ast-product-gallery-with-no-image","26":"ast-product-tabs-layout-horizontal","27":"ast-qv-on-image","29":"first","30":"instock","31":"taxable","32":"shipping-taxable","33":"purchasable","34":"product-type-simple"},"yoast_head":"<!-- This site is optimized with the Yoast SEO plugin v27.2 - https:\/\/yoast.com\/product\/yoast-seo-wordpress\/ -->\n<title>L\u00e1mina Apertas e Bicos<\/title>\n<meta name=\"description\" content=\"Comprar L\u00e1mina Apertas e Bicos de Leandro Lamas. Reproducci\u00f3n en papel acuarela de 300gr (30x40 cm). Un estallido de color y amor libre en A Costureira.\" \/>\n<meta name=\"robots\" content=\"index, follow, max-snippet:-1, max-image-preview:large, max-video-preview:-1\" \/>\n<link rel=\"canonical\" href=\"https:\/\/acostureira.com\/gl\/tienda\/otros\/laminas\/lamina-apertas-e-bicos\/\" \/>\n<meta property=\"og:locale\" content=\"gl_ES\" \/>\n<meta property=\"og:type\" content=\"article\" \/>\n<meta property=\"og:title\" content=\"L\u00e1mina Apertas e Bicos\" \/>\n<meta property=\"og:description\" content=\"Comprar L\u00e1mina Apertas e Bicos de Leandro Lamas. Reproducci\u00f3n en papel acuarela de 300gr (30x40 cm). Un estallido de color y amor libre en A Costureira.\" \/>\n<meta property=\"og:url\" content=\"https:\/\/acostureira.com\/gl\/tienda\/otros\/laminas\/lamina-apertas-e-bicos\/\" \/>\n<meta property=\"og:site_name\" content=\"Acostureira\" \/>\n<meta property=\"article:publisher\" content=\"https:\/\/www.facebook.com\/acostureira19\" \/>\n<meta property=\"article:modified_time\" content=\"2026-03-12T11:30:01+00:00\" \/>\n<meta property=\"og:image\" content=\"https:\/\/acostureira.com\/wp-content\/uploads\/2026\/03\/LAMINA-APERTAS-E-BICOS.png\" \/>\n\t<meta property=\"og:image:width\" content=\"1080\" \/>\n\t<meta property=\"og:image:height\" content=\"1080\" \/>\n\t<meta property=\"og:image:type\" content=\"image\/png\" \/>\n<meta name=\"twitter:card\" content=\"summary_large_image\" \/>\n<meta name=\"twitter:label1\" content=\"Tempo de lectura\" \/>\n\t<meta name=\"twitter:data1\" content=\"2 minutos\" \/>\n<script type=\"application\/ld+json\" class=\"yoast-schema-graph\">{\"@context\":\"https:\/\/schema.org\",\"@graph\":[{\"@type\":\"WebPage\",\"@id\":\"https:\/\/acostureira.com\/tienda\/otros\/laminas\/lamina-apertas-e-bicos\/\",\"url\":\"https:\/\/acostureira.com\/tienda\/otros\/laminas\/lamina-apertas-e-bicos\/\",\"name\":\"L\u00e1mina Apertas e Bicos\",\"isPartOf\":{\"@id\":\"https:\/\/acostureira.com\/#website\"},\"primaryImageOfPage\":{\"@id\":\"https:\/\/acostureira.com\/tienda\/otros\/laminas\/lamina-apertas-e-bicos\/#primaryimage\"},\"image\":{\"@id\":\"https:\/\/acostureira.com\/tienda\/otros\/laminas\/lamina-apertas-e-bicos\/#primaryimage\"},\"thumbnailUrl\":\"https:\/\/acostureira.com\/wp-content\/uploads\/2026\/03\/LAMINA-APERTAS-E-BICOS.png\",\"datePublished\":\"2026-03-10T09:27:34+00:00\",\"dateModified\":\"2026-03-12T11:30:01+00:00\",\"description\":\"Comprar L\u00e1mina Apertas e Bicos de Leandro Lamas. Reproducci\u00f3n en papel acuarela de 300gr (30x40 cm). Un estallido de color y amor libre en A Costureira.\",\"breadcrumb\":{\"@id\":\"https:\/\/acostureira.com\/tienda\/otros\/laminas\/lamina-apertas-e-bicos\/#breadcrumb\"},\"inLanguage\":\"gl-ES\",\"potentialAction\":[{\"@type\":\"ReadAction\",\"target\":[\"https:\/\/acostureira.com\/tienda\/otros\/laminas\/lamina-apertas-e-bicos\/\"]}]},{\"@type\":\"ImageObject\",\"inLanguage\":\"gl-ES\",\"@id\":\"https:\/\/acostureira.com\/tienda\/otros\/laminas\/lamina-apertas-e-bicos\/#primaryimage\",\"url\":\"https:\/\/acostureira.com\/wp-content\/uploads\/2026\/03\/LAMINA-APERTAS-E-BICOS.png\",\"contentUrl\":\"https:\/\/acostureira.com\/wp-content\/uploads\/2026\/03\/LAMINA-APERTAS-E-BICOS.png\",\"width\":1080,\"height\":1080,\"caption\":\"\u00e1mina Apetas e bicos de Leandro Lamas, ilustraci\u00f3n de dos mujeres abraz\u00e1ndose con los colores de la bandera arco\u00edris en papel acuarela.\"},{\"@type\":\"BreadcrumbList\",\"@id\":\"https:\/\/acostureira.com\/tienda\/otros\/laminas\/lamina-apertas-e-bicos\/#breadcrumb\",\"itemListElement\":[{\"@type\":\"ListItem\",\"position\":1,\"name\":\"Portada\",\"item\":\"https:\/\/acostureira.com\/\"},{\"@type\":\"ListItem\",\"position\":2,\"name\":\"Todos nuestros productos\",\"item\":\"https:\/\/acostureira.com\/tienda\/\"},{\"@type\":\"ListItem\",\"position\":3,\"name\":\"L\u00e1mina Apertas e Bicos\"}]},{\"@type\":\"WebSite\",\"@id\":\"https:\/\/acostureira.com\/#website\",\"url\":\"https:\/\/acostureira.com\/\",\"name\":\"Acostureira\",\"description\":\"Producto feminista y de Galicia\",\"publisher\":{\"@id\":\"https:\/\/acostureira.com\/#organization\"},\"potentialAction\":[{\"@type\":\"SearchAction\",\"target\":{\"@type\":\"EntryPoint\",\"urlTemplate\":\"https:\/\/acostureira.com\/?s={search_term_string}\"},\"query-input\":{\"@type\":\"PropertyValueSpecification\",\"valueRequired\":true,\"valueName\":\"search_term_string\"}}],\"inLanguage\":\"gl-ES\"},{\"@type\":\"Organization\",\"@id\":\"https:\/\/acostureira.com\/#organization\",\"name\":\"Acostureira\",\"url\":\"https:\/\/acostureira.com\/\",\"logo\":{\"@type\":\"ImageObject\",\"inLanguage\":\"gl-ES\",\"@id\":\"https:\/\/acostureira.com\/#\/schema\/logo\/image\/\",\"url\":\"https:\/\/acostureira.com\/wp-content\/uploads\/2022\/12\/cropped-LOGO-COSTUREIRA.png\",\"contentUrl\":\"https:\/\/acostureira.com\/wp-content\/uploads\/2022\/12\/cropped-LOGO-COSTUREIRA.png\",\"width\":512,\"height\":512,\"caption\":\"Acostureira\"},\"image\":{\"@id\":\"https:\/\/acostureira.com\/#\/schema\/logo\/image\/\"},\"sameAs\":[\"https:\/\/www.facebook.com\/acostureira19\",\"https:\/\/www.instagram.com\/acostureira19\/\"]}]}<\/script>\n<!-- \/ Yoast SEO plugin. -->","yoast_head_json":{"title":"Folla aberta e Bicos","description":"Comprar L\u00e1mina Apertas e Bicos de Leandro Lamas. Reproducci\u00f3n en papel acuarela de 300gr (30x40 cm). Un estallido de color y amor libre en A Costureira.","robots":{"index":"index","follow":"follow","max-snippet":"max-snippet:-1","max-image-preview":"max-image-preview:large","max-video-preview":"max-video-preview:-1"},"canonical":"https:\/\/acostureira.com\/gl\/tienda\/otros\/laminas\/lamina-apertas-e-bicos\/","og_locale":"gl_ES","og_type":"article","og_title":"L\u00e1mina Apertas e Bicos","og_description":"Comprar L\u00e1mina Apertas e Bicos de Leandro Lamas. Reproducci\u00f3n en papel acuarela de 300gr (30x40 cm). Un estallido de color y amor libre en A Costureira.","og_url":"https:\/\/acostureira.com\/gl\/tienda\/otros\/laminas\/lamina-apertas-e-bicos\/","og_site_name":"Acostureira","article_publisher":"https:\/\/www.facebook.com\/acostureira19","article_modified_time":"2026-03-12T11:30:01+00:00","og_image":[{"width":1080,"height":1080,"url":"https:\/\/acostureira.com\/wp-content\/uploads\/2026\/03\/LAMINA-APERTAS-E-BICOS.png","type":"image\/png"}],"twitter_card":"summary_large_image","twitter_misc":{"Tempo de lectura":"2 minutos"},"schema":{"@context":"https:\/\/schema.org","@graph":[{"@type":"WebPage","@id":"https:\/\/acostureira.com\/tienda\/otros\/laminas\/lamina-apertas-e-bicos\/","url":"https:\/\/acostureira.com\/tienda\/otros\/laminas\/lamina-apertas-e-bicos\/","name":"Folla aberta e Bicos","isPartOf":{"@id":"https:\/\/acostureira.com\/#website"},"primaryImageOfPage":{"@id":"https:\/\/acostureira.com\/tienda\/otros\/laminas\/lamina-apertas-e-bicos\/#primaryimage"},"image":{"@id":"https:\/\/acostureira.com\/tienda\/otros\/laminas\/lamina-apertas-e-bicos\/#primaryimage"},"thumbnailUrl":"https:\/\/acostureira.com\/wp-content\/uploads\/2026\/03\/LAMINA-APERTAS-E-BICOS.png","datePublished":"2026-03-10T09:27:34+00:00","dateModified":"2026-03-12T11:30:01+00:00","description":"Comprar L\u00e1mina Apertas e Bicos de Leandro Lamas. Reproducci\u00f3n en papel acuarela de 300gr (30x40 cm). Un estallido de color y amor libre en A Costureira.","breadcrumb":{"@id":"https:\/\/acostureira.com\/tienda\/otros\/laminas\/lamina-apertas-e-bicos\/#breadcrumb"},"inLanguage":"gl-ES","potentialAction":[{"@type":"ReadAction","target":["https:\/\/acostureira.com\/tienda\/otros\/laminas\/lamina-apertas-e-bicos\/"]}]},{"@type":"ImageObject","inLanguage":"gl-ES","@id":"https:\/\/acostureira.com\/tienda\/otros\/laminas\/lamina-apertas-e-bicos\/#primaryimage","url":"https:\/\/acostureira.com\/wp-content\/uploads\/2026\/03\/LAMINA-APERTAS-E-BICOS.png","contentUrl":"https:\/\/acostureira.com\/wp-content\/uploads\/2026\/03\/LAMINA-APERTAS-E-BICOS.png","width":1080,"height":1080,"caption":"\u00e1mina Apetas e bicos de Leandro Lamas, ilustraci\u00f3n de dos mujeres abraz\u00e1ndose con los colores de la bandera arco\u00edris en papel acuarela."},{"@type":"BreadcrumbList","@id":"https:\/\/acostureira.com\/tienda\/otros\/laminas\/lamina-apertas-e-bicos\/#breadcrumb","itemListElement":[{"@type":"ListItem","position":1,"name":"Portada","item":"https:\/\/acostureira.com\/"},{"@type":"ListItem","position":2,"name":"Todos nuestros productos","item":"https:\/\/acostureira.com\/tienda\/"},{"@type":"ListItem","position":3,"name":"L\u00e1mina Apertas e Bicos"}]},{"@type":"WebSite","@id":"https:\/\/acostureira.com\/#website","url":"https:\/\/acostureira.com\/","name":"Acostureira","description":"Produto feminista e galego","publisher":{"@id":"https:\/\/acostureira.com\/#organization"},"potentialAction":[{"@type":"SearchAction","target":{"@type":"EntryPoint","urlTemplate":"https:\/\/acostureira.com\/?s={search_term_string}"},"query-input":{"@type":"PropertyValueSpecification","valueRequired":true,"valueName":"search_term_string"}}],"inLanguage":"gl-ES"},{"@type":"Organization","@id":"https:\/\/acostureira.com\/#organization","name":"Acostureira","url":"https:\/\/acostureira.com\/","logo":{"@type":"ImageObject","inLanguage":"gl-ES","@id":"https:\/\/acostureira.com\/#\/schema\/logo\/image\/","url":"https:\/\/acostureira.com\/wp-content\/uploads\/2022\/12\/cropped-LOGO-COSTUREIRA.png","contentUrl":"https:\/\/acostureira.com\/wp-content\/uploads\/2022\/12\/cropped-LOGO-COSTUREIRA.png","width":512,"height":512,"caption":"Acostureira"},"image":{"@id":"https:\/\/acostureira.com\/#\/schema\/logo\/image\/"},"sameAs":["https:\/\/www.facebook.com\/acostureira19","https:\/\/www.instagram.com\/acostureira19\/"]}]}},"_links":{"self":[{"href":"https:\/\/acostureira.com\/gl\/wp-json\/wp\/v2\/product\/46351","targetHints":{"allow":["GET"]}}],"collection":[{"href":"https:\/\/acostureira.com\/gl\/wp-json\/wp\/v2\/product"}],"about":[{"href":"https:\/\/acostureira.com\/gl\/wp-json\/wp\/v2\/types\/product"}],"wp:featuredmedia":[{"embeddable":true,"href":"https:\/\/acostureira.com\/gl\/wp-json\/wp\/v2\/media\/46352"}],"wp:attachment":[{"href":"https:\/\/acostureira.com\/gl\/wp-json\/wp\/v2\/media?parent=46351"}],"wp:term":[{"taxonomy":"product_brand","embeddable":true,"href":"https:\/\/acostureira.com\/gl\/wp-json\/wp\/v2\/product_brand?post=46351"},{"taxonomy":"product_cat","embeddable":true,"href":"https:\/\/acostureira.com\/gl\/wp-json\/wp\/v2\/product_cat?post=46351"},{"taxonomy":"product_tag","embeddable":true,"href":"https:\/\/acostureira.com\/gl\/wp-json\/wp\/v2\/product_tag?post=46351"}],"curies":[{"name":"wp","href":"https:\/\/api.w.org\/{rel}","templated":true}]}}